{"id":1399,"date":"2013-05-13T16:30:21","date_gmt":"2013-05-13T21:30:21","guid":{"rendered":"https:\/\/cableado-estructurado.com.co\/netcomp\/producto\/qp-w2410gp-wireless-54-mbps-80211b-g-wireless-pc\/"},"modified":"2021-04-12T12:15:31","modified_gmt":"2021-04-12T17:15:31","slug":"qp-w2410gp-wireless-54-mbps-80211b-g-wireless-pc","status":"publish","type":"product","link":"https:\/\/cableado-estructurado.com.co\/netcomp\/producto\/qp-w2410gp-wireless-54-mbps-80211b-g-wireless-pc\/","title":{"rendered":"WIRELESS PC- 54 Mbps 802.11b\/g-N\/P: QP-W2410GP"},"content":{"rendered":"<h1 style=\"text-align: center;\"><\/h1>\n<h1 style=\"text-align: center;\">WIRELESS &#8211; 54 Mbps 802.11b\/g Wireless PCI Adapter-<\/h1>\n<h1 style=\"text-align: center;\">N\/P: QP-W2410GP<\/h1>\n<p>&nbsp;<\/p>\n<h2><span title=\"The QP-W2410GP is a IEEE 802.11b\/g wireless PCI Card compatible with all the wireless products with WiFi logo.\"><br \/>\n<span style=\"font-size: 14pt;\">El\u00a0<strong>QP-W2410GP\u00a0<\/strong>tiene un \u00a0est\u00e1ndar<strong>\u00a0IEEE 802.11b \/ g<\/strong>\u00a0, tarjeta de red inalambrica compatible con todos los productos inal\u00e1mbricos con el logotipo de Wi-Fi.\u00a0Ofrece una\u00a0<\/span><\/span><span style=\"font-size: 14pt;\"><span title=\"It provides all the data rates in the IEEE 802.1b\/g standards, which confines the highest data rate as 54Mbps.\"> tasa de datos de 54Mbps. <\/span><span title=\"In addition, it rewards customers with proprietary \u201cTurbo mode\u201d for a better throughput as well as supports both the short and long preambles to ensure the compatibilities with legacy wireless products and new ones, saving the panic works for finding compatible products.\">Adem\u00e1s,\u00a0cuenta \u00a0con el modo de propiedad de \u00abTurbo\u00bb para un mejor rendimiento, as\u00ed como soporta tanto el pre\u00e1mbulo corto y largo plazo para asegurar las compatibilidades con el legado de productos inal\u00e1mbricos y otros nuevos, ahorrando el p\u00e1nico trabaja para encontrar productos compatibles.<\/span><\/span><\/h2>\n<p>&nbsp;<\/p>\n<p>&nbsp;<\/p>\n<p>&nbsp;<\/p>\n<p>&nbsp;<\/p>\n<div class=\"ccs-cc-inline-features-block ccs-cc-inline-single-feature\">\n<h1 style=\"text-align: center;\"><strong style=\"font-size: 29px;\"><span style=\"color: #333399;\">NOS ESPECIALIZAMOS EN SOLUCIONES CORPORATIVAS INTEGRALES :<\/span><\/strong><\/h1>\n<\/div>\n<p>&nbsp;<\/p>\n<ul>\n<li>\n<h3><strong>Videovigilancia <\/strong><\/h3>\n<\/li>\n<li>\n<h3><strong>CCTV <\/strong><\/h3>\n<\/li>\n<li>\n<h3><strong>Redes <\/strong><\/h3>\n<\/li>\n<li>\n<h3><strong>Servidores <\/strong><\/h3>\n<\/li>\n<li>\n<h3><strong>Almacenamiento <\/strong><\/h3>\n<\/li>\n<li>\n<h3><strong>Cableado Estructurado<\/strong><\/h3>\n<\/li>\n<\/ul>\n<p>&nbsp;<\/p>\n<h2><strong>Para Disponibilidad y Pedidos, Contactanos!<\/strong><\/h2>\n<p>&nbsp;<\/p>\n<p><a href=\"https:\/\/api.whatsapp.com\/send?phone=573168788749\" target=\"_blank\" rel=\"noopener\"><img loading=\"lazy\" decoding=\"async\" class=\"aligncenter wp-image-20467\" src=\"https:\/\/cableado-estructurado.com.co\/netcomp\/wp-content\/uploads\/2018\/07\/whatsapp-logo-mensaje.jpg\" alt=\"\" width=\"290\" height=\"220\" \/><\/a><\/p>\n<p><a href=\"https:\/\/cableado-estructurado.com.co\/netcomp\/wp-content\/uploads\/2021\/04\/ventas-y-estructurado.png\"><img loading=\"lazy\" decoding=\"async\" class=\"aligncenter wp-image-22093\" src=\"https:\/\/cableado-estructurado.com.co\/netcomp\/wp-content\/uploads\/2021\/04\/ventas-y-estructurado.png\" alt=\"\" width=\"411\" height=\"127\" \/><\/a><\/p>\n","protected":false},"excerpt":{"rendered":"<p>N\/P : QP-W2410GP &#8211; WIRELESS &#8211; 54 Mbps 802.11b\/g Wireless PC<\/p>\n","protected":false},"featured_media":0,"comment_status":"open","ping_status":"closed","template":"","meta":{"_et_pb_use_builder":"","_et_pb_old_content":"","_et_gb_content_width":""},"product_brand":[],"product_cat":[20527],"product_tag":[1215,1218,1222,1221,1220,1223,1494,1219,1485],"class_list":{"0":"post-1399","1":"product","2":"type-product","3":"status-publish","5":"product_cat-equipos-para-redes-y-servidores","6":"product_tag-cableado-estructurado","7":"product_tag-cableado-estructurado-colombia","8":"product_tag-categoria-6","9":"product_tag-keystone","10":"product_tag-patch-panel","11":"product_tag-precio-cableado-estructurado","12":"product_tag-qp-w2410gp","13":"product_tag-qpcom","14":"product_tag-wireless-54-mbps-802-11bg-wireless-pc","16":"first","17":"instock","18":"taxable","19":"shipping-taxable","20":"purchasable","21":"product-type-simple"},"yoast_head":"<!-- This site is optimized with the Yoast SEO plugin v27.3 - https:\/\/yoast.com\/product\/yoast-seo-wordpress\/ -->\n<title>WIRELESS PC- 54 Mbps 802.11b\/g-N\/P: QP-W2410GP - Cableado Estructurado Colombia<\/title>\n<meta name=\"description\" content=\"Cableado Estructurado - Instalacion - Suministro Patch panel - Patch Cord - Jack - Cable Utp - Bogota - Colombia\" \/>\n<meta name=\"robots\" content=\"index, follow, max-snippet:-1, max-image-preview:large, max-video-preview:-1\" \/>\n<link rel=\"canonical\" href=\"https:\/\/cableado-estructurado.com.co\/netcomp\/producto\/qp-w2410gp-wireless-54-mbps-80211b-g-wireless-pc\/\" \/>\n<meta property=\"og:locale\" content=\"es_ES\" \/>\n<meta property=\"og:type\" content=\"article\" \/>\n<meta property=\"og:title\" content=\"WIRELESS PC- 54 Mbps 802.11b\/g-N\/P: QP-W2410GP - Cableado Estructurado Colombia\" \/>\n<meta property=\"og:description\" content=\"Cableado Estructurado - Instalacion - Suministro Patch panel - Patch Cord - Jack - Cable Utp - Bogota - Colombia\" \/>\n<meta property=\"og:url\" content=\"https:\/\/cableado-estructurado.com.co\/netcomp\/producto\/qp-w2410gp-wireless-54-mbps-80211b-g-wireless-pc\/\" \/>\n<meta property=\"og:site_name\" content=\"Cableado Estructurado Colombia\" \/>\n<meta property=\"article:publisher\" content=\"https:\/\/www.facebook.com\/Soluciones-Tecnologicas-MCC-SAS-100746298259981\" \/>\n<meta property=\"article:modified_time\" content=\"2021-04-12T17:15:31+00:00\" \/>\n<meta property=\"og:image\" content=\"https:\/\/cableado-estructurado.com.co\/netcomp\/wp-content\/uploads\/2013\/05\/QP-W2410GP_505.png\" \/>\n\t<meta property=\"og:image:width\" content=\"505\" \/>\n\t<meta property=\"og:image:height\" content=\"560\" \/>\n\t<meta property=\"og:image:type\" content=\"image\/png\" \/>\n<meta name=\"twitter:card\" content=\"summary_large_image\" \/>\n<meta name=\"twitter:label1\" content=\"Tiempo de lectura\" \/>\n\t<meta name=\"twitter:data1\" content=\"1 minuto\" \/>\n<script type=\"application\/ld+json\" class=\"yoast-schema-graph\">{\"@context\":\"https:\\\/\\\/schema.org\",\"@graph\":[{\"@type\":\"WebPage\",\"@id\":\"https:\\\/\\\/cableado-estructurado.com.co\\\/netcomp\\\/producto\\\/qp-w2410gp-wireless-54-mbps-80211b-g-wireless-pc\\\/\",\"url\":\"https:\\\/\\\/cableado-estructurado.com.co\\\/netcomp\\\/producto\\\/qp-w2410gp-wireless-54-mbps-80211b-g-wireless-pc\\\/\",\"name\":\"WIRELESS PC- 54 Mbps 802.11b\\\/g-N\\\/P: QP-W2410GP - Cableado Estructurado Colombia\",\"isPartOf\":{\"@id\":\"https:\\\/\\\/cableado-estructurado.com.co\\\/netcomp\\\/#website\"},\"primaryImageOfPage\":{\"@id\":\"https:\\\/\\\/cableado-estructurado.com.co\\\/netcomp\\\/producto\\\/qp-w2410gp-wireless-54-mbps-80211b-g-wireless-pc\\\/#primaryimage\"},\"image\":{\"@id\":\"https:\\\/\\\/cableado-estructurado.com.co\\\/netcomp\\\/producto\\\/qp-w2410gp-wireless-54-mbps-80211b-g-wireless-pc\\\/#primaryimage\"},\"thumbnailUrl\":\"http:\\\/\\\/cableado-estructurado.com.co\\\/netcomp\\\/wp-content\\\/uploads\\\/2018\\\/07\\\/whatsapp-logo-mensaje.jpg\",\"datePublished\":\"2013-05-13T21:30:21+00:00\",\"dateModified\":\"2021-04-12T17:15:31+00:00\",\"description\":\"Cableado Estructurado - Instalacion - Suministro Patch panel - Patch Cord - Jack - Cable Utp - Bogota - Colombia\",\"breadcrumb\":{\"@id\":\"https:\\\/\\\/cableado-estructurado.com.co\\\/netcomp\\\/producto\\\/qp-w2410gp-wireless-54-mbps-80211b-g-wireless-pc\\\/#breadcrumb\"},\"inLanguage\":\"es\",\"potentialAction\":[{\"@type\":\"ReadAction\",\"target\":[\"https:\\\/\\\/cableado-estructurado.com.co\\\/netcomp\\\/producto\\\/qp-w2410gp-wireless-54-mbps-80211b-g-wireless-pc\\\/\"]}]},{\"@type\":\"ImageObject\",\"inLanguage\":\"es\",\"@id\":\"https:\\\/\\\/cableado-estructurado.com.co\\\/netcomp\\\/producto\\\/qp-w2410gp-wireless-54-mbps-80211b-g-wireless-pc\\\/#primaryimage\",\"url\":\"http:\\\/\\\/cableado-estructurado.com.co\\\/netcomp\\\/wp-content\\\/uploads\\\/2018\\\/07\\\/whatsapp-logo-mensaje.jpg\",\"contentUrl\":\"http:\\\/\\\/cableado-estructurado.com.co\\\/netcomp\\\/wp-content\\\/uploads\\\/2018\\\/07\\\/whatsapp-logo-mensaje.jpg\"},{\"@type\":\"BreadcrumbList\",\"@id\":\"https:\\\/\\\/cableado-estructurado.com.co\\\/netcomp\\\/producto\\\/qp-w2410gp-wireless-54-mbps-80211b-g-wireless-pc\\\/#breadcrumb\",\"itemListElement\":[{\"@type\":\"ListItem\",\"position\":1,\"name\":\"Portada\",\"item\":\"https:\\\/\\\/cableado-estructurado.com.co\\\/netcomp\\\/\"},{\"@type\":\"ListItem\",\"position\":2,\"name\":\"Tienda\",\"item\":\"https:\\\/\\\/cableado-estructurado.com.co\\\/netcomp\\\/camaras-cableado-accesorios\\\/\"},{\"@type\":\"ListItem\",\"position\":3,\"name\":\"WIRELESS PC- 54 Mbps 802.11b\\\/g-N\\\/P: QP-W2410GP\"}]},{\"@type\":\"WebSite\",\"@id\":\"https:\\\/\\\/cableado-estructurado.com.co\\\/netcomp\\\/#website\",\"url\":\"https:\\\/\\\/cableado-estructurado.com.co\\\/netcomp\\\/\",\"name\":\"Cableado Estructurado Colombia\",\"description\":\"Telefonos:  (+57) 316 878 8749\",\"publisher\":{\"@id\":\"https:\\\/\\\/cableado-estructurado.com.co\\\/netcomp\\\/#organization\"},\"potentialAction\":[{\"@type\":\"SearchAction\",\"target\":{\"@type\":\"EntryPoint\",\"urlTemplate\":\"https:\\\/\\\/cableado-estructurado.com.co\\\/netcomp\\\/?s={search_term_string}\"},\"query-input\":{\"@type\":\"PropertyValueSpecification\",\"valueRequired\":true,\"valueName\":\"search_term_string\"}}],\"inLanguage\":\"es\"},{\"@type\":\"Organization\",\"@id\":\"https:\\\/\\\/cableado-estructurado.com.co\\\/netcomp\\\/#organization\",\"name\":\"Soluciones Tecnologicas MCC SAS\",\"alternateName\":\"MCC\",\"url\":\"https:\\\/\\\/cableado-estructurado.com.co\\\/netcomp\\\/\",\"logo\":{\"@type\":\"ImageObject\",\"inLanguage\":\"es\",\"@id\":\"https:\\\/\\\/cableado-estructurado.com.co\\\/netcomp\\\/#\\\/schema\\\/logo\\\/image\\\/\",\"url\":\"https:\\\/\\\/cableado-estructurado.com.co\\\/netcomp\\\/wp-content\\\/uploads\\\/2023\\\/04\\\/logos-soluciones-1-1.png\",\"contentUrl\":\"https:\\\/\\\/cableado-estructurado.com.co\\\/netcomp\\\/wp-content\\\/uploads\\\/2023\\\/04\\\/logos-soluciones-1-1.png\",\"width\":479,\"height\":100,\"caption\":\"Soluciones Tecnologicas MCC SAS\"},\"image\":{\"@id\":\"https:\\\/\\\/cableado-estructurado.com.co\\\/netcomp\\\/#\\\/schema\\\/logo\\\/image\\\/\"},\"sameAs\":[\"https:\\\/\\\/www.facebook.com\\\/Soluciones-Tecnologicas-MCC-SAS-100746298259981\",\"https:\\\/\\\/www.instagram.com\\\/solucionesmccsas\\\/?hl=es\",\"http:\\\/\\\/www.linkedin.com\\\/in\\\/mauricio-calderon-a78b5a15\"]}]}<\/script>\n<!-- \/ Yoast SEO plugin. -->","yoast_head_json":{"title":"WIRELESS PC- 54 Mbps 802.11b\/g-N\/P: QP-W2410GP - Cableado Estructurado Colombia","description":"Cableado Estructurado - Instalacion - Suministro Patch panel - Patch Cord - Jack - Cable Utp - Bogota - Colombia","robots":{"index":"index","follow":"follow","max-snippet":"max-snippet:-1","max-image-preview":"max-image-preview:large","max-video-preview":"max-video-preview:-1"},"canonical":"https:\/\/cableado-estructurado.com.co\/netcomp\/producto\/qp-w2410gp-wireless-54-mbps-80211b-g-wireless-pc\/","og_locale":"es_ES","og_type":"article","og_title":"WIRELESS PC- 54 Mbps 802.11b\/g-N\/P: QP-W2410GP - Cableado Estructurado Colombia","og_description":"Cableado Estructurado - Instalacion - Suministro Patch panel - Patch Cord - Jack - Cable Utp - Bogota - Colombia","og_url":"https:\/\/cableado-estructurado.com.co\/netcomp\/producto\/qp-w2410gp-wireless-54-mbps-80211b-g-wireless-pc\/","og_site_name":"Cableado Estructurado Colombia","article_publisher":"https:\/\/www.facebook.com\/Soluciones-Tecnologicas-MCC-SAS-100746298259981","article_modified_time":"2021-04-12T17:15:31+00:00","og_image":[{"width":505,"height":560,"url":"https:\/\/cableado-estructurado.com.co\/netcomp\/wp-content\/uploads\/2013\/05\/QP-W2410GP_505.png","type":"image\/png"}],"twitter_card":"summary_large_image","twitter_misc":{"Tiempo de lectura":"1 minuto"},"schema":{"@context":"https:\/\/schema.org","@graph":[{"@type":"WebPage","@id":"https:\/\/cableado-estructurado.com.co\/netcomp\/producto\/qp-w2410gp-wireless-54-mbps-80211b-g-wireless-pc\/","url":"https:\/\/cableado-estructurado.com.co\/netcomp\/producto\/qp-w2410gp-wireless-54-mbps-80211b-g-wireless-pc\/","name":"WIRELESS PC- 54 Mbps 802.11b\/g-N\/P: QP-W2410GP - Cableado Estructurado Colombia","isPartOf":{"@id":"https:\/\/cableado-estructurado.com.co\/netcomp\/#website"},"primaryImageOfPage":{"@id":"https:\/\/cableado-estructurado.com.co\/netcomp\/producto\/qp-w2410gp-wireless-54-mbps-80211b-g-wireless-pc\/#primaryimage"},"image":{"@id":"https:\/\/cableado-estructurado.com.co\/netcomp\/producto\/qp-w2410gp-wireless-54-mbps-80211b-g-wireless-pc\/#primaryimage"},"thumbnailUrl":"https:\/\/cableado-estructurado.com.co\/netcomp\/wp-content\/uploads\/2018\/07\/whatsapp-logo-mensaje.jpg","datePublished":"2013-05-13T21:30:21+00:00","dateModified":"2021-04-12T17:15:31+00:00","description":"Cableado Estructurado - Instalacion - Suministro Patch panel - Patch Cord - Jack - Cable Utp - Bogota - Colombia","breadcrumb":{"@id":"https:\/\/cableado-estructurado.com.co\/netcomp\/producto\/qp-w2410gp-wireless-54-mbps-80211b-g-wireless-pc\/#breadcrumb"},"inLanguage":"es","potentialAction":[{"@type":"ReadAction","target":["https:\/\/cableado-estructurado.com.co\/netcomp\/producto\/qp-w2410gp-wireless-54-mbps-80211b-g-wireless-pc\/"]}]},{"@type":"ImageObject","inLanguage":"es","@id":"https:\/\/cableado-estructurado.com.co\/netcomp\/producto\/qp-w2410gp-wireless-54-mbps-80211b-g-wireless-pc\/#primaryimage","url":"https:\/\/cableado-estructurado.com.co\/netcomp\/wp-content\/uploads\/2018\/07\/whatsapp-logo-mensaje.jpg","contentUrl":"https:\/\/cableado-estructurado.com.co\/netcomp\/wp-content\/uploads\/2018\/07\/whatsapp-logo-mensaje.jpg"},{"@type":"BreadcrumbList","@id":"https:\/\/cableado-estructurado.com.co\/netcomp\/producto\/qp-w2410gp-wireless-54-mbps-80211b-g-wireless-pc\/#breadcrumb","itemListElement":[{"@type":"ListItem","position":1,"name":"Portada","item":"https:\/\/cableado-estructurado.com.co\/netcomp\/"},{"@type":"ListItem","position":2,"name":"Tienda","item":"https:\/\/cableado-estructurado.com.co\/netcomp\/camaras-cableado-accesorios\/"},{"@type":"ListItem","position":3,"name":"WIRELESS PC- 54 Mbps 802.11b\/g-N\/P: QP-W2410GP"}]},{"@type":"WebSite","@id":"https:\/\/cableado-estructurado.com.co\/netcomp\/#website","url":"https:\/\/cableado-estructurado.com.co\/netcomp\/","name":"Cableado Estructurado Colombia","description":"Telefonos:  (+57) 316 878 8749","publisher":{"@id":"https:\/\/cableado-estructurado.com.co\/netcomp\/#organization"},"potentialAction":[{"@type":"SearchAction","target":{"@type":"EntryPoint","urlTemplate":"https:\/\/cableado-estructurado.com.co\/netcomp\/?s={search_term_string}"},"query-input":{"@type":"PropertyValueSpecification","valueRequired":true,"valueName":"search_term_string"}}],"inLanguage":"es"},{"@type":"Organization","@id":"https:\/\/cableado-estructurado.com.co\/netcomp\/#organization","name":"Soluciones Tecnologicas MCC SAS","alternateName":"MCC","url":"https:\/\/cableado-estructurado.com.co\/netcomp\/","logo":{"@type":"ImageObject","inLanguage":"es","@id":"https:\/\/cableado-estructurado.com.co\/netcomp\/#\/schema\/logo\/image\/","url":"https:\/\/cableado-estructurado.com.co\/netcomp\/wp-content\/uploads\/2023\/04\/logos-soluciones-1-1.png","contentUrl":"https:\/\/cableado-estructurado.com.co\/netcomp\/wp-content\/uploads\/2023\/04\/logos-soluciones-1-1.png","width":479,"height":100,"caption":"Soluciones Tecnologicas MCC SAS"},"image":{"@id":"https:\/\/cableado-estructurado.com.co\/netcomp\/#\/schema\/logo\/image\/"},"sameAs":["https:\/\/www.facebook.com\/Soluciones-Tecnologicas-MCC-SAS-100746298259981","https:\/\/www.instagram.com\/solucionesmccsas\/?hl=es","http:\/\/www.linkedin.com\/in\/mauricio-calderon-a78b5a15"]}]}},"jetpack_sharing_enabled":true,"_links":{"self":[{"href":"https:\/\/cableado-estructurado.com.co\/netcomp\/wp-json\/wp\/v2\/product\/1399","targetHints":{"allow":["GET"]}}],"collection":[{"href":"https:\/\/cableado-estructurado.com.co\/netcomp\/wp-json\/wp\/v2\/product"}],"about":[{"href":"https:\/\/cableado-estructurado.com.co\/netcomp\/wp-json\/wp\/v2\/types\/product"}],"replies":[{"embeddable":true,"href":"https:\/\/cableado-estructurado.com.co\/netcomp\/wp-json\/wp\/v2\/comments?post=1399"}],"wp:attachment":[{"href":"https:\/\/cableado-estructurado.com.co\/netcomp\/wp-json\/wp\/v2\/media?parent=1399"}],"wp:term":[{"taxonomy":"product_brand","embeddable":true,"href":"https:\/\/cableado-estructurado.com.co\/netcomp\/wp-json\/wp\/v2\/product_brand?post=1399"},{"taxonomy":"product_cat","embeddable":true,"href":"https:\/\/cableado-estructurado.com.co\/netcomp\/wp-json\/wp\/v2\/product_cat?post=1399"},{"taxonomy":"product_tag","embeddable":true,"href":"https:\/\/cableado-estructurado.com.co\/netcomp\/wp-json\/wp\/v2\/product_tag?post=1399"}],"curies":[{"name":"wp","href":"https:\/\/api.w.org\/{rel}","templated":true}]}}