{"id":16744,"date":"2014-07-26T23:27:34","date_gmt":"2014-07-27T04:27:34","guid":{"rendered":"https:\/\/cableado-estructurado.com.co\/netcomp\/producto\/sl-termination-tool-herramientas-cobre-y-1725150-1\/"},"modified":"2025-11-18T15:54:03","modified_gmt":"2025-11-18T20:54:03","slug":"sl-termination-tool-herramientas-cobre-y-1725150-1","status":"publish","type":"product","link":"https:\/\/cableado-estructurado.com.co\/netcomp\/producto\/sl-termination-tool-herramientas-cobre-y-1725150-1\/","title":{"rendered":"PONCHADORA AMP UTP CAT 6 \/ 6A N\/P: 1725150-1 Cat 6 y 6A &#8211; Alquiler &#8211; Venta &#8211; Arrendamiento"},"content":{"rendered":"<h2 style=\"text-align: center;\"><strong><span style=\"color: #333399;\">\u00a0 <span style=\"font-size: 18pt;\">HERRAMIENTAS COBRE\u00a0 &#8211; <\/span><\/span><\/strong><span style=\"font-size: 18pt;\"><strong><span style=\"color: #333399;\">N\/P: 1725150-1 <\/span><\/strong><\/span><span style=\"font-size: 18pt;\"><strong><span style=\"color: #333399;\">PONCHADORA AMP UTP CAT 6 \/ 6A &#8211; <\/span><\/strong><\/span><span style=\"font-size: 18pt;\"><strong><span style=\"color: #333399;\">HERRAMIENTA DE TERMINACION SL &#8211; CAT 6 Y 6A &#8211; ALQUILER &#8211; VENTA &#8211; ARRENDAMIENTO<br \/>\n<\/span><\/strong><\/span><\/h2>\n<p>&nbsp;<\/p>\n<p>&nbsp;<\/p>\n<ul>\n<li>\n<h2><span style=\"font-size: 14pt;\">N\/P: 1725150-1 \/ <a class=\"sku\" href=\"https:\/\/www.commscope.com\/product-type\/structural-support-tools-accessories\/modular-jack-plug-tools\/item1725150-6\/\">1725150-6<\/a><\/span><\/h2>\n<\/li>\n<li><span style=\"font-size: 14pt;\">Pela el cable, marca la l\u00e1mina, termina y corta 8 conductores a la vez, Mantiene la integridad del par trenzado, Provee Ahorro de tiempo y costos, simplificando el proceso de ponchado conectorizaci\u00f3n<\/span><\/li>\n<li><span style=\"font-size: 14pt;\">SL Termination Tool &#8211; SL SERIES JACK TOOL KIT<\/span><\/li>\n<li><span style=\"font-size: 14pt;\">Herramienta de terminaci\u00f3n &#8211; Conectorizaci\u00f3n &#8211; Commscope AMP<\/span><\/li>\n<li><span style=\"font-size: 14pt;\">1673956-6 \u2014 Modular Jack Lacing Fixture for SL Tool<\/span><\/li>\n<li><span style=\"font-size: 14pt;\">1725150-3 \u2014 Modular Jack Termination SL Tool Kit without Lacing Fixture<\/span><\/li>\n<\/ul>\n<div class=\"flex flex-grow flex-col max-w-full\">\n<div class=\"min-h-[20px] text-message flex flex-col items-start whitespace-pre-wrap break-words [.text-message+&amp;]:mt-5 juice:w-full juice:items-end overflow-x-auto gap-2\" dir=\"auto\" data-message-author-role=\"assistant\" data-message-id=\"16fdb2c8-0956-4a61-ba21-22c51a835ed8\">\n<div class=\"flex w-full flex-col gap-1 juice:empty:hidden juice:first:pt-[3px]\">\n<div class=\"markdown prose w-full break-words dark:prose-invert dark\">\n<p>La <strong>Ponchadora AMP UTP CAT 6 \/ 6A<\/strong> es una herramienta indispensable para la instalaci\u00f3n y terminaci\u00f3n de cables UTP en redes de alta velocidad. Dise\u00f1ada para garantizar conexiones precisas y fiables, esta ponchadora es perfecta para profesionales que requieren calidad y eficiencia en sus proyectos de cableado estructurado.<\/p>\n<h2>Caracter\u00edsticas Destacadas:<\/h2>\n<ul>\n<li><strong>Compatibilidad<\/strong>: Ideal para cables UTP categor\u00eda 6 y 6A.<\/li>\n<li><strong>Precisi\u00f3n<\/strong>: Asegura conexiones exactas, minimizando la p\u00e9rdida de se\u00f1al y errores de instalaci\u00f3n.<\/li>\n<li><strong>Durabilidad<\/strong>: Construida con materiales resistentes para una larga vida \u00fatil incluso en condiciones de uso intensivo.<\/li>\n<li><strong>Dise\u00f1o ergon\u00f3mico<\/strong>: Facilita su uso prolongado sin causar fatiga, con un agarre c\u00f3modo y seguro.<\/li>\n<li><strong>Facilidad de uso<\/strong>: Su mecanismo intuitivo permite una terminaci\u00f3n r\u00e1pida y eficiente, reduciendo el tiempo de instalaci\u00f3n.<\/li>\n<\/ul>\n<h2>Aplicaciones:<\/h2>\n<ul>\n<li>Instalaciones de redes de datos y telecomunicaciones en entornos comerciales y residenciales.<\/li>\n<li>Proyectos de cableado estructurado que requieren alta velocidad y rendimiento.<\/li>\n<li>Mantenimiento y reparaci\u00f3n de sistemas de cableado UTP existentes.<\/li>\n<\/ul>\n<p>Disponible para alquiler y venta en Bogot\u00e1, Colombia, la <strong>Ponchadora AMP UTP CAT 6 \/ 6A<\/strong> es la soluci\u00f3n perfecta para quienes buscan calidad y confiabilidad en la terminaci\u00f3n de sus redes de cableado.<\/p>\n<h2>\u00bfC\u00f3mo usar la Ponchadora AMP UTP CAT 6 \/ 6A?<\/h2>\n<ol>\n<li><strong>Preparar el cable<\/strong>: Pela el aislamiento exterior del cable UTP, dejando expuestos los conductores internos.<\/li>\n<li><strong>Organizar los conductores<\/strong>: Alinea los conductores seg\u00fan el est\u00e1ndar de cableado (T568A o T568B).<\/li>\n<li><strong>Insertar el cable en el conector<\/strong>: Coloca los conductores en el conector correspondiente, asegur\u00e1ndote de que est\u00e9n bien alineados.<\/li>\n<li><strong>Ponchar el conector<\/strong>: Inserta el conector en la ponchadora AMP y presiona firmemente hasta escuchar un clic.<\/li>\n<li><strong>Verificar la conexi\u00f3n<\/strong>: Revisa que los conductores est\u00e9n correctamente insertados y que la conexi\u00f3n sea segura y estable.<\/li>\n<\/ol>\n<p>Siguiendo estos pasos, obtendr\u00e1s conexiones precisas y confiables con tu ponchadora AMP UTP CAT 6 \/ 6A.<\/p>\n<h2><strong>Acerca de Soluciones Tecnol\u00f3gicas MCC:<\/strong><\/h2>\n<p>Con m\u00e1s de 10 a\u00f1os de experiencia en la venta de herramientas para fibra \u00f3ptica, Soluciones Tecnol\u00f3gicas MCC se ha consolidado como un l\u00edder en el sector. Ubicados en Bogot\u00e1, Colombia, ofrecemos productos de alta calidad y realizamos env\u00edos a nivel internacional para satisfacer las necesidades de nuestros clientes en todo el mundo.<\/p>\n<p><strong>Para cotizar o comprar la Cortadora de Fibra \u00d3ptica Fujikura CT-30, comun\u00edquese al +57 31688788749 por tel\u00e9fono o WhatsApp. As\u00ed podremos asesorarlo y atender su solicitud de forma personalizada.<\/strong><\/p>\n<h2><strong>Testimonio de Cliente:<\/strong><\/h2>\n<p>\u00abCompr\u00e9 la Cortadora de Fibra \u00d3ptica Fujikura CT-30 de Soluciones Tecnol\u00f3gicas MCC y me ha funcionado de maravilla. Es f\u00e1cil de usar y realiza cortes muy precisos, justo lo que necesitaba para mis proyectos. La atenci\u00f3n en Soluciones Tecnol\u00f3gicas MCC fue excelente, me ayudaron a elegir la herramienta correcta y el env\u00edo fue r\u00e1pido. Definitivamente volver\u00e9 a comprar con ellos.\u00bb<\/p>\n<p>&nbsp;<\/p>\n<\/div>\n<\/div>\n<\/div>\n<\/div>\n<div class=\"mt-1 flex gap-3 empty:hidden juice:-ml-3\">\n<div class=\"items-center justify-start rounded-xl p-1 flex\">\n<div class=\"flex items-center\"><\/div>\n<\/div>\n<\/div>\n","protected":false},"excerpt":{"rendered":"<h2><span style=\"font-family: tahoma, arial, helvetica, sans-serif; font-size: 10pt;\"><span style=\"color: #333399;\">N\/P : 1725150-1 \/ 6 : Ponchadora AMP Cat 6 \/ 6A &#8211; Alquiler &#8211; Venta &#8211; Arrendamiento<\/span><br \/>\n<\/span><\/h2>\n<div class=\"flex flex-grow flex-col max-w-full\">\n<div class=\"min-h-[20px] text-message flex flex-col items-start whitespace-pre-wrap break-words [.text-message+&amp;]:mt-5 juice:w-full juice:items-end overflow-x-auto gap-2\" dir=\"auto\" data-message-author-role=\"assistant\" data-message-id=\"70c29adf-beda-4555-93ee-5732026f954d\">\n<div class=\"flex w-full flex-col gap-1 juice:empty:hidden juice:first:pt-[3px]\">\n<div class=\"markdown prose w-full break-words dark:prose-invert dark\">\n<p>La <strong>Ponchadora AMP UTP CAT 6 \/ 6A<\/strong> es ideal para instalaciones de redes de alta velocidad, garantizando conexiones precisas y fiables. Compatible con cables UTP categor\u00eda 6 y 6A, esta herramienta ergon\u00f3mica y duradera facilita el trabajo de terminaci\u00f3n. Disponible para alquiler y venta en Bogot\u00e1, Colombia.<\/p>\n<\/div>\n<\/div>\n<\/div>\n<\/div>\n<div class=\"mt-1 flex gap-3 empty:hidden juice:-ml-3\">\n<div class=\"items-center justify-start rounded-xl p-1 flex\">\n<div class=\"flex items-center\"><\/div>\n<\/div>\n<\/div>\n","protected":false},"featured_media":19871,"comment_status":"open","ping_status":"closed","template":"","meta":{"_et_pb_use_builder":"","_et_pb_old_content":"","_et_gb_content_width":""},"product_brand":[],"product_cat":[21360,5124],"product_tag":[18157,18003,1215,215,18004,18155,18006,18007,18158],"class_list":{"0":"post-16744","1":"product","2":"type-product","3":"status-publish","4":"has-post-thumbnail","6":"product_cat-accesorios-de-cableado","7":"product_cat-cableado-estructurado","8":"product_tag-1725150-1","9":"product_tag-amp","10":"product_tag-cableado-estructurado","11":"product_tag-colombia","12":"product_tag-fibra-optica","13":"product_tag-herramientas-cobre-y-fo","14":"product_tag-instalacion-de-cableado-estructurado","15":"product_tag-mantenimiento-de-cableado-estructurado","16":"product_tag-sl-termination-tool","18":"first","19":"instock","20":"taxable","21":"shipping-taxable","22":"purchasable","23":"product-type-simple"},"yoast_head":"<!-- This site is optimized with the Yoast SEO plugin v27.4 - https:\/\/yoast.com\/product\/yoast-seo-wordpress\/ -->\n<title>PONCHADORA AMP UTP CAT 6 \/ 6A N\/P: 1725150-1 - Alquiler y Venta<\/title>\n<meta name=\"description\" content=\"Cableado Estructurado - Instalacion - Suministro Patch panel - Patch Cord - Jack - Cable Utp - Bogota - Colombia\" \/>\n<meta name=\"robots\" content=\"index, follow, max-snippet:-1, max-image-preview:large, max-video-preview:-1\" \/>\n<link rel=\"canonical\" href=\"https:\/\/cableado-estructurado.com.co\/netcomp\/producto\/sl-termination-tool-herramientas-cobre-y-1725150-1\/\" \/>\n<meta property=\"og:locale\" content=\"es_ES\" \/>\n<meta property=\"og:type\" content=\"article\" \/>\n<meta property=\"og:title\" content=\"PONCHADORA AMP UTP CAT 6 \/ 6A N\/P: 1725150-1 - Alquiler y Venta\" \/>\n<meta property=\"og:description\" content=\"Cableado Estructurado - Instalacion - Suministro Patch panel - Patch Cord - Jack - Cable Utp - Bogota - Colombia\" \/>\n<meta property=\"og:url\" content=\"https:\/\/cableado-estructurado.com.co\/netcomp\/producto\/sl-termination-tool-herramientas-cobre-y-1725150-1\/\" \/>\n<meta property=\"og:site_name\" content=\"Cableado Estructurado Colombia\" \/>\n<meta property=\"article:publisher\" content=\"https:\/\/www.facebook.com\/Soluciones-Tecnologicas-MCC-SAS-100746298259981\" \/>\n<meta property=\"article:modified_time\" content=\"2025-11-18T20:54:03+00:00\" \/>\n<meta property=\"og:image\" content=\"https:\/\/cableado-estructurado.com.co\/netcomp\/wp-content\/uploads\/2014\/08\/ponchadora-amp-cat-6-utp-cobre.jpg\" \/>\n\t<meta property=\"og:image:width\" content=\"299\" \/>\n\t<meta property=\"og:image:height\" content=\"200\" \/>\n\t<meta property=\"og:image:type\" content=\"image\/jpeg\" \/>\n<meta name=\"twitter:card\" content=\"summary_large_image\" \/>\n<meta name=\"twitter:label1\" content=\"Tiempo de lectura\" \/>\n\t<meta name=\"twitter:data1\" content=\"3 minutos\" \/>\n<script type=\"application\/ld+json\" class=\"yoast-schema-graph\">{\"@context\":\"https:\\\/\\\/schema.org\",\"@graph\":[{\"@type\":\"WebPage\",\"@id\":\"https:\\\/\\\/cableado-estructurado.com.co\\\/netcomp\\\/producto\\\/sl-termination-tool-herramientas-cobre-y-1725150-1\\\/\",\"url\":\"https:\\\/\\\/cableado-estructurado.com.co\\\/netcomp\\\/producto\\\/sl-termination-tool-herramientas-cobre-y-1725150-1\\\/\",\"name\":\"PONCHADORA AMP UTP CAT 6 \\\/ 6A N\\\/P: 1725150-1 - Alquiler y Venta\",\"isPartOf\":{\"@id\":\"https:\\\/\\\/cableado-estructurado.com.co\\\/netcomp\\\/#website\"},\"primaryImageOfPage\":{\"@id\":\"https:\\\/\\\/cableado-estructurado.com.co\\\/netcomp\\\/producto\\\/sl-termination-tool-herramientas-cobre-y-1725150-1\\\/#primaryimage\"},\"image\":{\"@id\":\"https:\\\/\\\/cableado-estructurado.com.co\\\/netcomp\\\/producto\\\/sl-termination-tool-herramientas-cobre-y-1725150-1\\\/#primaryimage\"},\"thumbnailUrl\":\"https:\\\/\\\/cableado-estructurado.com.co\\\/netcomp\\\/wp-content\\\/uploads\\\/2014\\\/08\\\/ponchadora-amp-cat-6-utp-cobre.jpg\",\"datePublished\":\"2014-07-27T04:27:34+00:00\",\"dateModified\":\"2025-11-18T20:54:03+00:00\",\"description\":\"Cableado Estructurado - Instalacion - Suministro Patch panel - Patch Cord - Jack - Cable Utp - Bogota - Colombia\",\"breadcrumb\":{\"@id\":\"https:\\\/\\\/cableado-estructurado.com.co\\\/netcomp\\\/producto\\\/sl-termination-tool-herramientas-cobre-y-1725150-1\\\/#breadcrumb\"},\"inLanguage\":\"es\",\"potentialAction\":[{\"@type\":\"ReadAction\",\"target\":[\"https:\\\/\\\/cableado-estructurado.com.co\\\/netcomp\\\/producto\\\/sl-termination-tool-herramientas-cobre-y-1725150-1\\\/\"]}]},{\"@type\":\"ImageObject\",\"inLanguage\":\"es\",\"@id\":\"https:\\\/\\\/cableado-estructurado.com.co\\\/netcomp\\\/producto\\\/sl-termination-tool-herramientas-cobre-y-1725150-1\\\/#primaryimage\",\"url\":\"https:\\\/\\\/cableado-estructurado.com.co\\\/netcomp\\\/wp-content\\\/uploads\\\/2014\\\/08\\\/ponchadora-amp-cat-6-utp-cobre.jpg\",\"contentUrl\":\"https:\\\/\\\/cableado-estructurado.com.co\\\/netcomp\\\/wp-content\\\/uploads\\\/2014\\\/08\\\/ponchadora-amp-cat-6-utp-cobre.jpg\",\"width\":299,\"height\":200,\"caption\":\"Ponchadora AMP\"},{\"@type\":\"BreadcrumbList\",\"@id\":\"https:\\\/\\\/cableado-estructurado.com.co\\\/netcomp\\\/producto\\\/sl-termination-tool-herramientas-cobre-y-1725150-1\\\/#breadcrumb\",\"itemListElement\":[{\"@type\":\"ListItem\",\"position\":1,\"name\":\"Portada\",\"item\":\"https:\\\/\\\/cableado-estructurado.com.co\\\/netcomp\\\/\"},{\"@type\":\"ListItem\",\"position\":2,\"name\":\"Tienda\",\"item\":\"https:\\\/\\\/cableado-estructurado.com.co\\\/netcomp\\\/camaras-cableado-accesorios\\\/\"},{\"@type\":\"ListItem\",\"position\":3,\"name\":\"PONCHADORA AMP UTP CAT 6 \\\/ 6A N\\\/P: 1725150-1 Cat 6 y 6A &#8211; Alquiler &#8211; Venta &#8211; Arrendamiento\"}]},{\"@type\":\"WebSite\",\"@id\":\"https:\\\/\\\/cableado-estructurado.com.co\\\/netcomp\\\/#website\",\"url\":\"https:\\\/\\\/cableado-estructurado.com.co\\\/netcomp\\\/\",\"name\":\"Cableado Estructurado Colombia\",\"description\":\"Telefonos:  (+57) 316 878 8749\",\"publisher\":{\"@id\":\"https:\\\/\\\/cableado-estructurado.com.co\\\/netcomp\\\/#organization\"},\"potentialAction\":[{\"@type\":\"SearchAction\",\"target\":{\"@type\":\"EntryPoint\",\"urlTemplate\":\"https:\\\/\\\/cableado-estructurado.com.co\\\/netcomp\\\/?s={search_term_string}\"},\"query-input\":{\"@type\":\"PropertyValueSpecification\",\"valueRequired\":true,\"valueName\":\"search_term_string\"}}],\"inLanguage\":\"es\"},{\"@type\":\"Organization\",\"@id\":\"https:\\\/\\\/cableado-estructurado.com.co\\\/netcomp\\\/#organization\",\"name\":\"Soluciones Tecnologicas MCC SAS\",\"alternateName\":\"MCC\",\"url\":\"https:\\\/\\\/cableado-estructurado.com.co\\\/netcomp\\\/\",\"logo\":{\"@type\":\"ImageObject\",\"inLanguage\":\"es\",\"@id\":\"https:\\\/\\\/cableado-estructurado.com.co\\\/netcomp\\\/#\\\/schema\\\/logo\\\/image\\\/\",\"url\":\"https:\\\/\\\/cableado-estructurado.com.co\\\/netcomp\\\/wp-content\\\/uploads\\\/2023\\\/04\\\/logos-soluciones-1-1.png\",\"contentUrl\":\"https:\\\/\\\/cableado-estructurado.com.co\\\/netcomp\\\/wp-content\\\/uploads\\\/2023\\\/04\\\/logos-soluciones-1-1.png\",\"width\":479,\"height\":100,\"caption\":\"Soluciones Tecnologicas MCC SAS\"},\"image\":{\"@id\":\"https:\\\/\\\/cableado-estructurado.com.co\\\/netcomp\\\/#\\\/schema\\\/logo\\\/image\\\/\"},\"sameAs\":[\"https:\\\/\\\/www.facebook.com\\\/Soluciones-Tecnologicas-MCC-SAS-100746298259981\",\"https:\\\/\\\/www.instagram.com\\\/solucionesmccsas\\\/?hl=es\",\"http:\\\/\\\/www.linkedin.com\\\/in\\\/mauricio-calderon-a78b5a15\"]}]}<\/script>\n<!-- \/ Yoast SEO plugin. -->","yoast_head_json":{"title":"PONCHADORA AMP UTP CAT 6 \/ 6A N\/P: 1725150-1 - Alquiler y Venta","description":"Cableado Estructurado - Instalacion - Suministro Patch panel - Patch Cord - Jack - Cable Utp - Bogota - Colombia","robots":{"index":"index","follow":"follow","max-snippet":"max-snippet:-1","max-image-preview":"max-image-preview:large","max-video-preview":"max-video-preview:-1"},"canonical":"https:\/\/cableado-estructurado.com.co\/netcomp\/producto\/sl-termination-tool-herramientas-cobre-y-1725150-1\/","og_locale":"es_ES","og_type":"article","og_title":"PONCHADORA AMP UTP CAT 6 \/ 6A N\/P: 1725150-1 - Alquiler y Venta","og_description":"Cableado Estructurado - Instalacion - Suministro Patch panel - Patch Cord - Jack - Cable Utp - Bogota - Colombia","og_url":"https:\/\/cableado-estructurado.com.co\/netcomp\/producto\/sl-termination-tool-herramientas-cobre-y-1725150-1\/","og_site_name":"Cableado Estructurado Colombia","article_publisher":"https:\/\/www.facebook.com\/Soluciones-Tecnologicas-MCC-SAS-100746298259981","article_modified_time":"2025-11-18T20:54:03+00:00","og_image":[{"width":299,"height":200,"url":"https:\/\/cableado-estructurado.com.co\/netcomp\/wp-content\/uploads\/2014\/08\/ponchadora-amp-cat-6-utp-cobre.jpg","type":"image\/jpeg"}],"twitter_card":"summary_large_image","twitter_misc":{"Tiempo de lectura":"3 minutos"},"schema":{"@context":"https:\/\/schema.org","@graph":[{"@type":"WebPage","@id":"https:\/\/cableado-estructurado.com.co\/netcomp\/producto\/sl-termination-tool-herramientas-cobre-y-1725150-1\/","url":"https:\/\/cableado-estructurado.com.co\/netcomp\/producto\/sl-termination-tool-herramientas-cobre-y-1725150-1\/","name":"PONCHADORA AMP UTP CAT 6 \/ 6A N\/P: 1725150-1 - Alquiler y Venta","isPartOf":{"@id":"https:\/\/cableado-estructurado.com.co\/netcomp\/#website"},"primaryImageOfPage":{"@id":"https:\/\/cableado-estructurado.com.co\/netcomp\/producto\/sl-termination-tool-herramientas-cobre-y-1725150-1\/#primaryimage"},"image":{"@id":"https:\/\/cableado-estructurado.com.co\/netcomp\/producto\/sl-termination-tool-herramientas-cobre-y-1725150-1\/#primaryimage"},"thumbnailUrl":"https:\/\/cableado-estructurado.com.co\/netcomp\/wp-content\/uploads\/2014\/08\/ponchadora-amp-cat-6-utp-cobre.jpg","datePublished":"2014-07-27T04:27:34+00:00","dateModified":"2025-11-18T20:54:03+00:00","description":"Cableado Estructurado - Instalacion - Suministro Patch panel - Patch Cord - Jack - Cable Utp - Bogota - Colombia","breadcrumb":{"@id":"https:\/\/cableado-estructurado.com.co\/netcomp\/producto\/sl-termination-tool-herramientas-cobre-y-1725150-1\/#breadcrumb"},"inLanguage":"es","potentialAction":[{"@type":"ReadAction","target":["https:\/\/cableado-estructurado.com.co\/netcomp\/producto\/sl-termination-tool-herramientas-cobre-y-1725150-1\/"]}]},{"@type":"ImageObject","inLanguage":"es","@id":"https:\/\/cableado-estructurado.com.co\/netcomp\/producto\/sl-termination-tool-herramientas-cobre-y-1725150-1\/#primaryimage","url":"https:\/\/cableado-estructurado.com.co\/netcomp\/wp-content\/uploads\/2014\/08\/ponchadora-amp-cat-6-utp-cobre.jpg","contentUrl":"https:\/\/cableado-estructurado.com.co\/netcomp\/wp-content\/uploads\/2014\/08\/ponchadora-amp-cat-6-utp-cobre.jpg","width":299,"height":200,"caption":"Ponchadora AMP"},{"@type":"BreadcrumbList","@id":"https:\/\/cableado-estructurado.com.co\/netcomp\/producto\/sl-termination-tool-herramientas-cobre-y-1725150-1\/#breadcrumb","itemListElement":[{"@type":"ListItem","position":1,"name":"Portada","item":"https:\/\/cableado-estructurado.com.co\/netcomp\/"},{"@type":"ListItem","position":2,"name":"Tienda","item":"https:\/\/cableado-estructurado.com.co\/netcomp\/camaras-cableado-accesorios\/"},{"@type":"ListItem","position":3,"name":"PONCHADORA AMP UTP CAT 6 \/ 6A N\/P: 1725150-1 Cat 6 y 6A &#8211; Alquiler &#8211; Venta &#8211; Arrendamiento"}]},{"@type":"WebSite","@id":"https:\/\/cableado-estructurado.com.co\/netcomp\/#website","url":"https:\/\/cableado-estructurado.com.co\/netcomp\/","name":"Cableado Estructurado Colombia","description":"Telefonos:  (+57) 316 878 8749","publisher":{"@id":"https:\/\/cableado-estructurado.com.co\/netcomp\/#organization"},"potentialAction":[{"@type":"SearchAction","target":{"@type":"EntryPoint","urlTemplate":"https:\/\/cableado-estructurado.com.co\/netcomp\/?s={search_term_string}"},"query-input":{"@type":"PropertyValueSpecification","valueRequired":true,"valueName":"search_term_string"}}],"inLanguage":"es"},{"@type":"Organization","@id":"https:\/\/cableado-estructurado.com.co\/netcomp\/#organization","name":"Soluciones Tecnologicas MCC SAS","alternateName":"MCC","url":"https:\/\/cableado-estructurado.com.co\/netcomp\/","logo":{"@type":"ImageObject","inLanguage":"es","@id":"https:\/\/cableado-estructurado.com.co\/netcomp\/#\/schema\/logo\/image\/","url":"https:\/\/cableado-estructurado.com.co\/netcomp\/wp-content\/uploads\/2023\/04\/logos-soluciones-1-1.png","contentUrl":"https:\/\/cableado-estructurado.com.co\/netcomp\/wp-content\/uploads\/2023\/04\/logos-soluciones-1-1.png","width":479,"height":100,"caption":"Soluciones Tecnologicas MCC SAS"},"image":{"@id":"https:\/\/cableado-estructurado.com.co\/netcomp\/#\/schema\/logo\/image\/"},"sameAs":["https:\/\/www.facebook.com\/Soluciones-Tecnologicas-MCC-SAS-100746298259981","https:\/\/www.instagram.com\/solucionesmccsas\/?hl=es","http:\/\/www.linkedin.com\/in\/mauricio-calderon-a78b5a15"]}]}},"jetpack_sharing_enabled":true,"_links":{"self":[{"href":"https:\/\/cableado-estructurado.com.co\/netcomp\/wp-json\/wp\/v2\/product\/16744","targetHints":{"allow":["GET"]}}],"collection":[{"href":"https:\/\/cableado-estructurado.com.co\/netcomp\/wp-json\/wp\/v2\/product"}],"about":[{"href":"https:\/\/cableado-estructurado.com.co\/netcomp\/wp-json\/wp\/v2\/types\/product"}],"replies":[{"embeddable":true,"href":"https:\/\/cableado-estructurado.com.co\/netcomp\/wp-json\/wp\/v2\/comments?post=16744"}],"wp:featuredmedia":[{"embeddable":true,"href":"https:\/\/cableado-estructurado.com.co\/netcomp\/wp-json\/wp\/v2\/media\/19871"}],"wp:attachment":[{"href":"https:\/\/cableado-estructurado.com.co\/netcomp\/wp-json\/wp\/v2\/media?parent=16744"}],"wp:term":[{"taxonomy":"product_brand","embeddable":true,"href":"https:\/\/cableado-estructurado.com.co\/netcomp\/wp-json\/wp\/v2\/product_brand?post=16744"},{"taxonomy":"product_cat","embeddable":true,"href":"https:\/\/cableado-estructurado.com.co\/netcomp\/wp-json\/wp\/v2\/product_cat?post=16744"},{"taxonomy":"product_tag","embeddable":true,"href":"https:\/\/cableado-estructurado.com.co\/netcomp\/wp-json\/wp\/v2\/product_tag?post=16744"}],"curies":[{"name":"wp","href":"https:\/\/api.w.org\/{rel}","templated":true}]}}