{"id":16859,"date":"2014-08-03T22:17:51","date_gmt":"2014-08-04T03:17:51","guid":{"rendered":"https:\/\/cableado-estructurado.com.co\/netcomp\/producto\/np-1725150-1-amp-sl-termination-tool\/"},"modified":"2025-11-18T15:45:18","modified_gmt":"2025-11-18T20:45:18","slug":"np-1725150-1-amp-sl-termination-tool","status":"publish","type":"product","link":"https:\/\/cableado-estructurado.com.co\/netcomp\/producto\/np-1725150-1-amp-sl-termination-tool\/","title":{"rendered":"Herramienta de Ponchadora AMP N\/P : 1725150-1 Cat 6 y 6A &#8211; Alquiler &#8211; Venta &#8211; Arrendamiento"},"content":{"rendered":"<p>&nbsp;<\/p>\n<h2 style=\"text-align: center;\"><span style=\"color: #333399; font-size: 18pt; font-family: tahoma, arial, helvetica, sans-serif;\">\u00a0 <span style=\"font-size: 24pt;\">HERRAMIENTAS PONCHADORA MARCA AMP N\/P : 1725150-1<\/span><\/span><\/h2>\n<h2 style=\"text-align: center;\"><span style=\"color: #333399; font-size: 18pt; font-family: tahoma, arial, helvetica, sans-serif;\"><span style=\"font-size: 24pt;\"> UTP\u00a0 &#8211; <\/span><\/span><span style=\"color: #333399; font-size: 18pt; font-family: tahoma, arial, helvetica, sans-serif;\"><span style=\"font-size: 24pt;\">HERRAMIENTA DE TERMINACION SL &#8211; PARA VENTA &#8211; ARRENDAMIENTO &#8211; ALQUILER<\/span><br \/>\n<\/span><\/h2>\n<p>&nbsp;<\/p>\n<ul>\n<li>\n<h2><span style=\"font-family: tahoma, arial, helvetica, sans-serif; font-size: 14pt;\"><strong>Ponchadora AMP N\/P : 1725150-1 \/ <a class=\"sku\" href=\"https:\/\/www.commscope.com\/product-type\/structural-support-tools-accessories\/modular-jack-plug-tools\/item1725150-6\/\">1725150-6<\/a><\/strong><br \/>\n<\/span><\/h2>\n<\/li>\n<li><span style=\"font-size: 14pt;\">Pela el cable, marca la l\u00e1mina, termina y corta 8 conductores a la vez, Mantiene la integridad del par trenzado, Provee Ahorro de tiempo y costos, simplificando el proceso de ponchado conector<\/span><\/li>\n<li><span style=\"font-family: tahoma, arial, helvetica, sans-serif; font-size: 14pt;\">SL Termination Tool &#8211; SL SERIES JACK TOOL KIT<\/span><\/li>\n<li><span style=\"font-family: tahoma, arial, helvetica, sans-serif; font-size: 14pt;\">Herramienta de Terminaci\u00f3n &#8211; Conectorizaci\u00f3n &#8211; Commscope AMP<\/span><\/li>\n<li><span style=\"font-size: 14pt;\">1673956-6 \u2014 Modular Jack Lacing Fixture for SL Tool<\/span><\/li>\n<li><span style=\"font-size: 14pt;\">1725150-3 \u2014 Modular Jack Termination SL Tool Kit without Lacing Fixture<\/span><\/li>\n<\/ul>\n<p>La\u00a0<strong>Ponchadora AMP N\/P : 1725150-1<\/strong> es una herramienta esencial para la instalaci\u00f3n y terminaci\u00f3n de cables en sistemas de cableado estructurado. Dise\u00f1ada espec\u00edficamente para conectar y asegurar cables en conectores AMP, esta ponchadora garantiza conexiones precisas y confiables.<\/p>\n<h2>Caracter\u00edsticas Destacadas:<\/h2>\n<ul>\n<li><strong>Precisi\u00f3n<\/strong>: Asegura una conexi\u00f3n exacta y firme, minimizando errores en la instalaci\u00f3n.<\/li>\n<li><strong>Ergonom\u00eda<\/strong>: Dise\u00f1o ergon\u00f3mico que facilita su uso prolongado sin causar fatiga.<\/li>\n<li><strong>Durabilidad<\/strong>: Fabricada con materiales de alta calidad para una larga vida \u00fatil y resistencia en condiciones de uso intensivo.<\/li>\n<li><strong>Versatilidad<\/strong>: Compatible con una amplia variedad de conectores AMP, lo que la hace ideal para diferentes proyectos de cableado.<\/li>\n<li><strong>Facilidad de uso<\/strong>: Su mecanismo intuitivo permite una instalaci\u00f3n r\u00e1pida y eficiente, ideal tanto para profesionales como para aficionados.<\/li>\n<\/ul>\n<h2>Aplicaciones:<\/h2>\n<ul>\n<li>Instalaciones de redes de datos y telecomunicaciones.<\/li>\n<li>Proyectos de cableado estructurado en entornos residenciales y comerciales.<\/li>\n<li>Mantenimiento y reparaciones de sistemas de cableado existentes.<\/li>\n<\/ul>\n<p>La\u00a0<strong>Ponchadora AMP N\/P : 1725150-1<\/strong> es la herramienta perfecta para quienes buscan calidad y eficiencia en la terminaci\u00f3n de cables, asegurando que cada conexi\u00f3n sea segura y duradera.<\/p>\n<div class=\"flex flex-grow flex-col max-w-full\">\n<div class=\"min-h-[20px] text-message flex flex-col items-start whitespace-pre-wrap break-words [.text-message+&amp;]:mt-5 juice:w-full juice:items-end overflow-x-auto gap-2\" dir=\"auto\" data-message-author-role=\"assistant\" data-message-id=\"1d567181-5f02-47ac-9c83-76da85ef09f1\">\n<div class=\"flex w-full flex-col gap-1 juice:empty:hidden juice:first:pt-[3px]\">\n<div class=\"markdown prose w-full break-words dark:prose-invert dark\">\n<h2><strong>\u00bfC\u00f3mo usar una Ponchadora AMP N\/P : 1725150-1?<\/strong><\/h2>\n<ol>\n<li><strong>Preparar el cable<\/strong>: Pela el aislamiento exterior del cable, dejando expuestos los conductores internos.<\/li>\n<li><strong>Organizar los conductores<\/strong>: Alinea los conductores seg\u00fan el est\u00e1ndar de cableado (T568A o T568B).<\/li>\n<li><strong>Insertar el cable<\/strong>: Coloca los conductores en el conector AMP, asegur\u00e1ndote de que est\u00e9n bien alineados.<\/li>\n<li><strong>Usar la ponchadora<\/strong>: Inserta el conector en la ponchadora AMP y presiona firmemente hasta que escuches un clic.<\/li>\n<li><strong>Verificar la conexi\u00f3n<\/strong>: Aseg\u00farate de que los conductores est\u00e9n correctamente insertados y que la conexi\u00f3n sea segura.<\/li>\n<\/ol>\n<p>Siguiendo estos pasos, obtendr\u00e1s conexiones precisas y confiables con tu <strong>Ponchadora AMP N\/P : 1725150-1<\/strong><\/p>\n<h2><strong>Acerca de Soluciones Tecnol\u00f3gicas MCC:<\/strong><\/h2>\n<p>Con m\u00e1s de 10 a\u00f1os de experiencia en la venta de herramientas para fibra \u00f3ptica, Soluciones Tecnol\u00f3gicas MCC se ha consolidado como un l\u00edder en el sector. Ubicados en Bogot\u00e1, Colombia, ofrecemos productos de alta calidad y realizamos env\u00edos a nivel internacional para satisfacer las necesidades de nuestros clientes en todo el mundo.<\/p>\n<p><strong>Para cotizar o comprar el producto, comun\u00edquese al +57 31688788749 por tel\u00e9fono o WhatsApp. As\u00ed podremos asesorarlo y atender su solicitud de forma personalizada.<\/strong><\/p>\n<\/div>\n<h2><strong>Testimonio de Cliente:<\/strong><\/h2>\n<p>\u00abCompr\u00e9 la Ponchadora AMP N\/P : 1725150-1 de Soluciones Tecnol\u00f3gicas MCC y estoy muy contento con la compra. La herramienta funciona muy bien y es f\u00e1cil de usar. Me ayud\u00f3 a hacer conexiones precisas sin problemas. El proceso de compra fue simple y el equipo me brind\u00f3 buen servicio al cliente. El env\u00edo fue r\u00e1pido y el producto lleg\u00f3 sin ning\u00fan inconveniente. Recomiendo tanto la ponchadora como Soluciones Tecnol\u00f3gicas MCC. Sin duda, volver\u00e9 a comprar con ellos.\u00bb<\/p>\n<div class=\"markdown prose w-full break-words dark:prose-invert dark\">\n<p>&nbsp;<\/p>\n<\/div>\n<\/div>\n<\/div>\n<\/div>\n<div class=\"mt-1 flex gap-3 empty:hidden juice:-ml-3\">\n<div class=\"items-center justify-start rounded-xl p-1 flex\">\n<div class=\"flex items-center\">\n<p>&nbsp;<\/p>\n<div class=\"flex items-center pb-0.5 juice:pb-0\">\n<div class=\"[&amp;_svg]:h-full [&amp;_svg]:w-full icon-md h-4 w-4\"><\/div>\n<\/div>\n<\/div>\n<\/div>\n<\/div>\n<p>&nbsp;<\/p>\n<p>&nbsp;<\/p>\n<p>&nbsp;<\/p>\n<p>&nbsp;<\/p>\n","protected":false},"excerpt":{"rendered":"<h2><span style=\"font-family: tahoma, arial, helvetica, sans-serif; font-size: 12pt; color: #333399;\">N\/P :<strong>1725150-1<\/strong> &#8211; SL Termination Tool &#8211; Ponchadora UTP AMP.<\/span><\/h2>\n<div class=\"flex flex-grow flex-col max-w-full\">\n<div class=\"min-h-[20px] text-message flex flex-col items-start whitespace-pre-wrap break-words [.text-message+&amp;]:mt-5 juice:w-full juice:items-end overflow-x-auto gap-2\" dir=\"auto\" data-message-author-role=\"assistant\" data-message-id=\"354aaf89-ea0b-4da0-a8ef-f6203909e375\">\n<div class=\"flex w-full flex-col gap-1 juice:empty:hidden juice:first:pt-[3px]\">\n<div class=\"markdown prose w-full break-words dark:prose-invert dark\">\n<p>La <strong>Ponchadora AMP N\/P: 1725150-1<\/strong> es ideal para instalaciones de cableado estructurado. Ofrecemos alquiler y venta de esta herramienta en Bogot\u00e1, Colombia. Asegura conexiones precisas y duraderas, perfecta para proyectos de redes de datos y telecomunicaciones.<\/p>\n<\/div>\n<\/div>\n<\/div>\n<\/div>\n","protected":false},"featured_media":19871,"comment_status":"open","ping_status":"closed","template":"","meta":{"_et_pb_use_builder":"","_et_pb_old_content":"","_et_gb_content_width":""},"product_brand":[],"product_cat":[21360,5124],"product_tag":[18157,18003,407,1215,215,18004,18155,18006,18007,18158],"class_list":{"0":"post-16859","1":"product","2":"type-product","3":"status-publish","4":"has-post-thumbnail","6":"product_cat-accesorios-de-cableado","7":"product_cat-cableado-estructurado","8":"product_tag-1725150-1","9":"product_tag-amp","10":"product_tag-bogota","11":"product_tag-cableado-estructurado","12":"product_tag-colombia","13":"product_tag-fibra-optica","14":"product_tag-herramientas-cobre-y-fo","15":"product_tag-instalacion-de-cableado-estructurado","16":"product_tag-mantenimiento-de-cableado-estructurado","17":"product_tag-sl-termination-tool","19":"first","20":"instock","21":"taxable","22":"shipping-taxable","23":"purchasable","24":"product-type-simple"},"yoast_head":"<!-- This site is optimized with the Yoast SEO plugin v27.4 - https:\/\/yoast.com\/product\/yoast-seo-wordpress\/ -->\n<title>1725150-1 - AMP - Ponchadora Cobre - Commscope - Conectorizacion<\/title>\n<meta name=\"description\" content=\"Cableado Estructurado - Instalacion - Suministro Patch panel - Patch Cord - Jack - Cable Utp - Bogota - Colombia\" \/>\n<meta name=\"robots\" content=\"index, follow, max-snippet:-1, max-image-preview:large, max-video-preview:-1\" \/>\n<link rel=\"canonical\" href=\"https:\/\/cableado-estructurado.com.co\/netcomp\/producto\/np-1725150-1-amp-sl-termination-tool\/\" \/>\n<meta property=\"og:locale\" content=\"es_ES\" \/>\n<meta property=\"og:type\" content=\"article\" \/>\n<meta property=\"og:title\" content=\"1725150-1 - AMP - Ponchadora Cobre - Commscope - Conectorizacion\" \/>\n<meta property=\"og:description\" content=\"Cableado Estructurado - Instalacion - Suministro Patch panel - Patch Cord - Jack - Cable Utp - Bogota - Colombia\" \/>\n<meta property=\"og:url\" content=\"https:\/\/cableado-estructurado.com.co\/netcomp\/producto\/np-1725150-1-amp-sl-termination-tool\/\" \/>\n<meta property=\"og:site_name\" content=\"Cableado Estructurado Colombia\" \/>\n<meta property=\"article:publisher\" content=\"https:\/\/www.facebook.com\/Soluciones-Tecnologicas-MCC-SAS-100746298259981\" \/>\n<meta property=\"article:modified_time\" content=\"2025-11-18T20:45:18+00:00\" \/>\n<meta property=\"og:image\" content=\"https:\/\/cableado-estructurado.com.co\/netcomp\/wp-content\/uploads\/2014\/08\/ponchadora-amp-cat-6-utp-cobre.jpg\" \/>\n\t<meta property=\"og:image:width\" content=\"299\" \/>\n\t<meta property=\"og:image:height\" content=\"200\" \/>\n\t<meta property=\"og:image:type\" content=\"image\/jpeg\" \/>\n<meta name=\"twitter:card\" content=\"summary_large_image\" \/>\n<meta name=\"twitter:label1\" content=\"Tiempo de lectura\" \/>\n\t<meta name=\"twitter:data1\" content=\"3 minutos\" \/>\n<script type=\"application\/ld+json\" class=\"yoast-schema-graph\">{\"@context\":\"https:\\\/\\\/schema.org\",\"@graph\":[{\"@type\":\"WebPage\",\"@id\":\"https:\\\/\\\/cableado-estructurado.com.co\\\/netcomp\\\/producto\\\/np-1725150-1-amp-sl-termination-tool\\\/\",\"url\":\"https:\\\/\\\/cableado-estructurado.com.co\\\/netcomp\\\/producto\\\/np-1725150-1-amp-sl-termination-tool\\\/\",\"name\":\"1725150-1 - AMP - Ponchadora Cobre - Commscope - Conectorizacion\",\"isPartOf\":{\"@id\":\"https:\\\/\\\/cableado-estructurado.com.co\\\/netcomp\\\/#website\"},\"primaryImageOfPage\":{\"@id\":\"https:\\\/\\\/cableado-estructurado.com.co\\\/netcomp\\\/producto\\\/np-1725150-1-amp-sl-termination-tool\\\/#primaryimage\"},\"image\":{\"@id\":\"https:\\\/\\\/cableado-estructurado.com.co\\\/netcomp\\\/producto\\\/np-1725150-1-amp-sl-termination-tool\\\/#primaryimage\"},\"thumbnailUrl\":\"https:\\\/\\\/cableado-estructurado.com.co\\\/netcomp\\\/wp-content\\\/uploads\\\/2014\\\/08\\\/ponchadora-amp-cat-6-utp-cobre.jpg\",\"datePublished\":\"2014-08-04T03:17:51+00:00\",\"dateModified\":\"2025-11-18T20:45:18+00:00\",\"description\":\"Cableado Estructurado - Instalacion - Suministro Patch panel - Patch Cord - Jack - Cable Utp - Bogota - Colombia\",\"breadcrumb\":{\"@id\":\"https:\\\/\\\/cableado-estructurado.com.co\\\/netcomp\\\/producto\\\/np-1725150-1-amp-sl-termination-tool\\\/#breadcrumb\"},\"inLanguage\":\"es\",\"potentialAction\":[{\"@type\":\"ReadAction\",\"target\":[\"https:\\\/\\\/cableado-estructurado.com.co\\\/netcomp\\\/producto\\\/np-1725150-1-amp-sl-termination-tool\\\/\"]}]},{\"@type\":\"ImageObject\",\"inLanguage\":\"es\",\"@id\":\"https:\\\/\\\/cableado-estructurado.com.co\\\/netcomp\\\/producto\\\/np-1725150-1-amp-sl-termination-tool\\\/#primaryimage\",\"url\":\"https:\\\/\\\/cableado-estructurado.com.co\\\/netcomp\\\/wp-content\\\/uploads\\\/2014\\\/08\\\/ponchadora-amp-cat-6-utp-cobre.jpg\",\"contentUrl\":\"https:\\\/\\\/cableado-estructurado.com.co\\\/netcomp\\\/wp-content\\\/uploads\\\/2014\\\/08\\\/ponchadora-amp-cat-6-utp-cobre.jpg\",\"width\":299,\"height\":200,\"caption\":\"Ponchadora AMP\"},{\"@type\":\"BreadcrumbList\",\"@id\":\"https:\\\/\\\/cableado-estructurado.com.co\\\/netcomp\\\/producto\\\/np-1725150-1-amp-sl-termination-tool\\\/#breadcrumb\",\"itemListElement\":[{\"@type\":\"ListItem\",\"position\":1,\"name\":\"Portada\",\"item\":\"https:\\\/\\\/cableado-estructurado.com.co\\\/netcomp\\\/\"},{\"@type\":\"ListItem\",\"position\":2,\"name\":\"Tienda\",\"item\":\"https:\\\/\\\/cableado-estructurado.com.co\\\/netcomp\\\/camaras-cableado-accesorios\\\/\"},{\"@type\":\"ListItem\",\"position\":3,\"name\":\"Herramienta de Ponchadora AMP N\\\/P : 1725150-1 Cat 6 y 6A &#8211; Alquiler &#8211; Venta &#8211; Arrendamiento\"}]},{\"@type\":\"WebSite\",\"@id\":\"https:\\\/\\\/cableado-estructurado.com.co\\\/netcomp\\\/#website\",\"url\":\"https:\\\/\\\/cableado-estructurado.com.co\\\/netcomp\\\/\",\"name\":\"Cableado Estructurado Colombia\",\"description\":\"Telefonos:  (+57) 316 878 8749\",\"publisher\":{\"@id\":\"https:\\\/\\\/cableado-estructurado.com.co\\\/netcomp\\\/#organization\"},\"potentialAction\":[{\"@type\":\"SearchAction\",\"target\":{\"@type\":\"EntryPoint\",\"urlTemplate\":\"https:\\\/\\\/cableado-estructurado.com.co\\\/netcomp\\\/?s={search_term_string}\"},\"query-input\":{\"@type\":\"PropertyValueSpecification\",\"valueRequired\":true,\"valueName\":\"search_term_string\"}}],\"inLanguage\":\"es\"},{\"@type\":\"Organization\",\"@id\":\"https:\\\/\\\/cableado-estructurado.com.co\\\/netcomp\\\/#organization\",\"name\":\"Soluciones Tecnologicas MCC SAS\",\"alternateName\":\"MCC\",\"url\":\"https:\\\/\\\/cableado-estructurado.com.co\\\/netcomp\\\/\",\"logo\":{\"@type\":\"ImageObject\",\"inLanguage\":\"es\",\"@id\":\"https:\\\/\\\/cableado-estructurado.com.co\\\/netcomp\\\/#\\\/schema\\\/logo\\\/image\\\/\",\"url\":\"https:\\\/\\\/cableado-estructurado.com.co\\\/netcomp\\\/wp-content\\\/uploads\\\/2023\\\/04\\\/logos-soluciones-1-1.png\",\"contentUrl\":\"https:\\\/\\\/cableado-estructurado.com.co\\\/netcomp\\\/wp-content\\\/uploads\\\/2023\\\/04\\\/logos-soluciones-1-1.png\",\"width\":479,\"height\":100,\"caption\":\"Soluciones Tecnologicas MCC SAS\"},\"image\":{\"@id\":\"https:\\\/\\\/cableado-estructurado.com.co\\\/netcomp\\\/#\\\/schema\\\/logo\\\/image\\\/\"},\"sameAs\":[\"https:\\\/\\\/www.facebook.com\\\/Soluciones-Tecnologicas-MCC-SAS-100746298259981\",\"https:\\\/\\\/www.instagram.com\\\/solucionesmccsas\\\/?hl=es\",\"http:\\\/\\\/www.linkedin.com\\\/in\\\/mauricio-calderon-a78b5a15\"]}]}<\/script>\n<!-- \/ Yoast SEO plugin. -->","yoast_head_json":{"title":"1725150-1 - AMP - Ponchadora Cobre - Commscope - Conectorizacion","description":"Cableado Estructurado - Instalacion - Suministro Patch panel - Patch Cord - Jack - Cable Utp - Bogota - Colombia","robots":{"index":"index","follow":"follow","max-snippet":"max-snippet:-1","max-image-preview":"max-image-preview:large","max-video-preview":"max-video-preview:-1"},"canonical":"https:\/\/cableado-estructurado.com.co\/netcomp\/producto\/np-1725150-1-amp-sl-termination-tool\/","og_locale":"es_ES","og_type":"article","og_title":"1725150-1 - AMP - Ponchadora Cobre - Commscope - Conectorizacion","og_description":"Cableado Estructurado - Instalacion - Suministro Patch panel - Patch Cord - Jack - Cable Utp - Bogota - Colombia","og_url":"https:\/\/cableado-estructurado.com.co\/netcomp\/producto\/np-1725150-1-amp-sl-termination-tool\/","og_site_name":"Cableado Estructurado Colombia","article_publisher":"https:\/\/www.facebook.com\/Soluciones-Tecnologicas-MCC-SAS-100746298259981","article_modified_time":"2025-11-18T20:45:18+00:00","og_image":[{"width":299,"height":200,"url":"https:\/\/cableado-estructurado.com.co\/netcomp\/wp-content\/uploads\/2014\/08\/ponchadora-amp-cat-6-utp-cobre.jpg","type":"image\/jpeg"}],"twitter_card":"summary_large_image","twitter_misc":{"Tiempo de lectura":"3 minutos"},"schema":{"@context":"https:\/\/schema.org","@graph":[{"@type":"WebPage","@id":"https:\/\/cableado-estructurado.com.co\/netcomp\/producto\/np-1725150-1-amp-sl-termination-tool\/","url":"https:\/\/cableado-estructurado.com.co\/netcomp\/producto\/np-1725150-1-amp-sl-termination-tool\/","name":"1725150-1 - AMP - Ponchadora Cobre - Commscope - Conectorizacion","isPartOf":{"@id":"https:\/\/cableado-estructurado.com.co\/netcomp\/#website"},"primaryImageOfPage":{"@id":"https:\/\/cableado-estructurado.com.co\/netcomp\/producto\/np-1725150-1-amp-sl-termination-tool\/#primaryimage"},"image":{"@id":"https:\/\/cableado-estructurado.com.co\/netcomp\/producto\/np-1725150-1-amp-sl-termination-tool\/#primaryimage"},"thumbnailUrl":"https:\/\/cableado-estructurado.com.co\/netcomp\/wp-content\/uploads\/2014\/08\/ponchadora-amp-cat-6-utp-cobre.jpg","datePublished":"2014-08-04T03:17:51+00:00","dateModified":"2025-11-18T20:45:18+00:00","description":"Cableado Estructurado - Instalacion - Suministro Patch panel - Patch Cord - Jack - Cable Utp - Bogota - Colombia","breadcrumb":{"@id":"https:\/\/cableado-estructurado.com.co\/netcomp\/producto\/np-1725150-1-amp-sl-termination-tool\/#breadcrumb"},"inLanguage":"es","potentialAction":[{"@type":"ReadAction","target":["https:\/\/cableado-estructurado.com.co\/netcomp\/producto\/np-1725150-1-amp-sl-termination-tool\/"]}]},{"@type":"ImageObject","inLanguage":"es","@id":"https:\/\/cableado-estructurado.com.co\/netcomp\/producto\/np-1725150-1-amp-sl-termination-tool\/#primaryimage","url":"https:\/\/cableado-estructurado.com.co\/netcomp\/wp-content\/uploads\/2014\/08\/ponchadora-amp-cat-6-utp-cobre.jpg","contentUrl":"https:\/\/cableado-estructurado.com.co\/netcomp\/wp-content\/uploads\/2014\/08\/ponchadora-amp-cat-6-utp-cobre.jpg","width":299,"height":200,"caption":"Ponchadora AMP"},{"@type":"BreadcrumbList","@id":"https:\/\/cableado-estructurado.com.co\/netcomp\/producto\/np-1725150-1-amp-sl-termination-tool\/#breadcrumb","itemListElement":[{"@type":"ListItem","position":1,"name":"Portada","item":"https:\/\/cableado-estructurado.com.co\/netcomp\/"},{"@type":"ListItem","position":2,"name":"Tienda","item":"https:\/\/cableado-estructurado.com.co\/netcomp\/camaras-cableado-accesorios\/"},{"@type":"ListItem","position":3,"name":"Herramienta de Ponchadora AMP N\/P : 1725150-1 Cat 6 y 6A &#8211; Alquiler &#8211; Venta &#8211; Arrendamiento"}]},{"@type":"WebSite","@id":"https:\/\/cableado-estructurado.com.co\/netcomp\/#website","url":"https:\/\/cableado-estructurado.com.co\/netcomp\/","name":"Cableado Estructurado Colombia","description":"Telefonos:  (+57) 316 878 8749","publisher":{"@id":"https:\/\/cableado-estructurado.com.co\/netcomp\/#organization"},"potentialAction":[{"@type":"SearchAction","target":{"@type":"EntryPoint","urlTemplate":"https:\/\/cableado-estructurado.com.co\/netcomp\/?s={search_term_string}"},"query-input":{"@type":"PropertyValueSpecification","valueRequired":true,"valueName":"search_term_string"}}],"inLanguage":"es"},{"@type":"Organization","@id":"https:\/\/cableado-estructurado.com.co\/netcomp\/#organization","name":"Soluciones Tecnologicas MCC SAS","alternateName":"MCC","url":"https:\/\/cableado-estructurado.com.co\/netcomp\/","logo":{"@type":"ImageObject","inLanguage":"es","@id":"https:\/\/cableado-estructurado.com.co\/netcomp\/#\/schema\/logo\/image\/","url":"https:\/\/cableado-estructurado.com.co\/netcomp\/wp-content\/uploads\/2023\/04\/logos-soluciones-1-1.png","contentUrl":"https:\/\/cableado-estructurado.com.co\/netcomp\/wp-content\/uploads\/2023\/04\/logos-soluciones-1-1.png","width":479,"height":100,"caption":"Soluciones Tecnologicas MCC SAS"},"image":{"@id":"https:\/\/cableado-estructurado.com.co\/netcomp\/#\/schema\/logo\/image\/"},"sameAs":["https:\/\/www.facebook.com\/Soluciones-Tecnologicas-MCC-SAS-100746298259981","https:\/\/www.instagram.com\/solucionesmccsas\/?hl=es","http:\/\/www.linkedin.com\/in\/mauricio-calderon-a78b5a15"]}]}},"jetpack_sharing_enabled":true,"_links":{"self":[{"href":"https:\/\/cableado-estructurado.com.co\/netcomp\/wp-json\/wp\/v2\/product\/16859","targetHints":{"allow":["GET"]}}],"collection":[{"href":"https:\/\/cableado-estructurado.com.co\/netcomp\/wp-json\/wp\/v2\/product"}],"about":[{"href":"https:\/\/cableado-estructurado.com.co\/netcomp\/wp-json\/wp\/v2\/types\/product"}],"replies":[{"embeddable":true,"href":"https:\/\/cableado-estructurado.com.co\/netcomp\/wp-json\/wp\/v2\/comments?post=16859"}],"wp:featuredmedia":[{"embeddable":true,"href":"https:\/\/cableado-estructurado.com.co\/netcomp\/wp-json\/wp\/v2\/media\/19871"}],"wp:attachment":[{"href":"https:\/\/cableado-estructurado.com.co\/netcomp\/wp-json\/wp\/v2\/media?parent=16859"}],"wp:term":[{"taxonomy":"product_brand","embeddable":true,"href":"https:\/\/cableado-estructurado.com.co\/netcomp\/wp-json\/wp\/v2\/product_brand?post=16859"},{"taxonomy":"product_cat","embeddable":true,"href":"https:\/\/cableado-estructurado.com.co\/netcomp\/wp-json\/wp\/v2\/product_cat?post=16859"},{"taxonomy":"product_tag","embeddable":true,"href":"https:\/\/cableado-estructurado.com.co\/netcomp\/wp-json\/wp\/v2\/product_tag?post=16859"}],"curies":[{"name":"wp","href":"https:\/\/api.w.org\/{rel}","templated":true}]}}