{"id":21293,"date":"2018-09-19T00:10:56","date_gmt":"2018-09-19T05:10:56","guid":{"rendered":"https:\/\/cableado-estructurado.com.co\/netcomp\/producto\/spxb-x40\/"},"modified":"2019-06-30T22:54:18","modified_gmt":"2019-07-01T03:54:18","slug":"spxb-x40","status":"publish","type":"product","link":"https:\/\/cableado-estructurado.com.co\/netcomp\/producto\/spxb-x40\/","title":{"rendered":"SPXB-X40 &#8211; AKCP &#8211; SPX- BEB 40 I\/O Contactos Secos"},"content":{"rendered":"<h1 style=\"text-align: center;\"><span style=\"font-family: tahoma, arial, helvetica, sans-serif; font-size: 18pt; color: #333399;\">SPXB-X40 &#8211; AKCP &#8211; SPX- BEB Con 40 I\/O Contactos Secos<\/span><\/h1>\n<p>&nbsp;<\/p>\n<p>&nbsp;<\/p>\n<p>&nbsp;<\/p>\n<div id=\"attachment_21517\" style=\"width: 634px\" class=\"wp-caption aligncenter\"><a href=\"https:\/\/cableado-estructurado.com.co\/netcomp\/wp-content\/uploads\/2018\/09\/SPX8-X60-akcp-sensores-jpg.jpg\"><img loading=\"lazy\" decoding=\"async\" aria-describedby=\"caption-attachment-21517\" class=\" wp-image-21517\" src=\"https:\/\/cableado-estructurado.com.co\/netcomp\/wp-content\/uploads\/2018\/09\/SPX8-X60-akcp-sensores-jpg-300x62.jpg\" alt=\"\" width=\"624\" height=\"129\" \/><\/a><p id=\"caption-attachment-21517\" class=\"wp-caption-text\">Sonda Para Sensores Temperatura y Humedad &#8211; Contacto Seco<\/p><\/div>\n<p>&nbsp;<\/p>\n<p>&nbsp;<\/p>\n<p>&nbsp;<\/p>\n<h2 style=\"text-align: center;\"><span style=\"font-family: tahoma, arial, helvetica, sans-serif; font-size: 14pt;\">N\/P: SPXB-X40 &#8211; SPX- BEB\u00a0 40 I\/O Contactos Secos para Sensores AKCP &#8211; Monitoreo de sensores de temperatura y humedad &#8211; Instalacion &#8211; Configuracion &#8211; Bogota &#8211; Colombia &#8211; netcomp.co<\/span><\/h2>\n<p>&nbsp;<\/p>\n<p>&nbsp;<\/p>\n<p>La \u00faltima generaci\u00f3n de dispositivos sensorProbe, en un factor de forma que permite el montaje en riel DIN 1U, 0U y.\u00a0Un dise\u00f1o de perfil bajo que es econ\u00f3mico en el espacio del gabinete.\u00a0SPX + viene en varias configuraciones est\u00e1ndar, o se puede personalizar al elegir entre una variedad de m\u00f3dulos como entradas de contacto seco, IO, m\u00f3dem interno y puertos de sensor adicionales.<\/p>\n<p>&nbsp;<\/p>\n<ul class=\"sensorptobexplus-list\">\n<li>Cada SPX + est\u00e1 equipado con comunicaciones Ethernet, Modbus RS485, EXP y BEB<\/li>\n<li>Compatible con las unidades SPX + EXP y BEB, ampl\u00ede las capacidades de su dispositivo.<\/li>\n<li>Soportes de montaje en rack de 1U, montaje sin herramienta de 0U o opciones de montaje en riel DIN.<\/li>\n<li>Notificaci\u00f3n por SNMP, correo electr\u00f3nico, SMS (requiere un m\u00f3dem celular opcional), buzzer incorporado.<\/li>\n<li>Compatible con la amplia gama de sensores inteligentes AKCP.<\/li>\n<li>Comience con la configuraci\u00f3n b\u00e1sica y cree su dispositivo con los m\u00f3dulos que necesita.<\/li>\n<li>Sensores virtuales.<\/li>\n<\/ul>\n<p>&nbsp;<\/p>\n<h3 class=\"nomargintop\">SensorProbeX + Expansion Architecture<\/h3>\n<p>Cada SPX + viene con los puertos EXP (Expansi\u00f3n) y BEB (Bus de expansi\u00f3n b\u00e1sico).\u00a0Estos puertos de expansi\u00f3n le brindan la capacidad de agregar funcionalidad a su dispositivo base, para que su sistema pueda crecer con sus necesidades.<\/p>\n<p>&nbsp;<\/p>\n<p>&nbsp;<\/p>\n<h3>Bus de Expansi\u00f3n B\u00e1sico (BEB)<\/h3>\n<p>BEB es adecuado para la expansi\u00f3n de corta distancia dentro de su gabinete.\u00a0Construya su sistema agregando unidades remotas adicionales SPX + BEB.\u00a0Daisychain las unidades de expasi\u00f3n hasta un m\u00e1ximo de 18 metros para la cadena total.\u00a0Las unidades remotas SPX + BEB son una expansi\u00f3n rentable cuando coloca la unidad dentro del mismo gabinete o en el vecino.<\/p>\n<p>&nbsp;<\/p>\n<p>&nbsp;<\/p>\n<p>&nbsp;<\/p>\n<p><a href=\"https:\/\/cableado-estructurado.com.co\/netcomp\/wp-content\/uploads\/2018\/09\/SPX-plus-expansion-AKCP.jpg\"><img loading=\"lazy\" decoding=\"async\" class=\" wp-image-21562 aligncenter\" src=\"https:\/\/cableado-estructurado.com.co\/netcomp\/wp-content\/uploads\/2018\/09\/SPX-plus-expansion-AKCP-300x154.jpg\" alt=\"\" width=\"390\" height=\"200\" \/><\/a><\/p>\n<p>&nbsp;<\/p>\n<h3>&#8211; SPXB-X40, Sonda para Sensores , AKCP, Sensores Temperatura y Humedad, Sensores Presion y Corriente, SPX- BEB with 40 I\/O, Sensor de Vibracion snmp, Sensor de movimiento snmp, Monitoreo de sensores de temperatura y humedad<\/h3>\n<p>&nbsp;<\/p>\n<p>&nbsp;<\/p>\n<p>&nbsp;<\/p>\n<h3 style=\"text-align: center;\"><span style=\"color: #2445a2; font-family: tahoma, arial, helvetica, sans-serif; font-size: 14pt;\">SOMO INTEGRADORES ESPECIALIZADOS EN MONITOREO DE REDES &#8211; SERVIDORES &#8211; SENSORES DE TEMPERATURA &#8211; HUMEDAD &#8211; VIBRACION &#8211; SEGURIDAD &#8211; CCTV &#8211; CONTROL DE ACCESO &#8211; PRESION &#8211; CORRIENTE &#8211; ENERGIA<\/span><\/h3>\n<h3 style=\"text-align: left;\"><\/h3>\n<h3><span style=\"font-family: tahoma, arial, helvetica, sans-serif; font-size: 12pt;\">\u00a0<\/span><\/h3>\n<h3 style=\"text-align: left;\"><span style=\"font-family: tahoma, arial, helvetica, sans-serif; font-size: 12pt;\">&#8211; Sistema de control y monitoreo de temperatura y humedad<\/span><\/h3>\n<h3 style=\"text-align: left;\"><span style=\"font-family: tahoma, arial, helvetica, sans-serif; font-size: 12pt;\">&#8211; Monitoreo de Sistemas de Energia<\/span><\/h3>\n<h3 style=\"text-align: left;\"><span style=\"font-family: tahoma, arial, helvetica, sans-serif; font-size: 12pt;\">&#8211; Monitore Remoto de Corriente usando Sensores SNMP<br \/>\n<\/span><\/h3>\n<h3 style=\"text-align: left;\"><span style=\"font-family: tahoma, arial, helvetica, sans-serif; font-size: 12pt;\">&#8211; Monitore de entradas de Tension \/ Voltage Remotamente<br \/>\n<\/span><\/h3>\n<h3 style=\"text-align: left;\"><span style=\"font-family: tahoma, arial, helvetica, sans-serif; font-size: 12pt;\">&#8211; Sistemas de Monitoreo de Presion para Acueductos e Instalacion hidraulicas<\/span><\/h3>\n<h3 style=\"text-align: left;\"><span style=\"font-family: tahoma, arial, helvetica, sans-serif; font-size: 12pt;\">&#8211; Monitoreo de Filtraciones con Sensores de Cuerda<\/span><\/h3>\n<h3 style=\"text-align: left;\"><span style=\"font-family: tahoma, arial, helvetica, sans-serif; font-size: 12pt;\">&#8211; Sistemas de Monitoreo de Sensores de Presion y Flujo de Aire<\/span><\/h3>\n<h3 style=\"text-align: left;\"><span style=\"font-family: tahoma, arial, helvetica, sans-serif; font-size: 12pt;\">&#8211; Monitoreo de Nivel de Combustible<\/span><\/h3>\n<h3 style=\"text-align: left;\"><span style=\"font-family: tahoma, arial, helvetica, sans-serif; font-size: 12pt;\">&#8211; Monitoreo de Niveles de Gasolina Con Sensores de Profundidad<br \/>\n<\/span><\/h3>\n<h3 style=\"text-align: left;\"><span style=\"font-family: tahoma, arial, helvetica, sans-serif; font-size: 12pt;\">&#8211; Monitoreo de Nivel de Aceite<\/span><\/h3>\n<h3 style=\"text-align: left;\"><span style=\"font-family: tahoma, arial, helvetica, sans-serif; font-size: 12pt;\">&#8211; Monitoreo de Invernaderos y Cuartos Frios<\/span><\/h3>\n<h3 style=\"text-align: left;\"><span style=\"font-family: tahoma, arial, helvetica, sans-serif; font-size: 12pt;\">&#8211; Monitoreo SNMP de Temperatura<\/span><\/h3>\n<h3 style=\"text-align: left;\"><span style=\"font-family: tahoma, arial, helvetica, sans-serif; font-size: 12pt;\">&#8211; <\/span><span style=\"font-size: 12pt;\"><span style=\"font-family: tahoma, arial, helvetica, sans-serif;\">Monitoreo SNMP de <\/span><span style=\"font-family: tahoma, arial, helvetica, sans-serif;\">Humedad<\/span><\/span><\/h3>\n<h3 style=\"text-align: left;\"><span style=\"font-family: tahoma, arial, helvetica, sans-serif; font-size: 12pt;\">&#8211; Monitoreo de Temperatura<\/span><\/h3>\n<h3 style=\"text-align: left;\"><span style=\"font-family: tahoma, arial, helvetica, sans-serif; font-size: 12pt;\">&#8211; Humedad &#8211; Energia<\/span><\/h3>\n<h3 style=\"text-align: left;\"><span style=\"font-family: tahoma, arial, helvetica, sans-serif; font-size: 12pt;\">&#8211; Neveras y Refrigeradores Para Farmacias<\/span><\/h3>\n<h3 style=\"text-align: left;\"><span style=\"font-family: tahoma, arial, helvetica, sans-serif; font-size: 12pt;\">&#8211; Monitoreo de Temperatura y Humedad para Laboratorios<\/span><\/h3>\n<h3 style=\"text-align: left;\"><span style=\"font-family: tahoma, arial, helvetica, sans-serif; font-size: 12pt;\">&#8211; Instalacion de Sistemas de Monitoreo para Clinicas y Hospitales<br \/>\n<\/span><\/h3>\n<h3 style=\"text-align: left;\"><span style=\"font-family: tahoma, arial, helvetica, sans-serif; font-size: 12pt;\">&#8211; Monitoreo de Temperatura y Humedad Para Bancos de Sangre<\/span><\/h3>\n<h3 style=\"text-align: left;\"><span style=\"font-family: tahoma, arial, helvetica, sans-serif; font-size: 12pt;\">&#8211; Monitoreo SNMP de Temperatura y Humedad Para <\/span><span style=\"font-family: tahoma, arial, helvetica, sans-serif; font-size: 12pt;\">Almacenamiento de Alimentos<\/span><\/h3>\n<h3 style=\"text-align: left;\"><span style=\"font-family: tahoma, arial, helvetica, sans-serif; font-size: 12pt;\">&#8211; Sensores Para Monitoreo DataCenter y Racks de Servidores<\/span><\/h3>\n<h3 style=\"text-align: left;\"><span style=\"font-family: tahoma, arial, helvetica, sans-serif; font-size: 12pt;\">&#8211; Contro Apertura de Puertas<\/span><\/h3>\n<h3 style=\"text-align: left;\"><span style=\"font-family: tahoma, arial, helvetica, sans-serif; font-size: 12pt;\">&#8211; Monitoreo Ambiental e Infraestructura de Tecnologia<\/span><\/h3>\n<h3 style=\"text-align: left;\"><span style=\"font-family: tahoma, arial, helvetica, sans-serif; font-size: 12pt;\">&#8211; Monitoreo de Redes Electricas<\/span><\/h3>\n<h3 style=\"text-align: left;\"><span style=\"font-family: tahoma, arial, helvetica, sans-serif; font-size: 12pt;\">&#8211; Entrada y Salida de Corriente<\/span><\/h3>\n<h3 style=\"text-align: left;\"><span style=\"font-family: tahoma, arial, helvetica, sans-serif; font-size: 12pt;\">&#8211; Control de Calidad de Energia electrica<\/span><\/h3>\n<h3 style=\"text-align: left;\"><span style=\"font-family: tahoma, arial, helvetica, sans-serif; font-size: 12pt;\">&#8211; Sensores de Control de Apertura de Racks de Servidores en Datacenter con Cerraduras RFID<\/span><\/h3>\n<h3 style=\"text-align: left;\"><span style=\"font-family: tahoma, arial, helvetica, sans-serif; font-size: 12pt;\">&#8211; Sensores de Temperatura<\/span><\/h3>\n<h3 style=\"text-align: left;\"><span style=\"font-family: tahoma, arial, helvetica, sans-serif; font-size: 12pt;\">&#8211; Monitoreo de Humedad Con Sensores SNMP<br \/>\n<\/span><\/h3>\n<h3 style=\"text-align: left;\"><span style=\"font-family: tahoma, arial, helvetica, sans-serif; font-size: 12pt;\">&#8211; Movimiento<\/span><\/h3>\n<h3 style=\"text-align: left;\"><span style=\"font-family: tahoma, arial, helvetica, sans-serif; font-size: 12pt;\">&#8211; Sensores de Seguridad SNMP<br \/>\n<\/span><\/h3>\n<h3 style=\"text-align: left;\"><span style=\"font-family: tahoma, arial, helvetica, sans-serif; font-size: 12pt;\">&#8211; Monitoreo de Sensores de Vibracion Remotamente<br \/>\n<\/span><\/h3>\n<h3 style=\"text-align: left;\"><span style=\"font-family: tahoma, arial, helvetica, sans-serif; font-size: 12pt;\">&#8211; Presion Con Modems Celular 3G y 4G<\/span><\/h3>\n<p>&nbsp;<\/p>\n<p>&nbsp;<\/p>\n<h3 style=\"text-align: center;\"><span style=\"font-family: tahoma, arial, helvetica, sans-serif; font-size: 12pt;\"><a href=\"http:\/\/netcomp.co\/es\/servicios-y-soporte-tecnico-servidores-y-computadores\/31197-prtg-monitoreo-redes-dispositivos-sensores-paessler.html?search_query=prtg&amp;results=3\" target=\"_blank\" rel=\"noopener\">&#8211; Somos Ingenieros Certificados en PRTG para Monitoreo de Redes y Sensores con SNMP<\/a><\/span><\/h3>\n<p>&nbsp;<\/p>\n<p>&nbsp;<\/p>\n<p>&nbsp;<\/p>\n<h3><a href=\"https:\/\/api.whatsapp.com\/send?phone=573168788749\" target=\"_blank\" rel=\"noopener\"><img loading=\"lazy\" decoding=\"async\" class=\"aligncenter wp-image-20467\" style=\"margin-left: auto; margin-right: auto;\" src=\"https:\/\/cableado-estructurado.com.co\/netcomp\/wp-content\/uploads\/2018\/07\/whatsapp-logo-mensaje.jpg\" alt=\"\" width=\"290\" height=\"220\" \/><\/a><\/h3>\n<p>&nbsp;<\/p>\n<p>&nbsp;<\/p>\n<h3 style=\"text-align: center;\"><span style=\"color: #2445a2;\"><strong><a>Asesoria &#8211; Instalacion y Precios : (571) 317 9423 <\/a><\/strong><\/span><\/h3>\n<h3 style=\"text-align: center;\"><span style=\"color: #2445a2;\"><strong><a>Email:Ventas@cableado-estructurado.com.co<\/a><\/strong><\/span><\/h3>\n<p>&nbsp;<\/p>\n<p>&nbsp;<\/p>\n<p>&nbsp;<\/p>\n","protected":false},"excerpt":{"rendered":"<h2><span style=\"color: #333399;\">SPXB-X40 &#8211; AKCP &#8211; SPX- BEB\u00a0 40 I\/O Contactos Secos<br \/>\n<\/span><\/h2>\n","protected":false},"featured_media":21518,"comment_status":"closed","ping_status":"closed","template":"","meta":{"_et_pb_use_builder":"","_et_pb_old_content":"","_et_gb_content_width":""},"product_brand":[],"product_cat":[21069],"product_tag":[21094,21092,21093,21091],"class_list":{"0":"post-21293","1":"product","2":"type-product","3":"status-publish","4":"has-post-thumbnail","6":"product_cat-sensores-y-equipop-de-monitoreo","7":"product_tag-monitoreo-de-sensores-para-datacenter","8":"product_tag-monitoreo-de-sensores-snmp","9":"product_tag-sensor-de-temperatura-para-datacenter","10":"product_tag-sensores-de-temperatura-y-humedad","12":"first","13":"instock","14":"product-type-simple"},"yoast_head":"<!-- This site is optimized with the Yoast SEO plugin v27.4 - https:\/\/yoast.com\/product\/yoast-seo-wordpress\/ -->\n<title>SPXB-X40 - AKCP - SPX- BEB 40 I\/O Contactos Secos - Cableado Estructurado Colombia<\/title>\n<meta name=\"description\" content=\"Cableado Estructurado - Instalacion - Suministro Patch panel - Patch Cord - Jack - Cable Utp - Bogota - Colombia\" \/>\n<meta name=\"robots\" content=\"index, follow, max-snippet:-1, max-image-preview:large, max-video-preview:-1\" \/>\n<link rel=\"canonical\" href=\"https:\/\/cableado-estructurado.com.co\/netcomp\/producto\/spxb-x40\/\" \/>\n<meta property=\"og:locale\" content=\"es_ES\" \/>\n<meta property=\"og:type\" content=\"article\" \/>\n<meta property=\"og:title\" content=\"SPXB-X40 - AKCP - SPX- BEB 40 I\/O Contactos Secos - Cableado Estructurado Colombia\" \/>\n<meta property=\"og:description\" content=\"Cableado Estructurado - Instalacion - Suministro Patch panel - Patch Cord - Jack - Cable Utp - Bogota - Colombia\" \/>\n<meta property=\"og:url\" content=\"https:\/\/cableado-estructurado.com.co\/netcomp\/producto\/spxb-x40\/\" \/>\n<meta property=\"og:site_name\" content=\"Cableado Estructurado Colombia\" \/>\n<meta property=\"article:publisher\" content=\"https:\/\/www.facebook.com\/Soluciones-Tecnologicas-MCC-SAS-100746298259981\" \/>\n<meta property=\"article:modified_time\" content=\"2019-07-01T03:54:18+00:00\" \/>\n<meta property=\"og:image\" content=\"https:\/\/cableado-estructurado.com.co\/netcomp\/wp-content\/uploads\/2018\/09\/sonda-akcp-spx-sensorprobe-plus-diagrama.jpg\" \/>\n\t<meta property=\"og:image:width\" content=\"900\" \/>\n\t<meta property=\"og:image:height\" content=\"253\" \/>\n\t<meta property=\"og:image:type\" content=\"image\/jpeg\" \/>\n<meta name=\"twitter:card\" content=\"summary_large_image\" \/>\n<meta name=\"twitter:label1\" content=\"Tiempo de lectura\" \/>\n\t<meta name=\"twitter:data1\" content=\"3 minutos\" \/>\n<script type=\"application\/ld+json\" class=\"yoast-schema-graph\">{\"@context\":\"https:\\\/\\\/schema.org\",\"@graph\":[{\"@type\":\"WebPage\",\"@id\":\"https:\\\/\\\/cableado-estructurado.com.co\\\/netcomp\\\/producto\\\/spxb-x40\\\/\",\"url\":\"https:\\\/\\\/cableado-estructurado.com.co\\\/netcomp\\\/producto\\\/spxb-x40\\\/\",\"name\":\"SPXB-X40 - AKCP - SPX- BEB 40 I\\\/O Contactos Secos - Cableado Estructurado Colombia\",\"isPartOf\":{\"@id\":\"https:\\\/\\\/cableado-estructurado.com.co\\\/netcomp\\\/#website\"},\"primaryImageOfPage\":{\"@id\":\"https:\\\/\\\/cableado-estructurado.com.co\\\/netcomp\\\/producto\\\/spxb-x40\\\/#primaryimage\"},\"image\":{\"@id\":\"https:\\\/\\\/cableado-estructurado.com.co\\\/netcomp\\\/producto\\\/spxb-x40\\\/#primaryimage\"},\"thumbnailUrl\":\"https:\\\/\\\/cableado-estructurado.com.co\\\/netcomp\\\/wp-content\\\/uploads\\\/2018\\\/09\\\/sonda-akcp-spx-sensorprobe-plus-diagrama.jpg\",\"datePublished\":\"2018-09-19T05:10:56+00:00\",\"dateModified\":\"2019-07-01T03:54:18+00:00\",\"description\":\"Cableado Estructurado - Instalacion - Suministro Patch panel - Patch Cord - Jack - Cable Utp - Bogota - Colombia\",\"breadcrumb\":{\"@id\":\"https:\\\/\\\/cableado-estructurado.com.co\\\/netcomp\\\/producto\\\/spxb-x40\\\/#breadcrumb\"},\"inLanguage\":\"es\",\"potentialAction\":[{\"@type\":\"ReadAction\",\"target\":[\"https:\\\/\\\/cableado-estructurado.com.co\\\/netcomp\\\/producto\\\/spxb-x40\\\/\"]}]},{\"@type\":\"ImageObject\",\"inLanguage\":\"es\",\"@id\":\"https:\\\/\\\/cableado-estructurado.com.co\\\/netcomp\\\/producto\\\/spxb-x40\\\/#primaryimage\",\"url\":\"https:\\\/\\\/cableado-estructurado.com.co\\\/netcomp\\\/wp-content\\\/uploads\\\/2018\\\/09\\\/sonda-akcp-spx-sensorprobe-plus-diagrama.jpg\",\"contentUrl\":\"https:\\\/\\\/cableado-estructurado.com.co\\\/netcomp\\\/wp-content\\\/uploads\\\/2018\\\/09\\\/sonda-akcp-spx-sensorprobe-plus-diagrama.jpg\",\"width\":900,\"height\":253},{\"@type\":\"BreadcrumbList\",\"@id\":\"https:\\\/\\\/cableado-estructurado.com.co\\\/netcomp\\\/producto\\\/spxb-x40\\\/#breadcrumb\",\"itemListElement\":[{\"@type\":\"ListItem\",\"position\":1,\"name\":\"Portada\",\"item\":\"https:\\\/\\\/cableado-estructurado.com.co\\\/netcomp\\\/\"},{\"@type\":\"ListItem\",\"position\":2,\"name\":\"Tienda\",\"item\":\"https:\\\/\\\/cableado-estructurado.com.co\\\/netcomp\\\/camaras-cableado-accesorios\\\/\"},{\"@type\":\"ListItem\",\"position\":3,\"name\":\"SPXB-X40 &#8211; AKCP &#8211; SPX- BEB 40 I\\\/O Contactos Secos\"}]},{\"@type\":\"WebSite\",\"@id\":\"https:\\\/\\\/cableado-estructurado.com.co\\\/netcomp\\\/#website\",\"url\":\"https:\\\/\\\/cableado-estructurado.com.co\\\/netcomp\\\/\",\"name\":\"Cableado Estructurado Colombia\",\"description\":\"Telefonos:  (+57) 316 878 8749\",\"publisher\":{\"@id\":\"https:\\\/\\\/cableado-estructurado.com.co\\\/netcomp\\\/#organization\"},\"potentialAction\":[{\"@type\":\"SearchAction\",\"target\":{\"@type\":\"EntryPoint\",\"urlTemplate\":\"https:\\\/\\\/cableado-estructurado.com.co\\\/netcomp\\\/?s={search_term_string}\"},\"query-input\":{\"@type\":\"PropertyValueSpecification\",\"valueRequired\":true,\"valueName\":\"search_term_string\"}}],\"inLanguage\":\"es\"},{\"@type\":\"Organization\",\"@id\":\"https:\\\/\\\/cableado-estructurado.com.co\\\/netcomp\\\/#organization\",\"name\":\"Soluciones Tecnologicas MCC SAS\",\"alternateName\":\"MCC\",\"url\":\"https:\\\/\\\/cableado-estructurado.com.co\\\/netcomp\\\/\",\"logo\":{\"@type\":\"ImageObject\",\"inLanguage\":\"es\",\"@id\":\"https:\\\/\\\/cableado-estructurado.com.co\\\/netcomp\\\/#\\\/schema\\\/logo\\\/image\\\/\",\"url\":\"https:\\\/\\\/cableado-estructurado.com.co\\\/netcomp\\\/wp-content\\\/uploads\\\/2023\\\/04\\\/logos-soluciones-1-1.png\",\"contentUrl\":\"https:\\\/\\\/cableado-estructurado.com.co\\\/netcomp\\\/wp-content\\\/uploads\\\/2023\\\/04\\\/logos-soluciones-1-1.png\",\"width\":479,\"height\":100,\"caption\":\"Soluciones Tecnologicas MCC SAS\"},\"image\":{\"@id\":\"https:\\\/\\\/cableado-estructurado.com.co\\\/netcomp\\\/#\\\/schema\\\/logo\\\/image\\\/\"},\"sameAs\":[\"https:\\\/\\\/www.facebook.com\\\/Soluciones-Tecnologicas-MCC-SAS-100746298259981\",\"https:\\\/\\\/www.instagram.com\\\/solucionesmccsas\\\/?hl=es\",\"http:\\\/\\\/www.linkedin.com\\\/in\\\/mauricio-calderon-a78b5a15\"]}]}<\/script>\n<!-- \/ Yoast SEO plugin. -->","yoast_head_json":{"title":"SPXB-X40 - AKCP - SPX- BEB 40 I\/O Contactos Secos - Cableado Estructurado Colombia","description":"Cableado Estructurado - Instalacion - Suministro Patch panel - Patch Cord - Jack - Cable Utp - Bogota - Colombia","robots":{"index":"index","follow":"follow","max-snippet":"max-snippet:-1","max-image-preview":"max-image-preview:large","max-video-preview":"max-video-preview:-1"},"canonical":"https:\/\/cableado-estructurado.com.co\/netcomp\/producto\/spxb-x40\/","og_locale":"es_ES","og_type":"article","og_title":"SPXB-X40 - AKCP - SPX- BEB 40 I\/O Contactos Secos - Cableado Estructurado Colombia","og_description":"Cableado Estructurado - Instalacion - Suministro Patch panel - Patch Cord - Jack - Cable Utp - Bogota - Colombia","og_url":"https:\/\/cableado-estructurado.com.co\/netcomp\/producto\/spxb-x40\/","og_site_name":"Cableado Estructurado Colombia","article_publisher":"https:\/\/www.facebook.com\/Soluciones-Tecnologicas-MCC-SAS-100746298259981","article_modified_time":"2019-07-01T03:54:18+00:00","og_image":[{"width":900,"height":253,"url":"https:\/\/cableado-estructurado.com.co\/netcomp\/wp-content\/uploads\/2018\/09\/sonda-akcp-spx-sensorprobe-plus-diagrama.jpg","type":"image\/jpeg"}],"twitter_card":"summary_large_image","twitter_misc":{"Tiempo de lectura":"3 minutos"},"schema":{"@context":"https:\/\/schema.org","@graph":[{"@type":"WebPage","@id":"https:\/\/cableado-estructurado.com.co\/netcomp\/producto\/spxb-x40\/","url":"https:\/\/cableado-estructurado.com.co\/netcomp\/producto\/spxb-x40\/","name":"SPXB-X40 - AKCP - SPX- BEB 40 I\/O Contactos Secos - Cableado Estructurado Colombia","isPartOf":{"@id":"https:\/\/cableado-estructurado.com.co\/netcomp\/#website"},"primaryImageOfPage":{"@id":"https:\/\/cableado-estructurado.com.co\/netcomp\/producto\/spxb-x40\/#primaryimage"},"image":{"@id":"https:\/\/cableado-estructurado.com.co\/netcomp\/producto\/spxb-x40\/#primaryimage"},"thumbnailUrl":"https:\/\/cableado-estructurado.com.co\/netcomp\/wp-content\/uploads\/2018\/09\/sonda-akcp-spx-sensorprobe-plus-diagrama.jpg","datePublished":"2018-09-19T05:10:56+00:00","dateModified":"2019-07-01T03:54:18+00:00","description":"Cableado Estructurado - Instalacion - Suministro Patch panel - Patch Cord - Jack - Cable Utp - Bogota - Colombia","breadcrumb":{"@id":"https:\/\/cableado-estructurado.com.co\/netcomp\/producto\/spxb-x40\/#breadcrumb"},"inLanguage":"es","potentialAction":[{"@type":"ReadAction","target":["https:\/\/cableado-estructurado.com.co\/netcomp\/producto\/spxb-x40\/"]}]},{"@type":"ImageObject","inLanguage":"es","@id":"https:\/\/cableado-estructurado.com.co\/netcomp\/producto\/spxb-x40\/#primaryimage","url":"https:\/\/cableado-estructurado.com.co\/netcomp\/wp-content\/uploads\/2018\/09\/sonda-akcp-spx-sensorprobe-plus-diagrama.jpg","contentUrl":"https:\/\/cableado-estructurado.com.co\/netcomp\/wp-content\/uploads\/2018\/09\/sonda-akcp-spx-sensorprobe-plus-diagrama.jpg","width":900,"height":253},{"@type":"BreadcrumbList","@id":"https:\/\/cableado-estructurado.com.co\/netcomp\/producto\/spxb-x40\/#breadcrumb","itemListElement":[{"@type":"ListItem","position":1,"name":"Portada","item":"https:\/\/cableado-estructurado.com.co\/netcomp\/"},{"@type":"ListItem","position":2,"name":"Tienda","item":"https:\/\/cableado-estructurado.com.co\/netcomp\/camaras-cableado-accesorios\/"},{"@type":"ListItem","position":3,"name":"SPXB-X40 &#8211; AKCP &#8211; SPX- BEB 40 I\/O Contactos Secos"}]},{"@type":"WebSite","@id":"https:\/\/cableado-estructurado.com.co\/netcomp\/#website","url":"https:\/\/cableado-estructurado.com.co\/netcomp\/","name":"Cableado Estructurado Colombia","description":"Telefonos:  (+57) 316 878 8749","publisher":{"@id":"https:\/\/cableado-estructurado.com.co\/netcomp\/#organization"},"potentialAction":[{"@type":"SearchAction","target":{"@type":"EntryPoint","urlTemplate":"https:\/\/cableado-estructurado.com.co\/netcomp\/?s={search_term_string}"},"query-input":{"@type":"PropertyValueSpecification","valueRequired":true,"valueName":"search_term_string"}}],"inLanguage":"es"},{"@type":"Organization","@id":"https:\/\/cableado-estructurado.com.co\/netcomp\/#organization","name":"Soluciones Tecnologicas MCC SAS","alternateName":"MCC","url":"https:\/\/cableado-estructurado.com.co\/netcomp\/","logo":{"@type":"ImageObject","inLanguage":"es","@id":"https:\/\/cableado-estructurado.com.co\/netcomp\/#\/schema\/logo\/image\/","url":"https:\/\/cableado-estructurado.com.co\/netcomp\/wp-content\/uploads\/2023\/04\/logos-soluciones-1-1.png","contentUrl":"https:\/\/cableado-estructurado.com.co\/netcomp\/wp-content\/uploads\/2023\/04\/logos-soluciones-1-1.png","width":479,"height":100,"caption":"Soluciones Tecnologicas MCC SAS"},"image":{"@id":"https:\/\/cableado-estructurado.com.co\/netcomp\/#\/schema\/logo\/image\/"},"sameAs":["https:\/\/www.facebook.com\/Soluciones-Tecnologicas-MCC-SAS-100746298259981","https:\/\/www.instagram.com\/solucionesmccsas\/?hl=es","http:\/\/www.linkedin.com\/in\/mauricio-calderon-a78b5a15"]}]}},"jetpack_sharing_enabled":true,"_links":{"self":[{"href":"https:\/\/cableado-estructurado.com.co\/netcomp\/wp-json\/wp\/v2\/product\/21293","targetHints":{"allow":["GET"]}}],"collection":[{"href":"https:\/\/cableado-estructurado.com.co\/netcomp\/wp-json\/wp\/v2\/product"}],"about":[{"href":"https:\/\/cableado-estructurado.com.co\/netcomp\/wp-json\/wp\/v2\/types\/product"}],"replies":[{"embeddable":true,"href":"https:\/\/cableado-estructurado.com.co\/netcomp\/wp-json\/wp\/v2\/comments?post=21293"}],"wp:featuredmedia":[{"embeddable":true,"href":"https:\/\/cableado-estructurado.com.co\/netcomp\/wp-json\/wp\/v2\/media\/21518"}],"wp:attachment":[{"href":"https:\/\/cableado-estructurado.com.co\/netcomp\/wp-json\/wp\/v2\/media?parent=21293"}],"wp:term":[{"taxonomy":"product_brand","embeddable":true,"href":"https:\/\/cableado-estructurado.com.co\/netcomp\/wp-json\/wp\/v2\/product_brand?post=21293"},{"taxonomy":"product_cat","embeddable":true,"href":"https:\/\/cableado-estructurado.com.co\/netcomp\/wp-json\/wp\/v2\/product_cat?post=21293"},{"taxonomy":"product_tag","embeddable":true,"href":"https:\/\/cableado-estructurado.com.co\/netcomp\/wp-json\/wp\/v2\/product_tag?post=21293"}],"curies":[{"name":"wp","href":"https:\/\/api.w.org\/{rel}","templated":true}]}}