{"id":21612,"date":"2020-03-16T23:13:05","date_gmt":"2020-03-17T04:13:05","guid":{"rendered":"https:\/\/cableado-estructurado.com.co\/netcomp\/?post_type=product&#038;p=21612"},"modified":"2020-03-17T00:07:15","modified_gmt":"2020-03-17T05:07:15","slug":"teletrabajo-acceso-remoto-a-servidores-y-computadores-desde-casa","status":"publish","type":"product","link":"https:\/\/cableado-estructurado.com.co\/netcomp\/producto\/teletrabajo-acceso-remoto-a-servidores-y-computadores-desde-casa\/","title":{"rendered":"Teletrabajo &#8211; Acceso Remoto  A Servidores y Computadores Desde Casa"},"content":{"rendered":"<h1 style=\"text-align: center;\"><span style=\"color: #2445a2;\">Teletrabajo &#8211; Configuramos Acceso Remoto a La Informaci\u00f3n de su Empresa &#8211; Desde Casa<\/span><\/h1>\n<h1><\/h1>\n<p>&nbsp;<\/p>\n<h3 style=\"text-align: center;\">Con las nuevas tendencias de trabajo desde casa y dada la crisis que se presenta en el mundo, ofrecemos el servicio de configuraci\u00f3n de equipos y conexiones necesarias para permitir a los empleados de las empresas trabajar desde casa.<\/h3>\n<h3><\/h3>\n<h3>Configuramos los servidores y computadores en la empresa para que permitan acceder la informaci\u00f3n que contienen desde casa (remotamente), lo que llamamos teletrabajo<\/h3>\n<h3><\/h3>\n<h3>Somos ingenieros especializados en : redes de computadores, servidores, seguridad inform\u00e1tica , cableado estructurado y amplia experiencia en soporte t\u00e9cnico en acceso desde internet a redes, servidores, bases de datos y computadores en general<\/h3>\n<h3><\/h3>\n<h3>Ofrecemos configuraci\u00f3n con niveles altos de seguridad mediante la configuraci\u00f3n de redes VPN (redes Virtuales Privadas) para proteger la informaci\u00f3n que se intercambia cuando se utiliza internet<\/h3>\n<h3><\/h3>\n<p>&nbsp;<\/p>\n<h2 style=\"text-align: center;\"><span style=\"color: #2445a2;\">Nuestros Servicios en Teletrabajo:<\/span><\/h2>\n<h3><\/h3>\n<h2>&#8211;\u00a0\u00a0\u00a0\u00a0<span style=\"color: #2445a2;\">\u00a0 Instalaci\u00f3n de Soluciones de Teletrabajo :<\/span><\/h2>\n<h2><\/h2>\n<h3 style=\"padding-left: 30px;\">Instalaci\u00f3n y configuraci\u00f3n de Equipos de c\u00f3mputo, Equipos de Red, Configuraci\u00f3n de Permisos y toda la asesor\u00eda e ingenier\u00eda necesaria para obtener un rendimiento \u00f3ptimo al acceder la informaci\u00f3n remotamente<\/h3>\n<p>&nbsp;<\/p>\n<h2>&#8211;\u00a0\u00a0\u00a0\u00a0\u00a0 <span style=\"color: #2445a2;\">Configuracion de Redes VPN\u00a0 :<\/span><\/h2>\n<p>&nbsp;<\/p>\n<p>&nbsp;<\/p>\n<h3 style=\"padding-left: 30px;\">Para dar seguridad a las conexi\u00f3n desde internet a la informaci\u00f3n de la empresa<\/h3>\n<h3 style=\"padding-left: 30px;\">Las redes para conexi\u00f3n VPN permite acceder desde casa a la red local de tu empresa a traves de internet, lo que da como resultado el facil acceso a todos los recursos que existen en la red de la empresa : Servidores, Bases de Datos, Impresoras, Herramientas de Colaboracion, etc.<\/h3>\n<h3 style=\"padding-left: 30px;\"><\/h3>\n<h3 style=\"padding-left: 30px;\">Las redes\u00a0 VPN permite a los empleados procesar y almacenar la informaci\u00f3n dentro de tu entorno empresarial, evitando la fuga de datos y garantizando la confidencialidad de los mismos.<\/h3>\n<h3 style=\"padding-left: 30px;\"><\/h3>\n<h3 style=\"padding-left: 30px;\">Las ventajas son :<strong> F\u00e1cil y r\u00e1pida instalaci\u00f3n &#8211;<\/strong><strong> Seguridad &#8211;<\/strong><strong> Trazabilidad y control<\/strong><\/h3>\n<h3><\/h3>\n<h2>&#8211;\u00a0\u00a0\u00a0\u00a0\u00a0 <span style=\"color: #2445a2;\">Configuraci\u00f3n de Servidores para Acceso Remoto RDP \u2013 Terminal Server \u2013 desde internet (casa)<\/span><\/h2>\n<h3><\/h3>\n<h3 style=\"padding-left: 30px;\">Instalaci\u00f3n de Servidores Windows para iniciar sesiones de escritorio remoto &#8211; Terminal Server<\/h3>\n<h3 style=\"padding-left: 30px;\"><\/h3>\n<h3 style=\"padding-left: 30px;\">Permite simular el acceso a los servidores en la empresa como si se estuviese en la pantalla principal de los Servidores pero estando fisicamente desde casa o cualquier lugar con internet<\/h3>\n<h3><\/h3>\n<h2>&#8211;\u00a0\u00a0\u00a0\u00a0\u00a0 <span style=\"color: #2445a2;\">Instalacion y Configuraci\u00f3n de Servidores para Acceso Remoto<\/span><\/h2>\n<h3><\/h3>\n<h2>&#8211;\u00a0\u00a0\u00a0\u00a0\u00a0 <span style=\"color: #2445a2;\">Arrendamiento de Soluciones de Teletrabajo :\u00a0<\/span><\/h2>\n<h3 style=\"padding-left: 30px;\"><\/h3>\n<h3 style=\"padding-left: 30px;\">Acceso Remoto &#8211;\u00a0 Servidores y Equipos de Redes<\/h3>\n<h3><\/h3>\n<h2>\u00a0&#8211;\u00a0\u00a0\u00a0\u00a0\u00a0 <span style=\"color: #2445a2;\">Configuraci\u00f3n de Soluciones de Backup y Sincronizaci\u00f3n :<\/span><\/h2>\n<p>&nbsp;<\/p>\n<p>&nbsp;<\/p>\n<h3 style=\"padding-left: 30px;\">Copias de seguridad de la informaci\u00f3n y sincronizaci\u00f3n de los equipos remotos con la informaci\u00f3n en los servidores de la empresa<\/h3>\n<p>&nbsp;<\/p>\n<p>&nbsp;<\/p>\n<h2>&#8211;\u00a0 <span style=\"color: #2445a2;\">Oficina Remota<\/span><\/h2>\n<p>&nbsp;<\/p>\n<p>&nbsp;<\/p>\n<h3 style=\"padding-left: 30px;\">Trasladamos tu oficina a tu casa de forma sencilla y segura.<\/h3>\n<h3 style=\"padding-left: 30px;\">Damos acceso a todos los recursos en la oficina desde la comodidad de tu casa Telefonia IP, impresoras, computadores, recursos de red, bases de datos, informacion en servidores.<\/h3>\n<h3 style=\"padding-left: 30px;\">Trasladamos la extension telefonica de tu puesto de trabajo para que timbre en el computador de tu casa, celular o telefono IP en cualquier lugar del mundo conectado a internet<\/h3>\n<p>&nbsp;<\/p>\n<p>&nbsp;<\/p>\n<h2><strong><span style=\"color: #2445a2;\">&#8211; Herramientas de Colaboracion Para Estar Conectados<\/span><br \/>\n<\/strong><\/h2>\n<h3><\/h3>\n<h3>Ofrecemos soluciones de colaboracion y conectividad para mantener la productividad desde casa como si estuvieran en la oficina:<\/h3>\n<h3><\/h3>\n<ul>\n<li>\n<h3>Mensajer\u00eda instant\u00e1nea<\/h3>\n<\/li>\n<\/ul>\n<h3><\/h3>\n<ul>\n<li>\n<h3>Almacernamiento \/ Alojamiento de informaci\u00f3n en la nube y documentaci\u00f3n compartida<\/h3>\n<\/li>\n<\/ul>\n<h3><\/h3>\n<ul>\n<li>\n<h3>Telefon\u00eda IP &#8211; llevamos tu extension telefonica a tu casa<\/h3>\n<\/li>\n<\/ul>\n<h3><\/h3>\n<ul>\n<li>\n<h3>Videoconferencia<\/h3>\n<\/li>\n<\/ul>\n<h3><\/h3>\n<ul>\n<li>\n<h3>Herramientas de gesti\u00f3n de proyectos y tareas<\/h3>\n<\/li>\n<\/ul>\n<h3><\/h3>\n<p>&nbsp;<\/p>\n<p>&nbsp;<\/p>\n<h2 style=\"text-align: center;\"><span style=\"color: #2445a2;\">Tenemos Amplia Experiencia en Soluciones Corporativas de Teletrabajo y Acceso Remoto, llevando la Oficina a Tu Casa<\/span><\/h2>\n<h2><\/h2>\n<p>&nbsp;<\/p>\n<table style=\"height: 127px;\" width=\"577\">\n<tbody>\n<tr>\n<td><\/td>\n<\/tr>\n<tr>\n<td>\n<h3 style=\"text-align: center;\"><a href=\"https:\/\/api.whatsapp.com\/send?phone=573168788749\" target=\"_blank\" rel=\"noopener\"><img loading=\"lazy\" decoding=\"async\" class=\"wp-image-20467 aligncenter\" style=\"display: block; margin-left: auto; margin-right: auto;\" src=\"https:\/\/cableado-estructurado.com.co\/netcomp\/wp-content\/uploads\/2018\/07\/whatsapp-logo-mensaje.jpg\" alt=\"\" width=\"290\" height=\"220\" \/><\/a><\/h3>\n<\/td>\n<\/tr>\n<tr>\n<td style=\"text-align: center;\"><\/td>\n<\/tr>\n<\/tbody>\n<\/table>\n<p>&nbsp;<\/p>\n<p>&nbsp;<\/p>\n<p>&nbsp;<\/p>\n<h3 style=\"text-align: center;\"><span style=\"color: #2445a2;\"><strong><a>Asesoria &#8211; Instalacion y Precios : (571) 317 9423 <\/a><\/strong><\/span><\/h3>\n<h3 style=\"text-align: center;\"><span style=\"color: #2445a2;\"><strong><a>Email:Ventas@cableado-estructurado.com.co<\/a><\/strong><\/span><\/h3>\n<p>&nbsp;<\/p>\n<p>&nbsp;<\/p>\n<p>&nbsp;<\/p>\n","protected":false},"excerpt":{"rendered":"<h2 style=\"text-align: left;\"><span style=\"color: #2445a2;\">Teletrabajo &#8211; Acceso Remoto a La Informaci\u00f3n de la Empresa &#8211; Oficina Remota<br \/>\n<\/span><\/h2>\n<h2><strong><span style=\"font-family: tahoma, arial, helvetica, sans-serif; font-size: 10pt; ; color: #2445a2;\">\u00a0<\/span><\/strong><\/h2>\n<h2><span style=\"color: #333399;\">\u00a0<\/span><\/h2>\n","protected":false},"featured_media":21613,"comment_status":"closed","ping_status":"closed","template":"","meta":{"_et_pb_use_builder":"","_et_pb_old_content":"","_et_gb_content_width":""},"product_brand":[],"product_cat":[5124,20527,98,20420],"product_tag":[21100,21101,21099,21096,21098,21097,21095],"class_list":{"0":"post-21612","1":"product","2":"type-product","3":"status-publish","4":"has-post-thumbnail","6":"product_cat-cableado-estructurado","7":"product_cat-equipos-para-redes-y-servidores","8":"product_cat-instalacion-de-redes-de-cableado-estructurado","9":"product_cat-servidores","10":"product_tag-extender-oficina-a-casa-teletrabajo","11":"product_tag-extender-trabajo-a-casa-teletrabajo","12":"product_tag-oficina-remota-colombia","13":"product_tag-oficina-remota-teletrabajo","14":"product_tag-redes-vpn-para-teletrabajo","15":"product_tag-soluciones-de-teletrabajo","16":"product_tag-teletrabajo-bogota","18":"first","19":"instock","20":"product-type-simple"},"yoast_head":"<!-- This site is optimized with the Yoast SEO plugin v27.3 - https:\/\/yoast.com\/product\/yoast-seo-wordpress\/ -->\n<title>Teletrabajo - Acceso Remoto A Servidores y Computadores Desde Casa - Cableado Estructurado Colombia<\/title>\n<meta name=\"description\" content=\"Cableado Estructurado - Instalacion - Suministro Patch panel - Patch Cord - Jack - Cable Utp - Bogota - Colombia\" \/>\n<meta name=\"robots\" content=\"index, follow, max-snippet:-1, max-image-preview:large, max-video-preview:-1\" \/>\n<link rel=\"canonical\" href=\"https:\/\/cableado-estructurado.com.co\/netcomp\/producto\/teletrabajo-acceso-remoto-a-servidores-y-computadores-desde-casa\/\" \/>\n<meta property=\"og:locale\" content=\"es_ES\" \/>\n<meta property=\"og:type\" content=\"article\" \/>\n<meta property=\"og:title\" content=\"Teletrabajo - Acceso Remoto A Servidores y Computadores Desde Casa - Cableado Estructurado Colombia\" \/>\n<meta property=\"og:description\" content=\"Cableado Estructurado - Instalacion - Suministro Patch panel - Patch Cord - Jack - Cable Utp - Bogota - Colombia\" \/>\n<meta property=\"og:url\" content=\"https:\/\/cableado-estructurado.com.co\/netcomp\/producto\/teletrabajo-acceso-remoto-a-servidores-y-computadores-desde-casa\/\" \/>\n<meta property=\"og:site_name\" content=\"Cableado Estructurado Colombia\" \/>\n<meta property=\"article:publisher\" content=\"https:\/\/www.facebook.com\/Soluciones-Tecnologicas-MCC-SAS-100746298259981\" \/>\n<meta property=\"article:modified_time\" content=\"2020-03-17T05:07:15+00:00\" \/>\n<meta property=\"og:image\" content=\"https:\/\/cableado-estructurado.com.co\/netcomp\/wp-content\/uploads\/2020\/03\/teletrabajo-acceso-remoto-computadores-servidores-desde-casa-e1589690427997.png\" \/>\n\t<meta property=\"og:image:width\" content=\"275\" \/>\n\t<meta property=\"og:image:height\" content=\"275\" \/>\n\t<meta property=\"og:image:type\" content=\"image\/png\" \/>\n<meta name=\"twitter:card\" content=\"summary_large_image\" \/>\n<meta name=\"twitter:label1\" content=\"Tiempo de lectura\" \/>\n\t<meta name=\"twitter:data1\" content=\"3 minutos\" \/>\n<script type=\"application\/ld+json\" class=\"yoast-schema-graph\">{\"@context\":\"https:\\\/\\\/schema.org\",\"@graph\":[{\"@type\":\"WebPage\",\"@id\":\"https:\\\/\\\/cableado-estructurado.com.co\\\/netcomp\\\/producto\\\/teletrabajo-acceso-remoto-a-servidores-y-computadores-desde-casa\\\/\",\"url\":\"https:\\\/\\\/cableado-estructurado.com.co\\\/netcomp\\\/producto\\\/teletrabajo-acceso-remoto-a-servidores-y-computadores-desde-casa\\\/\",\"name\":\"Teletrabajo - Acceso Remoto A Servidores y Computadores Desde Casa - Cableado Estructurado Colombia\",\"isPartOf\":{\"@id\":\"https:\\\/\\\/cableado-estructurado.com.co\\\/netcomp\\\/#website\"},\"primaryImageOfPage\":{\"@id\":\"https:\\\/\\\/cableado-estructurado.com.co\\\/netcomp\\\/producto\\\/teletrabajo-acceso-remoto-a-servidores-y-computadores-desde-casa\\\/#primaryimage\"},\"image\":{\"@id\":\"https:\\\/\\\/cableado-estructurado.com.co\\\/netcomp\\\/producto\\\/teletrabajo-acceso-remoto-a-servidores-y-computadores-desde-casa\\\/#primaryimage\"},\"thumbnailUrl\":\"https:\\\/\\\/cableado-estructurado.com.co\\\/netcomp\\\/wp-content\\\/uploads\\\/2020\\\/03\\\/teletrabajo-acceso-remoto-computadores-servidores-desde-casa-e1589690427997.png\",\"datePublished\":\"2020-03-17T04:13:05+00:00\",\"dateModified\":\"2020-03-17T05:07:15+00:00\",\"description\":\"Cableado Estructurado - Instalacion - Suministro Patch panel - Patch Cord - Jack - Cable Utp - Bogota - Colombia\",\"breadcrumb\":{\"@id\":\"https:\\\/\\\/cableado-estructurado.com.co\\\/netcomp\\\/producto\\\/teletrabajo-acceso-remoto-a-servidores-y-computadores-desde-casa\\\/#breadcrumb\"},\"inLanguage\":\"es\",\"potentialAction\":[{\"@type\":\"ReadAction\",\"target\":[\"https:\\\/\\\/cableado-estructurado.com.co\\\/netcomp\\\/producto\\\/teletrabajo-acceso-remoto-a-servidores-y-computadores-desde-casa\\\/\"]}]},{\"@type\":\"ImageObject\",\"inLanguage\":\"es\",\"@id\":\"https:\\\/\\\/cableado-estructurado.com.co\\\/netcomp\\\/producto\\\/teletrabajo-acceso-remoto-a-servidores-y-computadores-desde-casa\\\/#primaryimage\",\"url\":\"https:\\\/\\\/cableado-estructurado.com.co\\\/netcomp\\\/wp-content\\\/uploads\\\/2020\\\/03\\\/teletrabajo-acceso-remoto-computadores-servidores-desde-casa-e1589690427997.png\",\"contentUrl\":\"https:\\\/\\\/cableado-estructurado.com.co\\\/netcomp\\\/wp-content\\\/uploads\\\/2020\\\/03\\\/teletrabajo-acceso-remoto-computadores-servidores-desde-casa-e1589690427997.png\",\"width\":275,\"height\":275,\"caption\":\"Teletrabajo - Acceso Remoto\"},{\"@type\":\"BreadcrumbList\",\"@id\":\"https:\\\/\\\/cableado-estructurado.com.co\\\/netcomp\\\/producto\\\/teletrabajo-acceso-remoto-a-servidores-y-computadores-desde-casa\\\/#breadcrumb\",\"itemListElement\":[{\"@type\":\"ListItem\",\"position\":1,\"name\":\"Portada\",\"item\":\"https:\\\/\\\/cableado-estructurado.com.co\\\/netcomp\\\/\"},{\"@type\":\"ListItem\",\"position\":2,\"name\":\"Tienda\",\"item\":\"https:\\\/\\\/cableado-estructurado.com.co\\\/netcomp\\\/camaras-cableado-accesorios\\\/\"},{\"@type\":\"ListItem\",\"position\":3,\"name\":\"Teletrabajo &#8211; Acceso Remoto A Servidores y Computadores Desde Casa\"}]},{\"@type\":\"WebSite\",\"@id\":\"https:\\\/\\\/cableado-estructurado.com.co\\\/netcomp\\\/#website\",\"url\":\"https:\\\/\\\/cableado-estructurado.com.co\\\/netcomp\\\/\",\"name\":\"Cableado Estructurado Colombia\",\"description\":\"Telefonos:  (+57) 316 878 8749\",\"publisher\":{\"@id\":\"https:\\\/\\\/cableado-estructurado.com.co\\\/netcomp\\\/#organization\"},\"potentialAction\":[{\"@type\":\"SearchAction\",\"target\":{\"@type\":\"EntryPoint\",\"urlTemplate\":\"https:\\\/\\\/cableado-estructurado.com.co\\\/netcomp\\\/?s={search_term_string}\"},\"query-input\":{\"@type\":\"PropertyValueSpecification\",\"valueRequired\":true,\"valueName\":\"search_term_string\"}}],\"inLanguage\":\"es\"},{\"@type\":\"Organization\",\"@id\":\"https:\\\/\\\/cableado-estructurado.com.co\\\/netcomp\\\/#organization\",\"name\":\"Soluciones Tecnologicas MCC SAS\",\"alternateName\":\"MCC\",\"url\":\"https:\\\/\\\/cableado-estructurado.com.co\\\/netcomp\\\/\",\"logo\":{\"@type\":\"ImageObject\",\"inLanguage\":\"es\",\"@id\":\"https:\\\/\\\/cableado-estructurado.com.co\\\/netcomp\\\/#\\\/schema\\\/logo\\\/image\\\/\",\"url\":\"https:\\\/\\\/cableado-estructurado.com.co\\\/netcomp\\\/wp-content\\\/uploads\\\/2023\\\/04\\\/logos-soluciones-1-1.png\",\"contentUrl\":\"https:\\\/\\\/cableado-estructurado.com.co\\\/netcomp\\\/wp-content\\\/uploads\\\/2023\\\/04\\\/logos-soluciones-1-1.png\",\"width\":479,\"height\":100,\"caption\":\"Soluciones Tecnologicas MCC SAS\"},\"image\":{\"@id\":\"https:\\\/\\\/cableado-estructurado.com.co\\\/netcomp\\\/#\\\/schema\\\/logo\\\/image\\\/\"},\"sameAs\":[\"https:\\\/\\\/www.facebook.com\\\/Soluciones-Tecnologicas-MCC-SAS-100746298259981\",\"https:\\\/\\\/www.instagram.com\\\/solucionesmccsas\\\/?hl=es\",\"http:\\\/\\\/www.linkedin.com\\\/in\\\/mauricio-calderon-a78b5a15\"]}]}<\/script>\n<!-- \/ Yoast SEO plugin. -->","yoast_head_json":{"title":"Teletrabajo - Acceso Remoto A Servidores y Computadores Desde Casa - Cableado Estructurado Colombia","description":"Cableado Estructurado - Instalacion - Suministro Patch panel - Patch Cord - Jack - Cable Utp - Bogota - Colombia","robots":{"index":"index","follow":"follow","max-snippet":"max-snippet:-1","max-image-preview":"max-image-preview:large","max-video-preview":"max-video-preview:-1"},"canonical":"https:\/\/cableado-estructurado.com.co\/netcomp\/producto\/teletrabajo-acceso-remoto-a-servidores-y-computadores-desde-casa\/","og_locale":"es_ES","og_type":"article","og_title":"Teletrabajo - Acceso Remoto A Servidores y Computadores Desde Casa - Cableado Estructurado Colombia","og_description":"Cableado Estructurado - Instalacion - Suministro Patch panel - Patch Cord - Jack - Cable Utp - Bogota - Colombia","og_url":"https:\/\/cableado-estructurado.com.co\/netcomp\/producto\/teletrabajo-acceso-remoto-a-servidores-y-computadores-desde-casa\/","og_site_name":"Cableado Estructurado Colombia","article_publisher":"https:\/\/www.facebook.com\/Soluciones-Tecnologicas-MCC-SAS-100746298259981","article_modified_time":"2020-03-17T05:07:15+00:00","og_image":[{"width":275,"height":275,"url":"https:\/\/cableado-estructurado.com.co\/netcomp\/wp-content\/uploads\/2020\/03\/teletrabajo-acceso-remoto-computadores-servidores-desde-casa-e1589690427997.png","type":"image\/png"}],"twitter_card":"summary_large_image","twitter_misc":{"Tiempo de lectura":"3 minutos"},"schema":{"@context":"https:\/\/schema.org","@graph":[{"@type":"WebPage","@id":"https:\/\/cableado-estructurado.com.co\/netcomp\/producto\/teletrabajo-acceso-remoto-a-servidores-y-computadores-desde-casa\/","url":"https:\/\/cableado-estructurado.com.co\/netcomp\/producto\/teletrabajo-acceso-remoto-a-servidores-y-computadores-desde-casa\/","name":"Teletrabajo - Acceso Remoto A Servidores y Computadores Desde Casa - Cableado Estructurado Colombia","isPartOf":{"@id":"https:\/\/cableado-estructurado.com.co\/netcomp\/#website"},"primaryImageOfPage":{"@id":"https:\/\/cableado-estructurado.com.co\/netcomp\/producto\/teletrabajo-acceso-remoto-a-servidores-y-computadores-desde-casa\/#primaryimage"},"image":{"@id":"https:\/\/cableado-estructurado.com.co\/netcomp\/producto\/teletrabajo-acceso-remoto-a-servidores-y-computadores-desde-casa\/#primaryimage"},"thumbnailUrl":"https:\/\/cableado-estructurado.com.co\/netcomp\/wp-content\/uploads\/2020\/03\/teletrabajo-acceso-remoto-computadores-servidores-desde-casa-e1589690427997.png","datePublished":"2020-03-17T04:13:05+00:00","dateModified":"2020-03-17T05:07:15+00:00","description":"Cableado Estructurado - Instalacion - Suministro Patch panel - Patch Cord - Jack - Cable Utp - Bogota - Colombia","breadcrumb":{"@id":"https:\/\/cableado-estructurado.com.co\/netcomp\/producto\/teletrabajo-acceso-remoto-a-servidores-y-computadores-desde-casa\/#breadcrumb"},"inLanguage":"es","potentialAction":[{"@type":"ReadAction","target":["https:\/\/cableado-estructurado.com.co\/netcomp\/producto\/teletrabajo-acceso-remoto-a-servidores-y-computadores-desde-casa\/"]}]},{"@type":"ImageObject","inLanguage":"es","@id":"https:\/\/cableado-estructurado.com.co\/netcomp\/producto\/teletrabajo-acceso-remoto-a-servidores-y-computadores-desde-casa\/#primaryimage","url":"https:\/\/cableado-estructurado.com.co\/netcomp\/wp-content\/uploads\/2020\/03\/teletrabajo-acceso-remoto-computadores-servidores-desde-casa-e1589690427997.png","contentUrl":"https:\/\/cableado-estructurado.com.co\/netcomp\/wp-content\/uploads\/2020\/03\/teletrabajo-acceso-remoto-computadores-servidores-desde-casa-e1589690427997.png","width":275,"height":275,"caption":"Teletrabajo - Acceso Remoto"},{"@type":"BreadcrumbList","@id":"https:\/\/cableado-estructurado.com.co\/netcomp\/producto\/teletrabajo-acceso-remoto-a-servidores-y-computadores-desde-casa\/#breadcrumb","itemListElement":[{"@type":"ListItem","position":1,"name":"Portada","item":"https:\/\/cableado-estructurado.com.co\/netcomp\/"},{"@type":"ListItem","position":2,"name":"Tienda","item":"https:\/\/cableado-estructurado.com.co\/netcomp\/camaras-cableado-accesorios\/"},{"@type":"ListItem","position":3,"name":"Teletrabajo &#8211; Acceso Remoto A Servidores y Computadores Desde Casa"}]},{"@type":"WebSite","@id":"https:\/\/cableado-estructurado.com.co\/netcomp\/#website","url":"https:\/\/cableado-estructurado.com.co\/netcomp\/","name":"Cableado Estructurado Colombia","description":"Telefonos:  (+57) 316 878 8749","publisher":{"@id":"https:\/\/cableado-estructurado.com.co\/netcomp\/#organization"},"potentialAction":[{"@type":"SearchAction","target":{"@type":"EntryPoint","urlTemplate":"https:\/\/cableado-estructurado.com.co\/netcomp\/?s={search_term_string}"},"query-input":{"@type":"PropertyValueSpecification","valueRequired":true,"valueName":"search_term_string"}}],"inLanguage":"es"},{"@type":"Organization","@id":"https:\/\/cableado-estructurado.com.co\/netcomp\/#organization","name":"Soluciones Tecnologicas MCC SAS","alternateName":"MCC","url":"https:\/\/cableado-estructurado.com.co\/netcomp\/","logo":{"@type":"ImageObject","inLanguage":"es","@id":"https:\/\/cableado-estructurado.com.co\/netcomp\/#\/schema\/logo\/image\/","url":"https:\/\/cableado-estructurado.com.co\/netcomp\/wp-content\/uploads\/2023\/04\/logos-soluciones-1-1.png","contentUrl":"https:\/\/cableado-estructurado.com.co\/netcomp\/wp-content\/uploads\/2023\/04\/logos-soluciones-1-1.png","width":479,"height":100,"caption":"Soluciones Tecnologicas MCC SAS"},"image":{"@id":"https:\/\/cableado-estructurado.com.co\/netcomp\/#\/schema\/logo\/image\/"},"sameAs":["https:\/\/www.facebook.com\/Soluciones-Tecnologicas-MCC-SAS-100746298259981","https:\/\/www.instagram.com\/solucionesmccsas\/?hl=es","http:\/\/www.linkedin.com\/in\/mauricio-calderon-a78b5a15"]}]}},"jetpack_sharing_enabled":true,"_links":{"self":[{"href":"https:\/\/cableado-estructurado.com.co\/netcomp\/wp-json\/wp\/v2\/product\/21612","targetHints":{"allow":["GET"]}}],"collection":[{"href":"https:\/\/cableado-estructurado.com.co\/netcomp\/wp-json\/wp\/v2\/product"}],"about":[{"href":"https:\/\/cableado-estructurado.com.co\/netcomp\/wp-json\/wp\/v2\/types\/product"}],"replies":[{"embeddable":true,"href":"https:\/\/cableado-estructurado.com.co\/netcomp\/wp-json\/wp\/v2\/comments?post=21612"}],"wp:featuredmedia":[{"embeddable":true,"href":"https:\/\/cableado-estructurado.com.co\/netcomp\/wp-json\/wp\/v2\/media\/21613"}],"wp:attachment":[{"href":"https:\/\/cableado-estructurado.com.co\/netcomp\/wp-json\/wp\/v2\/media?parent=21612"}],"wp:term":[{"taxonomy":"product_brand","embeddable":true,"href":"https:\/\/cableado-estructurado.com.co\/netcomp\/wp-json\/wp\/v2\/product_brand?post=21612"},{"taxonomy":"product_cat","embeddable":true,"href":"https:\/\/cableado-estructurado.com.co\/netcomp\/wp-json\/wp\/v2\/product_cat?post=21612"},{"taxonomy":"product_tag","embeddable":true,"href":"https:\/\/cableado-estructurado.com.co\/netcomp\/wp-json\/wp\/v2\/product_tag?post=21612"}],"curies":[{"name":"wp","href":"https:\/\/api.w.org\/{rel}","templated":true}]}}