{"id":21948,"date":"2020-05-03T14:03:26","date_gmt":"2020-05-03T19:03:26","guid":{"rendered":"https:\/\/cableado-estructurado.com.co\/netcomp\/?post_type=product&#038;p=21948"},"modified":"2020-05-06T21:29:46","modified_gmt":"2020-05-07T02:29:46","slug":"cuerpo-negro-para-camara-termica-hikvision-ds-2te127-g4a-black-body","status":"publish","type":"product","link":"https:\/\/cableado-estructurado.com.co\/netcomp\/producto\/cuerpo-negro-para-camara-termica-hikvision-ds-2te127-g4a-black-body\/","title":{"rendered":"CUERPO NEGRO PARA CAMARA TERMICA HIKVISION DS-2TE127-G4A &#8211; BLACK BODY"},"content":{"rendered":"<h1 style=\"text-align: center;\"><span style=\"color: #333399;\">Camaras Termicas Hikvision Detecci\u00f3n de Fiebre<br \/>\n<\/span><\/h1>\n<h1 style=\"text-align: center;\"><span style=\"color: #333399;\">CUERPO NEGRO PARA CAMARA TERMICA HIKVISION DS-2TE127-G4A &#8211; BLACK BODY<\/span><\/h1>\n<p>&nbsp;<\/p>\n<p>Con detectores y algoritmos avanzados, las C\u00e1maras Termogr\u00e1ficas de Detecci\u00f3n de Fiebre de Hikvision est\u00e1n dise\u00f1adas para detectar las elevadas temperaturas de la superficie de la piel, y por lo tanto pueden ser utilizadas para una r\u00e1pida y preliminar detecci\u00f3n de fiebre en edificios de oficinas, f\u00e1bricas, estaciones, aeropuertos y otros lugares p\u00fablicos, con una precisi\u00f3n de hasta \u00b10,3\u00b0C.<\/p>\n<p>El BlackBody es un dispositivo de calibraci\u00f3n que puede fijar el valor de la temperatura y es una fuente de temperatura est\u00e1ndar.<\/p>\n<p>El dispositivo t\u00e9rmico se calibra en base a la temperatura del BlackBody.<\/p>\n<p>El dispositivo t\u00e9rmico se compara con el BlackBody\u00a0para la calibraci\u00f3n en tiempo real (el BlackBody est\u00e1 dispuesto frente al dispositivo t\u00e9rmico para asegurar que el frente de el BlackBody aparece en la pantalla del dispositivo t\u00e9rmico) para asegurar que la precisi\u00f3n de la medici\u00f3n de la temperatura es preciso (\u00b1 0,3 \u2103).<\/p>\n<p>El BlackBody s\u00f3lo necesita ser alimentado, no se necesita Internet. Las c\u00e1maras t\u00e9rmicas de Hikvision son disponible con un BlackBody para aumentar la precisi\u00f3n.<\/p>\n<p>&nbsp;<\/p>\n<h2 style=\"text-align: center;\"><span style=\"color: #333399;\">Para Deteccion de Temperatura Corporal &#8211; Fiebre &#8211; Reemplaza a los Termometros Infrarojos<\/span><\/h2>\n<p>&nbsp;<\/p>\n<p>&nbsp;<\/p>\n<p>&nbsp;<\/p>\n<p>&nbsp;<\/p>\n<div id=\"attachment_21905\" style=\"width: 851px\" class=\"wp-caption aligncenter\"><a href=\"https:\/\/cableado-estructurado.com.co\/netcomp\/wp-content\/uploads\/2020\/05\/camara-termica-hikvision-ds-2td2636b-deteccion-fiebre-covid-19.jpg\"><img loading=\"lazy\" decoding=\"async\" aria-describedby=\"caption-attachment-21905\" class=\"wp-image-21905 \" src=\"https:\/\/cableado-estructurado.com.co\/netcomp\/wp-content\/uploads\/2020\/05\/camara-termica-hikvision-ds-2td2636b-deteccion-fiebre-covid-19.jpg\" alt=\"\" width=\"841\" height=\"376\" \/><\/a><p id=\"caption-attachment-21905\" class=\"wp-caption-text\">Solucion Deteccion Temperatura Fiebre Hikvision<\/p><\/div>\n<p>&nbsp;<\/p>\n<p>&nbsp;<\/p>\n<h2>Automatice la Deteccion de Fiebre Con Camaras Termograficas Hikvision<\/h2>\n<p>&nbsp;<\/p>\n<h2>La opcion de Automatizacion a Los Termometros Infrarojos a Distancia<\/h2>\n<p>&nbsp;<\/p>\n<ul>\n<li>\n<h3>Para Camaras Termicas Detecci\u00f3n de Temperatura Corporal<\/h3>\n<\/li>\n<li>\n<h3>Deteccion de Fiebre<\/h3>\n<\/li>\n<\/ul>\n<p>&nbsp;<\/p>\n<h3><span style=\"color: #333399;\">CARACTERISTICAS : <\/span><\/h3>\n<h3><span style=\"color: #333399;\"><strong>Black Body (Cuerpo Negro) Detector Temperatura \/ Fiebre Corporal<\/strong><strong> DS-2TE127-G4A Hikvision<\/strong><\/span><\/h3>\n<p>&nbsp;<\/p>\n<ul>\n<li>Resoluci\u00f3n de temperatura: 0.1 \u2103<\/li>\n<li>Precisi\u00f3n de temperatura \u00b1 0.1 \u2103<\/li>\n<li>Estabilidad de temperatura \u00b1 0.1 \u2103 \/ h<\/li>\n<li>Temperatura de la fuente de radiaci\u00f3n 5 \u2103 ~ 50 \u2103<\/li>\n<li>ajustable\u00a0Emisividad efectiva 0.97 \u00b1 0.02<\/li>\n<li>Temperatura de trabajo 0 \u2103 ~ 30 \u2103<\/li>\n<li>General\u00a0Dimensiones 116 mm \u00d7 116 mm \u00d7 205 mm<\/li>\n<li>Superficie efectiva de radiaci\u00f3n 70 mm \u00d7 70 mm<\/li>\n<li>Potencia 150W, 220VAC Interfaz mec\u00e1nica 2 \u00d7 1 \/ 4-20UNC, espacio de 30 mm, profundidad de 8 mm Peso 2.07kg<\/li>\n<li>Un segundo para detectar la temperatura de la superficie de la piel de una persona<\/li>\n<li>Activacion de alarma para notificar a los operadores<\/li>\n<li>Medici\u00f3n a distancia para evitar el contacto f\u00edsico<\/li>\n<li>Detecci\u00f3n de varias personas simult\u00e1neamente<\/li>\n<li>Detecci\u00f3n de IA para reducir las falsas alarmas de otras fuentes de calor<\/li>\n<\/ul>\n<p>&nbsp;<\/p>\n<p>&nbsp;<\/p>\n<h2 style=\"text-align: center;\"><strong><span style=\"color: #333399;\">SOMOS INGENIEROS CERTIFICADOS EN SOLUCIONES DE CONTROL DE ACCESO HIKVISION<\/span> <\/strong><\/h2>\n<h2><\/h2>\n<h2 style=\"text-align: center;\"><strong><span style=\"color: #333399;\">NOS ESPECIALIZAMOS EN SOLUCIONES CORPORATIVAS INTEGRALES :<\/span> <\/strong><\/h2>\n<p>&nbsp;<\/p>\n<ul>\n<li>\n<h3><strong>Videovigilancia <\/strong><\/h3>\n<\/li>\n<li>\n<h3><strong>CCTV <\/strong><\/h3>\n<\/li>\n<li>\n<h3><strong>Redes <\/strong><\/h3>\n<\/li>\n<li>\n<h3><strong>Servidores <\/strong><\/h3>\n<\/li>\n<li>\n<h3><strong>Almacenamiento <\/strong><\/h3>\n<\/li>\n<li>\n<h3><strong>Cableado Estructurado<\/strong><\/h3>\n<\/li>\n<\/ul>\n<p>&nbsp;<\/p>\n<h2><strong>Para Disponibilidad y Pedidos, Contactanos!<\/strong><\/h2>\n<p><a href=\"https:\/\/api.whatsapp.com\/send?phone=573168788749\" target=\"_blank\" rel=\"noopener\"><img loading=\"lazy\" decoding=\"async\" class=\"aligncenter wp-image-20467\" src=\"https:\/\/cableado-estructurado.com.co\/netcomp\/wp-content\/uploads\/2018\/07\/whatsapp-logo-mensaje.jpg\" alt=\"\" width=\"290\" height=\"220\" \/><\/a><\/p>\n<p><img loading=\"lazy\" decoding=\"async\" class=\"aligncenter\" src=\"https:\/\/netcomp.co\/img\/cms\/boton%20contacto%20paginas%20-%20netcomp3.jpg\" alt=\"contactanos\" width=\"406\" height=\"117\" \/><\/p>\n<p>&nbsp;<\/p>\n<p>&nbsp;<\/p>\n<h2><span style=\"color: #333399;\"><strong>Especificaciones Tecnicas :\u00a0\u00a0\u00a0\u00a0\u00a0 <\/strong><\/span><\/h2>\n<h2><span style=\"color: #333399;\"><strong>Control De Acceso Con Camara Termica Hikvision<\/strong><\/span><\/h2>\n<p>&nbsp;<\/p>\n<h3><a title=\"Especificaciones Tecnicas Camara Termica Dahua\" href=\"https:\/\/cableado-estructurado.com.co\/netcomp\/wp-content\/uploads\/2020\/04\/camaras-termicas-dahua-DSS_Express_S_VideoManagementSoftware_v001_002.pdf\" target=\"_blank\" rel=\"noopener\">[wpdm_package id=&#8217;21908&#8242;]<\/a><\/h3>\n<h3>[wpdm_package id=&#8217;21949&#8242;]<\/h3>\n","protected":false},"excerpt":{"rendered":"<h2><span style=\"color: #333399;\">Black Body (Cuerpo Negro) Detector Temperatura \/ Fiebre Corporal DS-2TE127-G4A Hikvision<\/span><\/h2>\n<h2><span style=\"color: #333399;\">\u00a0<\/span><\/h2>\n<h2><span style=\"color: #333399;\">\u00a0<\/span><\/h2>\n<h2><span style=\"color: #333399;\">\u00a0<\/span><\/h2>\n","protected":false},"featured_media":21951,"comment_status":"open","ping_status":"closed","template":"","meta":{"_et_pb_use_builder":"","_et_pb_old_content":"","_et_gb_content_width":""},"product_brand":[],"product_cat":[21102],"product_tag":[21291,21248,21243,21290,21247,21289,21293,21244,21232,21249,21236,21246,21234,21233],"class_list":{"0":"post-21948","1":"product","2":"type-product","3":"status-publish","4":"has-post-thumbnail","6":"product_cat-camaras-de-videovigilancia","7":"product_tag-arco-de-entrada-deteccion-fiebre-hikvision","8":"product_tag-camara-deteccion-temperatura","9":"product_tag-camara-termica","10":"product_tag-camara-termica-hikvision","11":"product_tag-camara-termografica","12":"product_tag-camara-termografica-hikvision","13":"product_tag-control-de-acceso-deteccion-de-temperatura","14":"product_tag-deteccion-fiebre","15":"product_tag-deteccion-temperatura-corporal","16":"product_tag-deteccion-temperatura-covid","17":"product_tag-precio-termometro-bogota","18":"product_tag-termometro-a-distancia","19":"product_tag-termometro-de-distancia","20":"product_tag-termometro-infrarojo","22":"first","23":"instock","24":"taxable","25":"shipping-taxable","26":"product-type-simple"},"yoast_head":"<!-- This site is optimized with the Yoast SEO plugin v27.5 - https:\/\/yoast.com\/product\/yoast-seo-wordpress\/ -->\n<title>CUERPO NEGRO PARA CAMARA TERMICA HIKVISION DS-2TE127-G4A - BLACK BODY - Cableado Estructurado Colombia<\/title>\n<meta name=\"description\" content=\"Cableado Estructurado - Instalacion - Suministro Patch panel - Patch Cord - Jack - Cable Utp - Bogota - Colombia\" \/>\n<meta name=\"robots\" content=\"index, follow, max-snippet:-1, max-image-preview:large, max-video-preview:-1\" \/>\n<link rel=\"canonical\" href=\"https:\/\/cableado-estructurado.com.co\/netcomp\/producto\/cuerpo-negro-para-camara-termica-hikvision-ds-2te127-g4a-black-body\/\" \/>\n<meta property=\"og:locale\" content=\"es_ES\" \/>\n<meta property=\"og:type\" content=\"article\" \/>\n<meta property=\"og:title\" content=\"CUERPO NEGRO PARA CAMARA TERMICA HIKVISION DS-2TE127-G4A - BLACK BODY - Cableado Estructurado Colombia\" \/>\n<meta property=\"og:description\" content=\"Cableado Estructurado - Instalacion - Suministro Patch panel - Patch Cord - Jack - Cable Utp - Bogota - Colombia\" \/>\n<meta property=\"og:url\" content=\"https:\/\/cableado-estructurado.com.co\/netcomp\/producto\/cuerpo-negro-para-camara-termica-hikvision-ds-2te127-g4a-black-body\/\" \/>\n<meta property=\"og:site_name\" content=\"Cableado Estructurado Colombia\" \/>\n<meta property=\"article:publisher\" content=\"https:\/\/www.facebook.com\/Soluciones-Tecnologicas-MCC-SAS-100746298259981\" \/>\n<meta property=\"article:modified_time\" content=\"2020-05-07T02:29:46+00:00\" \/>\n<meta property=\"og:image\" content=\"https:\/\/cableado-estructurado.com.co\/netcomp\/wp-content\/uploads\/2020\/05\/Black-Body-Cuerpo-Negro-Detector-Temperatura-Fiebre-Corporal-DS-2TE127-G4A-Hikvision-e1589690179704.png\" \/>\n\t<meta property=\"og:image:width\" content=\"275\" \/>\n\t<meta property=\"og:image:height\" content=\"187\" \/>\n\t<meta property=\"og:image:type\" content=\"image\/png\" \/>\n<meta name=\"twitter:card\" content=\"summary_large_image\" \/>\n<meta name=\"twitter:label1\" content=\"Tiempo de lectura\" \/>\n\t<meta name=\"twitter:data1\" content=\"2 minutos\" \/>\n<script type=\"application\/ld+json\" class=\"yoast-schema-graph\">{\"@context\":\"https:\\\/\\\/schema.org\",\"@graph\":[{\"@type\":\"WebPage\",\"@id\":\"https:\\\/\\\/cableado-estructurado.com.co\\\/netcomp\\\/producto\\\/cuerpo-negro-para-camara-termica-hikvision-ds-2te127-g4a-black-body\\\/\",\"url\":\"https:\\\/\\\/cableado-estructurado.com.co\\\/netcomp\\\/producto\\\/cuerpo-negro-para-camara-termica-hikvision-ds-2te127-g4a-black-body\\\/\",\"name\":\"CUERPO NEGRO PARA CAMARA TERMICA HIKVISION DS-2TE127-G4A - BLACK BODY - Cableado Estructurado Colombia\",\"isPartOf\":{\"@id\":\"https:\\\/\\\/cableado-estructurado.com.co\\\/netcomp\\\/#website\"},\"primaryImageOfPage\":{\"@id\":\"https:\\\/\\\/cableado-estructurado.com.co\\\/netcomp\\\/producto\\\/cuerpo-negro-para-camara-termica-hikvision-ds-2te127-g4a-black-body\\\/#primaryimage\"},\"image\":{\"@id\":\"https:\\\/\\\/cableado-estructurado.com.co\\\/netcomp\\\/producto\\\/cuerpo-negro-para-camara-termica-hikvision-ds-2te127-g4a-black-body\\\/#primaryimage\"},\"thumbnailUrl\":\"https:\\\/\\\/cableado-estructurado.com.co\\\/netcomp\\\/wp-content\\\/uploads\\\/2020\\\/05\\\/Black-Body-Cuerpo-Negro-Detector-Temperatura-Fiebre-Corporal-DS-2TE127-G4A-Hikvision-e1589690179704.png\",\"datePublished\":\"2020-05-03T19:03:26+00:00\",\"dateModified\":\"2020-05-07T02:29:46+00:00\",\"description\":\"Cableado Estructurado - Instalacion - Suministro Patch panel - Patch Cord - Jack - Cable Utp - Bogota - Colombia\",\"breadcrumb\":{\"@id\":\"https:\\\/\\\/cableado-estructurado.com.co\\\/netcomp\\\/producto\\\/cuerpo-negro-para-camara-termica-hikvision-ds-2te127-g4a-black-body\\\/#breadcrumb\"},\"inLanguage\":\"es\",\"potentialAction\":[{\"@type\":\"ReadAction\",\"target\":[\"https:\\\/\\\/cableado-estructurado.com.co\\\/netcomp\\\/producto\\\/cuerpo-negro-para-camara-termica-hikvision-ds-2te127-g4a-black-body\\\/\"]}]},{\"@type\":\"ImageObject\",\"inLanguage\":\"es\",\"@id\":\"https:\\\/\\\/cableado-estructurado.com.co\\\/netcomp\\\/producto\\\/cuerpo-negro-para-camara-termica-hikvision-ds-2te127-g4a-black-body\\\/#primaryimage\",\"url\":\"https:\\\/\\\/cableado-estructurado.com.co\\\/netcomp\\\/wp-content\\\/uploads\\\/2020\\\/05\\\/Black-Body-Cuerpo-Negro-Detector-Temperatura-Fiebre-Corporal-DS-2TE127-G4A-Hikvision-e1589690179704.png\",\"contentUrl\":\"https:\\\/\\\/cableado-estructurado.com.co\\\/netcomp\\\/wp-content\\\/uploads\\\/2020\\\/05\\\/Black-Body-Cuerpo-Negro-Detector-Temperatura-Fiebre-Corporal-DS-2TE127-G4A-Hikvision-e1589690179704.png\",\"width\":275,\"height\":187,\"caption\":\"Black Body (Cuerpo Negro) Detector Temperatura \\\/ Fiebre Corporal DS-2TE127-G4A Hikvision\"},{\"@type\":\"BreadcrumbList\",\"@id\":\"https:\\\/\\\/cableado-estructurado.com.co\\\/netcomp\\\/producto\\\/cuerpo-negro-para-camara-termica-hikvision-ds-2te127-g4a-black-body\\\/#breadcrumb\",\"itemListElement\":[{\"@type\":\"ListItem\",\"position\":1,\"name\":\"Portada\",\"item\":\"https:\\\/\\\/cableado-estructurado.com.co\\\/netcomp\\\/\"},{\"@type\":\"ListItem\",\"position\":2,\"name\":\"Tienda\",\"item\":\"https:\\\/\\\/cableado-estructurado.com.co\\\/netcomp\\\/camaras-cableado-accesorios\\\/\"},{\"@type\":\"ListItem\",\"position\":3,\"name\":\"CUERPO NEGRO PARA CAMARA TERMICA HIKVISION DS-2TE127-G4A &#8211; BLACK BODY\"}]},{\"@type\":\"WebSite\",\"@id\":\"https:\\\/\\\/cableado-estructurado.com.co\\\/netcomp\\\/#website\",\"url\":\"https:\\\/\\\/cableado-estructurado.com.co\\\/netcomp\\\/\",\"name\":\"Cableado Estructurado Colombia\",\"description\":\"Telefonos:  (+57) 316 878 8749\",\"publisher\":{\"@id\":\"https:\\\/\\\/cableado-estructurado.com.co\\\/netcomp\\\/#organization\"},\"potentialAction\":[{\"@type\":\"SearchAction\",\"target\":{\"@type\":\"EntryPoint\",\"urlTemplate\":\"https:\\\/\\\/cableado-estructurado.com.co\\\/netcomp\\\/?s={search_term_string}\"},\"query-input\":{\"@type\":\"PropertyValueSpecification\",\"valueRequired\":true,\"valueName\":\"search_term_string\"}}],\"inLanguage\":\"es\"},{\"@type\":\"Organization\",\"@id\":\"https:\\\/\\\/cableado-estructurado.com.co\\\/netcomp\\\/#organization\",\"name\":\"Soluciones Tecnologicas MCC SAS\",\"alternateName\":\"MCC\",\"url\":\"https:\\\/\\\/cableado-estructurado.com.co\\\/netcomp\\\/\",\"logo\":{\"@type\":\"ImageObject\",\"inLanguage\":\"es\",\"@id\":\"https:\\\/\\\/cableado-estructurado.com.co\\\/netcomp\\\/#\\\/schema\\\/logo\\\/image\\\/\",\"url\":\"https:\\\/\\\/cableado-estructurado.com.co\\\/netcomp\\\/wp-content\\\/uploads\\\/2023\\\/04\\\/logos-soluciones-1-1.png\",\"contentUrl\":\"https:\\\/\\\/cableado-estructurado.com.co\\\/netcomp\\\/wp-content\\\/uploads\\\/2023\\\/04\\\/logos-soluciones-1-1.png\",\"width\":479,\"height\":100,\"caption\":\"Soluciones Tecnologicas MCC SAS\"},\"image\":{\"@id\":\"https:\\\/\\\/cableado-estructurado.com.co\\\/netcomp\\\/#\\\/schema\\\/logo\\\/image\\\/\"},\"sameAs\":[\"https:\\\/\\\/www.facebook.com\\\/Soluciones-Tecnologicas-MCC-SAS-100746298259981\",\"https:\\\/\\\/www.instagram.com\\\/solucionesmccsas\\\/?hl=es\",\"http:\\\/\\\/www.linkedin.com\\\/in\\\/mauricio-calderon-a78b5a15\"]}]}<\/script>\n<!-- \/ Yoast SEO plugin. -->","yoast_head_json":{"title":"CUERPO NEGRO PARA CAMARA TERMICA HIKVISION DS-2TE127-G4A - BLACK BODY - Cableado Estructurado Colombia","description":"Cableado Estructurado - Instalacion - Suministro Patch panel - Patch Cord - Jack - Cable Utp - Bogota - Colombia","robots":{"index":"index","follow":"follow","max-snippet":"max-snippet:-1","max-image-preview":"max-image-preview:large","max-video-preview":"max-video-preview:-1"},"canonical":"https:\/\/cableado-estructurado.com.co\/netcomp\/producto\/cuerpo-negro-para-camara-termica-hikvision-ds-2te127-g4a-black-body\/","og_locale":"es_ES","og_type":"article","og_title":"CUERPO NEGRO PARA CAMARA TERMICA HIKVISION DS-2TE127-G4A - BLACK BODY - Cableado Estructurado Colombia","og_description":"Cableado Estructurado - Instalacion - Suministro Patch panel - Patch Cord - Jack - Cable Utp - Bogota - Colombia","og_url":"https:\/\/cableado-estructurado.com.co\/netcomp\/producto\/cuerpo-negro-para-camara-termica-hikvision-ds-2te127-g4a-black-body\/","og_site_name":"Cableado Estructurado Colombia","article_publisher":"https:\/\/www.facebook.com\/Soluciones-Tecnologicas-MCC-SAS-100746298259981","article_modified_time":"2020-05-07T02:29:46+00:00","og_image":[{"width":275,"height":187,"url":"https:\/\/cableado-estructurado.com.co\/netcomp\/wp-content\/uploads\/2020\/05\/Black-Body-Cuerpo-Negro-Detector-Temperatura-Fiebre-Corporal-DS-2TE127-G4A-Hikvision-e1589690179704.png","type":"image\/png"}],"twitter_card":"summary_large_image","twitter_misc":{"Tiempo de lectura":"2 minutos"},"schema":{"@context":"https:\/\/schema.org","@graph":[{"@type":"WebPage","@id":"https:\/\/cableado-estructurado.com.co\/netcomp\/producto\/cuerpo-negro-para-camara-termica-hikvision-ds-2te127-g4a-black-body\/","url":"https:\/\/cableado-estructurado.com.co\/netcomp\/producto\/cuerpo-negro-para-camara-termica-hikvision-ds-2te127-g4a-black-body\/","name":"CUERPO NEGRO PARA CAMARA TERMICA HIKVISION DS-2TE127-G4A - BLACK BODY - Cableado Estructurado Colombia","isPartOf":{"@id":"https:\/\/cableado-estructurado.com.co\/netcomp\/#website"},"primaryImageOfPage":{"@id":"https:\/\/cableado-estructurado.com.co\/netcomp\/producto\/cuerpo-negro-para-camara-termica-hikvision-ds-2te127-g4a-black-body\/#primaryimage"},"image":{"@id":"https:\/\/cableado-estructurado.com.co\/netcomp\/producto\/cuerpo-negro-para-camara-termica-hikvision-ds-2te127-g4a-black-body\/#primaryimage"},"thumbnailUrl":"https:\/\/cableado-estructurado.com.co\/netcomp\/wp-content\/uploads\/2020\/05\/Black-Body-Cuerpo-Negro-Detector-Temperatura-Fiebre-Corporal-DS-2TE127-G4A-Hikvision-e1589690179704.png","datePublished":"2020-05-03T19:03:26+00:00","dateModified":"2020-05-07T02:29:46+00:00","description":"Cableado Estructurado - Instalacion - Suministro Patch panel - Patch Cord - Jack - Cable Utp - Bogota - Colombia","breadcrumb":{"@id":"https:\/\/cableado-estructurado.com.co\/netcomp\/producto\/cuerpo-negro-para-camara-termica-hikvision-ds-2te127-g4a-black-body\/#breadcrumb"},"inLanguage":"es","potentialAction":[{"@type":"ReadAction","target":["https:\/\/cableado-estructurado.com.co\/netcomp\/producto\/cuerpo-negro-para-camara-termica-hikvision-ds-2te127-g4a-black-body\/"]}]},{"@type":"ImageObject","inLanguage":"es","@id":"https:\/\/cableado-estructurado.com.co\/netcomp\/producto\/cuerpo-negro-para-camara-termica-hikvision-ds-2te127-g4a-black-body\/#primaryimage","url":"https:\/\/cableado-estructurado.com.co\/netcomp\/wp-content\/uploads\/2020\/05\/Black-Body-Cuerpo-Negro-Detector-Temperatura-Fiebre-Corporal-DS-2TE127-G4A-Hikvision-e1589690179704.png","contentUrl":"https:\/\/cableado-estructurado.com.co\/netcomp\/wp-content\/uploads\/2020\/05\/Black-Body-Cuerpo-Negro-Detector-Temperatura-Fiebre-Corporal-DS-2TE127-G4A-Hikvision-e1589690179704.png","width":275,"height":187,"caption":"Black Body (Cuerpo Negro) Detector Temperatura \/ Fiebre Corporal DS-2TE127-G4A Hikvision"},{"@type":"BreadcrumbList","@id":"https:\/\/cableado-estructurado.com.co\/netcomp\/producto\/cuerpo-negro-para-camara-termica-hikvision-ds-2te127-g4a-black-body\/#breadcrumb","itemListElement":[{"@type":"ListItem","position":1,"name":"Portada","item":"https:\/\/cableado-estructurado.com.co\/netcomp\/"},{"@type":"ListItem","position":2,"name":"Tienda","item":"https:\/\/cableado-estructurado.com.co\/netcomp\/camaras-cableado-accesorios\/"},{"@type":"ListItem","position":3,"name":"CUERPO NEGRO PARA CAMARA TERMICA HIKVISION DS-2TE127-G4A &#8211; BLACK BODY"}]},{"@type":"WebSite","@id":"https:\/\/cableado-estructurado.com.co\/netcomp\/#website","url":"https:\/\/cableado-estructurado.com.co\/netcomp\/","name":"Cableado Estructurado Colombia","description":"Telefonos:  (+57) 316 878 8749","publisher":{"@id":"https:\/\/cableado-estructurado.com.co\/netcomp\/#organization"},"potentialAction":[{"@type":"SearchAction","target":{"@type":"EntryPoint","urlTemplate":"https:\/\/cableado-estructurado.com.co\/netcomp\/?s={search_term_string}"},"query-input":{"@type":"PropertyValueSpecification","valueRequired":true,"valueName":"search_term_string"}}],"inLanguage":"es"},{"@type":"Organization","@id":"https:\/\/cableado-estructurado.com.co\/netcomp\/#organization","name":"Soluciones Tecnologicas MCC SAS","alternateName":"MCC","url":"https:\/\/cableado-estructurado.com.co\/netcomp\/","logo":{"@type":"ImageObject","inLanguage":"es","@id":"https:\/\/cableado-estructurado.com.co\/netcomp\/#\/schema\/logo\/image\/","url":"https:\/\/cableado-estructurado.com.co\/netcomp\/wp-content\/uploads\/2023\/04\/logos-soluciones-1-1.png","contentUrl":"https:\/\/cableado-estructurado.com.co\/netcomp\/wp-content\/uploads\/2023\/04\/logos-soluciones-1-1.png","width":479,"height":100,"caption":"Soluciones Tecnologicas MCC SAS"},"image":{"@id":"https:\/\/cableado-estructurado.com.co\/netcomp\/#\/schema\/logo\/image\/"},"sameAs":["https:\/\/www.facebook.com\/Soluciones-Tecnologicas-MCC-SAS-100746298259981","https:\/\/www.instagram.com\/solucionesmccsas\/?hl=es","http:\/\/www.linkedin.com\/in\/mauricio-calderon-a78b5a15"]}]}},"jetpack_sharing_enabled":true,"_links":{"self":[{"href":"https:\/\/cableado-estructurado.com.co\/netcomp\/wp-json\/wp\/v2\/product\/21948","targetHints":{"allow":["GET"]}}],"collection":[{"href":"https:\/\/cableado-estructurado.com.co\/netcomp\/wp-json\/wp\/v2\/product"}],"about":[{"href":"https:\/\/cableado-estructurado.com.co\/netcomp\/wp-json\/wp\/v2\/types\/product"}],"replies":[{"embeddable":true,"href":"https:\/\/cableado-estructurado.com.co\/netcomp\/wp-json\/wp\/v2\/comments?post=21948"}],"wp:featuredmedia":[{"embeddable":true,"href":"https:\/\/cableado-estructurado.com.co\/netcomp\/wp-json\/wp\/v2\/media\/21951"}],"wp:attachment":[{"href":"https:\/\/cableado-estructurado.com.co\/netcomp\/wp-json\/wp\/v2\/media?parent=21948"}],"wp:term":[{"taxonomy":"product_brand","embeddable":true,"href":"https:\/\/cableado-estructurado.com.co\/netcomp\/wp-json\/wp\/v2\/product_brand?post=21948"},{"taxonomy":"product_cat","embeddable":true,"href":"https:\/\/cableado-estructurado.com.co\/netcomp\/wp-json\/wp\/v2\/product_cat?post=21948"},{"taxonomy":"product_tag","embeddable":true,"href":"https:\/\/cableado-estructurado.com.co\/netcomp\/wp-json\/wp\/v2\/product_tag?post=21948"}],"curies":[{"name":"wp","href":"https:\/\/api.w.org\/{rel}","templated":true}]}}