{"id":21955,"date":"2020-05-03T15:03:19","date_gmt":"2020-05-03T20:03:19","guid":{"rendered":"https:\/\/cableado-estructurado.com.co\/netcomp\/?post_type=product&#038;p=21955"},"modified":"2022-12-06T16:02:26","modified_gmt":"2022-12-06T21:02:26","slug":"nvr-hikvision-ds-7608ni-i2-para-camaras-termicas","status":"publish","type":"product","link":"https:\/\/cableado-estructurado.com.co\/netcomp\/producto\/nvr-hikvision-ds-7608ni-i2-para-camaras-termicas\/","title":{"rendered":"NVR HIKVISION DS-7608NI-I2 PARA CAMARAS TERMICAS"},"content":{"rendered":"<h1 style=\"text-align: center;\"><span style=\"color: #333399;\">Camaras Termicas Hikvision<\/span><\/h1>\n<h1 style=\"text-align: center;\"><span style=\"color: #333399;\">NVR HIKVISION DS-7608NI-I2 PARA CAMARAS TERMICAS\u00a0 -DETECCION DE FIEBRE &#8211; COVID-19<br \/>\n<\/span><\/h1>\n<p>&nbsp;<\/p>\n<p>&nbsp;<\/p>\n<h2 style=\"text-align: center;\"><span style=\"color: #333399;\">Para Deteccion de Temperatura Corporal &#8211; Fiebre &#8211; Reemplaza a los Termometros Infrarojos<\/span><\/h2>\n<p>&nbsp;<\/p>\n<p>&nbsp;<\/p>\n<div id=\"attachment_21905\" style=\"width: 851px\" class=\"wp-caption aligncenter\"><a href=\"https:\/\/cableado-estructurado.com.co\/netcomp\/wp-content\/uploads\/2020\/05\/camara-termica-hikvision-ds-2td2636b-deteccion-fiebre-covid-19.jpg\"><img loading=\"lazy\" decoding=\"async\" aria-describedby=\"caption-attachment-21905\" class=\"wp-image-21905 \" src=\"https:\/\/cableado-estructurado.com.co\/netcomp\/wp-content\/uploads\/2020\/05\/camara-termica-hikvision-ds-2td2636b-deteccion-fiebre-covid-19.jpg\" alt=\"\" width=\"841\" height=\"376\" \/><\/a><p id=\"caption-attachment-21905\" class=\"wp-caption-text\">Solucion Deteccion Temperatura Fiebre Hikvision<\/p><\/div>\n<p>&nbsp;<\/p>\n<p>&nbsp;<\/p>\n<h2>Automatice la Deteccion de Fiebre Con Camaras Termograficas Hikvision<\/h2>\n<p>&nbsp;<\/p>\n<h2>La opcion de Automatizacion a Los Termometros Infrarojos a Distancia<\/h2>\n<p>&nbsp;<\/p>\n<ul>\n<li>\n<h3>Para Camaras Termicas Detecci\u00f3n de Temperatura Corporal<\/h3>\n<\/li>\n<li>\n<h3>Deteccion de Fiebre<\/h3>\n<\/li>\n<li>\n<h3>Reconocimiento Facial<\/h3>\n<\/li>\n<\/ul>\n<p>&nbsp;<\/p>\n<h3><span style=\"color: #333399;\">CARACTERISTICAS : <\/span><\/h3>\n<h2><span style=\"color: #333399;\">NVR HIKVISION DS-7608NI-I2 PARA CAMARAS TERMICAS\u00a0 -DETECCION DE FIEBRE &#8211; COVID-19<\/span><\/h2>\n<p>&nbsp;<\/p>\n<ul>\n<li>\n<h3><span style=\"color: #333399;\"><strong>Caracter\u00edsticas del NVR Hikvision <\/strong>DS-7608NI-I2<\/span><span style=\"color: #333399;\"><strong>:<\/strong><\/span><\/h3>\n<ul>\n<li>Compresi\u00f3n de video: H.264+ \/ H.264.<\/li>\n<li>Soporta mouse USB para operar (incluido).<\/li>\n<li>Soporta 2\u00a0HDD\u00b4s de hasta 4TB. (no incluido).<\/li>\n<li>Soporta b\u00fasqueda de agenda en forma local \u00f3 remota.<\/li>\n<li>Tambi\u00e9n soporta DDNS (\u00a0DynDNS, No-IP, etc).<\/li>\n<li>As\u00ed mismo soporta Hik-Connect P2P.<\/li>\n<li>Adem\u00e1s de soportar acceso remoto v\u00eda tel\u00e9fono: Android, iPhone, iPad (IVMS-4500 \/ Hik-Connect).<\/li>\n<li>Compatibilidad con navegadores IE, Safari, Chrome (ietab).<\/li>\n<li>Software cliente IVMS-4200 (gratuito).<\/li>\n<\/ul>\n<h3><span style=\"color: #333399;\"><strong>Capacidad de procesamiento y funciones de red:<\/strong><\/span><\/h3>\n<ul>\n<li>Rendimiento de entrada: 80\u00a0Mbps.<\/li>\n<li>Adem\u00e1s de eso, rendimiento de salida: 80 Mbps.<\/li>\n<li>1 puerto red 10 \/ 100 \/ 1000 Mbps. (LAN)<\/li>\n<li>\u200b8\u00a0Puertos PoE Interconstruidos 802.3 at (30\u00a0W max).<\/li>\n<li>Configuraci\u00f3n remota de par\u00e1metros.<\/li>\n<li>Descarga y reproducci\u00f3n por red de los archivos grabados en la NVR.<\/li>\n<li>Soporta la descarga de bit\u00e1cora de alarmas del NVR en forma remota.<\/li>\n<li>\u00a0Configuraci\u00f3n remota de par\u00e1metros.<\/li>\n<\/ul>\n<h3><span style=\"color: #333399;\"><strong>Funciones de Grabaci\u00f3n y Visualizaci\u00f3n:<\/strong><\/span><\/h3>\n<ul>\n<li>Detecci\u00f3n de movimiento multizona.<\/li>\n<li>Zoom digital en visualizaci\u00f3n y grabaci\u00f3n.<\/li>\n<li>Dual stream (main stream y sub stream).<\/li>\n<li>Soporta avance r\u00e1pido, lento, cuadro a cuadro, etc.<\/li>\n<li>Tambi\u00e9n soporta tecnolog\u00eda de discos duros S.M.A.R.T.<\/li>\n<li>As\u00ed mismo soporta m\u00faltiples tipos de grabaci\u00f3n, incluyendo tiempo real, grabaci\u00f3n manual, videosensor, videosensor y alarma, videosensor o alarma.<\/li>\n<li>Adem\u00e1s de grabaci\u00f3n c\u00edclica (sobreescritura) y no c\u00edclica.<\/li>\n<\/ul>\n<h3><span style=\"color: #333399;\"><strong>Resoluci\u00f3n de Grabaci\u00f3n por Canal (recomendado):<\/strong><\/span><\/h3>\n<ul>\n<li>720P: 8\u00a0Canales@30IPS<\/li>\n<li>1080P: 8\u00a0Canales@30IPS<\/li>\n<li>\u200b5MP: 8\u00a0Canales@12IPS.<\/li>\n<li>Reproducci\u00f3n s\u00edncrona en canales: 8\u00a0Canales.<\/li>\n<\/ul>\n<h3><span style=\"color: #333399;\"><strong>Interfaces Entradas \/ Salidas:<\/strong><\/span><\/h3>\n<ul>\n<li>Salida HDMI: 1920 x 1080 (Full HD).<\/li>\n<li>Tambi\u00e9n salida VGA: 1920 x 1080 (Full HD).<\/li>\n<li>Adem\u00e1s de salida simultanea HDMI y VGA.<\/li>\n<li>Entrada de Audio: 1 Canal.<\/li>\n<li>\u200bAlarmas: No soporta.<\/li>\n<li>Salida de Audio: 1 Canal.<\/li>\n<li>Soporta audio bidireccional (audio de dos vias).<\/li>\n<li>Grabaci\u00f3n externa: No soporta.<\/li>\n<li>Capacidad de discos SATA: 2\u00a0HDD de hasta 4TB.<\/li>\n<li>Soporte para e-SATA: No soporta.<\/li>\n<li>Arreglo de discos: No aplica.<\/li>\n<\/ul>\n<h3><span style=\"color: #333399;\"><b>Caracter\u00edsticas F\u00edsicas\u00a0y El\u00e9ctricas NVR Hikvision:<br \/>\n<\/b><\/span><\/h3>\n<ul>\n<li>Dimensiones:\u00a0445 \u00d7 290 \u00d7 45 mm. ( 1 unidad de rack).<\/li>\n<li>Alimentaci\u00f3n: 100 a 240Vca\u00a0\/ 10\u00a0W.<\/li>\n<li>Temperatura de operaci\u00f3n: -10\u00b0C a 55\u00b0C.<\/li>\n<li>Peso: 1 Kg sin HDD.<\/li>\n<li>Vista en vivo \/ reproducci\u00f3n: | 6MP \/ 5MP \/ 3MP \/ 1080P \/ UXGA \/ 720P \/ VGA \/ CIF \/ DCIF \/ 2CIF \/ CIF \/ QCIF<\/li>\n<li>Capacidad: | 8-ch @ 720P, 6-ch @ 1080P<\/li>\n<li>Disco duro<\/li>\n<li>SATA: | 2 interfaces SATA para 2 discos duros<\/li>\n<li>Capacidad: | Hasta 6 TB de capacidad para cada HDD Interfaz externa<\/li>\n<li>Interfaz de red: | 1RJ-45 10\/100 \/ 1000 Mbps interfaz de Ethernet autoadaptativa<\/li>\n<li>Interfaz USB: | 1 \u00d7 USB 2.0 y 1 \u00d7 USB 3.0Alarma adentro: | 4-ch<\/li>\n<li>Salida de alarma: | 1-chPOE<\/li>\n<li>Interfaz: | 8 interfaces de red PoE independientes a 100 Mbps<\/li>\n<li>Poder: | 120W<\/li>\n<li>Est\u00e1ndar soportado: | AF y AT<\/li>\n<li>GeneralFuente de alimentaci\u00f3n: | 100 ~ 240VAC<\/li>\n<li>Consumo (sin disco duro y POE): | \u2264 10W<\/li>\n<li>Temperatura de trabajo: | -10 \u00baC ~ +55 \u00baC (+14 \u00baF ~ + 131 \u00baF)<\/li>\n<li>Humedad de trabajo: | 10% ~ 90%Chasis: | Chasis 1U montado en rack de 19<\/li>\n<li>PUlgadas<\/li>\n<li>Dimensiones: | 445 \u00d7 290 \u00d7 45 mm (17,5 x 11,4 \u00d7 1,8 pulgadas)<\/li>\n<li>Peso (sin HDD): | \u2264 1 Kg (2.2 lb)<\/li>\n<li>Ancho de banda entrante: | 80 Mbps<\/li>\n<li>Ancho de banda saliente: | 80 Mbps<\/li>\n<li>Conexi\u00f3n remota: | 128<\/li>\n<li>Salida de video \/ audio Salida HDMI \/ VGA: | 1 ch, resoluci\u00f3n:<\/li>\n<li>1920 \u00d7 1080P \/ 60Hz, 1600 \u00d7 1200 \/ 60Hz, 1280 \u00d7 1024 \/ 60Hz, 1280 \u00d7 720 \/ 60Hz,<\/li>\n<li>1024 \u00d7 768 \/ 60Hz<\/li>\n<li>Resoluci\u00f3n de grabaci\u00f3n: | 6 MP \/ 5 MP \/ 4 MP \/ 3 MP 1080p \/ UXGA \/ 720p \/VGA<\/li>\n<li>4CIF \/ DCIF \/ 2CIF \/ CIF \/ QCIF Velocidad de fotogramas: | Flujo principal: 50 fpsP) \/ 60 fps (N)<\/li>\n<li>Subflujo: 50 fps (P) \/ 60 fps (N) Salida de audio: | 1-ch, RCA (lineal, 1k\u03a9)<\/li>\n<li>Reproducci\u00f3n sincr\u00f3nica: | 8-ch<\/li>\n<\/ul>\n<\/li>\n<\/ul>\n<p>&nbsp;<\/p>\n<p>&nbsp;<\/p>\n<h2 style=\"text-align: center;\"><strong><span style=\"color: #333399;\">SOMOS INGENIEROS CERTIFICADOS EN SOLUCIONES DE CONTROL DE ACCESO HIKVISION<\/span> <\/strong><\/h2>\n<h2><\/h2>\n<h2 style=\"text-align: center;\"><strong><span style=\"color: #333399;\">NOS ESPECIALIZAMOS EN SOLUCIONES CORPORATIVAS INTEGRALES :<\/span> <\/strong><\/h2>\n<p>&nbsp;<\/p>\n<ul>\n<li>\n<h3><strong>Videovigilancia <\/strong><\/h3>\n<\/li>\n<li>\n<h3><strong>CCTV <\/strong><\/h3>\n<\/li>\n<li>\n<h3><strong>Redes <\/strong><\/h3>\n<\/li>\n<li>\n<h3><strong>Servidores <\/strong><\/h3>\n<\/li>\n<li>\n<h3><strong>Almacenamiento <\/strong><\/h3>\n<\/li>\n<li>\n<h3><strong>Cableado Estructurado<\/strong><\/h3>\n<\/li>\n<\/ul>\n<p>&nbsp;<\/p>\n<h2><strong>Para Disponibilidad y Pedidos, Contactanos!<\/strong><\/h2>\n<p><a href=\"https:\/\/api.whatsapp.com\/send?phone=573168788749\" target=\"_blank\" rel=\"noopener\"><img loading=\"lazy\" decoding=\"async\" class=\"aligncenter wp-image-20467\" src=\"https:\/\/cableado-estructurado.com.co\/netcomp\/wp-content\/uploads\/2018\/07\/whatsapp-logo-mensaje.jpg\" alt=\"\" width=\"290\" height=\"220\" \/><\/a><\/p>\n<p><img loading=\"lazy\" decoding=\"async\" class=\"aligncenter\" src=\"https:\/\/netcomp.co\/img\/cms\/boton%20contacto%20paginas%20-%20netcomp3.jpg\" alt=\"contactanos\" width=\"406\" height=\"117\" \/><\/p>\n<p>&nbsp;<\/p>\n<p>&nbsp;<\/p>\n<h2><span style=\"color: #333399;\"><strong>Especificaciones Tecnicas :\u00a0\u00a0\u00a0\u00a0\u00a0 <\/strong><\/span><\/h2>\n<h2><span style=\"color: #333399;\"><strong>NVR Para Con Camaras Termicas Hikvision<\/strong><\/span><\/h2>\n<p>&nbsp;<\/p>\n<h3><a title=\"Especificaciones Tecnicas Camara Termica Dahua\" href=\"https:\/\/cableado-estructurado.com.co\/netcomp\/wp-content\/uploads\/2020\/04\/camaras-termicas-dahua-DSS_Express_S_VideoManagementSoftware_v001_002.pdf\" target=\"_blank\" rel=\"noopener\">[wpdm_package id=&#8217;21908&#8242;]<\/a><\/h3>\n<h3>[wpdm_package id=&#8217;21956&#8242;]<\/h3>\n","protected":false},"excerpt":{"rendered":"<h2><span style=\"color: #333399;\">NVR HIKVISION DS-7608NI-I2 PARA CAMARAS TERMICAS -DETECCION DE FIEBRE &#8211; COVID-19<\/span><\/h2>\n<h2><span style=\"color: #333399;\">\u00a0<\/span><\/h2>\n<h2><span style=\"color: #333399;\">\u00a0<\/span><\/h2>\n<h2><span style=\"color: #333399;\">\u00a0<\/span><\/h2>\n","protected":false},"featured_media":21957,"comment_status":"open","ping_status":"closed","template":"","meta":{"_et_pb_use_builder":"","_et_pb_old_content":"","_et_gb_content_width":""},"product_brand":[],"product_cat":[21102],"product_tag":[21291,21248,21243,21290,21247,21289,21293,21244,21232,21249,21296,21297,21295,21236,21246,21234,21233],"class_list":{"0":"post-21955","1":"product","2":"type-product","3":"status-publish","4":"has-post-thumbnail","6":"product_cat-camaras-de-videovigilancia","7":"product_tag-arco-de-entrada-deteccion-fiebre-hikvision","8":"product_tag-camara-deteccion-temperatura","9":"product_tag-camara-termica","10":"product_tag-camara-termica-hikvision","11":"product_tag-camara-termografica","12":"product_tag-camara-termografica-hikvision","13":"product_tag-control-de-acceso-deteccion-de-temperatura","14":"product_tag-deteccion-fiebre","15":"product_tag-deteccion-temperatura-corporal","16":"product_tag-deteccion-temperatura-covid","17":"product_tag-grabador-hikvision-camaras-termicas","18":"product_tag-nvr-camaras-termicas-hikvision","19":"product_tag-nvr-hikvision","20":"product_tag-precio-termometro-bogota","21":"product_tag-termometro-a-distancia","22":"product_tag-termometro-de-distancia","23":"product_tag-termometro-infrarojo","25":"first","26":"instock","27":"taxable","28":"shipping-taxable","29":"product-type-simple"},"yoast_head":"<!-- This site is optimized with the Yoast SEO plugin v27.5 - https:\/\/yoast.com\/product\/yoast-seo-wordpress\/ -->\n<title>NVR HIKVISION DS-7608NI-I2 PARA CAMARAS TERMICAS - Cableado Estructurado Colombia<\/title>\n<meta name=\"description\" content=\"Cableado Estructurado - Instalacion - Suministro Patch panel - Patch Cord - Jack - Cable Utp - Bogota - Colombia\" \/>\n<meta name=\"robots\" content=\"index, follow, max-snippet:-1, max-image-preview:large, max-video-preview:-1\" \/>\n<link rel=\"canonical\" href=\"https:\/\/cableado-estructurado.com.co\/netcomp\/producto\/nvr-hikvision-ds-7608ni-i2-para-camaras-termicas\/\" \/>\n<meta property=\"og:locale\" content=\"es_ES\" \/>\n<meta property=\"og:type\" content=\"article\" \/>\n<meta property=\"og:title\" content=\"NVR HIKVISION DS-7608NI-I2 PARA CAMARAS TERMICAS - Cableado Estructurado Colombia\" \/>\n<meta property=\"og:description\" content=\"Cableado Estructurado - Instalacion - Suministro Patch panel - Patch Cord - Jack - Cable Utp - Bogota - Colombia\" \/>\n<meta property=\"og:url\" content=\"https:\/\/cableado-estructurado.com.co\/netcomp\/producto\/nvr-hikvision-ds-7608ni-i2-para-camaras-termicas\/\" \/>\n<meta property=\"og:site_name\" content=\"Cableado Estructurado Colombia\" \/>\n<meta property=\"article:publisher\" content=\"https:\/\/www.facebook.com\/Soluciones-Tecnologicas-MCC-SAS-100746298259981\" \/>\n<meta property=\"article:modified_time\" content=\"2022-12-06T21:02:26+00:00\" \/>\n<meta property=\"og:image\" content=\"https:\/\/cableado-estructurado.com.co\/netcomp\/wp-content\/uploads\/2020\/05\/nvr-grabador-camara-deteccion-fiebre-temperatura-termica-hikvision-ds-7608ni-i2-covid-19-molinete.jpg\" \/>\n\t<meta property=\"og:image:width\" content=\"500\" \/>\n\t<meta property=\"og:image:height\" content=\"375\" \/>\n\t<meta property=\"og:image:type\" content=\"image\/jpeg\" \/>\n<meta name=\"twitter:card\" content=\"summary_large_image\" \/>\n<meta name=\"twitter:label1\" content=\"Tiempo de lectura\" \/>\n\t<meta name=\"twitter:data1\" content=\"3 minutos\" \/>\n<script type=\"application\/ld+json\" class=\"yoast-schema-graph\">{\"@context\":\"https:\\\/\\\/schema.org\",\"@graph\":[{\"@type\":\"WebPage\",\"@id\":\"https:\\\/\\\/cableado-estructurado.com.co\\\/netcomp\\\/producto\\\/nvr-hikvision-ds-7608ni-i2-para-camaras-termicas\\\/\",\"url\":\"https:\\\/\\\/cableado-estructurado.com.co\\\/netcomp\\\/producto\\\/nvr-hikvision-ds-7608ni-i2-para-camaras-termicas\\\/\",\"name\":\"NVR HIKVISION DS-7608NI-I2 PARA CAMARAS TERMICAS - Cableado Estructurado Colombia\",\"isPartOf\":{\"@id\":\"https:\\\/\\\/cableado-estructurado.com.co\\\/netcomp\\\/#website\"},\"primaryImageOfPage\":{\"@id\":\"https:\\\/\\\/cableado-estructurado.com.co\\\/netcomp\\\/producto\\\/nvr-hikvision-ds-7608ni-i2-para-camaras-termicas\\\/#primaryimage\"},\"image\":{\"@id\":\"https:\\\/\\\/cableado-estructurado.com.co\\\/netcomp\\\/producto\\\/nvr-hikvision-ds-7608ni-i2-para-camaras-termicas\\\/#primaryimage\"},\"thumbnailUrl\":\"https:\\\/\\\/cableado-estructurado.com.co\\\/netcomp\\\/wp-content\\\/uploads\\\/2020\\\/05\\\/nvr-grabador-camara-deteccion-fiebre-temperatura-termica-hikvision-ds-7608ni-i2-covid-19-molinete.jpg\",\"datePublished\":\"2020-05-03T20:03:19+00:00\",\"dateModified\":\"2022-12-06T21:02:26+00:00\",\"description\":\"Cableado Estructurado - Instalacion - Suministro Patch panel - Patch Cord - Jack - Cable Utp - Bogota - Colombia\",\"breadcrumb\":{\"@id\":\"https:\\\/\\\/cableado-estructurado.com.co\\\/netcomp\\\/producto\\\/nvr-hikvision-ds-7608ni-i2-para-camaras-termicas\\\/#breadcrumb\"},\"inLanguage\":\"es\",\"potentialAction\":[{\"@type\":\"ReadAction\",\"target\":[\"https:\\\/\\\/cableado-estructurado.com.co\\\/netcomp\\\/producto\\\/nvr-hikvision-ds-7608ni-i2-para-camaras-termicas\\\/\"]}]},{\"@type\":\"ImageObject\",\"inLanguage\":\"es\",\"@id\":\"https:\\\/\\\/cableado-estructurado.com.co\\\/netcomp\\\/producto\\\/nvr-hikvision-ds-7608ni-i2-para-camaras-termicas\\\/#primaryimage\",\"url\":\"https:\\\/\\\/cableado-estructurado.com.co\\\/netcomp\\\/wp-content\\\/uploads\\\/2020\\\/05\\\/nvr-grabador-camara-deteccion-fiebre-temperatura-termica-hikvision-ds-7608ni-i2-covid-19-molinete.jpg\",\"contentUrl\":\"https:\\\/\\\/cableado-estructurado.com.co\\\/netcomp\\\/wp-content\\\/uploads\\\/2020\\\/05\\\/nvr-grabador-camara-deteccion-fiebre-temperatura-termica-hikvision-ds-7608ni-i2-covid-19-molinete.jpg\",\"width\":500,\"height\":375,\"caption\":\"NVR HIKVISION DS-7608NI-I2 PARA CAMARAS TERMICAS\"},{\"@type\":\"BreadcrumbList\",\"@id\":\"https:\\\/\\\/cableado-estructurado.com.co\\\/netcomp\\\/producto\\\/nvr-hikvision-ds-7608ni-i2-para-camaras-termicas\\\/#breadcrumb\",\"itemListElement\":[{\"@type\":\"ListItem\",\"position\":1,\"name\":\"Portada\",\"item\":\"https:\\\/\\\/cableado-estructurado.com.co\\\/netcomp\\\/\"},{\"@type\":\"ListItem\",\"position\":2,\"name\":\"Tienda\",\"item\":\"https:\\\/\\\/cableado-estructurado.com.co\\\/netcomp\\\/camaras-cableado-accesorios\\\/\"},{\"@type\":\"ListItem\",\"position\":3,\"name\":\"NVR HIKVISION DS-7608NI-I2 PARA CAMARAS TERMICAS\"}]},{\"@type\":\"WebSite\",\"@id\":\"https:\\\/\\\/cableado-estructurado.com.co\\\/netcomp\\\/#website\",\"url\":\"https:\\\/\\\/cableado-estructurado.com.co\\\/netcomp\\\/\",\"name\":\"Cableado Estructurado Colombia\",\"description\":\"Telefonos:  (+57) 316 878 8749\",\"publisher\":{\"@id\":\"https:\\\/\\\/cableado-estructurado.com.co\\\/netcomp\\\/#organization\"},\"potentialAction\":[{\"@type\":\"SearchAction\",\"target\":{\"@type\":\"EntryPoint\",\"urlTemplate\":\"https:\\\/\\\/cableado-estructurado.com.co\\\/netcomp\\\/?s={search_term_string}\"},\"query-input\":{\"@type\":\"PropertyValueSpecification\",\"valueRequired\":true,\"valueName\":\"search_term_string\"}}],\"inLanguage\":\"es\"},{\"@type\":\"Organization\",\"@id\":\"https:\\\/\\\/cableado-estructurado.com.co\\\/netcomp\\\/#organization\",\"name\":\"Soluciones Tecnologicas MCC SAS\",\"alternateName\":\"MCC\",\"url\":\"https:\\\/\\\/cableado-estructurado.com.co\\\/netcomp\\\/\",\"logo\":{\"@type\":\"ImageObject\",\"inLanguage\":\"es\",\"@id\":\"https:\\\/\\\/cableado-estructurado.com.co\\\/netcomp\\\/#\\\/schema\\\/logo\\\/image\\\/\",\"url\":\"https:\\\/\\\/cableado-estructurado.com.co\\\/netcomp\\\/wp-content\\\/uploads\\\/2023\\\/04\\\/logos-soluciones-1-1.png\",\"contentUrl\":\"https:\\\/\\\/cableado-estructurado.com.co\\\/netcomp\\\/wp-content\\\/uploads\\\/2023\\\/04\\\/logos-soluciones-1-1.png\",\"width\":479,\"height\":100,\"caption\":\"Soluciones Tecnologicas MCC SAS\"},\"image\":{\"@id\":\"https:\\\/\\\/cableado-estructurado.com.co\\\/netcomp\\\/#\\\/schema\\\/logo\\\/image\\\/\"},\"sameAs\":[\"https:\\\/\\\/www.facebook.com\\\/Soluciones-Tecnologicas-MCC-SAS-100746298259981\",\"https:\\\/\\\/www.instagram.com\\\/solucionesmccsas\\\/?hl=es\",\"http:\\\/\\\/www.linkedin.com\\\/in\\\/mauricio-calderon-a78b5a15\"]}]}<\/script>\n<!-- \/ Yoast SEO plugin. -->","yoast_head_json":{"title":"NVR HIKVISION DS-7608NI-I2 PARA CAMARAS TERMICAS - Cableado Estructurado Colombia","description":"Cableado Estructurado - Instalacion - Suministro Patch panel - Patch Cord - Jack - Cable Utp - Bogota - Colombia","robots":{"index":"index","follow":"follow","max-snippet":"max-snippet:-1","max-image-preview":"max-image-preview:large","max-video-preview":"max-video-preview:-1"},"canonical":"https:\/\/cableado-estructurado.com.co\/netcomp\/producto\/nvr-hikvision-ds-7608ni-i2-para-camaras-termicas\/","og_locale":"es_ES","og_type":"article","og_title":"NVR HIKVISION DS-7608NI-I2 PARA CAMARAS TERMICAS - Cableado Estructurado Colombia","og_description":"Cableado Estructurado - Instalacion - Suministro Patch panel - Patch Cord - Jack - Cable Utp - Bogota - Colombia","og_url":"https:\/\/cableado-estructurado.com.co\/netcomp\/producto\/nvr-hikvision-ds-7608ni-i2-para-camaras-termicas\/","og_site_name":"Cableado Estructurado Colombia","article_publisher":"https:\/\/www.facebook.com\/Soluciones-Tecnologicas-MCC-SAS-100746298259981","article_modified_time":"2022-12-06T21:02:26+00:00","og_image":[{"width":500,"height":375,"url":"https:\/\/cableado-estructurado.com.co\/netcomp\/wp-content\/uploads\/2020\/05\/nvr-grabador-camara-deteccion-fiebre-temperatura-termica-hikvision-ds-7608ni-i2-covid-19-molinete.jpg","type":"image\/jpeg"}],"twitter_card":"summary_large_image","twitter_misc":{"Tiempo de lectura":"3 minutos"},"schema":{"@context":"https:\/\/schema.org","@graph":[{"@type":"WebPage","@id":"https:\/\/cableado-estructurado.com.co\/netcomp\/producto\/nvr-hikvision-ds-7608ni-i2-para-camaras-termicas\/","url":"https:\/\/cableado-estructurado.com.co\/netcomp\/producto\/nvr-hikvision-ds-7608ni-i2-para-camaras-termicas\/","name":"NVR HIKVISION DS-7608NI-I2 PARA CAMARAS TERMICAS - Cableado Estructurado Colombia","isPartOf":{"@id":"https:\/\/cableado-estructurado.com.co\/netcomp\/#website"},"primaryImageOfPage":{"@id":"https:\/\/cableado-estructurado.com.co\/netcomp\/producto\/nvr-hikvision-ds-7608ni-i2-para-camaras-termicas\/#primaryimage"},"image":{"@id":"https:\/\/cableado-estructurado.com.co\/netcomp\/producto\/nvr-hikvision-ds-7608ni-i2-para-camaras-termicas\/#primaryimage"},"thumbnailUrl":"https:\/\/cableado-estructurado.com.co\/netcomp\/wp-content\/uploads\/2020\/05\/nvr-grabador-camara-deteccion-fiebre-temperatura-termica-hikvision-ds-7608ni-i2-covid-19-molinete.jpg","datePublished":"2020-05-03T20:03:19+00:00","dateModified":"2022-12-06T21:02:26+00:00","description":"Cableado Estructurado - Instalacion - Suministro Patch panel - Patch Cord - Jack - Cable Utp - Bogota - Colombia","breadcrumb":{"@id":"https:\/\/cableado-estructurado.com.co\/netcomp\/producto\/nvr-hikvision-ds-7608ni-i2-para-camaras-termicas\/#breadcrumb"},"inLanguage":"es","potentialAction":[{"@type":"ReadAction","target":["https:\/\/cableado-estructurado.com.co\/netcomp\/producto\/nvr-hikvision-ds-7608ni-i2-para-camaras-termicas\/"]}]},{"@type":"ImageObject","inLanguage":"es","@id":"https:\/\/cableado-estructurado.com.co\/netcomp\/producto\/nvr-hikvision-ds-7608ni-i2-para-camaras-termicas\/#primaryimage","url":"https:\/\/cableado-estructurado.com.co\/netcomp\/wp-content\/uploads\/2020\/05\/nvr-grabador-camara-deteccion-fiebre-temperatura-termica-hikvision-ds-7608ni-i2-covid-19-molinete.jpg","contentUrl":"https:\/\/cableado-estructurado.com.co\/netcomp\/wp-content\/uploads\/2020\/05\/nvr-grabador-camara-deteccion-fiebre-temperatura-termica-hikvision-ds-7608ni-i2-covid-19-molinete.jpg","width":500,"height":375,"caption":"NVR HIKVISION DS-7608NI-I2 PARA CAMARAS TERMICAS"},{"@type":"BreadcrumbList","@id":"https:\/\/cableado-estructurado.com.co\/netcomp\/producto\/nvr-hikvision-ds-7608ni-i2-para-camaras-termicas\/#breadcrumb","itemListElement":[{"@type":"ListItem","position":1,"name":"Portada","item":"https:\/\/cableado-estructurado.com.co\/netcomp\/"},{"@type":"ListItem","position":2,"name":"Tienda","item":"https:\/\/cableado-estructurado.com.co\/netcomp\/camaras-cableado-accesorios\/"},{"@type":"ListItem","position":3,"name":"NVR HIKVISION DS-7608NI-I2 PARA CAMARAS TERMICAS"}]},{"@type":"WebSite","@id":"https:\/\/cableado-estructurado.com.co\/netcomp\/#website","url":"https:\/\/cableado-estructurado.com.co\/netcomp\/","name":"Cableado Estructurado Colombia","description":"Telefonos:  (+57) 316 878 8749","publisher":{"@id":"https:\/\/cableado-estructurado.com.co\/netcomp\/#organization"},"potentialAction":[{"@type":"SearchAction","target":{"@type":"EntryPoint","urlTemplate":"https:\/\/cableado-estructurado.com.co\/netcomp\/?s={search_term_string}"},"query-input":{"@type":"PropertyValueSpecification","valueRequired":true,"valueName":"search_term_string"}}],"inLanguage":"es"},{"@type":"Organization","@id":"https:\/\/cableado-estructurado.com.co\/netcomp\/#organization","name":"Soluciones Tecnologicas MCC SAS","alternateName":"MCC","url":"https:\/\/cableado-estructurado.com.co\/netcomp\/","logo":{"@type":"ImageObject","inLanguage":"es","@id":"https:\/\/cableado-estructurado.com.co\/netcomp\/#\/schema\/logo\/image\/","url":"https:\/\/cableado-estructurado.com.co\/netcomp\/wp-content\/uploads\/2023\/04\/logos-soluciones-1-1.png","contentUrl":"https:\/\/cableado-estructurado.com.co\/netcomp\/wp-content\/uploads\/2023\/04\/logos-soluciones-1-1.png","width":479,"height":100,"caption":"Soluciones Tecnologicas MCC SAS"},"image":{"@id":"https:\/\/cableado-estructurado.com.co\/netcomp\/#\/schema\/logo\/image\/"},"sameAs":["https:\/\/www.facebook.com\/Soluciones-Tecnologicas-MCC-SAS-100746298259981","https:\/\/www.instagram.com\/solucionesmccsas\/?hl=es","http:\/\/www.linkedin.com\/in\/mauricio-calderon-a78b5a15"]}]}},"jetpack_sharing_enabled":true,"_links":{"self":[{"href":"https:\/\/cableado-estructurado.com.co\/netcomp\/wp-json\/wp\/v2\/product\/21955","targetHints":{"allow":["GET"]}}],"collection":[{"href":"https:\/\/cableado-estructurado.com.co\/netcomp\/wp-json\/wp\/v2\/product"}],"about":[{"href":"https:\/\/cableado-estructurado.com.co\/netcomp\/wp-json\/wp\/v2\/types\/product"}],"replies":[{"embeddable":true,"href":"https:\/\/cableado-estructurado.com.co\/netcomp\/wp-json\/wp\/v2\/comments?post=21955"}],"wp:featuredmedia":[{"embeddable":true,"href":"https:\/\/cableado-estructurado.com.co\/netcomp\/wp-json\/wp\/v2\/media\/21957"}],"wp:attachment":[{"href":"https:\/\/cableado-estructurado.com.co\/netcomp\/wp-json\/wp\/v2\/media?parent=21955"}],"wp:term":[{"taxonomy":"product_brand","embeddable":true,"href":"https:\/\/cableado-estructurado.com.co\/netcomp\/wp-json\/wp\/v2\/product_brand?post=21955"},{"taxonomy":"product_cat","embeddable":true,"href":"https:\/\/cableado-estructurado.com.co\/netcomp\/wp-json\/wp\/v2\/product_cat?post=21955"},{"taxonomy":"product_tag","embeddable":true,"href":"https:\/\/cableado-estructurado.com.co\/netcomp\/wp-json\/wp\/v2\/product_tag?post=21955"}],"curies":[{"name":"wp","href":"https:\/\/api.w.org\/{rel}","templated":true}]}}