{"id":21959,"date":"2020-05-03T16:39:40","date_gmt":"2020-05-03T21:39:40","guid":{"rendered":"https:\/\/cableado-estructurado.com.co\/netcomp\/?post_type=product&#038;p=21959"},"modified":"2022-12-01T03:21:28","modified_gmt":"2022-12-01T08:21:28","slug":"nvr-hikvision-ids-7608nxi-i2-8f-para-camaras-termicas","status":"publish","type":"product","link":"https:\/\/cableado-estructurado.com.co\/netcomp\/producto\/nvr-hikvision-ids-7608nxi-i2-8f-para-camaras-termicas\/","title":{"rendered":"NVR HIKVISION iDS-7608NXI-I2\/8F PARA CAMARAS TERMICAS"},"content":{"rendered":"<h1 style=\"text-align: center;\"><span style=\"color: #333399;\">Camaras Termicas Hikvision<\/span><\/h1>\n<h1><\/h1>\n<h1 style=\"text-align: center;\"><span style=\"color: #333399;\">NVR HIKVISION iDS-7608NXI-I2\/8F PARA CAMARAS TERMICAS\u00a0 &#8211; DETECCION DE FIEBRE &#8211; COVID-19<br \/>\n<\/span><\/h1>\n<p>&nbsp;<\/p>\n<p>&nbsp;<\/p>\n<h2 style=\"text-align: center;\"><span style=\"color: #333399;\">Para Deteccion de Temperatura Corporal &#8211; Fiebre &#8211; Reemplaza a los Termometros Infrarojos<\/span><\/h2>\n<p>&nbsp;<\/p>\n<p>&nbsp;<\/p>\n<div id=\"attachment_21905\" style=\"width: 851px\" class=\"wp-caption aligncenter\"><a href=\"https:\/\/cableado-estructurado.com.co\/netcomp\/wp-content\/uploads\/2020\/05\/camara-termica-hikvision-ds-2td2636b-deteccion-fiebre-covid-19.jpg\"><img loading=\"lazy\" decoding=\"async\" aria-describedby=\"caption-attachment-21905\" class=\"wp-image-21905 \" src=\"https:\/\/cableado-estructurado.com.co\/netcomp\/wp-content\/uploads\/2020\/05\/camara-termica-hikvision-ds-2td2636b-deteccion-fiebre-covid-19.jpg\" alt=\"\" width=\"841\" height=\"376\" \/><\/a><p id=\"caption-attachment-21905\" class=\"wp-caption-text\">Solucion Deteccion Temperatura Fiebre Hikvision<\/p><\/div>\n<p>&nbsp;<\/p>\n<p>&nbsp;<\/p>\n<h2>Automatice la Deteccion de Fiebre Con Camaras Termograficas Hikvision<\/h2>\n<p>&nbsp;<\/p>\n<h2>La opcion de Automatizacion a Los Termometros Infrarojos a Distancia<\/h2>\n<p>&nbsp;<\/p>\n<ul>\n<li>\n<h3>Para Camaras Termicas Detecci\u00f3n de Temperatura Corporal<\/h3>\n<\/li>\n<li>\n<h3>Deteccion de Fiebre<\/h3>\n<\/li>\n<li>\n<h3>Reconocimiento Facial<\/h3>\n<\/li>\n<\/ul>\n<p>&nbsp;<\/p>\n<h3><span style=\"color: #333399;\">CARACTERISTICAS : <\/span><\/h3>\n<h2><span style=\"color: #333399;\">NVR HIKVISION iDS-7608NXI-I2\/8F PARA CAMARAS TERMICAS\u00a0 -DETECCION DE FIEBRE &#8211; COVID-19<\/span><\/h2>\n<p>&nbsp;<\/p>\n<h3 style=\"text-align: center;\"><span style=\"color: #333399;\"><strong>Caracter\u00edsticas del NVR Hikvision <\/strong><\/span><span style=\"color: #333399;\">DS-7608NXI-I2\/8F<\/span><span style=\"color: #333399;\"><strong>:<\/strong><\/span><\/h3>\n<ul>\n<li>Gesti\u00f3n de almacenamiento de im\u00e1genes (rostros) de gran capacidad.<\/li>\n<li>Comparaci\u00f3n de rostros (base de datos) y accion de evento (alarmas).<\/li>\n<li>Reconocimiento f\u00e1cil y an\u00e1lisis mas precisos basados en algoritmos de Deep Learning (algoritmo de aprendizaje).<\/li>\n<li>Alarmas de audio, aviso al centro de monitoreo (iVMS-4200, envi\u00f3 de correo electr\u00f3nico y salidas de alarma).<\/li>\n<li>Compatible con Hik-Connect (P2P)<\/li>\n<\/ul>\n<h3 style=\"text-align: center;\"><span style=\"color: #333399;\"><strong>Capacidad de procesamiento y funciones de red:<\/strong><\/span><\/h3>\n<ul>\n<li>Throughput entrada: 80 Mbps.<\/li>\n<li>Throughput salida: 256 Mbps.<\/li>\n<li>El Modo Extendido solo puede alimentar c\u00e1maras IP fijas (no\u00a0PTZ)<\/li>\n<li>1 puerto red 10 \/ 100 \/ 1000 Mbps. (LAN).<\/li>\n<li>8 Puertos PoE Interconstruidos 802.3 af\/at.<\/li>\n<li>M\u00e1xima capacidad de suministros en puertos PoE: 120 W.<\/li>\n<li>Soporta compresi\u00f3n: H.265+ \/ H.265 \/ H.264+ \/ H.264.<\/li>\n<li>Soporta resoluci\u00f3n: 12MP \/ 8 MP \/ 6 MP \/ 5 MP \/ 4 MP \/ 3 MP \/ 1080p \/ 720p.<\/li>\n<li>Entrada y salida de alarmas: 4 \/ 1.<\/li>\n<\/ul>\n<h3 style=\"text-align: center;\"><span style=\"color: #333399;\"><strong>Caracter\u00edsticas F\u00edsicas y El\u00e9ctricas:<\/strong><\/span><\/h3>\n<p>&nbsp;<\/p>\n<ul>\n<li>Alimentaci\u00f3n y consumo: 100 a 240 VAC.<\/li>\n<li>Temperatura de operaci\u00f3n: -10\u00ba a 55\u00ba C.<\/li>\n<li>Dimensiones: 385 x 315 x 52 mm.<\/li>\n<li>Peso: 3 kg.<\/li>\n<li>Soporta 2 HDD\u00b4s de hasta 6 TB. (no incluido).<\/li>\n<li>Garant\u00eda: 3 a\u00f1os.<\/li>\n<li>Salida HDMI: 4K \/ 2K \/ 1080p \/ 720p.<\/li>\n<li>Salida independiente HDMI y VGA.<\/li>\n<li>Entrada de Audio: 1 Canal.<\/li>\n<li>Salida de Audio: 1 Canal.<\/li>\n<li>Soporta audio bidireccional (audio de dos v\u00edas).<\/li>\n<\/ul>\n<p>&nbsp;<\/p>\n<h3><span style=\"color: #333399;\"><strong>Caracter\u00edsticas Destacadas:<\/strong><\/span><\/h3>\n<p>&nbsp;<\/p>\n<ul>\n<li>Podemos almacenar hasta 16 librer\u00edas.<\/li>\n<li>Podemos almacenar hasta 100,000 im\u00e1genes (fotos).<\/li>\n<li>8 canales de video con reconocimiento de rostros.<\/li>\n<li>Al momento de detectar la c\u00e1mara el rostro y coincide con un rostros en la base de datos podemos: grabar, notificar al software (iVMS-4200), envi\u00f3 de email, activar alguna salida de alarma, etc.<\/li>\n<li>Se recomienda colocar el modelo de camara DS-2CD7126G0-IZS o DS-2CD7A26G0-IZS para poder tener los 8 canales de video con la funcion de reconocimiento facial. Cada camara permite tener un canal con reconocimiento facial.<\/li>\n<li>Podemos tener hasta 4 canales de reconocimiento facial si manejamos camaras de la serie 2.0+ o easy IP 3.0.<\/li>\n<\/ul>\n<p>&nbsp;<\/p>\n<h2 style=\"text-align: center;\"><strong><span style=\"color: #333399;\">SOMOS INGENIEROS CERTIFICADOS EN SOLUCIONES DE CONTROL DE ACCESO HIKVISION<\/span> <\/strong><\/h2>\n<h2><\/h2>\n<h2 style=\"text-align: center;\"><strong><span style=\"color: #333399;\">NOS ESPECIALIZAMOS EN SOLUCIONES CORPORATIVAS INTEGRALES :<\/span> <\/strong><\/h2>\n<p>&nbsp;<\/p>\n<ul>\n<li>\n<h3><strong>Videovigilancia <\/strong><\/h3>\n<\/li>\n<li>\n<h3><strong>CCTV <\/strong><\/h3>\n<\/li>\n<li>\n<h3><strong>Redes <\/strong><\/h3>\n<\/li>\n<li>\n<h3><strong>Servidores <\/strong><\/h3>\n<\/li>\n<li>\n<h3><strong>Almacenamiento <\/strong><\/h3>\n<\/li>\n<li>\n<h3><strong>Cableado Estructurado<\/strong><\/h3>\n<\/li>\n<\/ul>\n<p>&nbsp;<\/p>\n<h2><strong>Para Disponibilidad y Pedidos, Contactanos!<\/strong><\/h2>\n<p>&nbsp;<\/p>\n<p><a href=\"https:\/\/api.whatsapp.com\/send?phone=573168788749\" target=\"_blank\" rel=\"noopener\"><img loading=\"lazy\" decoding=\"async\" class=\"aligncenter wp-image-20467\" src=\"https:\/\/cableado-estructurado.com.co\/netcomp\/wp-content\/uploads\/2018\/07\/whatsapp-logo-mensaje.jpg\" alt=\"\" width=\"290\" height=\"220\" \/><\/a><\/p>\n<p><img loading=\"lazy\" decoding=\"async\" class=\"aligncenter\" src=\"https:\/\/netcomp.co\/img\/cms\/boton%20contacto%20paginas%20-%20netcomp3.jpg\" alt=\"contactanos\" width=\"406\" height=\"117\" \/><\/p>\n<p>&nbsp;<\/p>\n<p>&nbsp;<\/p>\n<h2><span style=\"color: #333399;\"><strong>Especificaciones Tecnicas :\u00a0\u00a0\u00a0\u00a0\u00a0 <\/strong><\/span><\/h2>\n<h2><span style=\"color: #333399;\"><strong>NVR Para Con Camaras Termicas Hikvision<\/strong><\/span><\/h2>\n<p>&nbsp;<\/p>\n<h3><a title=\"Especificaciones Tecnicas Camara Termica Dahua\" href=\"https:\/\/cableado-estructurado.com.co\/netcomp\/wp-content\/uploads\/2020\/04\/camaras-termicas-dahua-DSS_Express_S_VideoManagementSoftware_v001_002.pdf\" target=\"_blank\" rel=\"noopener\">[wpdm_package id=&#8217;21908&#8242;]<\/a><\/h3>\n<h3>[wpdm_package id=&#8217;21960&#8242;]<\/h3>\n","protected":false},"excerpt":{"rendered":"<h2><span style=\"color: #333399;\">NVR HIKVISION iDS-7608NXI-I2\/8F CAMARAS TERMICAS\u00a0 &#8211; DETECCION DE FIEBRE &#8211; COVID-19<\/span><\/h2>\n<h2><span style=\"color: #333399;\">\u00a0<\/span><\/h2>\n<h2><span style=\"color: #333399;\">\u00a0<\/span><\/h2>\n<h2><span style=\"color: #333399;\">\u00a0<\/span><\/h2>\n<h2><span style=\"color: #333399;\">\u00a0<\/span><\/h2>\n","protected":false},"featured_media":21962,"comment_status":"open","ping_status":"closed","template":"","meta":{"_et_pb_use_builder":"","_et_pb_old_content":"","_et_gb_content_width":""},"product_brand":[],"product_cat":[21102],"product_tag":[21291,21248,21243,21290,21247,21289,21293,21244,21232,21249,21296,21297,21295,21236,21246,21234,21233],"class_list":{"0":"post-21959","1":"product","2":"type-product","3":"status-publish","4":"has-post-thumbnail","6":"product_cat-camaras-de-videovigilancia","7":"product_tag-arco-de-entrada-deteccion-fiebre-hikvision","8":"product_tag-camara-deteccion-temperatura","9":"product_tag-camara-termica","10":"product_tag-camara-termica-hikvision","11":"product_tag-camara-termografica","12":"product_tag-camara-termografica-hikvision","13":"product_tag-control-de-acceso-deteccion-de-temperatura","14":"product_tag-deteccion-fiebre","15":"product_tag-deteccion-temperatura-corporal","16":"product_tag-deteccion-temperatura-covid","17":"product_tag-grabador-hikvision-camaras-termicas","18":"product_tag-nvr-camaras-termicas-hikvision","19":"product_tag-nvr-hikvision","20":"product_tag-precio-termometro-bogota","21":"product_tag-termometro-a-distancia","22":"product_tag-termometro-de-distancia","23":"product_tag-termometro-infrarojo","25":"first","26":"instock","27":"taxable","28":"shipping-taxable","29":"product-type-simple"},"yoast_head":"<!-- This site is optimized with the Yoast SEO plugin v27.5 - https:\/\/yoast.com\/product\/yoast-seo-wordpress\/ -->\n<title>NVR HIKVISION iDS-7608NXI-I2\/8F PARA CAMARAS TERMICAS - Cableado Estructurado Colombia<\/title>\n<meta name=\"description\" content=\"Cableado Estructurado - Instalacion - Suministro Patch panel - Patch Cord - Jack - Cable Utp - Bogota - Colombia\" \/>\n<meta name=\"robots\" content=\"index, follow, max-snippet:-1, max-image-preview:large, max-video-preview:-1\" \/>\n<link rel=\"canonical\" href=\"https:\/\/cableado-estructurado.com.co\/netcomp\/producto\/nvr-hikvision-ids-7608nxi-i2-8f-para-camaras-termicas\/\" \/>\n<meta property=\"og:locale\" content=\"es_ES\" \/>\n<meta property=\"og:type\" content=\"article\" \/>\n<meta property=\"og:title\" content=\"NVR HIKVISION iDS-7608NXI-I2\/8F PARA CAMARAS TERMICAS - Cableado Estructurado Colombia\" \/>\n<meta property=\"og:description\" content=\"Cableado Estructurado - Instalacion - Suministro Patch panel - Patch Cord - Jack - Cable Utp - Bogota - Colombia\" \/>\n<meta property=\"og:url\" content=\"https:\/\/cableado-estructurado.com.co\/netcomp\/producto\/nvr-hikvision-ids-7608nxi-i2-8f-para-camaras-termicas\/\" \/>\n<meta property=\"og:site_name\" content=\"Cableado Estructurado Colombia\" \/>\n<meta property=\"article:publisher\" content=\"https:\/\/www.facebook.com\/Soluciones-Tecnologicas-MCC-SAS-100746298259981\" \/>\n<meta property=\"article:modified_time\" content=\"2022-12-01T08:21:28+00:00\" \/>\n<meta property=\"og:image\" content=\"https:\/\/cableado-estructurado.com.co\/netcomp\/wp-content\/uploads\/2020\/05\/nvr-grabador-camara-deteccion-fiebre-temperatura-termica-hikvision-ids-7608nxi-i2-8f-covid-19-molinete-e1589690898389.jpg\" \/>\n\t<meta property=\"og:image:width\" content=\"275\" \/>\n\t<meta property=\"og:image:height\" content=\"91\" \/>\n\t<meta property=\"og:image:type\" content=\"image\/jpeg\" \/>\n<meta name=\"twitter:card\" content=\"summary_large_image\" \/>\n<meta name=\"twitter:label1\" content=\"Tiempo de lectura\" \/>\n\t<meta name=\"twitter:data1\" content=\"2 minutos\" \/>\n<script type=\"application\/ld+json\" class=\"yoast-schema-graph\">{\"@context\":\"https:\\\/\\\/schema.org\",\"@graph\":[{\"@type\":\"WebPage\",\"@id\":\"https:\\\/\\\/cableado-estructurado.com.co\\\/netcomp\\\/producto\\\/nvr-hikvision-ids-7608nxi-i2-8f-para-camaras-termicas\\\/\",\"url\":\"https:\\\/\\\/cableado-estructurado.com.co\\\/netcomp\\\/producto\\\/nvr-hikvision-ids-7608nxi-i2-8f-para-camaras-termicas\\\/\",\"name\":\"NVR HIKVISION iDS-7608NXI-I2\\\/8F PARA CAMARAS TERMICAS - Cableado Estructurado Colombia\",\"isPartOf\":{\"@id\":\"https:\\\/\\\/cableado-estructurado.com.co\\\/netcomp\\\/#website\"},\"primaryImageOfPage\":{\"@id\":\"https:\\\/\\\/cableado-estructurado.com.co\\\/netcomp\\\/producto\\\/nvr-hikvision-ids-7608nxi-i2-8f-para-camaras-termicas\\\/#primaryimage\"},\"image\":{\"@id\":\"https:\\\/\\\/cableado-estructurado.com.co\\\/netcomp\\\/producto\\\/nvr-hikvision-ids-7608nxi-i2-8f-para-camaras-termicas\\\/#primaryimage\"},\"thumbnailUrl\":\"https:\\\/\\\/cableado-estructurado.com.co\\\/netcomp\\\/wp-content\\\/uploads\\\/2020\\\/05\\\/nvr-grabador-camara-deteccion-fiebre-temperatura-termica-hikvision-ids-7608nxi-i2-8f-covid-19-molinete-e1589690898389.jpg\",\"datePublished\":\"2020-05-03T21:39:40+00:00\",\"dateModified\":\"2022-12-01T08:21:28+00:00\",\"description\":\"Cableado Estructurado - Instalacion - Suministro Patch panel - Patch Cord - Jack - Cable Utp - Bogota - Colombia\",\"breadcrumb\":{\"@id\":\"https:\\\/\\\/cableado-estructurado.com.co\\\/netcomp\\\/producto\\\/nvr-hikvision-ids-7608nxi-i2-8f-para-camaras-termicas\\\/#breadcrumb\"},\"inLanguage\":\"es\",\"potentialAction\":[{\"@type\":\"ReadAction\",\"target\":[\"https:\\\/\\\/cableado-estructurado.com.co\\\/netcomp\\\/producto\\\/nvr-hikvision-ids-7608nxi-i2-8f-para-camaras-termicas\\\/\"]}]},{\"@type\":\"ImageObject\",\"inLanguage\":\"es\",\"@id\":\"https:\\\/\\\/cableado-estructurado.com.co\\\/netcomp\\\/producto\\\/nvr-hikvision-ids-7608nxi-i2-8f-para-camaras-termicas\\\/#primaryimage\",\"url\":\"https:\\\/\\\/cableado-estructurado.com.co\\\/netcomp\\\/wp-content\\\/uploads\\\/2020\\\/05\\\/nvr-grabador-camara-deteccion-fiebre-temperatura-termica-hikvision-ids-7608nxi-i2-8f-covid-19-molinete-e1589690898389.jpg\",\"contentUrl\":\"https:\\\/\\\/cableado-estructurado.com.co\\\/netcomp\\\/wp-content\\\/uploads\\\/2020\\\/05\\\/nvr-grabador-camara-deteccion-fiebre-temperatura-termica-hikvision-ids-7608nxi-i2-8f-covid-19-molinete-e1589690898389.jpg\",\"width\":275,\"height\":91,\"caption\":\"NVR HIKVISION iDS-7608NXI-I2\\\/8F PARA CAMARAS TERMICAS -DETECCION DE FIEBRE - COVID-19\"},{\"@type\":\"BreadcrumbList\",\"@id\":\"https:\\\/\\\/cableado-estructurado.com.co\\\/netcomp\\\/producto\\\/nvr-hikvision-ids-7608nxi-i2-8f-para-camaras-termicas\\\/#breadcrumb\",\"itemListElement\":[{\"@type\":\"ListItem\",\"position\":1,\"name\":\"Portada\",\"item\":\"https:\\\/\\\/cableado-estructurado.com.co\\\/netcomp\\\/\"},{\"@type\":\"ListItem\",\"position\":2,\"name\":\"Tienda\",\"item\":\"https:\\\/\\\/cableado-estructurado.com.co\\\/netcomp\\\/camaras-cableado-accesorios\\\/\"},{\"@type\":\"ListItem\",\"position\":3,\"name\":\"NVR HIKVISION iDS-7608NXI-I2\\\/8F PARA CAMARAS TERMICAS\"}]},{\"@type\":\"WebSite\",\"@id\":\"https:\\\/\\\/cableado-estructurado.com.co\\\/netcomp\\\/#website\",\"url\":\"https:\\\/\\\/cableado-estructurado.com.co\\\/netcomp\\\/\",\"name\":\"Cableado Estructurado Colombia\",\"description\":\"Telefonos:  (+57) 316 878 8749\",\"publisher\":{\"@id\":\"https:\\\/\\\/cableado-estructurado.com.co\\\/netcomp\\\/#organization\"},\"potentialAction\":[{\"@type\":\"SearchAction\",\"target\":{\"@type\":\"EntryPoint\",\"urlTemplate\":\"https:\\\/\\\/cableado-estructurado.com.co\\\/netcomp\\\/?s={search_term_string}\"},\"query-input\":{\"@type\":\"PropertyValueSpecification\",\"valueRequired\":true,\"valueName\":\"search_term_string\"}}],\"inLanguage\":\"es\"},{\"@type\":\"Organization\",\"@id\":\"https:\\\/\\\/cableado-estructurado.com.co\\\/netcomp\\\/#organization\",\"name\":\"Soluciones Tecnologicas MCC SAS\",\"alternateName\":\"MCC\",\"url\":\"https:\\\/\\\/cableado-estructurado.com.co\\\/netcomp\\\/\",\"logo\":{\"@type\":\"ImageObject\",\"inLanguage\":\"es\",\"@id\":\"https:\\\/\\\/cableado-estructurado.com.co\\\/netcomp\\\/#\\\/schema\\\/logo\\\/image\\\/\",\"url\":\"https:\\\/\\\/cableado-estructurado.com.co\\\/netcomp\\\/wp-content\\\/uploads\\\/2023\\\/04\\\/logos-soluciones-1-1.png\",\"contentUrl\":\"https:\\\/\\\/cableado-estructurado.com.co\\\/netcomp\\\/wp-content\\\/uploads\\\/2023\\\/04\\\/logos-soluciones-1-1.png\",\"width\":479,\"height\":100,\"caption\":\"Soluciones Tecnologicas MCC SAS\"},\"image\":{\"@id\":\"https:\\\/\\\/cableado-estructurado.com.co\\\/netcomp\\\/#\\\/schema\\\/logo\\\/image\\\/\"},\"sameAs\":[\"https:\\\/\\\/www.facebook.com\\\/Soluciones-Tecnologicas-MCC-SAS-100746298259981\",\"https:\\\/\\\/www.instagram.com\\\/solucionesmccsas\\\/?hl=es\",\"http:\\\/\\\/www.linkedin.com\\\/in\\\/mauricio-calderon-a78b5a15\"]}]}<\/script>\n<!-- \/ Yoast SEO plugin. -->","yoast_head_json":{"title":"NVR HIKVISION iDS-7608NXI-I2\/8F PARA CAMARAS TERMICAS - Cableado Estructurado Colombia","description":"Cableado Estructurado - Instalacion - Suministro Patch panel - Patch Cord - Jack - Cable Utp - Bogota - Colombia","robots":{"index":"index","follow":"follow","max-snippet":"max-snippet:-1","max-image-preview":"max-image-preview:large","max-video-preview":"max-video-preview:-1"},"canonical":"https:\/\/cableado-estructurado.com.co\/netcomp\/producto\/nvr-hikvision-ids-7608nxi-i2-8f-para-camaras-termicas\/","og_locale":"es_ES","og_type":"article","og_title":"NVR HIKVISION iDS-7608NXI-I2\/8F PARA CAMARAS TERMICAS - Cableado Estructurado Colombia","og_description":"Cableado Estructurado - Instalacion - Suministro Patch panel - Patch Cord - Jack - Cable Utp - Bogota - Colombia","og_url":"https:\/\/cableado-estructurado.com.co\/netcomp\/producto\/nvr-hikvision-ids-7608nxi-i2-8f-para-camaras-termicas\/","og_site_name":"Cableado Estructurado Colombia","article_publisher":"https:\/\/www.facebook.com\/Soluciones-Tecnologicas-MCC-SAS-100746298259981","article_modified_time":"2022-12-01T08:21:28+00:00","og_image":[{"width":275,"height":91,"url":"https:\/\/cableado-estructurado.com.co\/netcomp\/wp-content\/uploads\/2020\/05\/nvr-grabador-camara-deteccion-fiebre-temperatura-termica-hikvision-ids-7608nxi-i2-8f-covid-19-molinete-e1589690898389.jpg","type":"image\/jpeg"}],"twitter_card":"summary_large_image","twitter_misc":{"Tiempo de lectura":"2 minutos"},"schema":{"@context":"https:\/\/schema.org","@graph":[{"@type":"WebPage","@id":"https:\/\/cableado-estructurado.com.co\/netcomp\/producto\/nvr-hikvision-ids-7608nxi-i2-8f-para-camaras-termicas\/","url":"https:\/\/cableado-estructurado.com.co\/netcomp\/producto\/nvr-hikvision-ids-7608nxi-i2-8f-para-camaras-termicas\/","name":"NVR HIKVISION iDS-7608NXI-I2\/8F PARA CAMARAS TERMICAS - Cableado Estructurado Colombia","isPartOf":{"@id":"https:\/\/cableado-estructurado.com.co\/netcomp\/#website"},"primaryImageOfPage":{"@id":"https:\/\/cableado-estructurado.com.co\/netcomp\/producto\/nvr-hikvision-ids-7608nxi-i2-8f-para-camaras-termicas\/#primaryimage"},"image":{"@id":"https:\/\/cableado-estructurado.com.co\/netcomp\/producto\/nvr-hikvision-ids-7608nxi-i2-8f-para-camaras-termicas\/#primaryimage"},"thumbnailUrl":"https:\/\/cableado-estructurado.com.co\/netcomp\/wp-content\/uploads\/2020\/05\/nvr-grabador-camara-deteccion-fiebre-temperatura-termica-hikvision-ids-7608nxi-i2-8f-covid-19-molinete-e1589690898389.jpg","datePublished":"2020-05-03T21:39:40+00:00","dateModified":"2022-12-01T08:21:28+00:00","description":"Cableado Estructurado - Instalacion - Suministro Patch panel - Patch Cord - Jack - Cable Utp - Bogota - Colombia","breadcrumb":{"@id":"https:\/\/cableado-estructurado.com.co\/netcomp\/producto\/nvr-hikvision-ids-7608nxi-i2-8f-para-camaras-termicas\/#breadcrumb"},"inLanguage":"es","potentialAction":[{"@type":"ReadAction","target":["https:\/\/cableado-estructurado.com.co\/netcomp\/producto\/nvr-hikvision-ids-7608nxi-i2-8f-para-camaras-termicas\/"]}]},{"@type":"ImageObject","inLanguage":"es","@id":"https:\/\/cableado-estructurado.com.co\/netcomp\/producto\/nvr-hikvision-ids-7608nxi-i2-8f-para-camaras-termicas\/#primaryimage","url":"https:\/\/cableado-estructurado.com.co\/netcomp\/wp-content\/uploads\/2020\/05\/nvr-grabador-camara-deteccion-fiebre-temperatura-termica-hikvision-ids-7608nxi-i2-8f-covid-19-molinete-e1589690898389.jpg","contentUrl":"https:\/\/cableado-estructurado.com.co\/netcomp\/wp-content\/uploads\/2020\/05\/nvr-grabador-camara-deteccion-fiebre-temperatura-termica-hikvision-ids-7608nxi-i2-8f-covid-19-molinete-e1589690898389.jpg","width":275,"height":91,"caption":"NVR HIKVISION iDS-7608NXI-I2\/8F PARA CAMARAS TERMICAS -DETECCION DE FIEBRE - COVID-19"},{"@type":"BreadcrumbList","@id":"https:\/\/cableado-estructurado.com.co\/netcomp\/producto\/nvr-hikvision-ids-7608nxi-i2-8f-para-camaras-termicas\/#breadcrumb","itemListElement":[{"@type":"ListItem","position":1,"name":"Portada","item":"https:\/\/cableado-estructurado.com.co\/netcomp\/"},{"@type":"ListItem","position":2,"name":"Tienda","item":"https:\/\/cableado-estructurado.com.co\/netcomp\/camaras-cableado-accesorios\/"},{"@type":"ListItem","position":3,"name":"NVR HIKVISION iDS-7608NXI-I2\/8F PARA CAMARAS TERMICAS"}]},{"@type":"WebSite","@id":"https:\/\/cableado-estructurado.com.co\/netcomp\/#website","url":"https:\/\/cableado-estructurado.com.co\/netcomp\/","name":"Cableado Estructurado Colombia","description":"Telefonos:  (+57) 316 878 8749","publisher":{"@id":"https:\/\/cableado-estructurado.com.co\/netcomp\/#organization"},"potentialAction":[{"@type":"SearchAction","target":{"@type":"EntryPoint","urlTemplate":"https:\/\/cableado-estructurado.com.co\/netcomp\/?s={search_term_string}"},"query-input":{"@type":"PropertyValueSpecification","valueRequired":true,"valueName":"search_term_string"}}],"inLanguage":"es"},{"@type":"Organization","@id":"https:\/\/cableado-estructurado.com.co\/netcomp\/#organization","name":"Soluciones Tecnologicas MCC SAS","alternateName":"MCC","url":"https:\/\/cableado-estructurado.com.co\/netcomp\/","logo":{"@type":"ImageObject","inLanguage":"es","@id":"https:\/\/cableado-estructurado.com.co\/netcomp\/#\/schema\/logo\/image\/","url":"https:\/\/cableado-estructurado.com.co\/netcomp\/wp-content\/uploads\/2023\/04\/logos-soluciones-1-1.png","contentUrl":"https:\/\/cableado-estructurado.com.co\/netcomp\/wp-content\/uploads\/2023\/04\/logos-soluciones-1-1.png","width":479,"height":100,"caption":"Soluciones Tecnologicas MCC SAS"},"image":{"@id":"https:\/\/cableado-estructurado.com.co\/netcomp\/#\/schema\/logo\/image\/"},"sameAs":["https:\/\/www.facebook.com\/Soluciones-Tecnologicas-MCC-SAS-100746298259981","https:\/\/www.instagram.com\/solucionesmccsas\/?hl=es","http:\/\/www.linkedin.com\/in\/mauricio-calderon-a78b5a15"]}]}},"jetpack_sharing_enabled":true,"_links":{"self":[{"href":"https:\/\/cableado-estructurado.com.co\/netcomp\/wp-json\/wp\/v2\/product\/21959","targetHints":{"allow":["GET"]}}],"collection":[{"href":"https:\/\/cableado-estructurado.com.co\/netcomp\/wp-json\/wp\/v2\/product"}],"about":[{"href":"https:\/\/cableado-estructurado.com.co\/netcomp\/wp-json\/wp\/v2\/types\/product"}],"replies":[{"embeddable":true,"href":"https:\/\/cableado-estructurado.com.co\/netcomp\/wp-json\/wp\/v2\/comments?post=21959"}],"wp:featuredmedia":[{"embeddable":true,"href":"https:\/\/cableado-estructurado.com.co\/netcomp\/wp-json\/wp\/v2\/media\/21962"}],"wp:attachment":[{"href":"https:\/\/cableado-estructurado.com.co\/netcomp\/wp-json\/wp\/v2\/media?parent=21959"}],"wp:term":[{"taxonomy":"product_brand","embeddable":true,"href":"https:\/\/cableado-estructurado.com.co\/netcomp\/wp-json\/wp\/v2\/product_brand?post=21959"},{"taxonomy":"product_cat","embeddable":true,"href":"https:\/\/cableado-estructurado.com.co\/netcomp\/wp-json\/wp\/v2\/product_cat?post=21959"},{"taxonomy":"product_tag","embeddable":true,"href":"https:\/\/cableado-estructurado.com.co\/netcomp\/wp-json\/wp\/v2\/product_tag?post=21959"}],"curies":[{"name":"wp","href":"https:\/\/api.w.org\/{rel}","templated":true}]}}