{"id":22108,"date":"2021-04-07T09:11:22","date_gmt":"2021-04-07T14:11:22","guid":{"rendered":"https:\/\/cableado-estructurado.com.co\/netcomp\/?post_type=product&#038;p=22108"},"modified":"2021-04-07T09:21:55","modified_gmt":"2021-04-07T14:21:55","slug":"switch-hp-5500-48g","status":"publish","type":"product","link":"https:\/\/cableado-estructurado.com.co\/netcomp\/producto\/switch-hp-5500-48g\/","title":{"rendered":"Switch HP 5500-48G"},"content":{"rendered":"<div class=\"ccs-cc-inline-features-block ccs-cc-inline-single-feature\">\n<h1 style=\"text-align: center;\"><strong><span style=\"color: #2445a2;\">Switch HP 5500-48G-N\/P:<\/span><span style=\"color: #2445a2;\">JD375A\u00a0<\/span><\/strong><\/h1>\n<h1 style=\"text-align: center;\"><strong><span style=\"color: #2445a2;\">-1 A\u00d1O DE GARANTIA\u00a0<\/span><\/strong><\/h1>\n<h2><span style=\"color: #000000;\">\u00a0<\/span><\/h2>\n<div id=\"header-ff810c\" class=\"ccs-cc-inline-section ccs-cc-inline-header\" data-elementid=\"inline-content-header[hpe]\" data-context=\"{&quot;mobile&quot;:false}\" data-ccs-cc-inline-jumplink=\"Visi\u00f3n general\" data-display-mode=\"noheader\">\n<div class=\"ccs-cc-inline-header-layout\" data-type=\"text\">\n<h2 class=\"ccs-cc-inline-header-description\"><span style=\"color: #000000;\">La serie de switches HPE 5500 EI ofrece capacidad de resistencia, seguridad y soporte de servicios m\u00faltiples en la capa perimetral de redes de campus y sucursales de gran tama\u00f1o. El HPE 5500 EI proporciona flexibilidad, escalabilidad y un costo total de propiedad (TCO) bajo con un s\u00f3lido conjunto de caracter\u00edsticas compatibles con el apilamiento IRF, el enrutamiento est\u00e1tico y RIP, OSPF, BGP; IS-IS, PoE+, ACL e IPv6. La serie de switches 5500 EI se puede gestionar con HPE Intelligent Management Center (IMC) para acceder a una sola vista de toda su red.<\/span><\/h2>\n<h2><\/h2>\n<\/div>\n<\/div>\n<\/div>\n<h2 style=\"text-align: center;\"><strong><span style=\"color: #333399;\">NOS ESPECIALIZAMOS EN SOLUCIONES CORPORATIVAS INTEGRALES :<\/span> <\/strong><\/h2>\n<p>&nbsp;<\/p>\n<ul>\n<li>\n<h3><strong>Videovigilancia <\/strong><\/h3>\n<\/li>\n<li>\n<h3><strong>CCTV <\/strong><\/h3>\n<\/li>\n<li>\n<h3><strong>Redes <\/strong><\/h3>\n<\/li>\n<li>\n<h3><strong>Servidores <\/strong><\/h3>\n<\/li>\n<li>\n<h3><strong>Almacenamiento <\/strong><\/h3>\n<\/li>\n<li>\n<h3><strong>Cableado Estructurado<\/strong><\/h3>\n<\/li>\n<\/ul>\n<p>&nbsp;<\/p>\n<h2><strong>Para Disponibilidad y Pedidos, Contactanos!<\/strong><\/h2>\n<p>&nbsp;<\/p>\n<p><a href=\"https:\/\/api.whatsapp.com\/send?phone=573168788749\" target=\"_blank\" rel=\"noopener\"><img loading=\"lazy\" decoding=\"async\" class=\"aligncenter wp-image-20467\" src=\"https:\/\/cableado-estructurado.com.co\/netcomp\/wp-content\/uploads\/2018\/07\/whatsapp-logo-mensaje.jpg\" alt=\"\" width=\"290\" height=\"220\" \/><\/a><\/p>\n<p><a href=\"https:\/\/cableado-estructurado.com.co\/netcomp\/wp-content\/uploads\/2021\/04\/ventas-y-estructurado.png\"><img loading=\"lazy\" decoding=\"async\" class=\"aligncenter wp-image-22093\" src=\"https:\/\/cableado-estructurado.com.co\/netcomp\/wp-content\/uploads\/2021\/04\/ventas-y-estructurado.png\" alt=\"\" width=\"411\" height=\"127\" \/><\/a><\/p>\n<p>&nbsp;<\/p>\n<h3><\/h3>\n","protected":false},"excerpt":{"rendered":"<p>Switch HP 5500-48G-N\/P:JD375A\u00a0 -1 A\u00d1O DE GARANTIA\u00a0 \u00a0 La serie de switches HPE 5500 EI ofrece capacidad de resistencia, seguridad y soporte de servicios m\u00faltiples en la capa perimetral de redes de campus y sucursales de gran tama\u00f1o. El HPE 5500 EI proporciona flexibilidad, escalabilidad y un costo total de propiedad (TCO) bajo con un [&hellip;]<\/p>\n","protected":false},"featured_media":0,"comment_status":"open","ping_status":"closed","template":"","meta":{"_et_pb_use_builder":"","_et_pb_old_content":"","_et_gb_content_width":""},"product_brand":[],"product_cat":[20420],"product_tag":[21304,20291,21083,400,166,21305,392,21302,21303,21307,21306,160,21308],"class_list":{"0":"post-22108","1":"product","2":"type-product","3":"status-publish","5":"product_cat-servidores","6":"product_tag-base-de-almacenamiento","7":"product_tag-cotizar-servidor-hp-bogota","8":"product_tag-monitoreo-de-racks-para-servidores","9":"product_tag-precio-servidor-hp","10":"product_tag-precio-switch-hp","11":"product_tag-rack-hp","12":"product_tag-servidor-hp","13":"product_tag-servidor-hp-colombia","14":"product_tag-servidores-hp-disponibles","15":"product_tag-servidores-hp-usados","16":"product_tag-servidores-hpe","17":"product_tag-switch-hp","18":"product_tag-switch-hp-5500-48g","20":"first","21":"instock","22":"taxable","23":"shipping-taxable","24":"product-type-simple"},"yoast_head":"<!-- This site is optimized with the Yoast SEO plugin v27.3 - https:\/\/yoast.com\/product\/yoast-seo-wordpress\/ -->\n<title>Switch HP 5500-48G - Cableado Estructurado Colombia<\/title>\n<meta name=\"description\" content=\"Cableado Estructurado - Instalacion - Suministro Patch panel - Patch Cord - Jack - Cable Utp - Bogota - Colombia\" \/>\n<meta name=\"robots\" content=\"index, follow, max-snippet:-1, max-image-preview:large, max-video-preview:-1\" \/>\n<link rel=\"canonical\" href=\"https:\/\/cableado-estructurado.com.co\/netcomp\/producto\/switch-hp-5500-48g\/\" \/>\n<meta property=\"og:locale\" content=\"es_ES\" \/>\n<meta property=\"og:type\" content=\"article\" \/>\n<meta property=\"og:title\" content=\"Switch HP 5500-48G - Cableado Estructurado Colombia\" \/>\n<meta property=\"og:description\" content=\"Cableado Estructurado - Instalacion - Suministro Patch panel - Patch Cord - Jack - Cable Utp - Bogota - Colombia\" \/>\n<meta property=\"og:url\" content=\"https:\/\/cableado-estructurado.com.co\/netcomp\/producto\/switch-hp-5500-48g\/\" \/>\n<meta property=\"og:site_name\" content=\"Cableado Estructurado Colombia\" \/>\n<meta property=\"article:publisher\" content=\"https:\/\/www.facebook.com\/Soluciones-Tecnologicas-MCC-SAS-100746298259981\" \/>\n<meta property=\"article:modified_time\" content=\"2021-04-07T14:21:55+00:00\" \/>\n<meta property=\"og:image\" content=\"https:\/\/cableado-estructurado.com.co\/netcomp\/wp-content\/uploads\/2021\/04\/switch-hp-5500-48g.jpg\" \/>\n\t<meta property=\"og:image:width\" content=\"800\" \/>\n\t<meta property=\"og:image:height\" content=\"800\" \/>\n\t<meta property=\"og:image:type\" content=\"image\/jpeg\" \/>\n<meta name=\"twitter:card\" content=\"summary_large_image\" \/>\n<meta name=\"twitter:label1\" content=\"Tiempo de lectura\" \/>\n\t<meta name=\"twitter:data1\" content=\"1 minuto\" \/>\n<script type=\"application\/ld+json\" class=\"yoast-schema-graph\">{\"@context\":\"https:\\\/\\\/schema.org\",\"@graph\":[{\"@type\":\"WebPage\",\"@id\":\"https:\\\/\\\/cableado-estructurado.com.co\\\/netcomp\\\/producto\\\/switch-hp-5500-48g\\\/\",\"url\":\"https:\\\/\\\/cableado-estructurado.com.co\\\/netcomp\\\/producto\\\/switch-hp-5500-48g\\\/\",\"name\":\"Switch HP 5500-48G - Cableado Estructurado Colombia\",\"isPartOf\":{\"@id\":\"https:\\\/\\\/cableado-estructurado.com.co\\\/netcomp\\\/#website\"},\"primaryImageOfPage\":{\"@id\":\"https:\\\/\\\/cableado-estructurado.com.co\\\/netcomp\\\/producto\\\/switch-hp-5500-48g\\\/#primaryimage\"},\"image\":{\"@id\":\"https:\\\/\\\/cableado-estructurado.com.co\\\/netcomp\\\/producto\\\/switch-hp-5500-48g\\\/#primaryimage\"},\"thumbnailUrl\":\"http:\\\/\\\/cableado-estructurado.com.co\\\/netcomp\\\/wp-content\\\/uploads\\\/2018\\\/07\\\/whatsapp-logo-mensaje.jpg\",\"datePublished\":\"2021-04-07T14:11:22+00:00\",\"dateModified\":\"2021-04-07T14:21:55+00:00\",\"description\":\"Cableado Estructurado - Instalacion - Suministro Patch panel - Patch Cord - Jack - Cable Utp - Bogota - Colombia\",\"breadcrumb\":{\"@id\":\"https:\\\/\\\/cableado-estructurado.com.co\\\/netcomp\\\/producto\\\/switch-hp-5500-48g\\\/#breadcrumb\"},\"inLanguage\":\"es\",\"potentialAction\":[{\"@type\":\"ReadAction\",\"target\":[\"https:\\\/\\\/cableado-estructurado.com.co\\\/netcomp\\\/producto\\\/switch-hp-5500-48g\\\/\"]}]},{\"@type\":\"ImageObject\",\"inLanguage\":\"es\",\"@id\":\"https:\\\/\\\/cableado-estructurado.com.co\\\/netcomp\\\/producto\\\/switch-hp-5500-48g\\\/#primaryimage\",\"url\":\"http:\\\/\\\/cableado-estructurado.com.co\\\/netcomp\\\/wp-content\\\/uploads\\\/2018\\\/07\\\/whatsapp-logo-mensaje.jpg\",\"contentUrl\":\"http:\\\/\\\/cableado-estructurado.com.co\\\/netcomp\\\/wp-content\\\/uploads\\\/2018\\\/07\\\/whatsapp-logo-mensaje.jpg\"},{\"@type\":\"BreadcrumbList\",\"@id\":\"https:\\\/\\\/cableado-estructurado.com.co\\\/netcomp\\\/producto\\\/switch-hp-5500-48g\\\/#breadcrumb\",\"itemListElement\":[{\"@type\":\"ListItem\",\"position\":1,\"name\":\"Portada\",\"item\":\"https:\\\/\\\/cableado-estructurado.com.co\\\/netcomp\\\/\"},{\"@type\":\"ListItem\",\"position\":2,\"name\":\"Tienda\",\"item\":\"https:\\\/\\\/cableado-estructurado.com.co\\\/netcomp\\\/camaras-cableado-accesorios\\\/\"},{\"@type\":\"ListItem\",\"position\":3,\"name\":\"Switch HP 5500-48G\"}]},{\"@type\":\"WebSite\",\"@id\":\"https:\\\/\\\/cableado-estructurado.com.co\\\/netcomp\\\/#website\",\"url\":\"https:\\\/\\\/cableado-estructurado.com.co\\\/netcomp\\\/\",\"name\":\"Cableado Estructurado Colombia\",\"description\":\"Telefonos:  (+57) 316 878 8749\",\"publisher\":{\"@id\":\"https:\\\/\\\/cableado-estructurado.com.co\\\/netcomp\\\/#organization\"},\"potentialAction\":[{\"@type\":\"SearchAction\",\"target\":{\"@type\":\"EntryPoint\",\"urlTemplate\":\"https:\\\/\\\/cableado-estructurado.com.co\\\/netcomp\\\/?s={search_term_string}\"},\"query-input\":{\"@type\":\"PropertyValueSpecification\",\"valueRequired\":true,\"valueName\":\"search_term_string\"}}],\"inLanguage\":\"es\"},{\"@type\":\"Organization\",\"@id\":\"https:\\\/\\\/cableado-estructurado.com.co\\\/netcomp\\\/#organization\",\"name\":\"Soluciones Tecnologicas MCC SAS\",\"alternateName\":\"MCC\",\"url\":\"https:\\\/\\\/cableado-estructurado.com.co\\\/netcomp\\\/\",\"logo\":{\"@type\":\"ImageObject\",\"inLanguage\":\"es\",\"@id\":\"https:\\\/\\\/cableado-estructurado.com.co\\\/netcomp\\\/#\\\/schema\\\/logo\\\/image\\\/\",\"url\":\"https:\\\/\\\/cableado-estructurado.com.co\\\/netcomp\\\/wp-content\\\/uploads\\\/2023\\\/04\\\/logos-soluciones-1-1.png\",\"contentUrl\":\"https:\\\/\\\/cableado-estructurado.com.co\\\/netcomp\\\/wp-content\\\/uploads\\\/2023\\\/04\\\/logos-soluciones-1-1.png\",\"width\":479,\"height\":100,\"caption\":\"Soluciones Tecnologicas MCC SAS\"},\"image\":{\"@id\":\"https:\\\/\\\/cableado-estructurado.com.co\\\/netcomp\\\/#\\\/schema\\\/logo\\\/image\\\/\"},\"sameAs\":[\"https:\\\/\\\/www.facebook.com\\\/Soluciones-Tecnologicas-MCC-SAS-100746298259981\",\"https:\\\/\\\/www.instagram.com\\\/solucionesmccsas\\\/?hl=es\",\"http:\\\/\\\/www.linkedin.com\\\/in\\\/mauricio-calderon-a78b5a15\"]}]}<\/script>\n<!-- \/ Yoast SEO plugin. -->","yoast_head_json":{"title":"Switch HP 5500-48G - Cableado Estructurado Colombia","description":"Cableado Estructurado - Instalacion - Suministro Patch panel - Patch Cord - Jack - Cable Utp - Bogota - Colombia","robots":{"index":"index","follow":"follow","max-snippet":"max-snippet:-1","max-image-preview":"max-image-preview:large","max-video-preview":"max-video-preview:-1"},"canonical":"https:\/\/cableado-estructurado.com.co\/netcomp\/producto\/switch-hp-5500-48g\/","og_locale":"es_ES","og_type":"article","og_title":"Switch HP 5500-48G - Cableado Estructurado Colombia","og_description":"Cableado Estructurado - Instalacion - Suministro Patch panel - Patch Cord - Jack - Cable Utp - Bogota - Colombia","og_url":"https:\/\/cableado-estructurado.com.co\/netcomp\/producto\/switch-hp-5500-48g\/","og_site_name":"Cableado Estructurado Colombia","article_publisher":"https:\/\/www.facebook.com\/Soluciones-Tecnologicas-MCC-SAS-100746298259981","article_modified_time":"2021-04-07T14:21:55+00:00","og_image":[{"width":800,"height":800,"url":"https:\/\/cableado-estructurado.com.co\/netcomp\/wp-content\/uploads\/2021\/04\/switch-hp-5500-48g.jpg","type":"image\/jpeg"}],"twitter_card":"summary_large_image","twitter_misc":{"Tiempo de lectura":"1 minuto"},"schema":{"@context":"https:\/\/schema.org","@graph":[{"@type":"WebPage","@id":"https:\/\/cableado-estructurado.com.co\/netcomp\/producto\/switch-hp-5500-48g\/","url":"https:\/\/cableado-estructurado.com.co\/netcomp\/producto\/switch-hp-5500-48g\/","name":"Switch HP 5500-48G - Cableado Estructurado Colombia","isPartOf":{"@id":"https:\/\/cableado-estructurado.com.co\/netcomp\/#website"},"primaryImageOfPage":{"@id":"https:\/\/cableado-estructurado.com.co\/netcomp\/producto\/switch-hp-5500-48g\/#primaryimage"},"image":{"@id":"https:\/\/cableado-estructurado.com.co\/netcomp\/producto\/switch-hp-5500-48g\/#primaryimage"},"thumbnailUrl":"https:\/\/cableado-estructurado.com.co\/netcomp\/wp-content\/uploads\/2018\/07\/whatsapp-logo-mensaje.jpg","datePublished":"2021-04-07T14:11:22+00:00","dateModified":"2021-04-07T14:21:55+00:00","description":"Cableado Estructurado - Instalacion - Suministro Patch panel - Patch Cord - Jack - Cable Utp - Bogota - Colombia","breadcrumb":{"@id":"https:\/\/cableado-estructurado.com.co\/netcomp\/producto\/switch-hp-5500-48g\/#breadcrumb"},"inLanguage":"es","potentialAction":[{"@type":"ReadAction","target":["https:\/\/cableado-estructurado.com.co\/netcomp\/producto\/switch-hp-5500-48g\/"]}]},{"@type":"ImageObject","inLanguage":"es","@id":"https:\/\/cableado-estructurado.com.co\/netcomp\/producto\/switch-hp-5500-48g\/#primaryimage","url":"https:\/\/cableado-estructurado.com.co\/netcomp\/wp-content\/uploads\/2018\/07\/whatsapp-logo-mensaje.jpg","contentUrl":"https:\/\/cableado-estructurado.com.co\/netcomp\/wp-content\/uploads\/2018\/07\/whatsapp-logo-mensaje.jpg"},{"@type":"BreadcrumbList","@id":"https:\/\/cableado-estructurado.com.co\/netcomp\/producto\/switch-hp-5500-48g\/#breadcrumb","itemListElement":[{"@type":"ListItem","position":1,"name":"Portada","item":"https:\/\/cableado-estructurado.com.co\/netcomp\/"},{"@type":"ListItem","position":2,"name":"Tienda","item":"https:\/\/cableado-estructurado.com.co\/netcomp\/camaras-cableado-accesorios\/"},{"@type":"ListItem","position":3,"name":"Switch HP 5500-48G"}]},{"@type":"WebSite","@id":"https:\/\/cableado-estructurado.com.co\/netcomp\/#website","url":"https:\/\/cableado-estructurado.com.co\/netcomp\/","name":"Cableado Estructurado Colombia","description":"Telefonos:  (+57) 316 878 8749","publisher":{"@id":"https:\/\/cableado-estructurado.com.co\/netcomp\/#organization"},"potentialAction":[{"@type":"SearchAction","target":{"@type":"EntryPoint","urlTemplate":"https:\/\/cableado-estructurado.com.co\/netcomp\/?s={search_term_string}"},"query-input":{"@type":"PropertyValueSpecification","valueRequired":true,"valueName":"search_term_string"}}],"inLanguage":"es"},{"@type":"Organization","@id":"https:\/\/cableado-estructurado.com.co\/netcomp\/#organization","name":"Soluciones Tecnologicas MCC SAS","alternateName":"MCC","url":"https:\/\/cableado-estructurado.com.co\/netcomp\/","logo":{"@type":"ImageObject","inLanguage":"es","@id":"https:\/\/cableado-estructurado.com.co\/netcomp\/#\/schema\/logo\/image\/","url":"https:\/\/cableado-estructurado.com.co\/netcomp\/wp-content\/uploads\/2023\/04\/logos-soluciones-1-1.png","contentUrl":"https:\/\/cableado-estructurado.com.co\/netcomp\/wp-content\/uploads\/2023\/04\/logos-soluciones-1-1.png","width":479,"height":100,"caption":"Soluciones Tecnologicas MCC SAS"},"image":{"@id":"https:\/\/cableado-estructurado.com.co\/netcomp\/#\/schema\/logo\/image\/"},"sameAs":["https:\/\/www.facebook.com\/Soluciones-Tecnologicas-MCC-SAS-100746298259981","https:\/\/www.instagram.com\/solucionesmccsas\/?hl=es","http:\/\/www.linkedin.com\/in\/mauricio-calderon-a78b5a15"]}]}},"jetpack_sharing_enabled":true,"_links":{"self":[{"href":"https:\/\/cableado-estructurado.com.co\/netcomp\/wp-json\/wp\/v2\/product\/22108","targetHints":{"allow":["GET"]}}],"collection":[{"href":"https:\/\/cableado-estructurado.com.co\/netcomp\/wp-json\/wp\/v2\/product"}],"about":[{"href":"https:\/\/cableado-estructurado.com.co\/netcomp\/wp-json\/wp\/v2\/types\/product"}],"replies":[{"embeddable":true,"href":"https:\/\/cableado-estructurado.com.co\/netcomp\/wp-json\/wp\/v2\/comments?post=22108"}],"wp:attachment":[{"href":"https:\/\/cableado-estructurado.com.co\/netcomp\/wp-json\/wp\/v2\/media?parent=22108"}],"wp:term":[{"taxonomy":"product_brand","embeddable":true,"href":"https:\/\/cableado-estructurado.com.co\/netcomp\/wp-json\/wp\/v2\/product_brand?post=22108"},{"taxonomy":"product_cat","embeddable":true,"href":"https:\/\/cableado-estructurado.com.co\/netcomp\/wp-json\/wp\/v2\/product_cat?post=22108"},{"taxonomy":"product_tag","embeddable":true,"href":"https:\/\/cableado-estructurado.com.co\/netcomp\/wp-json\/wp\/v2\/product_tag?post=22108"}],"curies":[{"name":"wp","href":"https:\/\/api.w.org\/{rel}","templated":true}]}}