{"id":43753,"date":"2022-02-19T17:57:10","date_gmt":"2022-02-19T22:57:10","guid":{"rendered":"https:\/\/cableado-estructurado.com.co\/netcomp\/producto\/j9281d-switch-aruba\/"},"modified":"2022-02-19T17:57:37","modified_gmt":"2022-02-19T22:57:37","slug":"j9281d-switch-aruba","status":"publish","type":"product","link":"https:\/\/cableado-estructurado.com.co\/netcomp\/producto\/j9281d-switch-aruba\/","title":{"rendered":"J9281D SWITCH ARUBA"},"content":{"rendered":"<h1 style=\"text-align: center;\"><span style=\"color: #333399; font-family: tahoma, arial, helvetica, sans-serif; font-size: 18pt;\"><strong>SWITCH J9281D Aruba HP<\/strong><\/span><\/h1>\n<p>&nbsp;<\/p>\n<p><img loading=\"lazy\" decoding=\"async\" class=\"aligncenter\" src=\"https:\/\/cableado-estructurado.com.co\/netcomp\/wp-content\/uploads\/2022\/02\/aruba-accespoint-switch-redes-inalambrica-configuracion-venta-precio.jpg\" alt=\"Redes Aruba\" width=\"450\" height=\"300\" \/><\/p>\n<p>&nbsp;<\/p>\n<ul>\n<li>\n<h2><span style=\"font-family: tahoma, arial, helvetica, sans-serif; font-size: 12pt;\">Aruba 10G SFP+ to SFP+ 1m DAC Cable<\/span><\/h2>\n<\/li>\n<li>Garantia : 1 A\u00f1o<\/li>\n<\/ul>\n<h2><\/h2>\n<h2><\/h2>\n<h2 style=\"text-align: center;\"><span style=\"font-size: 18pt; color: #333399; font-family: tahoma, arial, helvetica, sans-serif;\">Red Wi-Fi para empresas de un modo incre\u00edblemente sencillo<\/span><\/h2>\n<p>&nbsp;<\/p>\n<h3 style=\"text-align: left;\"><span style=\"font-family: tahoma, arial, helvetica, sans-serif; font-size: 12pt;\">Tache \u00abRed Wi-Fi fiable, segura y r\u00e1pida\u00bb de su lista de tareas pendientes. Configure su red en minutos con nuestra aplicaci\u00f3n m\u00f3vil y disfrute de mayores velocidades tanto en interiores como en exteriores. Gestione la red de su negocio desde cualquier lugar de un modo sencillo. Rel\u00e1jese sabiendo que su negocio, sus empleados y sus clientes est\u00e1n protegidos de manera autom\u00e1tica por la seguridad m\u00e1s moderna y sin ning\u00fan coste adicional.<\/span><\/h3>\n<p>&nbsp;<\/p>\n<h2 style=\"text-align: center;\"><span style=\"color: #333399; font-family: tahoma, arial, helvetica, sans-serif; font-size: 18pt;\">Configuraci\u00f3n y gesti\u00f3n sencillas<\/span><\/h2>\n<p>&nbsp;<\/p>\n<h3><span style=\"font-family: tahoma, arial, helvetica, sans-serif; font-size: 12pt;\">La aplicaci\u00f3n Aruba Instant On facilita al m\u00e1ximo el funcionamiento de la red Wi-Fi de su negocio. Para realizar la configuraci\u00f3n \u00fanicamente se necesiten unos pocos clics, no es necesario tener conocimientos t\u00e9cnicos. Monitorice y gestione la red de su negocio en cualquier lugar desde su tel\u00e9fono y conozca qui\u00e9n se conecta a los distintos sitios y aplicaciones.<\/span><\/h3>\n<p>&nbsp;<\/p>\n<h3 style=\"text-align: center;\"><span style=\"font-family: tahoma, arial, helvetica, sans-serif; font-size: 18pt; color: #333399;\">Incre\u00edblemente r\u00e1pida e inteligente<\/span><\/h3>\n<p>&nbsp;<\/p>\n<h3><span style=\"font-family: tahoma, arial, helvetica, sans-serif; font-size: 12pt;\">El enrutamiento autom\u00e1tico de los datos posibilita la m\u00e1xima rapidez en el flujo de su informaci\u00f3n. Las actualizaciones autom\u00e1ticas del software permiten a su red Wi-Fi funcionar a la m\u00e1xima velocidad. Si se detecta un error, su propia red lo subsana. Conecte todos sus dispositivos, incluso aquellos que se conectan mediante cables, incluidos terminales de puntos de venta, c\u00e1maras de seguridad, cerraduras inteligentes, impresoras, televisores inteligentes y muchos otros.+<\/span><\/h3>\n<p>&nbsp;<\/p>\n<h3 style=\"text-align: center;\"><span style=\"font-family: tahoma, arial, helvetica, sans-serif; font-size: 18pt; color: #333399;\">Seguridad sin ning\u00fan coste adicional<\/span><\/h3>\n<p>&nbsp;<\/p>\n<h3><span style=\"font-family: tahoma, arial, helvetica, sans-serif; font-size: 12pt;\">La seguridad no deber\u00eda ser un componente adicional, sino un componente esencial e integrado. Aruba Instant On proporciona seguridad sin ning\u00fan coste adicional. Separe f\u00e1cilmente el tr\u00e1fico del negocio y de los empleados del tr\u00e1fico de los clientes. Fije las horas en las que la red estar\u00e1 disponible y bloquee categor\u00edas de aplicaciones y sitios espec\u00edficos para prevenir actividades malintencionadas.<\/span><\/h3>\n<h3><\/h3>\n<h3><span style=\"font-family: tahoma, arial, helvetica, sans-serif; font-size: 12pt;\">Presentamos la serie de switches Aruba\u00a0Instant\u00a0On\u00a01830: un switch con gesti\u00f3n inteligente f\u00e1cil de utilizar que le permite sentar unas bases s\u00f3lidas para su red. \u00bfNecesita un m\u00e9todo fiable para conectar puntos de acceso inal\u00e1mbricos, escritorios y c\u00e1maras que no resulte extremadamente costoso? Los switches Aruba\u00a0Instant\u00a0On\u00a01830 son la soluci\u00f3n perfecta.<\/span><\/h3>\n<p>&nbsp;<\/p>\n<p>&nbsp;<\/p>\n<p><img loading=\"lazy\" decoding=\"async\" class=\"aligncenter\" src=\"https:\/\/cableado-estructurado.com.co\/netcomp\/wp-content\/uploads\/2022\/02\/aruba-1830-switch.png\" alt=\"Switch Ariba 1830\" width=\"450\" height=\"300\" \/><\/p>\n<h2 style=\"text-align: center;\"><span style=\"font-family: tahoma, arial, helvetica, sans-serif; font-size: 12pt;\"><a href=\"https:\/\/cableado-estructurado.com.co\/netcomp\/wp-admin\/admin.php?page=pmxi-admin-import&amp;action=template\"><strong><span style=\"color: #333399;\">NOS ESPECIALIZAMOS EN SOLUCIONES CORPORATIVAS INTEGRALES : <\/span><\/strong><\/a><\/span><\/h2>\n<h3><\/h3>\n<ul>\n<li>\n<h3><span style=\"font-family: tahoma, arial, helvetica, sans-serif; font-size: 12pt; color: #000000;\"><a style=\"color: #000000;\" href=\"https:\/\/cableado-estructurado.com.co\/netcomp\/wp-admin\/admin.php?page=pmxi-admin-import&amp;action=template\"><strong>Videovigilancia<\/strong><\/a> :\u00a0 Hikvision &#8211; Dahua<\/span><\/h3>\n<\/li>\n<li>\n<h3><span style=\"font-family: tahoma, arial, helvetica, sans-serif; font-size: 12pt; color: #000000;\"><strong>CCTV<\/strong> : Camaras Hikvision &#8211; Dahua &#8211; Axis<\/span><\/h3>\n<\/li>\n<li>\n<h3><span style=\"font-family: tahoma, arial, helvetica, sans-serif; font-size: 12pt; color: #000000;\"><a style=\"color: #000000;\" href=\"https:\/\/cableado-estructurado.com.co\/netcomp\/wp-admin\/admin.php?page=pmxi-admin-import&amp;action=template\"><strong>Redes<\/strong><\/a> : Aruba &#8211; Cisco &#8211; Ubiquiti<\/span><\/h3>\n<\/li>\n<li>\n<h3><span style=\"font-family: tahoma, arial, helvetica, sans-serif; font-size: 12pt; color: #000000;\"><a style=\"color: #000000;\" href=\"https:\/\/cableado-estructurado.com.co\/netcomp\/wp-admin\/admin.php?page=pmxi-admin-import&amp;action=template\"><strong>Servidores<\/strong><\/a> : HP -DELL &#8211; LENOVO<\/span><\/h3>\n<\/li>\n<li>\n<h3><span style=\"font-family: tahoma, arial, helvetica, sans-serif; font-size: 12pt; color: #000000;\"><a style=\"color: #000000;\" href=\"https:\/\/cableado-estructurado.com.co\/netcomp\/wp-admin\/admin.php?page=pmxi-admin-import&amp;action=template\"><strong>Almacenamiento<\/strong><\/a> : QNAP &#8211; HPE &#8211; DELL<\/span><\/h3>\n<\/li>\n<li>\n<h3><span style=\"font-family: tahoma, arial, helvetica, sans-serif; font-size: 12pt; color: #000000;\"><a style=\"color: #000000;\" href=\"https:\/\/cableado-estructurado.com.co\/netcomp\/wp-admin\/admin.php?page=pmxi-admin-import&amp;action=template\"><strong>Cableado Estructurado<\/strong> : AMP Commscope &#8211; Systimax &#8211; Panduit &#8211; Qpcom<\/a><\/span><\/h3>\n<\/li>\n<\/ul>\n<p>&nbsp;<\/p>\n<h2 style=\"text-align: center;\"><span style=\"font-family: tahoma, arial, helvetica, sans-serif; font-size: 12pt;\"><a href=\"https:\/\/cableado-estructurado.com.co\/netcomp\/wp-admin\/admin.php?page=pmxi-admin-import&amp;action=template\"><strong>Para Disponibilidad y Pedidos, Contactanos!<\/strong><\/a><\/span><\/h2>\n<p>&nbsp;<\/p>\n<p><span style=\"font-family: tahoma, arial, helvetica, sans-serif; font-size: 12pt;\"><a href=\"https:\/\/cableado-estructurado.com.co\/netcomp\/wp-admin\/admin.php?page=pmxi-admin-import&amp;action=template\"><img loading=\"lazy\" decoding=\"async\" class=\"aligncenter wp-image-20467\" src=\"https:\/\/cableado-estructurado.com.co\/netcomp\/wp-content\/uploads\/2018\/07\/whatsapp-logo-mensaje.jpg\" alt=\"\" width=\"290\" height=\"220\" \/><\/a><\/span><\/p>\n<p><span style=\"font-family: tahoma, arial, helvetica, sans-serif; font-size: 12pt;\"><a href=\"https:\/\/cableado-estructurado.com.co\/netcomp\/wp-admin\/admin.php?page=pmxi-admin-import&amp;action=template\"><img loading=\"lazy\" decoding=\"async\" class=\"aligncenter wp-image-22093\" src=\"https:\/\/cableado-estructurado.com.co\/netcomp\/wp-content\/uploads\/2021\/04\/ventas-y-estructurado.png\" alt=\"\" width=\"411\" height=\"127\" \/><\/a><\/span><\/p>\n<p>&nbsp;<\/p>\n<h3><\/h3>\n<p>&nbsp;<\/p>\n<p>&nbsp;<\/p>\n","protected":false},"excerpt":{"rendered":"<p>J9281D SWITCH ARUBA<\/p>\n","protected":false},"featured_media":43590,"comment_status":"closed","ping_status":"open","template":"","meta":{"_et_pb_use_builder":"","_et_pb_old_content":"","_et_gb_content_width":""},"product_brand":[],"product_cat":[20527],"product_tag":[20466,21353,21354,21355,20467],"class_list":{"0":"post-43753","1":"product","2":"type-product","3":"status-publish","4":"has-post-thumbnail","6":"product_cat-equipos-para-redes-y-servidores","7":"product_tag-access-point-aruba","8":"product_tag-precio-access-point","9":"product_tag-precio-wifi-aruba","10":"product_tag-redes-aruba","11":"product_tag-switch-aruba","13":"first","14":"instock","15":"product-type-simple"},"yoast_head":"<!-- This site is optimized with the Yoast SEO plugin v27.5 - https:\/\/yoast.com\/product\/yoast-seo-wordpress\/ -->\n<title>J9281D SWITCH ARUBA - Cableado Estructurado Colombia<\/title>\n<meta name=\"description\" content=\"Cableado Estructurado - Instalacion - Suministro Patch panel - Patch Cord - Jack - Cable Utp - Bogota - Colombia\" \/>\n<meta name=\"robots\" content=\"index, follow, max-snippet:-1, max-image-preview:large, max-video-preview:-1\" \/>\n<link rel=\"canonical\" href=\"https:\/\/cableado-estructurado.com.co\/netcomp\/producto\/j9281d-switch-aruba\/\" \/>\n<meta property=\"og:locale\" content=\"es_ES\" \/>\n<meta property=\"og:type\" content=\"article\" \/>\n<meta property=\"og:title\" content=\"J9281D SWITCH ARUBA - Cableado Estructurado Colombia\" \/>\n<meta property=\"og:description\" content=\"Cableado Estructurado - Instalacion - Suministro Patch panel - Patch Cord - Jack - Cable Utp - Bogota - Colombia\" \/>\n<meta property=\"og:url\" content=\"https:\/\/cableado-estructurado.com.co\/netcomp\/producto\/j9281d-switch-aruba\/\" \/>\n<meta property=\"og:site_name\" content=\"Cableado Estructurado Colombia\" \/>\n<meta property=\"article:publisher\" content=\"https:\/\/www.facebook.com\/Soluciones-Tecnologicas-MCC-SAS-100746298259981\" \/>\n<meta property=\"article:modified_time\" content=\"2022-02-19T22:57:37+00:00\" \/>\n<meta property=\"og:image\" content=\"https:\/\/cableado-estructurado.com.co\/netcomp\/wp-content\/uploads\/2022\/02\/accespoint-aruba-switch-redes-inalambrica-configuracion-venta-precio-e1645297344609.jpg\" \/>\n\t<meta property=\"og:image:width\" content=\"450\" \/>\n\t<meta property=\"og:image:height\" content=\"270\" \/>\n\t<meta property=\"og:image:type\" content=\"image\/jpeg\" \/>\n<meta name=\"twitter:card\" content=\"summary_large_image\" \/>\n<meta name=\"twitter:label1\" content=\"Tiempo de lectura\" \/>\n\t<meta name=\"twitter:data1\" content=\"2 minutos\" \/>\n<script type=\"application\/ld+json\" class=\"yoast-schema-graph\">{\"@context\":\"https:\\\/\\\/schema.org\",\"@graph\":[{\"@type\":\"WebPage\",\"@id\":\"https:\\\/\\\/cableado-estructurado.com.co\\\/netcomp\\\/producto\\\/j9281d-switch-aruba\\\/\",\"url\":\"https:\\\/\\\/cableado-estructurado.com.co\\\/netcomp\\\/producto\\\/j9281d-switch-aruba\\\/\",\"name\":\"J9281D SWITCH ARUBA - Cableado Estructurado Colombia\",\"isPartOf\":{\"@id\":\"https:\\\/\\\/cableado-estructurado.com.co\\\/netcomp\\\/#website\"},\"primaryImageOfPage\":{\"@id\":\"https:\\\/\\\/cableado-estructurado.com.co\\\/netcomp\\\/producto\\\/j9281d-switch-aruba\\\/#primaryimage\"},\"image\":{\"@id\":\"https:\\\/\\\/cableado-estructurado.com.co\\\/netcomp\\\/producto\\\/j9281d-switch-aruba\\\/#primaryimage\"},\"thumbnailUrl\":\"https:\\\/\\\/cableado-estructurado.com.co\\\/netcomp\\\/wp-content\\\/uploads\\\/2022\\\/02\\\/accespoint-aruba-switch-redes-inalambrica-configuracion-venta-precio-e1645297344609.jpg\",\"datePublished\":\"2022-02-19T22:57:10+00:00\",\"dateModified\":\"2022-02-19T22:57:37+00:00\",\"description\":\"Cableado Estructurado - Instalacion - Suministro Patch panel - Patch Cord - Jack - Cable Utp - Bogota - Colombia\",\"breadcrumb\":{\"@id\":\"https:\\\/\\\/cableado-estructurado.com.co\\\/netcomp\\\/producto\\\/j9281d-switch-aruba\\\/#breadcrumb\"},\"inLanguage\":\"es\",\"potentialAction\":[{\"@type\":\"ReadAction\",\"target\":[\"https:\\\/\\\/cableado-estructurado.com.co\\\/netcomp\\\/producto\\\/j9281d-switch-aruba\\\/\"]}]},{\"@type\":\"ImageObject\",\"inLanguage\":\"es\",\"@id\":\"https:\\\/\\\/cableado-estructurado.com.co\\\/netcomp\\\/producto\\\/j9281d-switch-aruba\\\/#primaryimage\",\"url\":\"https:\\\/\\\/cableado-estructurado.com.co\\\/netcomp\\\/wp-content\\\/uploads\\\/2022\\\/02\\\/accespoint-aruba-switch-redes-inalambrica-configuracion-venta-precio-e1645297344609.jpg\",\"contentUrl\":\"https:\\\/\\\/cableado-estructurado.com.co\\\/netcomp\\\/wp-content\\\/uploads\\\/2022\\\/02\\\/accespoint-aruba-switch-redes-inalambrica-configuracion-venta-precio-e1645297344609.jpg\",\"width\":450,\"height\":270,\"caption\":\"Redes Aruba\"},{\"@type\":\"BreadcrumbList\",\"@id\":\"https:\\\/\\\/cableado-estructurado.com.co\\\/netcomp\\\/producto\\\/j9281d-switch-aruba\\\/#breadcrumb\",\"itemListElement\":[{\"@type\":\"ListItem\",\"position\":1,\"name\":\"Portada\",\"item\":\"https:\\\/\\\/cableado-estructurado.com.co\\\/netcomp\\\/\"},{\"@type\":\"ListItem\",\"position\":2,\"name\":\"Tienda\",\"item\":\"https:\\\/\\\/cableado-estructurado.com.co\\\/netcomp\\\/camaras-cableado-accesorios\\\/\"},{\"@type\":\"ListItem\",\"position\":3,\"name\":\"J9281D SWITCH ARUBA\"}]},{\"@type\":\"WebSite\",\"@id\":\"https:\\\/\\\/cableado-estructurado.com.co\\\/netcomp\\\/#website\",\"url\":\"https:\\\/\\\/cableado-estructurado.com.co\\\/netcomp\\\/\",\"name\":\"Cableado Estructurado Colombia\",\"description\":\"Telefonos:  (+57) 316 878 8749\",\"publisher\":{\"@id\":\"https:\\\/\\\/cableado-estructurado.com.co\\\/netcomp\\\/#organization\"},\"potentialAction\":[{\"@type\":\"SearchAction\",\"target\":{\"@type\":\"EntryPoint\",\"urlTemplate\":\"https:\\\/\\\/cableado-estructurado.com.co\\\/netcomp\\\/?s={search_term_string}\"},\"query-input\":{\"@type\":\"PropertyValueSpecification\",\"valueRequired\":true,\"valueName\":\"search_term_string\"}}],\"inLanguage\":\"es\"},{\"@type\":\"Organization\",\"@id\":\"https:\\\/\\\/cableado-estructurado.com.co\\\/netcomp\\\/#organization\",\"name\":\"Soluciones Tecnologicas MCC SAS\",\"alternateName\":\"MCC\",\"url\":\"https:\\\/\\\/cableado-estructurado.com.co\\\/netcomp\\\/\",\"logo\":{\"@type\":\"ImageObject\",\"inLanguage\":\"es\",\"@id\":\"https:\\\/\\\/cableado-estructurado.com.co\\\/netcomp\\\/#\\\/schema\\\/logo\\\/image\\\/\",\"url\":\"https:\\\/\\\/cableado-estructurado.com.co\\\/netcomp\\\/wp-content\\\/uploads\\\/2023\\\/04\\\/logos-soluciones-1-1.png\",\"contentUrl\":\"https:\\\/\\\/cableado-estructurado.com.co\\\/netcomp\\\/wp-content\\\/uploads\\\/2023\\\/04\\\/logos-soluciones-1-1.png\",\"width\":479,\"height\":100,\"caption\":\"Soluciones Tecnologicas MCC SAS\"},\"image\":{\"@id\":\"https:\\\/\\\/cableado-estructurado.com.co\\\/netcomp\\\/#\\\/schema\\\/logo\\\/image\\\/\"},\"sameAs\":[\"https:\\\/\\\/www.facebook.com\\\/Soluciones-Tecnologicas-MCC-SAS-100746298259981\",\"https:\\\/\\\/www.instagram.com\\\/solucionesmccsas\\\/?hl=es\",\"http:\\\/\\\/www.linkedin.com\\\/in\\\/mauricio-calderon-a78b5a15\"]}]}<\/script>\n<!-- \/ Yoast SEO plugin. -->","yoast_head_json":{"title":"J9281D SWITCH ARUBA - Cableado Estructurado Colombia","description":"Cableado Estructurado - Instalacion - Suministro Patch panel - Patch Cord - Jack - Cable Utp - Bogota - Colombia","robots":{"index":"index","follow":"follow","max-snippet":"max-snippet:-1","max-image-preview":"max-image-preview:large","max-video-preview":"max-video-preview:-1"},"canonical":"https:\/\/cableado-estructurado.com.co\/netcomp\/producto\/j9281d-switch-aruba\/","og_locale":"es_ES","og_type":"article","og_title":"J9281D SWITCH ARUBA - Cableado Estructurado Colombia","og_description":"Cableado Estructurado - Instalacion - Suministro Patch panel - Patch Cord - Jack - Cable Utp - Bogota - Colombia","og_url":"https:\/\/cableado-estructurado.com.co\/netcomp\/producto\/j9281d-switch-aruba\/","og_site_name":"Cableado Estructurado Colombia","article_publisher":"https:\/\/www.facebook.com\/Soluciones-Tecnologicas-MCC-SAS-100746298259981","article_modified_time":"2022-02-19T22:57:37+00:00","og_image":[{"width":450,"height":270,"url":"https:\/\/cableado-estructurado.com.co\/netcomp\/wp-content\/uploads\/2022\/02\/accespoint-aruba-switch-redes-inalambrica-configuracion-venta-precio-e1645297344609.jpg","type":"image\/jpeg"}],"twitter_card":"summary_large_image","twitter_misc":{"Tiempo de lectura":"2 minutos"},"schema":{"@context":"https:\/\/schema.org","@graph":[{"@type":"WebPage","@id":"https:\/\/cableado-estructurado.com.co\/netcomp\/producto\/j9281d-switch-aruba\/","url":"https:\/\/cableado-estructurado.com.co\/netcomp\/producto\/j9281d-switch-aruba\/","name":"J9281D SWITCH ARUBA - Cableado Estructurado Colombia","isPartOf":{"@id":"https:\/\/cableado-estructurado.com.co\/netcomp\/#website"},"primaryImageOfPage":{"@id":"https:\/\/cableado-estructurado.com.co\/netcomp\/producto\/j9281d-switch-aruba\/#primaryimage"},"image":{"@id":"https:\/\/cableado-estructurado.com.co\/netcomp\/producto\/j9281d-switch-aruba\/#primaryimage"},"thumbnailUrl":"https:\/\/cableado-estructurado.com.co\/netcomp\/wp-content\/uploads\/2022\/02\/accespoint-aruba-switch-redes-inalambrica-configuracion-venta-precio-e1645297344609.jpg","datePublished":"2022-02-19T22:57:10+00:00","dateModified":"2022-02-19T22:57:37+00:00","description":"Cableado Estructurado - Instalacion - Suministro Patch panel - Patch Cord - Jack - Cable Utp - Bogota - Colombia","breadcrumb":{"@id":"https:\/\/cableado-estructurado.com.co\/netcomp\/producto\/j9281d-switch-aruba\/#breadcrumb"},"inLanguage":"es","potentialAction":[{"@type":"ReadAction","target":["https:\/\/cableado-estructurado.com.co\/netcomp\/producto\/j9281d-switch-aruba\/"]}]},{"@type":"ImageObject","inLanguage":"es","@id":"https:\/\/cableado-estructurado.com.co\/netcomp\/producto\/j9281d-switch-aruba\/#primaryimage","url":"https:\/\/cableado-estructurado.com.co\/netcomp\/wp-content\/uploads\/2022\/02\/accespoint-aruba-switch-redes-inalambrica-configuracion-venta-precio-e1645297344609.jpg","contentUrl":"https:\/\/cableado-estructurado.com.co\/netcomp\/wp-content\/uploads\/2022\/02\/accespoint-aruba-switch-redes-inalambrica-configuracion-venta-precio-e1645297344609.jpg","width":450,"height":270,"caption":"Redes Aruba"},{"@type":"BreadcrumbList","@id":"https:\/\/cableado-estructurado.com.co\/netcomp\/producto\/j9281d-switch-aruba\/#breadcrumb","itemListElement":[{"@type":"ListItem","position":1,"name":"Portada","item":"https:\/\/cableado-estructurado.com.co\/netcomp\/"},{"@type":"ListItem","position":2,"name":"Tienda","item":"https:\/\/cableado-estructurado.com.co\/netcomp\/camaras-cableado-accesorios\/"},{"@type":"ListItem","position":3,"name":"J9281D SWITCH ARUBA"}]},{"@type":"WebSite","@id":"https:\/\/cableado-estructurado.com.co\/netcomp\/#website","url":"https:\/\/cableado-estructurado.com.co\/netcomp\/","name":"Cableado Estructurado Colombia","description":"Telefonos:  (+57) 316 878 8749","publisher":{"@id":"https:\/\/cableado-estructurado.com.co\/netcomp\/#organization"},"potentialAction":[{"@type":"SearchAction","target":{"@type":"EntryPoint","urlTemplate":"https:\/\/cableado-estructurado.com.co\/netcomp\/?s={search_term_string}"},"query-input":{"@type":"PropertyValueSpecification","valueRequired":true,"valueName":"search_term_string"}}],"inLanguage":"es"},{"@type":"Organization","@id":"https:\/\/cableado-estructurado.com.co\/netcomp\/#organization","name":"Soluciones Tecnologicas MCC SAS","alternateName":"MCC","url":"https:\/\/cableado-estructurado.com.co\/netcomp\/","logo":{"@type":"ImageObject","inLanguage":"es","@id":"https:\/\/cableado-estructurado.com.co\/netcomp\/#\/schema\/logo\/image\/","url":"https:\/\/cableado-estructurado.com.co\/netcomp\/wp-content\/uploads\/2023\/04\/logos-soluciones-1-1.png","contentUrl":"https:\/\/cableado-estructurado.com.co\/netcomp\/wp-content\/uploads\/2023\/04\/logos-soluciones-1-1.png","width":479,"height":100,"caption":"Soluciones Tecnologicas MCC SAS"},"image":{"@id":"https:\/\/cableado-estructurado.com.co\/netcomp\/#\/schema\/logo\/image\/"},"sameAs":["https:\/\/www.facebook.com\/Soluciones-Tecnologicas-MCC-SAS-100746298259981","https:\/\/www.instagram.com\/solucionesmccsas\/?hl=es","http:\/\/www.linkedin.com\/in\/mauricio-calderon-a78b5a15"]}]}},"jetpack_sharing_enabled":true,"_links":{"self":[{"href":"https:\/\/cableado-estructurado.com.co\/netcomp\/wp-json\/wp\/v2\/product\/43753","targetHints":{"allow":["GET"]}}],"collection":[{"href":"https:\/\/cableado-estructurado.com.co\/netcomp\/wp-json\/wp\/v2\/product"}],"about":[{"href":"https:\/\/cableado-estructurado.com.co\/netcomp\/wp-json\/wp\/v2\/types\/product"}],"replies":[{"embeddable":true,"href":"https:\/\/cableado-estructurado.com.co\/netcomp\/wp-json\/wp\/v2\/comments?post=43753"}],"wp:featuredmedia":[{"embeddable":true,"href":"https:\/\/cableado-estructurado.com.co\/netcomp\/wp-json\/wp\/v2\/media\/43590"}],"wp:attachment":[{"href":"https:\/\/cableado-estructurado.com.co\/netcomp\/wp-json\/wp\/v2\/media?parent=43753"}],"wp:term":[{"taxonomy":"product_brand","embeddable":true,"href":"https:\/\/cableado-estructurado.com.co\/netcomp\/wp-json\/wp\/v2\/product_brand?post=43753"},{"taxonomy":"product_cat","embeddable":true,"href":"https:\/\/cableado-estructurado.com.co\/netcomp\/wp-json\/wp\/v2\/product_cat?post=43753"},{"taxonomy":"product_tag","embeddable":true,"href":"https:\/\/cableado-estructurado.com.co\/netcomp\/wp-json\/wp\/v2\/product_tag?post=43753"}],"curies":[{"name":"wp","href":"https:\/\/api.w.org\/{rel}","templated":true}]}}