{"id":43772,"date":"2022-02-19T18:35:32","date_gmt":"2022-02-19T23:35:32","guid":{"rendered":"https:\/\/cableado-estructurado.com.co\/netcomp\/producto\/servidor-p20248-b21-hpe-hpe-dl380-gen10-5220-1p-32g-nc-8sff-svr\/"},"modified":"2022-02-19T18:35:59","modified_gmt":"2022-02-19T23:35:59","slug":"servidor-p20248-b21-hpe-hpe-dl380-gen10-5220-1p-32g-nc-8sff-svr","status":"publish","type":"product","link":"https:\/\/cableado-estructurado.com.co\/netcomp\/producto\/servidor-p20248-b21-hpe-hpe-dl380-gen10-5220-1p-32g-nc-8sff-svr\/","title":{"rendered":"Servidor P20248-B21 HPE HPE DL380 Gen10 5220 1P 32G NC 8SFF Svr"},"content":{"rendered":"<h1 style=\"text-align: center;\">Servidor P20248-B21 HPE HPE DL380 Gen10 5220 1P 32G NC 8SFF Svr<\/h1>\n<p>&nbsp;<\/p>\n<p><img loading=\"lazy\" decoding=\"async\" class=\"aligncenter\" src=\"https:\/\/cableado-estructurado.com.co\/netcomp\/wp-content\/uploads\/2022\/02\/servidor-hpe-hp-ml350-dl360-dl380-ml110-ml30-disco-duro-fuente-poder-e1645312597219.jpg\" alt=\"Servidores HP\" width=\"428\" height=\"285\" \/><\/p>\n<p>&nbsp;<\/p>\n<ul>\n<li>\n<h2>HPE DL380 Gen10 5220 1P 32G NC 8SFF Svr<\/h2>\n<\/li>\n<li>Garantia : 3 A\u00f1os<\/li>\n<\/ul>\n<h2><\/h2>\n<h2><\/h2>\n<h2 style=\"text-align: center;\"><span style=\"font-size: 18pt; color: #333399; font-family: tahoma, arial, helvetica, sans-serif;\">SERVIDORES HPE DE ALTO RENDIMIENTO<\/span><\/h2>\n<h3><\/h3>\n<h3 class=\"tag-h5\"><span style=\"font-family: tahoma, arial, helvetica, sans-serif; font-size: 18pt; color: #333399;\">Nube h\u00edbrida optimizada para cargas de trabajo<\/span><\/h3>\n<p>&nbsp;<\/p>\n<p><span style=\"font-family: tahoma, arial, helvetica, sans-serif; font-size: 12pt;\">Transforma la TI con conocimientos que permitan optimizar el rendimiento, la ubicaci\u00f3n y la eficiencia de la carga de trabajo, y ofrezcan mejores resultados m\u00e1s r\u00e1pido utilizando la inteligencia b\u00e1sica de HPE ProLiant.<\/span><\/p>\n<h3 class=\"tag-h5\"><span style=\"font-family: tahoma, arial, helvetica, sans-serif; font-size: 18pt; color: #333399;\">Seguridad de 360\u00a0grados<\/span><\/h3>\n<p><span style=\"font-family: tahoma, arial, helvetica, sans-serif; font-size: 12pt;\">Disfruta de una visi\u00f3n mejorada, integral y de 360\u00a0grados de la seguridad, que comienza en la cadena de suministro industrial y concluye con un desmantelamiento protegido y al fin de la vida \u00fatil, utilizando el servidor est\u00e1ndar del sector y el m\u00e1s seguro del mundo.<\/span><\/p>\n<h3 class=\"tag-h5\"><span style=\"font-family: tahoma, arial, helvetica, sans-serif; font-size: 18pt; color: #333399;\">Automatizaci\u00f3n inteligente<\/span><\/h3>\n<p><span style=\"font-family: tahoma, arial, helvetica, sans-serif; font-size: 12pt; color: #333333;\">La inteligencia integrada en la computaci\u00f3n de HPE simplifica y automatiza las tareas de gesti\u00f3n, y establece de esta forma una base s\u00f3lida para desarrollar una plataforma de nube h\u00edbrida abierta.<\/span><\/p>\n<h3 class=\"tag-h5\"><span style=\"font-family: tahoma, arial, helvetica, sans-serif; font-size: 18pt; color: #333399;\">Optimizado para rack<\/span><\/h3>\n<p><span style=\"font-family: tahoma, arial, helvetica, sans-serif; font-size: 12pt;\">Escoge entre un amplio portfolio de servidores para rack definidos por software vers\u00e1tiles y resilientes, adaptados a diversas cargas de trabajo y controlados a trav\u00e9s de una \u00fanica soluci\u00f3n de gesti\u00f3n de infraestructura.<\/span><\/p>\n<h3 class=\"tag-h5\"><span style=\"font-family: tahoma, arial, helvetica, sans-serif; font-size: 18pt; color: #333399;\">Oficinas remotas y negocios en crecimiento.<\/span><\/h3>\n<p><span style=\"font-family: tahoma, arial, helvetica, sans-serif; font-size: 12pt;\">Obt\u00e9n un valor de negocio sencillo y eficiente. Nuestras innovaciones inspiradas en el usuario proporcionan acceso remoto sencillo y mejoran la eficiencia energ\u00e9tica para reducir tu TCO.<\/span><\/p>\n<p><img loading=\"lazy\" decoding=\"async\" class=\"aligncenter\" src=\"https:\/\/cableado-estructurado.com.co\/netcomp\/wp-content\/uploads\/2022\/02\/servidor-hpe-hp-rack-ml350-dl360-dl380-ml110-ml30-disco-duro-fuente-poder.jpg\" alt=\"Servidor hp Colombia\" width=\"450\" height=\"329\" \/><\/p>\n<p>&nbsp;<\/p>\n<h2 style=\"text-align: center;\"><span style=\"font-family: tahoma, arial, helvetica, sans-serif; font-size: 12pt;\"><a href=\"https:\/\/cableado-estructurado.com.co\/netcomp\/wp-admin\/admin.php?page=pmxi-admin-import&amp;action=template\"><strong><span style=\"color: #333399;\">NOS ESPECIALIZAMOS EN SOLUCIONES CORPORATIVAS INTEGRALES : <\/span><\/strong><\/a><\/span><\/h2>\n<h3><\/h3>\n<ul>\n<li>\n<h3><span style=\"font-family: tahoma, arial, helvetica, sans-serif; font-size: 12pt; color: #000000;\"><a style=\"color: #000000;\" href=\"https:\/\/cableado-estructurado.com.co\/netcomp\/wp-admin\/admin.php?page=pmxi-admin-import&amp;action=template\"><strong>Videovigilancia<\/strong><\/a> :\u00a0 Hikvision &#8211; Dahua<\/span><\/h3>\n<\/li>\n<li>\n<h3><span style=\"font-family: tahoma, arial, helvetica, sans-serif; font-size: 12pt; color: #000000;\"><strong>CCTV<\/strong> : Camaras Hikvision &#8211; Dahua &#8211; Axis<\/span><\/h3>\n<\/li>\n<li>\n<h3><span style=\"font-family: tahoma, arial, helvetica, sans-serif; font-size: 12pt; color: #000000;\"><a style=\"color: #000000;\" href=\"https:\/\/cableado-estructurado.com.co\/netcomp\/wp-admin\/admin.php?page=pmxi-admin-import&amp;action=template\"><strong>Redes<\/strong><\/a> : Aruba &#8211; Cisco &#8211; Ubiquiti<\/span><\/h3>\n<\/li>\n<li>\n<h3><span style=\"font-family: tahoma, arial, helvetica, sans-serif; font-size: 12pt; color: #000000;\"><a style=\"color: #000000;\" href=\"https:\/\/cableado-estructurado.com.co\/netcomp\/wp-admin\/admin.php?page=pmxi-admin-import&amp;action=template\"><strong>Servidores<\/strong><\/a> : HP -DELL &#8211; LENOVO<\/span><\/h3>\n<\/li>\n<li>\n<h3><span style=\"font-family: tahoma, arial, helvetica, sans-serif; font-size: 12pt; color: #000000;\"><a style=\"color: #000000;\" href=\"https:\/\/cableado-estructurado.com.co\/netcomp\/wp-admin\/admin.php?page=pmxi-admin-import&amp;action=template\"><strong>Almacenamiento<\/strong><\/a> : QNAP &#8211; HPE &#8211; DELL<\/span><\/h3>\n<\/li>\n<li>\n<h3><span style=\"font-family: tahoma, arial, helvetica, sans-serif; font-size: 12pt; color: #000000;\"><a style=\"color: #000000;\" href=\"https:\/\/cableado-estructurado.com.co\/netcomp\/wp-admin\/admin.php?page=pmxi-admin-import&amp;action=template\"><strong>Cableado Estructurado<\/strong> : AMP Commscope &#8211; Systimax &#8211; Panduit &#8211; Qpcom<\/a><\/span><\/h3>\n<\/li>\n<\/ul>\n<p>&nbsp;<\/p>\n<h2 style=\"text-align: center;\"><span style=\"font-family: tahoma, arial, helvetica, sans-serif; font-size: 12pt;\"><a href=\"https:\/\/cableado-estructurado.com.co\/netcomp\/wp-admin\/admin.php?page=pmxi-admin-import&amp;action=template\"><strong>Para Disponibilidad y Pedidos, Contactanos!<\/strong><\/a><\/span><\/h2>\n<p>&nbsp;<\/p>\n<p><span style=\"font-family: tahoma, arial, helvetica, sans-serif; font-size: 12pt;\"><a href=\"https:\/\/cableado-estructurado.com.co\/netcomp\/wp-admin\/admin.php?page=pmxi-admin-import&amp;action=template\"><img loading=\"lazy\" decoding=\"async\" class=\"aligncenter wp-image-20467\" src=\"https:\/\/cableado-estructurado.com.co\/netcomp\/wp-content\/uploads\/2018\/07\/whatsapp-logo-mensaje.jpg\" alt=\"\" width=\"290\" height=\"220\" \/><\/a><\/span><\/p>\n<p><span style=\"font-family: tahoma, arial, helvetica, sans-serif; font-size: 12pt;\"><a href=\"https:\/\/cableado-estructurado.com.co\/netcomp\/wp-admin\/admin.php?page=pmxi-admin-import&amp;action=template\"><img loading=\"lazy\" decoding=\"async\" class=\"aligncenter wp-image-22093\" src=\"https:\/\/cableado-estructurado.com.co\/netcomp\/wp-content\/uploads\/2021\/04\/ventas-y-estructurado.png\" alt=\"\" width=\"411\" height=\"127\" \/><\/a><\/span><\/p>\n<p>&nbsp;<\/p>\n<h3><\/h3>\n<p>&nbsp;<\/p>\n<p>&nbsp;<\/p>\n","protected":false},"excerpt":{"rendered":"<p>Servidor P20248-B21 HPE DL380 Gen10 5220 1P 32G NC 8SFF Svr<\/p>\n","protected":false},"featured_media":43761,"comment_status":"closed","ping_status":"open","template":"","meta":{"_et_pb_use_builder":"","_et_pb_old_content":"","_et_gb_content_width":""},"product_brand":[],"product_cat":[20420],"product_tag":[21357,21358,400,21356,21359],"class_list":{"0":"post-43772","1":"product","2":"type-product","3":"status-publish","4":"has-post-thumbnail","6":"product_cat-servidores","7":"product_tag-cotizacion-servidor-hp","8":"product_tag-discos-duro-para-servidor-hp","9":"product_tag-precio-servidor-hp","10":"product_tag-servidores-hp-colombia","11":"product_tag-ventilador-para-servidor-hp-colombiaredes-aruba","13":"first","14":"instock","15":"product-type-simple"},"yoast_head":"<!-- This site is optimized with the Yoast SEO plugin v27.3 - https:\/\/yoast.com\/product\/yoast-seo-wordpress\/ -->\n<title>Servidor P20248-B21 HPE HPE DL380 Gen10 5220 1P 32G NC 8SFF Svr - Cableado Estructurado Colombia<\/title>\n<meta name=\"description\" content=\"Cableado Estructurado - Instalacion - Suministro Patch panel - Patch Cord - Jack - Cable Utp - Bogota - Colombia\" \/>\n<meta name=\"robots\" content=\"index, follow, max-snippet:-1, max-image-preview:large, max-video-preview:-1\" \/>\n<link rel=\"canonical\" href=\"https:\/\/cableado-estructurado.com.co\/netcomp\/producto\/servidor-p20248-b21-hpe-hpe-dl380-gen10-5220-1p-32g-nc-8sff-svr\/\" \/>\n<meta property=\"og:locale\" content=\"es_ES\" \/>\n<meta property=\"og:type\" content=\"article\" \/>\n<meta property=\"og:title\" content=\"Servidor P20248-B21 HPE HPE DL380 Gen10 5220 1P 32G NC 8SFF Svr - Cableado Estructurado Colombia\" \/>\n<meta property=\"og:description\" content=\"Cableado Estructurado - Instalacion - Suministro Patch panel - Patch Cord - Jack - Cable Utp - Bogota - Colombia\" \/>\n<meta property=\"og:url\" content=\"https:\/\/cableado-estructurado.com.co\/netcomp\/producto\/servidor-p20248-b21-hpe-hpe-dl380-gen10-5220-1p-32g-nc-8sff-svr\/\" \/>\n<meta property=\"og:site_name\" content=\"Cableado Estructurado Colombia\" \/>\n<meta property=\"article:publisher\" content=\"https:\/\/www.facebook.com\/Soluciones-Tecnologicas-MCC-SAS-100746298259981\" \/>\n<meta property=\"article:modified_time\" content=\"2022-02-19T23:35:59+00:00\" \/>\n<meta property=\"og:image\" content=\"https:\/\/cableado-estructurado.com.co\/netcomp\/wp-content\/uploads\/2022\/02\/logo-hpe-Hewlett_Packard_Enterprise_servidor-hp-discos-memoria-ventiladores-fuentes-poder-e1645314091395.png\" \/>\n\t<meta property=\"og:image:width\" content=\"450\" \/>\n\t<meta property=\"og:image:height\" content=\"188\" \/>\n\t<meta property=\"og:image:type\" content=\"image\/png\" \/>\n<meta name=\"twitter:card\" content=\"summary_large_image\" \/>\n<meta name=\"twitter:label1\" content=\"Tiempo de lectura\" \/>\n\t<meta name=\"twitter:data1\" content=\"1 minuto\" \/>\n<script type=\"application\/ld+json\" class=\"yoast-schema-graph\">{\"@context\":\"https:\\\/\\\/schema.org\",\"@graph\":[{\"@type\":\"WebPage\",\"@id\":\"https:\\\/\\\/cableado-estructurado.com.co\\\/netcomp\\\/producto\\\/servidor-p20248-b21-hpe-hpe-dl380-gen10-5220-1p-32g-nc-8sff-svr\\\/\",\"url\":\"https:\\\/\\\/cableado-estructurado.com.co\\\/netcomp\\\/producto\\\/servidor-p20248-b21-hpe-hpe-dl380-gen10-5220-1p-32g-nc-8sff-svr\\\/\",\"name\":\"Servidor P20248-B21 HPE HPE DL380 Gen10 5220 1P 32G NC 8SFF Svr - Cableado Estructurado Colombia\",\"isPartOf\":{\"@id\":\"https:\\\/\\\/cableado-estructurado.com.co\\\/netcomp\\\/#website\"},\"primaryImageOfPage\":{\"@id\":\"https:\\\/\\\/cableado-estructurado.com.co\\\/netcomp\\\/producto\\\/servidor-p20248-b21-hpe-hpe-dl380-gen10-5220-1p-32g-nc-8sff-svr\\\/#primaryimage\"},\"image\":{\"@id\":\"https:\\\/\\\/cableado-estructurado.com.co\\\/netcomp\\\/producto\\\/servidor-p20248-b21-hpe-hpe-dl380-gen10-5220-1p-32g-nc-8sff-svr\\\/#primaryimage\"},\"thumbnailUrl\":\"https:\\\/\\\/cableado-estructurado.com.co\\\/netcomp\\\/wp-content\\\/uploads\\\/2022\\\/02\\\/logo-hpe-Hewlett_Packard_Enterprise_servidor-hp-discos-memoria-ventiladores-fuentes-poder-e1645314091395.png\",\"datePublished\":\"2022-02-19T23:35:32+00:00\",\"dateModified\":\"2022-02-19T23:35:59+00:00\",\"description\":\"Cableado Estructurado - Instalacion - Suministro Patch panel - Patch Cord - Jack - Cable Utp - Bogota - Colombia\",\"breadcrumb\":{\"@id\":\"https:\\\/\\\/cableado-estructurado.com.co\\\/netcomp\\\/producto\\\/servidor-p20248-b21-hpe-hpe-dl380-gen10-5220-1p-32g-nc-8sff-svr\\\/#breadcrumb\"},\"inLanguage\":\"es\",\"potentialAction\":[{\"@type\":\"ReadAction\",\"target\":[\"https:\\\/\\\/cableado-estructurado.com.co\\\/netcomp\\\/producto\\\/servidor-p20248-b21-hpe-hpe-dl380-gen10-5220-1p-32g-nc-8sff-svr\\\/\"]}]},{\"@type\":\"ImageObject\",\"inLanguage\":\"es\",\"@id\":\"https:\\\/\\\/cableado-estructurado.com.co\\\/netcomp\\\/producto\\\/servidor-p20248-b21-hpe-hpe-dl380-gen10-5220-1p-32g-nc-8sff-svr\\\/#primaryimage\",\"url\":\"https:\\\/\\\/cableado-estructurado.com.co\\\/netcomp\\\/wp-content\\\/uploads\\\/2022\\\/02\\\/logo-hpe-Hewlett_Packard_Enterprise_servidor-hp-discos-memoria-ventiladores-fuentes-poder-e1645314091395.png\",\"contentUrl\":\"https:\\\/\\\/cableado-estructurado.com.co\\\/netcomp\\\/wp-content\\\/uploads\\\/2022\\\/02\\\/logo-hpe-Hewlett_Packard_Enterprise_servidor-hp-discos-memoria-ventiladores-fuentes-poder-e1645314091395.png\",\"width\":450,\"height\":188,\"caption\":\"Servidores HP - Discos\"},{\"@type\":\"BreadcrumbList\",\"@id\":\"https:\\\/\\\/cableado-estructurado.com.co\\\/netcomp\\\/producto\\\/servidor-p20248-b21-hpe-hpe-dl380-gen10-5220-1p-32g-nc-8sff-svr\\\/#breadcrumb\",\"itemListElement\":[{\"@type\":\"ListItem\",\"position\":1,\"name\":\"Portada\",\"item\":\"https:\\\/\\\/cableado-estructurado.com.co\\\/netcomp\\\/\"},{\"@type\":\"ListItem\",\"position\":2,\"name\":\"Tienda\",\"item\":\"https:\\\/\\\/cableado-estructurado.com.co\\\/netcomp\\\/camaras-cableado-accesorios\\\/\"},{\"@type\":\"ListItem\",\"position\":3,\"name\":\"Servidor P20248-B21 HPE HPE DL380 Gen10 5220 1P 32G NC 8SFF Svr\"}]},{\"@type\":\"WebSite\",\"@id\":\"https:\\\/\\\/cableado-estructurado.com.co\\\/netcomp\\\/#website\",\"url\":\"https:\\\/\\\/cableado-estructurado.com.co\\\/netcomp\\\/\",\"name\":\"Cableado Estructurado Colombia\",\"description\":\"Telefonos:  (+57) 316 878 8749\",\"publisher\":{\"@id\":\"https:\\\/\\\/cableado-estructurado.com.co\\\/netcomp\\\/#organization\"},\"potentialAction\":[{\"@type\":\"SearchAction\",\"target\":{\"@type\":\"EntryPoint\",\"urlTemplate\":\"https:\\\/\\\/cableado-estructurado.com.co\\\/netcomp\\\/?s={search_term_string}\"},\"query-input\":{\"@type\":\"PropertyValueSpecification\",\"valueRequired\":true,\"valueName\":\"search_term_string\"}}],\"inLanguage\":\"es\"},{\"@type\":\"Organization\",\"@id\":\"https:\\\/\\\/cableado-estructurado.com.co\\\/netcomp\\\/#organization\",\"name\":\"Soluciones Tecnologicas MCC SAS\",\"alternateName\":\"MCC\",\"url\":\"https:\\\/\\\/cableado-estructurado.com.co\\\/netcomp\\\/\",\"logo\":{\"@type\":\"ImageObject\",\"inLanguage\":\"es\",\"@id\":\"https:\\\/\\\/cableado-estructurado.com.co\\\/netcomp\\\/#\\\/schema\\\/logo\\\/image\\\/\",\"url\":\"https:\\\/\\\/cableado-estructurado.com.co\\\/netcomp\\\/wp-content\\\/uploads\\\/2023\\\/04\\\/logos-soluciones-1-1.png\",\"contentUrl\":\"https:\\\/\\\/cableado-estructurado.com.co\\\/netcomp\\\/wp-content\\\/uploads\\\/2023\\\/04\\\/logos-soluciones-1-1.png\",\"width\":479,\"height\":100,\"caption\":\"Soluciones Tecnologicas MCC SAS\"},\"image\":{\"@id\":\"https:\\\/\\\/cableado-estructurado.com.co\\\/netcomp\\\/#\\\/schema\\\/logo\\\/image\\\/\"},\"sameAs\":[\"https:\\\/\\\/www.facebook.com\\\/Soluciones-Tecnologicas-MCC-SAS-100746298259981\",\"https:\\\/\\\/www.instagram.com\\\/solucionesmccsas\\\/?hl=es\",\"http:\\\/\\\/www.linkedin.com\\\/in\\\/mauricio-calderon-a78b5a15\"]}]}<\/script>\n<!-- \/ Yoast SEO plugin. -->","yoast_head_json":{"title":"Servidor P20248-B21 HPE HPE DL380 Gen10 5220 1P 32G NC 8SFF Svr - Cableado Estructurado Colombia","description":"Cableado Estructurado - Instalacion - Suministro Patch panel - Patch Cord - Jack - Cable Utp - Bogota - Colombia","robots":{"index":"index","follow":"follow","max-snippet":"max-snippet:-1","max-image-preview":"max-image-preview:large","max-video-preview":"max-video-preview:-1"},"canonical":"https:\/\/cableado-estructurado.com.co\/netcomp\/producto\/servidor-p20248-b21-hpe-hpe-dl380-gen10-5220-1p-32g-nc-8sff-svr\/","og_locale":"es_ES","og_type":"article","og_title":"Servidor P20248-B21 HPE HPE DL380 Gen10 5220 1P 32G NC 8SFF Svr - Cableado Estructurado Colombia","og_description":"Cableado Estructurado - Instalacion - Suministro Patch panel - Patch Cord - Jack - Cable Utp - Bogota - Colombia","og_url":"https:\/\/cableado-estructurado.com.co\/netcomp\/producto\/servidor-p20248-b21-hpe-hpe-dl380-gen10-5220-1p-32g-nc-8sff-svr\/","og_site_name":"Cableado Estructurado Colombia","article_publisher":"https:\/\/www.facebook.com\/Soluciones-Tecnologicas-MCC-SAS-100746298259981","article_modified_time":"2022-02-19T23:35:59+00:00","og_image":[{"width":450,"height":188,"url":"https:\/\/cableado-estructurado.com.co\/netcomp\/wp-content\/uploads\/2022\/02\/logo-hpe-Hewlett_Packard_Enterprise_servidor-hp-discos-memoria-ventiladores-fuentes-poder-e1645314091395.png","type":"image\/png"}],"twitter_card":"summary_large_image","twitter_misc":{"Tiempo de lectura":"1 minuto"},"schema":{"@context":"https:\/\/schema.org","@graph":[{"@type":"WebPage","@id":"https:\/\/cableado-estructurado.com.co\/netcomp\/producto\/servidor-p20248-b21-hpe-hpe-dl380-gen10-5220-1p-32g-nc-8sff-svr\/","url":"https:\/\/cableado-estructurado.com.co\/netcomp\/producto\/servidor-p20248-b21-hpe-hpe-dl380-gen10-5220-1p-32g-nc-8sff-svr\/","name":"Servidor P20248-B21 HPE HPE DL380 Gen10 5220 1P 32G NC 8SFF Svr - Cableado Estructurado Colombia","isPartOf":{"@id":"https:\/\/cableado-estructurado.com.co\/netcomp\/#website"},"primaryImageOfPage":{"@id":"https:\/\/cableado-estructurado.com.co\/netcomp\/producto\/servidor-p20248-b21-hpe-hpe-dl380-gen10-5220-1p-32g-nc-8sff-svr\/#primaryimage"},"image":{"@id":"https:\/\/cableado-estructurado.com.co\/netcomp\/producto\/servidor-p20248-b21-hpe-hpe-dl380-gen10-5220-1p-32g-nc-8sff-svr\/#primaryimage"},"thumbnailUrl":"https:\/\/cableado-estructurado.com.co\/netcomp\/wp-content\/uploads\/2022\/02\/logo-hpe-Hewlett_Packard_Enterprise_servidor-hp-discos-memoria-ventiladores-fuentes-poder-e1645314091395.png","datePublished":"2022-02-19T23:35:32+00:00","dateModified":"2022-02-19T23:35:59+00:00","description":"Cableado Estructurado - Instalacion - Suministro Patch panel - Patch Cord - Jack - Cable Utp - Bogota - Colombia","breadcrumb":{"@id":"https:\/\/cableado-estructurado.com.co\/netcomp\/producto\/servidor-p20248-b21-hpe-hpe-dl380-gen10-5220-1p-32g-nc-8sff-svr\/#breadcrumb"},"inLanguage":"es","potentialAction":[{"@type":"ReadAction","target":["https:\/\/cableado-estructurado.com.co\/netcomp\/producto\/servidor-p20248-b21-hpe-hpe-dl380-gen10-5220-1p-32g-nc-8sff-svr\/"]}]},{"@type":"ImageObject","inLanguage":"es","@id":"https:\/\/cableado-estructurado.com.co\/netcomp\/producto\/servidor-p20248-b21-hpe-hpe-dl380-gen10-5220-1p-32g-nc-8sff-svr\/#primaryimage","url":"https:\/\/cableado-estructurado.com.co\/netcomp\/wp-content\/uploads\/2022\/02\/logo-hpe-Hewlett_Packard_Enterprise_servidor-hp-discos-memoria-ventiladores-fuentes-poder-e1645314091395.png","contentUrl":"https:\/\/cableado-estructurado.com.co\/netcomp\/wp-content\/uploads\/2022\/02\/logo-hpe-Hewlett_Packard_Enterprise_servidor-hp-discos-memoria-ventiladores-fuentes-poder-e1645314091395.png","width":450,"height":188,"caption":"Servidores HP - Discos"},{"@type":"BreadcrumbList","@id":"https:\/\/cableado-estructurado.com.co\/netcomp\/producto\/servidor-p20248-b21-hpe-hpe-dl380-gen10-5220-1p-32g-nc-8sff-svr\/#breadcrumb","itemListElement":[{"@type":"ListItem","position":1,"name":"Portada","item":"https:\/\/cableado-estructurado.com.co\/netcomp\/"},{"@type":"ListItem","position":2,"name":"Tienda","item":"https:\/\/cableado-estructurado.com.co\/netcomp\/camaras-cableado-accesorios\/"},{"@type":"ListItem","position":3,"name":"Servidor P20248-B21 HPE HPE DL380 Gen10 5220 1P 32G NC 8SFF Svr"}]},{"@type":"WebSite","@id":"https:\/\/cableado-estructurado.com.co\/netcomp\/#website","url":"https:\/\/cableado-estructurado.com.co\/netcomp\/","name":"Cableado Estructurado Colombia","description":"Telefonos:  (+57) 316 878 8749","publisher":{"@id":"https:\/\/cableado-estructurado.com.co\/netcomp\/#organization"},"potentialAction":[{"@type":"SearchAction","target":{"@type":"EntryPoint","urlTemplate":"https:\/\/cableado-estructurado.com.co\/netcomp\/?s={search_term_string}"},"query-input":{"@type":"PropertyValueSpecification","valueRequired":true,"valueName":"search_term_string"}}],"inLanguage":"es"},{"@type":"Organization","@id":"https:\/\/cableado-estructurado.com.co\/netcomp\/#organization","name":"Soluciones Tecnologicas MCC SAS","alternateName":"MCC","url":"https:\/\/cableado-estructurado.com.co\/netcomp\/","logo":{"@type":"ImageObject","inLanguage":"es","@id":"https:\/\/cableado-estructurado.com.co\/netcomp\/#\/schema\/logo\/image\/","url":"https:\/\/cableado-estructurado.com.co\/netcomp\/wp-content\/uploads\/2023\/04\/logos-soluciones-1-1.png","contentUrl":"https:\/\/cableado-estructurado.com.co\/netcomp\/wp-content\/uploads\/2023\/04\/logos-soluciones-1-1.png","width":479,"height":100,"caption":"Soluciones Tecnologicas MCC SAS"},"image":{"@id":"https:\/\/cableado-estructurado.com.co\/netcomp\/#\/schema\/logo\/image\/"},"sameAs":["https:\/\/www.facebook.com\/Soluciones-Tecnologicas-MCC-SAS-100746298259981","https:\/\/www.instagram.com\/solucionesmccsas\/?hl=es","http:\/\/www.linkedin.com\/in\/mauricio-calderon-a78b5a15"]}]}},"jetpack_sharing_enabled":true,"_links":{"self":[{"href":"https:\/\/cableado-estructurado.com.co\/netcomp\/wp-json\/wp\/v2\/product\/43772","targetHints":{"allow":["GET"]}}],"collection":[{"href":"https:\/\/cableado-estructurado.com.co\/netcomp\/wp-json\/wp\/v2\/product"}],"about":[{"href":"https:\/\/cableado-estructurado.com.co\/netcomp\/wp-json\/wp\/v2\/types\/product"}],"replies":[{"embeddable":true,"href":"https:\/\/cableado-estructurado.com.co\/netcomp\/wp-json\/wp\/v2\/comments?post=43772"}],"wp:featuredmedia":[{"embeddable":true,"href":"https:\/\/cableado-estructurado.com.co\/netcomp\/wp-json\/wp\/v2\/media\/43761"}],"wp:attachment":[{"href":"https:\/\/cableado-estructurado.com.co\/netcomp\/wp-json\/wp\/v2\/media?parent=43772"}],"wp:term":[{"taxonomy":"product_brand","embeddable":true,"href":"https:\/\/cableado-estructurado.com.co\/netcomp\/wp-json\/wp\/v2\/product_brand?post=43772"},{"taxonomy":"product_cat","embeddable":true,"href":"https:\/\/cableado-estructurado.com.co\/netcomp\/wp-json\/wp\/v2\/product_cat?post=43772"},{"taxonomy":"product_tag","embeddable":true,"href":"https:\/\/cableado-estructurado.com.co\/netcomp\/wp-json\/wp\/v2\/product_tag?post=43772"}],"curies":[{"name":"wp","href":"https:\/\/api.w.org\/{rel}","templated":true}]}}