{"id":45657,"date":"2022-05-30T22:32:30","date_gmt":"2022-05-31T03:32:30","guid":{"rendered":"https:\/\/cableado-estructurado.com.co\/netcomp\/producto\/hpe-hpe-proliant-ml110-g5-server\/"},"modified":"2023-04-26T10:09:40","modified_gmt":"2023-04-26T15:09:40","slug":"hpe-hpe-proliant-ml110-g5-server","status":"publish","type":"product","link":"https:\/\/cableado-estructurado.com.co\/netcomp\/producto\/hpe-hpe-proliant-ml110-g5-server\/","title":{"rendered":"HPE HPE ProLiant ML110 G5 Server"},"content":{"rendered":"<h1 style=\"text-align: center;\"><strong>HPE N\/P: 444810-001,\u00ff444810-011,\u00ff444810-031,\u00ff444810-041,\u00ff444810-051,\u00ff444810-201,\u00ff444810-291,\u00ff444810-371,\u00ff444810-421,\u00ff444810-AA1,\u00ff444811-001,\u00ff444811-011,\u00ff444811-031,\u00ff444811-041,\u00ff444811-051,\u00ff444811-201,\u00ff444811-291,\u00ff444811-371,\u00ff444811-421,\u00ff444811-AA1<\/strong><\/h1>\n<p>&nbsp;<\/p>\n<h3><span style=\"font-family: tahoma, arial, helvetica, sans-serif; font-size: 14pt;\"><strong>Descripci\u00f3n:<\/strong><\/span><\/h3>\n<ul>\n<li>\n<h3>HPE ProLiant ML110 G5 Server<\/h3>\n<\/li>\n<\/ul>\n<p>&nbsp;<\/p>\n<p style=\"text-align: center;\"><span style=\"color: #ff0000;\"><strong><span style=\"font-family: tahoma, arial, helvetica, sans-serif; font-size: 14pt;\">Para Precio y Disponibilidad Por Favor Cont\u00e1ctanos V\u00eda Email o WhatsApp<\/span><\/strong><\/span><\/p>\n<p style=\"text-align: center;\"><span style=\"color: #ff0000;\">___________________________________________________________________________________________________<\/span><\/p>\n<p>&nbsp;<\/p>\n<p>&nbsp;<\/p>\n<h3 style=\"text-align: center;\"><span style=\"font-family: tahoma, arial, helvetica, sans-serif; font-size: 14pt;\"><a title=\"Tienda - Precio y Venta Servidores HP\" href=\"https:\/\/netcomp.co\/es\/132-servidores-hp-lenovo-dell-partes\" target=\"_blank\" rel=\"noopener noreferrer\"><span style=\"font-size: 14pt;\">DISPONEMOS DE UNA<\/span><span style=\"font-size: 14pt;\"> AMPLIA GAMA DE SERVIDORES HP PROLIANT PARA <\/span><\/a><\/span><\/h3>\n<h3 style=\"text-align: center;\"><span style=\"font-family: tahoma, arial, helvetica, sans-serif; font-size: 14pt;\"><a title=\"Tienda - Precio y Venta Servidores HP\" href=\"https:\/\/netcomp.co\/es\/132-servidores-hp-lenovo-dell-partes\" target=\"_blank\" rel=\"noopener noreferrer\">VENTA \/ ARRENDAMIENTO \/ ALQUILER :<\/a><\/span><\/h3>\n<h3 style=\"text-align: center;\"><span style=\"font-size: 14pt;\"><a title=\"Tienda - Precio y Venta Servidores HP\" href=\"https:\/\/netcomp.co\/es\/132-servidores-hp-lenovo-dell-partes\" target=\"_blank\" rel=\"noopener noreferrer\"><span style=\"font-family: tahoma, arial, helvetica, sans-serif;\">ML350 \/ ML150 \/ DL320 \/ DL360 \/ DL380 <\/span><span style=\"font-family: tahoma, arial, helvetica, sans-serif;\">PARA COMPRAR CLICK<\/span><span style=\"font-family: tahoma, arial, helvetica, sans-serif;\"> AQU<\/span><span style=\"font-family: tahoma, arial, helvetica, sans-serif;\">I!<\/span><\/a><\/span><\/h3>\n<h2 style=\"text-align: center;\"><strong><a href=\"https:\/\/api.whatsapp.com\/send?phone=573168788749\" target=\"_blank\" rel=\"noopener noreferrer\"><img loading=\"lazy\" decoding=\"async\" class=\"wp-image-20467 aligncenter\" src=\"https:\/\/cableado-estructurado.com.co\/netcomp\/wp-content\/uploads\/2018\/07\/whatsapp-logo-mensaje.jpg\" alt=\"\" width=\"290\" height=\"220\" \/><\/a><\/strong><\/h2>\n<h2 style=\"text-align: center;\"><img loading=\"lazy\" decoding=\"async\" class=\"wp-image-21775 aligncenter\" src=\"https:\/\/servidor-hp.com.co\/netcomp\/wp-content\/uploads\/2019\/05\/boton-ventas-servidor.png\" alt=\"\" width=\"495\" height=\"153\" \/><\/h2>\n<p style=\"text-align: center;\">\n","protected":false},"excerpt":{"rendered":"<p>HPE ProLiant ML110 G5 Server HPE 444810-001,\u00ff444810-011,\u00ff444810-031,\u00ff444810-041,\u00ff444810-051,\u00ff444810-201,\u00ff444810-291,\u00ff444810-371,\u00ff444810-421,\u00ff444810-AA1,\u00ff444811-001,\u00ff444811-011,\u00ff444811-031,\u00ff444811-041,\u00ff444811-051,\u00ff444811-201,\u00ff444811-291,\u00ff444811-371,\u00ff444811-421,\u00ff444811-AA1<\/p>\n","protected":false},"featured_media":21646,"comment_status":"closed","ping_status":"open","template":"","meta":{"_et_pb_use_builder":"","_et_pb_old_content":"","_et_gb_content_width":""},"product_brand":[],"product_cat":[21361],"product_tag":[26719,26720,26721,26722,26723,26724,26725,26726,26727,26728,26729,26730,26731,26732,26733,26734,26735,26736,26737,26738],"class_list":{"0":"post-45657","1":"product","2":"type-product","3":"status-publish","4":"has-post-thumbnail","6":"product_cat-accesorios","7":"product_tag-hpe-proliant-ml110-g5-server-hpe-444810-001","8":"product_tag-y444810-011","9":"product_tag-y444810-031","10":"product_tag-y444810-041","11":"product_tag-y444810-051","12":"product_tag-y444810-201","13":"product_tag-y444810-291","14":"product_tag-y444810-371","15":"product_tag-y444810-421","16":"product_tag-y444810-aa1","17":"product_tag-y444811-001","18":"product_tag-y444811-011","19":"product_tag-y444811-031","20":"product_tag-y444811-041","21":"product_tag-y444811-051","22":"product_tag-y444811-201","23":"product_tag-y444811-291","24":"product_tag-y444811-371","25":"product_tag-y444811-421","26":"product_tag-y444811-aa1","28":"first","29":"instock","30":"product-type-simple"},"yoast_head":"<!-- This site is optimized with the Yoast SEO plugin v27.3 - https:\/\/yoast.com\/product\/yoast-seo-wordpress\/ -->\n<title>HPE ProLiant ML110 G5 Server HPE 444810-001,\u00ff444810-011,\u00ff444810-031,\u00ff444810-041,\u00ff444810-051,\u00ff444810-201,\u00ff444810-291,\u00ff444810-371,\u00ff444810-421,\u00ff444810-AA1,\u00ff444811-001,\u00ff444811-011,\u00ff444811-031,\u00ff444811-041,\u00ff444811-051,\u00ff444811-201,\u00ff444811-291,\u00ff444811-371,\u00ff444811-421,\u00ff444811-AA1<\/title>\n<meta name=\"description\" content=\"HPE ProLiant ML110 G5 Server HPE 444810-001,\u00ff444810-011,\u00ff444810-031,\u00ff444810-041,\u00ff444810-051,\u00ff444810-201,\u00ff444810-291,\u00ff444810-371,\u00ff444810-421,\u00ff444810-AA1,\u00ff444811-001,\u00ff444811-011,\u00ff444811-031,\u00ff444811-041,\u00ff444811-051,\u00ff444811-201,\u00ff444811-291,\u00ff444811-371,\u00ff444811-421,\u00ff444811-AA1\" \/>\n<meta name=\"robots\" content=\"index, follow, max-snippet:-1, max-image-preview:large, max-video-preview:-1\" \/>\n<link rel=\"canonical\" href=\"https:\/\/cableado-estructurado.com.co\/netcomp\/producto\/hpe-hpe-proliant-ml110-g5-server\/\" \/>\n<meta property=\"og:locale\" content=\"es_ES\" \/>\n<meta property=\"og:type\" content=\"article\" \/>\n<meta property=\"og:title\" content=\"HPE ProLiant ML110 G5 Server HPE 444810-001,\u00ff444810-011,\u00ff444810-031,\u00ff444810-041,\u00ff444810-051,\u00ff444810-201,\u00ff444810-291,\u00ff444810-371,\u00ff444810-421,\u00ff444810-AA1,\u00ff444811-001,\u00ff444811-011,\u00ff444811-031,\u00ff444811-041,\u00ff444811-051,\u00ff444811-201,\u00ff444811-291,\u00ff444811-371,\u00ff444811-421,\u00ff444811-AA1 - Bogota - Colombia\" \/>\n<meta property=\"og:description\" content=\"HPE ProLiant ML110 G5 Server HPE 444810-001,\u00ff444810-011,\u00ff444810-031,\u00ff444810-041,\u00ff444810-051,\u00ff444810-201,\u00ff444810-291,\u00ff444810-371,\u00ff444810-421,\u00ff444810-AA1,\u00ff444811-001,\u00ff444811-011,\u00ff444811-031,\u00ff444811-041,\u00ff444811-051,\u00ff444811-201,\u00ff444811-291,\u00ff444811-371,\u00ff444811-421,\u00ff444811-AA1 - Bogota - Colombia - cableado-estructurado.com.co\" \/>\n<meta property=\"og:url\" content=\"https:\/\/cableado-estructurado.com.co\/netcomp\/producto\/hpe-hpe-proliant-ml110-g5-server\/\" \/>\n<meta property=\"og:site_name\" content=\"Cableado Estructurado Colombia\" \/>\n<meta property=\"article:publisher\" content=\"https:\/\/www.facebook.com\/Soluciones-Tecnologicas-MCC-SAS-100746298259981\" \/>\n<meta property=\"article:modified_time\" content=\"2023-04-26T15:09:40+00:00\" \/>\n<meta property=\"og:image\" content=\"https:\/\/cableado-estructurado.com.co\/netcomp\/wp-content\/uploads\/2020\/03\/hpe-logo-e1589689745625.jpg\" \/>\n<meta name=\"twitter:card\" content=\"summary_large_image\" \/>\n<meta name=\"twitter:title\" content=\"HPE ProLiant ML110 G5 Server HPE 444810-001,\u00ff444810-011,\u00ff444810-031,\u00ff444810-041,\u00ff444810-051,\u00ff444810-201,\u00ff444810-291,\u00ff444810-371,\u00ff444810-421,\u00ff444810-AA1,\u00ff444811-001,\u00ff444811-011,\u00ff444811-031,\u00ff444811-041,\u00ff444811-051,\u00ff444811-201,\u00ff444811-291,\u00ff444811-371,\u00ff444811-421,\u00ff444811-AA1\" \/>\n<meta name=\"twitter:description\" content=\"HPE ProLiant ML110 G5 Server HPE 444810-001,\u00ff444810-011,\u00ff444810-031,\u00ff444810-041,\u00ff444810-051,\u00ff444810-201,\u00ff444810-291,\u00ff444810-371,\u00ff444810-421,\u00ff444810-AA1,\u00ff444811-001,\u00ff444811-011,\u00ff444811-031,\u00ff444811-041,\u00ff444811-051,\u00ff444811-201,\u00ff444811-291,\u00ff444811-371,\u00ff444811-421,\u00ff444811-AA1 - Bogota - Colombia - cableado-estructurado.com.co\" \/>\n<meta name=\"twitter:image\" content=\"https:\/\/cableado-estructurado.com.co\/netcomp\/wp-content\/uploads\/2020\/03\/hpe-logo-e1589689745625.jpg\" \/>\n<script type=\"application\/ld+json\" class=\"yoast-schema-graph\">{\"@context\":\"https:\\\/\\\/schema.org\",\"@graph\":[{\"@type\":\"WebPage\",\"@id\":\"https:\\\/\\\/cableado-estructurado.com.co\\\/netcomp\\\/producto\\\/hpe-hpe-proliant-ml110-g5-server\\\/\",\"url\":\"https:\\\/\\\/cableado-estructurado.com.co\\\/netcomp\\\/producto\\\/hpe-hpe-proliant-ml110-g5-server\\\/\",\"name\":\"HPE ProLiant ML110 G5 Server HPE 444810-001,\u00ff444810-011,\u00ff444810-031,\u00ff444810-041,\u00ff444810-051,\u00ff444810-201,\u00ff444810-291,\u00ff444810-371,\u00ff444810-421,\u00ff444810-AA1,\u00ff444811-001,\u00ff444811-011,\u00ff444811-031,\u00ff444811-041,\u00ff444811-051,\u00ff444811-201,\u00ff444811-291,\u00ff444811-371,\u00ff444811-421,\u00ff444811-AA1\",\"isPartOf\":{\"@id\":\"https:\\\/\\\/cableado-estructurado.com.co\\\/netcomp\\\/#website\"},\"primaryImageOfPage\":{\"@id\":\"https:\\\/\\\/cableado-estructurado.com.co\\\/netcomp\\\/producto\\\/hpe-hpe-proliant-ml110-g5-server\\\/#primaryimage\"},\"image\":{\"@id\":\"https:\\\/\\\/cableado-estructurado.com.co\\\/netcomp\\\/producto\\\/hpe-hpe-proliant-ml110-g5-server\\\/#primaryimage\"},\"thumbnailUrl\":\"https:\\\/\\\/cableado-estructurado.com.co\\\/netcomp\\\/wp-content\\\/uploads\\\/2020\\\/03\\\/hpe-logo-e1589689745625.jpg\",\"datePublished\":\"2022-05-31T03:32:30+00:00\",\"dateModified\":\"2023-04-26T15:09:40+00:00\",\"description\":\"HPE ProLiant ML110 G5 Server HPE 444810-001,\u00ff444810-011,\u00ff444810-031,\u00ff444810-041,\u00ff444810-051,\u00ff444810-201,\u00ff444810-291,\u00ff444810-371,\u00ff444810-421,\u00ff444810-AA1,\u00ff444811-001,\u00ff444811-011,\u00ff444811-031,\u00ff444811-041,\u00ff444811-051,\u00ff444811-201,\u00ff444811-291,\u00ff444811-371,\u00ff444811-421,\u00ff444811-AA1\",\"breadcrumb\":{\"@id\":\"https:\\\/\\\/cableado-estructurado.com.co\\\/netcomp\\\/producto\\\/hpe-hpe-proliant-ml110-g5-server\\\/#breadcrumb\"},\"inLanguage\":\"es\",\"potentialAction\":[{\"@type\":\"ReadAction\",\"target\":[\"https:\\\/\\\/cableado-estructurado.com.co\\\/netcomp\\\/producto\\\/hpe-hpe-proliant-ml110-g5-server\\\/\"]}]},{\"@type\":\"ImageObject\",\"inLanguage\":\"es\",\"@id\":\"https:\\\/\\\/cableado-estructurado.com.co\\\/netcomp\\\/producto\\\/hpe-hpe-proliant-ml110-g5-server\\\/#primaryimage\",\"url\":\"https:\\\/\\\/cableado-estructurado.com.co\\\/netcomp\\\/wp-content\\\/uploads\\\/2020\\\/03\\\/hpe-logo-e1589689745625.jpg\",\"contentUrl\":\"https:\\\/\\\/cableado-estructurado.com.co\\\/netcomp\\\/wp-content\\\/uploads\\\/2020\\\/03\\\/hpe-logo-e1589689745625.jpg\",\"width\":275,\"height\":183,\"caption\":\"Servidores y Switches HP\"},{\"@type\":\"BreadcrumbList\",\"@id\":\"https:\\\/\\\/cableado-estructurado.com.co\\\/netcomp\\\/producto\\\/hpe-hpe-proliant-ml110-g5-server\\\/#breadcrumb\",\"itemListElement\":[{\"@type\":\"ListItem\",\"position\":1,\"name\":\"Portada\",\"item\":\"https:\\\/\\\/cableado-estructurado.com.co\\\/netcomp\\\/\"},{\"@type\":\"ListItem\",\"position\":2,\"name\":\"Tienda\",\"item\":\"https:\\\/\\\/cableado-estructurado.com.co\\\/netcomp\\\/camaras-cableado-accesorios\\\/\"},{\"@type\":\"ListItem\",\"position\":3,\"name\":\"HPE HPE ProLiant ML110 G5 Server\"}]},{\"@type\":\"WebSite\",\"@id\":\"https:\\\/\\\/cableado-estructurado.com.co\\\/netcomp\\\/#website\",\"url\":\"https:\\\/\\\/cableado-estructurado.com.co\\\/netcomp\\\/\",\"name\":\"Cableado Estructurado Colombia\",\"description\":\"Telefonos:  (+57) 316 878 8749\",\"publisher\":{\"@id\":\"https:\\\/\\\/cableado-estructurado.com.co\\\/netcomp\\\/#organization\"},\"potentialAction\":[{\"@type\":\"SearchAction\",\"target\":{\"@type\":\"EntryPoint\",\"urlTemplate\":\"https:\\\/\\\/cableado-estructurado.com.co\\\/netcomp\\\/?s={search_term_string}\"},\"query-input\":{\"@type\":\"PropertyValueSpecification\",\"valueRequired\":true,\"valueName\":\"search_term_string\"}}],\"inLanguage\":\"es\"},{\"@type\":\"Organization\",\"@id\":\"https:\\\/\\\/cableado-estructurado.com.co\\\/netcomp\\\/#organization\",\"name\":\"Soluciones Tecnologicas MCC SAS\",\"alternateName\":\"MCC\",\"url\":\"https:\\\/\\\/cableado-estructurado.com.co\\\/netcomp\\\/\",\"logo\":{\"@type\":\"ImageObject\",\"inLanguage\":\"es\",\"@id\":\"https:\\\/\\\/cableado-estructurado.com.co\\\/netcomp\\\/#\\\/schema\\\/logo\\\/image\\\/\",\"url\":\"https:\\\/\\\/cableado-estructurado.com.co\\\/netcomp\\\/wp-content\\\/uploads\\\/2023\\\/04\\\/logos-soluciones-1-1.png\",\"contentUrl\":\"https:\\\/\\\/cableado-estructurado.com.co\\\/netcomp\\\/wp-content\\\/uploads\\\/2023\\\/04\\\/logos-soluciones-1-1.png\",\"width\":479,\"height\":100,\"caption\":\"Soluciones Tecnologicas MCC SAS\"},\"image\":{\"@id\":\"https:\\\/\\\/cableado-estructurado.com.co\\\/netcomp\\\/#\\\/schema\\\/logo\\\/image\\\/\"},\"sameAs\":[\"https:\\\/\\\/www.facebook.com\\\/Soluciones-Tecnologicas-MCC-SAS-100746298259981\",\"https:\\\/\\\/www.instagram.com\\\/solucionesmccsas\\\/?hl=es\",\"http:\\\/\\\/www.linkedin.com\\\/in\\\/mauricio-calderon-a78b5a15\"]}]}<\/script>\n<!-- \/ Yoast SEO plugin. -->","yoast_head_json":{"title":"HPE ProLiant ML110 G5 Server HPE 444810-001,\u00ff444810-011,\u00ff444810-031,\u00ff444810-041,\u00ff444810-051,\u00ff444810-201,\u00ff444810-291,\u00ff444810-371,\u00ff444810-421,\u00ff444810-AA1,\u00ff444811-001,\u00ff444811-011,\u00ff444811-031,\u00ff444811-041,\u00ff444811-051,\u00ff444811-201,\u00ff444811-291,\u00ff444811-371,\u00ff444811-421,\u00ff444811-AA1","description":"HPE ProLiant ML110 G5 Server HPE 444810-001,\u00ff444810-011,\u00ff444810-031,\u00ff444810-041,\u00ff444810-051,\u00ff444810-201,\u00ff444810-291,\u00ff444810-371,\u00ff444810-421,\u00ff444810-AA1,\u00ff444811-001,\u00ff444811-011,\u00ff444811-031,\u00ff444811-041,\u00ff444811-051,\u00ff444811-201,\u00ff444811-291,\u00ff444811-371,\u00ff444811-421,\u00ff444811-AA1","robots":{"index":"index","follow":"follow","max-snippet":"max-snippet:-1","max-image-preview":"max-image-preview:large","max-video-preview":"max-video-preview:-1"},"canonical":"https:\/\/cableado-estructurado.com.co\/netcomp\/producto\/hpe-hpe-proliant-ml110-g5-server\/","og_locale":"es_ES","og_type":"article","og_title":"HPE ProLiant ML110 G5 Server HPE 444810-001,\u00ff444810-011,\u00ff444810-031,\u00ff444810-041,\u00ff444810-051,\u00ff444810-201,\u00ff444810-291,\u00ff444810-371,\u00ff444810-421,\u00ff444810-AA1,\u00ff444811-001,\u00ff444811-011,\u00ff444811-031,\u00ff444811-041,\u00ff444811-051,\u00ff444811-201,\u00ff444811-291,\u00ff444811-371,\u00ff444811-421,\u00ff444811-AA1 - Bogota - Colombia","og_description":"HPE ProLiant ML110 G5 Server HPE 444810-001,\u00ff444810-011,\u00ff444810-031,\u00ff444810-041,\u00ff444810-051,\u00ff444810-201,\u00ff444810-291,\u00ff444810-371,\u00ff444810-421,\u00ff444810-AA1,\u00ff444811-001,\u00ff444811-011,\u00ff444811-031,\u00ff444811-041,\u00ff444811-051,\u00ff444811-201,\u00ff444811-291,\u00ff444811-371,\u00ff444811-421,\u00ff444811-AA1 - Bogota - Colombia - cableado-estructurado.com.co","og_url":"https:\/\/cableado-estructurado.com.co\/netcomp\/producto\/hpe-hpe-proliant-ml110-g5-server\/","og_site_name":"Cableado Estructurado Colombia","article_publisher":"https:\/\/www.facebook.com\/Soluciones-Tecnologicas-MCC-SAS-100746298259981","article_modified_time":"2023-04-26T15:09:40+00:00","og_image":[{"url":"https:\/\/cableado-estructurado.com.co\/netcomp\/wp-content\/uploads\/2020\/03\/hpe-logo-e1589689745625.jpg","type":"","width":"","height":""}],"twitter_card":"summary_large_image","twitter_title":"HPE ProLiant ML110 G5 Server HPE 444810-001,\u00ff444810-011,\u00ff444810-031,\u00ff444810-041,\u00ff444810-051,\u00ff444810-201,\u00ff444810-291,\u00ff444810-371,\u00ff444810-421,\u00ff444810-AA1,\u00ff444811-001,\u00ff444811-011,\u00ff444811-031,\u00ff444811-041,\u00ff444811-051,\u00ff444811-201,\u00ff444811-291,\u00ff444811-371,\u00ff444811-421,\u00ff444811-AA1","twitter_description":"HPE ProLiant ML110 G5 Server HPE 444810-001,\u00ff444810-011,\u00ff444810-031,\u00ff444810-041,\u00ff444810-051,\u00ff444810-201,\u00ff444810-291,\u00ff444810-371,\u00ff444810-421,\u00ff444810-AA1,\u00ff444811-001,\u00ff444811-011,\u00ff444811-031,\u00ff444811-041,\u00ff444811-051,\u00ff444811-201,\u00ff444811-291,\u00ff444811-371,\u00ff444811-421,\u00ff444811-AA1 - Bogota - Colombia - cableado-estructurado.com.co","twitter_image":"https:\/\/cableado-estructurado.com.co\/netcomp\/wp-content\/uploads\/2020\/03\/hpe-logo-e1589689745625.jpg","schema":{"@context":"https:\/\/schema.org","@graph":[{"@type":"WebPage","@id":"https:\/\/cableado-estructurado.com.co\/netcomp\/producto\/hpe-hpe-proliant-ml110-g5-server\/","url":"https:\/\/cableado-estructurado.com.co\/netcomp\/producto\/hpe-hpe-proliant-ml110-g5-server\/","name":"HPE ProLiant ML110 G5 Server HPE 444810-001,\u00ff444810-011,\u00ff444810-031,\u00ff444810-041,\u00ff444810-051,\u00ff444810-201,\u00ff444810-291,\u00ff444810-371,\u00ff444810-421,\u00ff444810-AA1,\u00ff444811-001,\u00ff444811-011,\u00ff444811-031,\u00ff444811-041,\u00ff444811-051,\u00ff444811-201,\u00ff444811-291,\u00ff444811-371,\u00ff444811-421,\u00ff444811-AA1","isPartOf":{"@id":"https:\/\/cableado-estructurado.com.co\/netcomp\/#website"},"primaryImageOfPage":{"@id":"https:\/\/cableado-estructurado.com.co\/netcomp\/producto\/hpe-hpe-proliant-ml110-g5-server\/#primaryimage"},"image":{"@id":"https:\/\/cableado-estructurado.com.co\/netcomp\/producto\/hpe-hpe-proliant-ml110-g5-server\/#primaryimage"},"thumbnailUrl":"https:\/\/cableado-estructurado.com.co\/netcomp\/wp-content\/uploads\/2020\/03\/hpe-logo-e1589689745625.jpg","datePublished":"2022-05-31T03:32:30+00:00","dateModified":"2023-04-26T15:09:40+00:00","description":"HPE ProLiant ML110 G5 Server HPE 444810-001,\u00ff444810-011,\u00ff444810-031,\u00ff444810-041,\u00ff444810-051,\u00ff444810-201,\u00ff444810-291,\u00ff444810-371,\u00ff444810-421,\u00ff444810-AA1,\u00ff444811-001,\u00ff444811-011,\u00ff444811-031,\u00ff444811-041,\u00ff444811-051,\u00ff444811-201,\u00ff444811-291,\u00ff444811-371,\u00ff444811-421,\u00ff444811-AA1","breadcrumb":{"@id":"https:\/\/cableado-estructurado.com.co\/netcomp\/producto\/hpe-hpe-proliant-ml110-g5-server\/#breadcrumb"},"inLanguage":"es","potentialAction":[{"@type":"ReadAction","target":["https:\/\/cableado-estructurado.com.co\/netcomp\/producto\/hpe-hpe-proliant-ml110-g5-server\/"]}]},{"@type":"ImageObject","inLanguage":"es","@id":"https:\/\/cableado-estructurado.com.co\/netcomp\/producto\/hpe-hpe-proliant-ml110-g5-server\/#primaryimage","url":"https:\/\/cableado-estructurado.com.co\/netcomp\/wp-content\/uploads\/2020\/03\/hpe-logo-e1589689745625.jpg","contentUrl":"https:\/\/cableado-estructurado.com.co\/netcomp\/wp-content\/uploads\/2020\/03\/hpe-logo-e1589689745625.jpg","width":275,"height":183,"caption":"Servidores y Switches HP"},{"@type":"BreadcrumbList","@id":"https:\/\/cableado-estructurado.com.co\/netcomp\/producto\/hpe-hpe-proliant-ml110-g5-server\/#breadcrumb","itemListElement":[{"@type":"ListItem","position":1,"name":"Portada","item":"https:\/\/cableado-estructurado.com.co\/netcomp\/"},{"@type":"ListItem","position":2,"name":"Tienda","item":"https:\/\/cableado-estructurado.com.co\/netcomp\/camaras-cableado-accesorios\/"},{"@type":"ListItem","position":3,"name":"HPE HPE ProLiant ML110 G5 Server"}]},{"@type":"WebSite","@id":"https:\/\/cableado-estructurado.com.co\/netcomp\/#website","url":"https:\/\/cableado-estructurado.com.co\/netcomp\/","name":"Cableado Estructurado Colombia","description":"Telefonos:  (+57) 316 878 8749","publisher":{"@id":"https:\/\/cableado-estructurado.com.co\/netcomp\/#organization"},"potentialAction":[{"@type":"SearchAction","target":{"@type":"EntryPoint","urlTemplate":"https:\/\/cableado-estructurado.com.co\/netcomp\/?s={search_term_string}"},"query-input":{"@type":"PropertyValueSpecification","valueRequired":true,"valueName":"search_term_string"}}],"inLanguage":"es"},{"@type":"Organization","@id":"https:\/\/cableado-estructurado.com.co\/netcomp\/#organization","name":"Soluciones Tecnologicas MCC SAS","alternateName":"MCC","url":"https:\/\/cableado-estructurado.com.co\/netcomp\/","logo":{"@type":"ImageObject","inLanguage":"es","@id":"https:\/\/cableado-estructurado.com.co\/netcomp\/#\/schema\/logo\/image\/","url":"https:\/\/cableado-estructurado.com.co\/netcomp\/wp-content\/uploads\/2023\/04\/logos-soluciones-1-1.png","contentUrl":"https:\/\/cableado-estructurado.com.co\/netcomp\/wp-content\/uploads\/2023\/04\/logos-soluciones-1-1.png","width":479,"height":100,"caption":"Soluciones Tecnologicas MCC SAS"},"image":{"@id":"https:\/\/cableado-estructurado.com.co\/netcomp\/#\/schema\/logo\/image\/"},"sameAs":["https:\/\/www.facebook.com\/Soluciones-Tecnologicas-MCC-SAS-100746298259981","https:\/\/www.instagram.com\/solucionesmccsas\/?hl=es","http:\/\/www.linkedin.com\/in\/mauricio-calderon-a78b5a15"]}]}},"jetpack_sharing_enabled":true,"_links":{"self":[{"href":"https:\/\/cableado-estructurado.com.co\/netcomp\/wp-json\/wp\/v2\/product\/45657","targetHints":{"allow":["GET"]}}],"collection":[{"href":"https:\/\/cableado-estructurado.com.co\/netcomp\/wp-json\/wp\/v2\/product"}],"about":[{"href":"https:\/\/cableado-estructurado.com.co\/netcomp\/wp-json\/wp\/v2\/types\/product"}],"replies":[{"embeddable":true,"href":"https:\/\/cableado-estructurado.com.co\/netcomp\/wp-json\/wp\/v2\/comments?post=45657"}],"wp:featuredmedia":[{"embeddable":true,"href":"https:\/\/cableado-estructurado.com.co\/netcomp\/wp-json\/wp\/v2\/media\/21646"}],"wp:attachment":[{"href":"https:\/\/cableado-estructurado.com.co\/netcomp\/wp-json\/wp\/v2\/media?parent=45657"}],"wp:term":[{"taxonomy":"product_brand","embeddable":true,"href":"https:\/\/cableado-estructurado.com.co\/netcomp\/wp-json\/wp\/v2\/product_brand?post=45657"},{"taxonomy":"product_cat","embeddable":true,"href":"https:\/\/cableado-estructurado.com.co\/netcomp\/wp-json\/wp\/v2\/product_cat?post=45657"},{"taxonomy":"product_tag","embeddable":true,"href":"https:\/\/cableado-estructurado.com.co\/netcomp\/wp-json\/wp\/v2\/product_tag?post=45657"}],"curies":[{"name":"wp","href":"https:\/\/api.w.org\/{rel}","templated":true}]}}