{"id":507,"date":"2013-03-18T23:58:38","date_gmt":"2013-03-19T04:58:38","guid":{"rendered":"https:\/\/cableado-estructurado.com.co\/netcomp\/producto\/switch-enrutador-jd494a-hp-procurve-fibra-colombia\/"},"modified":"2013-03-18T23:58:38","modified_gmt":"2013-03-19T04:58:38","slug":"switch-enrutador-jd494a-hp-procurve-fibra-colombia","status":"publish","type":"product","link":"https:\/\/cableado-estructurado.com.co\/netcomp\/producto\/switch-enrutador-jd494a-hp-procurve-fibra-colombia\/","title":{"rendered":"JD494A  &#8211;  HP X124 1G SFP LC LX Transceiver"},"content":{"rendered":"<p>\u00a0<\/p>\n<table style=\"width: 477px;\" border=\"0\" cellspacing=\"0\" cellpadding=\"0\">\n<colgroup>\n<col width=\"229\" \/>\n<col width=\"248\" \/> <\/colgroup>\n<tbody>\n<tr>\n<td class=\"xl69\" width=\"229\" height=\"42\"><span style=\"color: #000000;\">1.25GB Gigabit Ethernet \/ 1.063G Fiber Channel<\/span><\/td>\n<td width=\"248\"><span style=\"color: #000000;\">\u00a0<\/span><\/td>\n<\/tr>\n<tr>\n<td class=\"xl66\" colspan=\"2\" width=\"477\" height=\"20\"><span style=\"color: #000000;\">Aplicaci\u00f3n:\u00a0<\/span><\/td>\n<\/tr>\n<tr>\n<td class=\"xl65\" colspan=\"2\" width=\"477\" height=\"105\"><span style=\"color: #000000;\">Este 100% compatible con HP 1000 BASE LX SFP\u00a0 transceptor est\u00e1 caliente &#8211; intercambiable y est\u00e1 dise\u00f1ado para\u00a0conectarse directamente a su ranura de interfaz SFP \/ GBIC en\u00a0el router y conmutador para Ethernet y Fibra\u00a0aplicaciones de interfaz de red del Canal.<\/span><\/td>\n<\/tr>\n<tr>\n<td class=\"xl66\" width=\"229\" height=\"20\"><span style=\"color: #000000;\">&#8211; Alcance<\/span><\/td>\n<td class=\"xl67\" width=\"248\"><span style=\"color: #000000;\">10km (32.820 pies)<\/span><\/td>\n<\/tr>\n<tr>\n<td class=\"xl66\" rowspan=\"2\" width=\"229\" height=\"42\"><span style=\"color: #000000;\">&#8211; Tipo de fibra<\/span><\/td>\n<td class=\"xl68\" width=\"248\"><span style=\"color: #000000;\">SMF\u00a0<\/span><\/td>\n<\/tr>\n<tr>\n<td class=\"xl68\" width=\"248\" height=\"21\"><span style=\"color: #000000;\">(fibra monomodo)<\/span><\/td>\n<\/tr>\n<tr>\n<td class=\"xl66\" width=\"229\" height=\"20\"><span style=\"color: #000000;\">Conector de fibra \u00f3ptica &#8211;<\/span><\/td>\n<td class=\"xl67\" width=\"248\"><span style=\"color: #000000;\">LC<\/span><\/td>\n<\/tr>\n<tr>\n<td class=\"xl66\" width=\"229\" height=\"20\"><span style=\"color: #000000;\">&#8211; Center wavelenght<\/span><\/td>\n<td class=\"xl67\" width=\"248\"><span style=\"color: #000000;\">1310<\/span><\/td>\n<\/tr>\n<tr>\n<td class=\"xl66\" width=\"229\" height=\"20\"><span style=\"color: #000000;\">&#8211; Min Potencia TX\u00a0<\/span><\/td>\n<td class=\"xl67\" width=\"248\"><span style=\"color: #000000;\">-9.5 DBm\u00a0<\/span><\/td>\n<\/tr>\n<tr>\n<td class=\"xl66\" width=\"229\" height=\"20\"><span style=\"color: #000000;\">&#8211; Power Max TX\u00a0<\/span><\/td>\n<td class=\"xl67\" width=\"248\"><span style=\"color: #000000;\">-3 dBm\u00a0<\/span><\/td>\n<\/tr>\n<tr>\n<td class=\"xl66\" width=\"229\" height=\"20\"><span style=\"color: #000000;\">&#8211; RX Sensibilidad\u00a0<\/span><\/td>\n<td class=\"xl67\" width=\"248\"><span style=\"color: #000000;\">-20 dBm\u00a0<\/span><\/td>\n<\/tr>\n<tr>\n<td class=\"xl66\" width=\"229\" height=\"20\"><span style=\"color: #000000;\">&#8211; Energ\u00eda de entrada m\u00e1xima\u00a0<\/span><\/td>\n<td class=\"xl67\" width=\"248\"><span style=\"color: #000000;\">-3 dBm\u00a0<\/span><\/td>\n<\/tr>\n<tr>\n<td class=\"xl66\" width=\"229\" height=\"20\"><span style=\"color: #000000;\">&#8211; Presupuesto de enlace<\/span><\/td>\n<td class=\"xl67\" width=\"248\"><span style=\"color: #000000;\">10,50 dB<\/span><\/td>\n<\/tr>\n<tr>\n<td class=\"xl66\" rowspan=\"4\" width=\"229\" height=\"80\"><span style=\"color: #000000;\">&#8211; Dimensiones<\/span><\/td>\n<td class=\"xl67\" width=\"248\"><span style=\"color: #000000;\">MSA SFP est\u00e1ndar\u00a0<\/span><\/td>\n<\/tr>\n<tr>\n<td class=\"xl67\" width=\"248\" height=\"20\"><span style=\"color: #000000;\">Altura: 0.33 \u00ab(8.5 mm)\u00a0<\/span><\/td>\n<\/tr>\n<tr>\n<td class=\"xl67\" width=\"248\" height=\"20\"><span style=\"color: #000000;\">Ancho: 0,52 \u00ab(13,4 mm)\u00a0<\/span><\/td>\n<\/tr>\n<tr>\n<td class=\"xl67\" width=\"248\" height=\"20\"><span style=\"color: #000000;\">Profundidad: 2,18 \u00ab(55,5 mm)<\/span><\/td>\n<\/tr>\n<tr>\n<td class=\"xl66\" width=\"229\" height=\"20\"><span style=\"color: #000000;\">&#8211; Power<\/span><\/td>\n<td class=\"xl67\" width=\"248\"><span style=\"color: #000000;\">3.3V<\/span><\/td>\n<\/tr>\n<tr>\n<td class=\"xl66\" width=\"229\" height=\"20\"><span style=\"color: #000000;\">&#8211; Tempature operativo<\/span><\/td>\n<td class=\"xl67\" width=\"248\"><span style=\"color: #000000;\">0 \u00b0 C &#8211; 70 \u00b0 C<\/span><\/td>\n<\/tr>\n<tr>\n<td class=\"xl66\" rowspan=\"2\" width=\"229\" height=\"40\"><span style=\"color: #000000;\">&#8211; Normas:<\/span><\/td>\n<td class=\"xl67\" width=\"248\"><span style=\"color: #000000;\">IEEE 802.3 2003;\u00a0<\/span><\/td>\n<\/tr>\n<tr>\n<td class=\"xl67\" width=\"248\" height=\"20\"><span style=\"color: #000000;\">ANSI X3.297-1997<\/span><\/td>\n<\/tr>\n<tr>\n<td class=\"xl66\" rowspan=\"4\" width=\"229\" height=\"80\"><span style=\"color: #000000;\">&#8211; Cumplimiento<\/span><\/td>\n<td class=\"xl67\" width=\"248\"><span style=\"color: #000000;\">IEC-60825;\u00a0<\/span><\/td>\n<\/tr>\n<tr>\n<td class=\"xl67\" width=\"248\" height=\"20\"><span style=\"color: #000000;\">FDA 21;\u00a0<\/span><\/td>\n<\/tr>\n<tr>\n<td class=\"xl67\" width=\"248\" height=\"20\"><span style=\"color: #000000;\">CFR 1040.10\u00a0<\/span><\/td>\n<\/tr>\n<tr>\n<td class=\"xl67\" width=\"248\" height=\"20\"><span style=\"color: #000000;\">CFR 1040.11<\/span><\/td>\n<\/tr>\n<\/tbody>\n<\/table>\n<p><span style=\"color: #000000; font-family: tahoma, arial, helvetica, sans-serif; font-size: 12pt;\"><br \/><\/span><\/p>\n<p><span style=\"color: #000000; font-family: tahoma, arial, helvetica, sans-serif; font-size: 12pt;\">N\/P: JD494A &#8211; MODULO DE FIBRA\u00a0 HP X124<\/span><\/p>\n<p><span style=\"font-family: tahoma, arial, helvetica, sans-serif; font-size: 12pt; color: #000000;\"><br \/><\/span><\/p>\n<ul>\n<li><span style=\"font-family: tahoma, arial, helvetica, sans-serif; font-size: 12pt; color: #000000;\">1G SFP LC LX Transceiver (3CSFP92) <br \/><\/span><\/li>\n<li><span style=\"font-family: tahoma, arial, helvetica, sans-serif; font-size: 12pt; color: #000000;\">Monomodo <\/span><\/li>\n<\/ul>\n<p><span style=\"color: #000000;\">\u00a0<\/span><\/p>\n<p><span style=\"color: #000000;\">\u00a0<\/span><\/p>\n<p style=\"text-align: center;\"><span style=\"font-family: tahoma, arial, helvetica, sans-serif; font-size: 12pt; color: #333399;\"><strong>PARA ESPECIFICACIONES TECNICAS DETALLADAS : EN LA PESTA\u00d1A DESCARGAS<\/strong><\/span><\/p>\n<p style=\"text-align: center;\"><span style=\"font-family: tahoma, arial, helvetica, sans-serif; font-size: 12pt; color: #333399;\"><strong>\u00a0<\/strong><\/span><\/p>\n<p style=\"text-align: center;\"><span style=\"font-family: tahoma, arial, helvetica, sans-serif; font-size: 12pt; color: #333399;\"><strong><a href=\"http:\/\/netcomp.co\/es\/contactenos\" target=\"_blank\"><span style=\"color: #333399;\">Para Precio por Volumen y Disponibilidad Llamenos en Bogota a los Telefonos : (571) 317 9422 &#8211; 23, o Envienos un Email a : Ventas@netcomp.com.co<\/span><\/a><\/strong><\/span><\/p>\n","protected":false},"excerpt":{"rendered":"<p><span style=\"font-family: tahoma,arial,helvetica,sans-serif; font-size: 10pt;\">N\/P : JD494A &#8211; HP X124 1G SFP LC LX Transceiver<\/span><\/p>\n","protected":false},"featured_media":0,"comment_status":"open","ping_status":"closed","template":"","meta":{"_et_pb_use_builder":"","_et_pb_old_content":"","_et_gb_content_width":""},"product_brand":[],"product_cat":[20527],"product_tag":[162,168,157,161,183,184,164,166,167,185,165,163],"class_list":{"0":"post-507","1":"product","2":"type-product","3":"status-publish","5":"product_cat-equipos-para-redes-y-servidores","6":"product_tag-access-point","7":"product_tag-enrutador-hp-colombia","8":"product_tag-hp-networking","9":"product_tag-hp-procurve","10":"product_tag-jd494a","11":"product_tag-modulo-de-fibra-hp","12":"product_tag-modulo-fibra","13":"product_tag-precio-switch-hp","14":"product_tag-switch-bogota","15":"product_tag-switch-con-modulo-de-fibra-hp","16":"product_tag-switches-hp","17":"product_tag-utm","19":"first","20":"outofstock","21":"taxable","22":"shipping-taxable","23":"purchasable","24":"product-type-simple"},"yoast_head":"<!-- This site is optimized with the Yoast SEO plugin v27.5 - https:\/\/yoast.com\/product\/yoast-seo-wordpress\/ -->\n<title>JD494A - HP X124 1G SFP LC LX Transceiver - Cableado Estructurado Colombia<\/title>\n<meta name=\"description\" content=\"Cableado Estructurado - Instalacion - Suministro Patch panel - Patch Cord - Jack - Cable Utp - Bogota - Colombia\" \/>\n<meta name=\"robots\" content=\"index, follow, max-snippet:-1, max-image-preview:large, max-video-preview:-1\" \/>\n<link rel=\"canonical\" href=\"https:\/\/cableado-estructurado.com.co\/netcomp\/producto\/switch-enrutador-jd494a-hp-procurve-fibra-colombia\/\" \/>\n<meta property=\"og:locale\" content=\"es_ES\" \/>\n<meta property=\"og:type\" content=\"article\" \/>\n<meta property=\"og:title\" content=\"JD494A - HP X124 1G SFP LC LX Transceiver - Cableado Estructurado Colombia\" \/>\n<meta property=\"og:description\" content=\"Cableado Estructurado - Instalacion - Suministro Patch panel - Patch Cord - Jack - Cable Utp - Bogota - Colombia\" \/>\n<meta property=\"og:url\" content=\"https:\/\/cableado-estructurado.com.co\/netcomp\/producto\/switch-enrutador-jd494a-hp-procurve-fibra-colombia\/\" \/>\n<meta property=\"og:site_name\" content=\"Cableado Estructurado Colombia\" \/>\n<meta property=\"article:publisher\" content=\"https:\/\/www.facebook.com\/Soluciones-Tecnologicas-MCC-SAS-100746298259981\" \/>\n<meta name=\"twitter:card\" content=\"summary_large_image\" \/>\n<meta name=\"twitter:label1\" content=\"Tiempo de lectura\" \/>\n\t<meta name=\"twitter:data1\" content=\"1 minuto\" \/>\n<script type=\"application\/ld+json\" class=\"yoast-schema-graph\">{\"@context\":\"https:\\\/\\\/schema.org\",\"@graph\":[{\"@type\":\"WebPage\",\"@id\":\"https:\\\/\\\/cableado-estructurado.com.co\\\/netcomp\\\/producto\\\/switch-enrutador-jd494a-hp-procurve-fibra-colombia\\\/\",\"url\":\"https:\\\/\\\/cableado-estructurado.com.co\\\/netcomp\\\/producto\\\/switch-enrutador-jd494a-hp-procurve-fibra-colombia\\\/\",\"name\":\"JD494A - HP X124 1G SFP LC LX Transceiver - Cableado Estructurado Colombia\",\"isPartOf\":{\"@id\":\"https:\\\/\\\/cableado-estructurado.com.co\\\/netcomp\\\/#website\"},\"datePublished\":\"2013-03-19T04:58:38+00:00\",\"description\":\"Cableado Estructurado - Instalacion - Suministro Patch panel - Patch Cord - Jack - Cable Utp - Bogota - Colombia\",\"breadcrumb\":{\"@id\":\"https:\\\/\\\/cableado-estructurado.com.co\\\/netcomp\\\/producto\\\/switch-enrutador-jd494a-hp-procurve-fibra-colombia\\\/#breadcrumb\"},\"inLanguage\":\"es\",\"potentialAction\":[{\"@type\":\"ReadAction\",\"target\":[\"https:\\\/\\\/cableado-estructurado.com.co\\\/netcomp\\\/producto\\\/switch-enrutador-jd494a-hp-procurve-fibra-colombia\\\/\"]}]},{\"@type\":\"BreadcrumbList\",\"@id\":\"https:\\\/\\\/cableado-estructurado.com.co\\\/netcomp\\\/producto\\\/switch-enrutador-jd494a-hp-procurve-fibra-colombia\\\/#breadcrumb\",\"itemListElement\":[{\"@type\":\"ListItem\",\"position\":1,\"name\":\"Portada\",\"item\":\"https:\\\/\\\/cableado-estructurado.com.co\\\/netcomp\\\/\"},{\"@type\":\"ListItem\",\"position\":2,\"name\":\"Tienda\",\"item\":\"https:\\\/\\\/cableado-estructurado.com.co\\\/netcomp\\\/camaras-cableado-accesorios\\\/\"},{\"@type\":\"ListItem\",\"position\":3,\"name\":\"JD494A &#8211; HP X124 1G SFP LC LX Transceiver\"}]},{\"@type\":\"WebSite\",\"@id\":\"https:\\\/\\\/cableado-estructurado.com.co\\\/netcomp\\\/#website\",\"url\":\"https:\\\/\\\/cableado-estructurado.com.co\\\/netcomp\\\/\",\"name\":\"Cableado Estructurado Colombia\",\"description\":\"Telefonos:  (+57) 316 878 8749\",\"publisher\":{\"@id\":\"https:\\\/\\\/cableado-estructurado.com.co\\\/netcomp\\\/#organization\"},\"potentialAction\":[{\"@type\":\"SearchAction\",\"target\":{\"@type\":\"EntryPoint\",\"urlTemplate\":\"https:\\\/\\\/cableado-estructurado.com.co\\\/netcomp\\\/?s={search_term_string}\"},\"query-input\":{\"@type\":\"PropertyValueSpecification\",\"valueRequired\":true,\"valueName\":\"search_term_string\"}}],\"inLanguage\":\"es\"},{\"@type\":\"Organization\",\"@id\":\"https:\\\/\\\/cableado-estructurado.com.co\\\/netcomp\\\/#organization\",\"name\":\"Soluciones Tecnologicas MCC SAS\",\"alternateName\":\"MCC\",\"url\":\"https:\\\/\\\/cableado-estructurado.com.co\\\/netcomp\\\/\",\"logo\":{\"@type\":\"ImageObject\",\"inLanguage\":\"es\",\"@id\":\"https:\\\/\\\/cableado-estructurado.com.co\\\/netcomp\\\/#\\\/schema\\\/logo\\\/image\\\/\",\"url\":\"https:\\\/\\\/cableado-estructurado.com.co\\\/netcomp\\\/wp-content\\\/uploads\\\/2023\\\/04\\\/logos-soluciones-1-1.png\",\"contentUrl\":\"https:\\\/\\\/cableado-estructurado.com.co\\\/netcomp\\\/wp-content\\\/uploads\\\/2023\\\/04\\\/logos-soluciones-1-1.png\",\"width\":479,\"height\":100,\"caption\":\"Soluciones Tecnologicas MCC SAS\"},\"image\":{\"@id\":\"https:\\\/\\\/cableado-estructurado.com.co\\\/netcomp\\\/#\\\/schema\\\/logo\\\/image\\\/\"},\"sameAs\":[\"https:\\\/\\\/www.facebook.com\\\/Soluciones-Tecnologicas-MCC-SAS-100746298259981\",\"https:\\\/\\\/www.instagram.com\\\/solucionesmccsas\\\/?hl=es\",\"http:\\\/\\\/www.linkedin.com\\\/in\\\/mauricio-calderon-a78b5a15\"]}]}<\/script>\n<!-- \/ Yoast SEO plugin. -->","yoast_head_json":{"title":"JD494A - HP X124 1G SFP LC LX Transceiver - Cableado Estructurado Colombia","description":"Cableado Estructurado - Instalacion - Suministro Patch panel - Patch Cord - Jack - Cable Utp - Bogota - Colombia","robots":{"index":"index","follow":"follow","max-snippet":"max-snippet:-1","max-image-preview":"max-image-preview:large","max-video-preview":"max-video-preview:-1"},"canonical":"https:\/\/cableado-estructurado.com.co\/netcomp\/producto\/switch-enrutador-jd494a-hp-procurve-fibra-colombia\/","og_locale":"es_ES","og_type":"article","og_title":"JD494A - HP X124 1G SFP LC LX Transceiver - Cableado Estructurado Colombia","og_description":"Cableado Estructurado - Instalacion - Suministro Patch panel - Patch Cord - Jack - Cable Utp - Bogota - Colombia","og_url":"https:\/\/cableado-estructurado.com.co\/netcomp\/producto\/switch-enrutador-jd494a-hp-procurve-fibra-colombia\/","og_site_name":"Cableado Estructurado Colombia","article_publisher":"https:\/\/www.facebook.com\/Soluciones-Tecnologicas-MCC-SAS-100746298259981","twitter_card":"summary_large_image","twitter_misc":{"Tiempo de lectura":"1 minuto"},"schema":{"@context":"https:\/\/schema.org","@graph":[{"@type":"WebPage","@id":"https:\/\/cableado-estructurado.com.co\/netcomp\/producto\/switch-enrutador-jd494a-hp-procurve-fibra-colombia\/","url":"https:\/\/cableado-estructurado.com.co\/netcomp\/producto\/switch-enrutador-jd494a-hp-procurve-fibra-colombia\/","name":"JD494A - HP X124 1G SFP LC LX Transceiver - Cableado Estructurado Colombia","isPartOf":{"@id":"https:\/\/cableado-estructurado.com.co\/netcomp\/#website"},"datePublished":"2013-03-19T04:58:38+00:00","description":"Cableado Estructurado - Instalacion - Suministro Patch panel - Patch Cord - Jack - Cable Utp - Bogota - Colombia","breadcrumb":{"@id":"https:\/\/cableado-estructurado.com.co\/netcomp\/producto\/switch-enrutador-jd494a-hp-procurve-fibra-colombia\/#breadcrumb"},"inLanguage":"es","potentialAction":[{"@type":"ReadAction","target":["https:\/\/cableado-estructurado.com.co\/netcomp\/producto\/switch-enrutador-jd494a-hp-procurve-fibra-colombia\/"]}]},{"@type":"BreadcrumbList","@id":"https:\/\/cableado-estructurado.com.co\/netcomp\/producto\/switch-enrutador-jd494a-hp-procurve-fibra-colombia\/#breadcrumb","itemListElement":[{"@type":"ListItem","position":1,"name":"Portada","item":"https:\/\/cableado-estructurado.com.co\/netcomp\/"},{"@type":"ListItem","position":2,"name":"Tienda","item":"https:\/\/cableado-estructurado.com.co\/netcomp\/camaras-cableado-accesorios\/"},{"@type":"ListItem","position":3,"name":"JD494A &#8211; HP X124 1G SFP LC LX Transceiver"}]},{"@type":"WebSite","@id":"https:\/\/cableado-estructurado.com.co\/netcomp\/#website","url":"https:\/\/cableado-estructurado.com.co\/netcomp\/","name":"Cableado Estructurado Colombia","description":"Telefonos:  (+57) 316 878 8749","publisher":{"@id":"https:\/\/cableado-estructurado.com.co\/netcomp\/#organization"},"potentialAction":[{"@type":"SearchAction","target":{"@type":"EntryPoint","urlTemplate":"https:\/\/cableado-estructurado.com.co\/netcomp\/?s={search_term_string}"},"query-input":{"@type":"PropertyValueSpecification","valueRequired":true,"valueName":"search_term_string"}}],"inLanguage":"es"},{"@type":"Organization","@id":"https:\/\/cableado-estructurado.com.co\/netcomp\/#organization","name":"Soluciones Tecnologicas MCC SAS","alternateName":"MCC","url":"https:\/\/cableado-estructurado.com.co\/netcomp\/","logo":{"@type":"ImageObject","inLanguage":"es","@id":"https:\/\/cableado-estructurado.com.co\/netcomp\/#\/schema\/logo\/image\/","url":"https:\/\/cableado-estructurado.com.co\/netcomp\/wp-content\/uploads\/2023\/04\/logos-soluciones-1-1.png","contentUrl":"https:\/\/cableado-estructurado.com.co\/netcomp\/wp-content\/uploads\/2023\/04\/logos-soluciones-1-1.png","width":479,"height":100,"caption":"Soluciones Tecnologicas MCC SAS"},"image":{"@id":"https:\/\/cableado-estructurado.com.co\/netcomp\/#\/schema\/logo\/image\/"},"sameAs":["https:\/\/www.facebook.com\/Soluciones-Tecnologicas-MCC-SAS-100746298259981","https:\/\/www.instagram.com\/solucionesmccsas\/?hl=es","http:\/\/www.linkedin.com\/in\/mauricio-calderon-a78b5a15"]}]}},"jetpack_sharing_enabled":true,"_links":{"self":[{"href":"https:\/\/cableado-estructurado.com.co\/netcomp\/wp-json\/wp\/v2\/product\/507","targetHints":{"allow":["GET"]}}],"collection":[{"href":"https:\/\/cableado-estructurado.com.co\/netcomp\/wp-json\/wp\/v2\/product"}],"about":[{"href":"https:\/\/cableado-estructurado.com.co\/netcomp\/wp-json\/wp\/v2\/types\/product"}],"replies":[{"embeddable":true,"href":"https:\/\/cableado-estructurado.com.co\/netcomp\/wp-json\/wp\/v2\/comments?post=507"}],"wp:attachment":[{"href":"https:\/\/cableado-estructurado.com.co\/netcomp\/wp-json\/wp\/v2\/media?parent=507"}],"wp:term":[{"taxonomy":"product_brand","embeddable":true,"href":"https:\/\/cableado-estructurado.com.co\/netcomp\/wp-json\/wp\/v2\/product_brand?post=507"},{"taxonomy":"product_cat","embeddable":true,"href":"https:\/\/cableado-estructurado.com.co\/netcomp\/wp-json\/wp\/v2\/product_cat?post=507"},{"taxonomy":"product_tag","embeddable":true,"href":"https:\/\/cableado-estructurado.com.co\/netcomp\/wp-json\/wp\/v2\/product_tag?post=507"}],"curies":[{"name":"wp","href":"https:\/\/api.w.org\/{rel}","templated":true}]}}