{"id":51988,"date":"2022-06-12T02:54:03","date_gmt":"2022-06-12T07:54:03","guid":{"rendered":"https:\/\/cableado-estructurado.com.co\/netcomp\/producto\/compaq-proliant-2500-series-servers\/"},"modified":"2022-06-12T02:54:10","modified_gmt":"2022-06-12T07:54:10","slug":"compaq-proliant-2500-series-servers","status":"publish","type":"product","link":"https:\/\/cableado-estructurado.com.co\/netcomp\/producto\/compaq-proliant-2500-series-servers\/","title":{"rendered":"Compaq ProLiant 2500 Series Servers"},"content":{"rendered":"<h1 style=\"text-align: center;\"><strong>Modulo HPE\u00a0 N\/P: 250960-001,\u00ff250960-003,\u00ff250965-001,\u00ff250965-003,\u00ff250980-001,\u00ff250980-002,\u00ff250985-001,\u00ff250985-002,\u00ff271900-001,\u00ff271905-021,\u00ff298046-B21,\u00ff300900-001,\u00ff300900-021,\u00ff307550-001,\u00ff307550-021,\u00ff307560-001,\u00ff307560-021,\u00ff171298-001,\u00ff174291-B21,\u00ff174292-B21,\u00ff174297-B21,\u00ff2C-20113-01,\u00ff2C-20148-01,\u00ff2C-20160-01,\u00ff2C-99185-01,\u00ff2N-CPQAQ-13,\u00ff2N-CPQAQ-15,\u00ff2N-CPQAQ-16,\u00ff2N-CPQAQ-24,\u00ff2N-CPQAQ-25,<\/strong><\/h1>\n<p>&nbsp;<\/p>\n<h3><span style=\"font-family: tahoma, arial, helvetica, sans-serif; font-size: 14pt;\"><strong>Descripci\u00f3n:<\/strong><\/span><\/h3>\n<ul>\n<li>\n<h3>Compaq ProLiant 2500 Series Servers<\/h3>\n<\/li>\n<\/ul>\n<p>&nbsp;<\/p>\n<p>&nbsp;<\/p>\n<h3 style=\"text-align: center;\"><strong><span style=\"font-family: tahoma, arial, helvetica, sans-serif; font-size: 14pt;\">Disponemos de una Amplia Gama de Dispositivos de Conectividad : Modulos HPE de Fibra Gbit &#8211; SFP &#8211; Tranceivers &#8211; Convertidores de Medios De Cobre a Fibra Optica <\/span><br \/>\n<\/strong><\/h3>\n<p>&nbsp;<\/p>\n<p style=\"text-align: center;\"><span style=\"color: #ff0000;\"><strong><span style=\"font-family: tahoma, arial, helvetica, sans-serif; font-size: 14pt;\">Para Precio y Disponibilidad Por Favor Cont\u00e1ctanos V\u00eda Email o WhatsApp<\/span><\/strong><\/span><\/p>\n<p style=\"text-align: center;\"><span style=\"color: #ff0000;\">___________________________________________________________________________________________________<\/span><\/p>\n<p>&nbsp;<\/p>\n<p>&nbsp;<\/p>\n<h3 style=\"text-align: center;\"><span style=\"font-family: tahoma, arial, helvetica, sans-serif; font-size: 14pt;\"><a title=\"Tienda - Precio y Venta Servidores HP\" href=\"https:\/\/netcomp.co\/es\/132-servidores-hp-lenovo-dell-partes\" target=\"_blank\" rel=\"noopener noreferrer\"><span style=\"font-size: 14pt;\">DISPONEMOS DE UNA<\/span><span style=\"font-size: 14pt;\"> AMPLIA GAMA DE SERVIDORES HP PROLIANT PARA <\/span><\/a><\/span><\/h3>\n<h3 style=\"text-align: center;\"><span style=\"font-family: tahoma, arial, helvetica, sans-serif; font-size: 14pt;\"><a title=\"Tienda - Precio y Venta Servidores HP\" href=\"https:\/\/netcomp.co\/es\/132-servidores-hp-lenovo-dell-partes\" target=\"_blank\" rel=\"noopener noreferrer\">VENTA \/ ARRENDAMIENTO \/ ALQUILER :<\/a><\/span><\/h3>\n<h3 style=\"text-align: center;\"><span style=\"font-size: 14pt;\"><a title=\"Tienda - Precio y Venta Servidores HP\" href=\"https:\/\/netcomp.co\/es\/132-servidores-hp-lenovo-dell-partes\" target=\"_blank\" rel=\"noopener noreferrer\"><span style=\"font-family: tahoma, arial, helvetica, sans-serif;\">ML350 \/ ML150 \/ DL320 \/ DL360 \/ DL380 <\/span><span style=\"font-family: tahoma, arial, helvetica, sans-serif;\">PARA COMPRAR CLICK<\/span><span style=\"font-family: tahoma, arial, helvetica, sans-serif;\"> AQU<\/span><span style=\"font-family: tahoma, arial, helvetica, sans-serif;\">I!<\/span><\/a><\/span><\/h3>\n<h2 style=\"text-align: center;\"><strong><a href=\"https:\/\/api.whatsapp.com\/send?phone=573168788749\" target=\"_blank\" rel=\"noopener noreferrer\"><img loading=\"lazy\" decoding=\"async\" class=\"wp-image-20467 aligncenter\" src=\"https:\/\/cableado-estructurado.com.co\/netcomp\/wp-content\/uploads\/2018\/07\/whatsapp-logo-mensaje.jpg\" alt=\"\" width=\"290\" height=\"220\" \/><\/a><\/strong><\/h2>\n<h2 style=\"text-align: center;\"><img loading=\"lazy\" decoding=\"async\" class=\"wp-image-21775 aligncenter\" src=\"https:\/\/servidor-hp.com.co\/netcomp\/wp-content\/uploads\/2019\/05\/boton-ventas-servidor.png\" alt=\"\" width=\"495\" height=\"153\" \/><\/h2>\n<p style=\"text-align: center;\">\n","protected":false},"excerpt":{"rendered":"<p>Compaq ProLiant 2500 Series Servers HPE 250960-001,\u00ff250960-003,\u00ff250965-001,\u00ff250965-003,\u00ff250980-001,\u00ff250980-002,\u00ff250985-001,\u00ff250985-002,\u00ff271900-001,\u00ff271905-021,\u00ff298046-B21,\u00ff300900-001,\u00ff300900-021,\u00ff307550-001,\u00ff307550-021,\u00ff307560-001,\u00ff307560-021,\u00ff171298-001,\u00ff174291-B21,\u00ff174292-B21,\u00ff174297-B21,\u00ff2C-20113-01,\u00ff2C-20148-01,\u00ff2C-20160-01,\u00ff2C-99185-01,\u00ff2N-CPQAQ-13,\u00ff2N-CPQAQ-15,\u00ff2N-CPQAQ-16,\u00ff2N-CPQAQ-24,\u00ff2N-CPQAQ-25,<\/p>\n","protected":false},"featured_media":21646,"comment_status":"closed","ping_status":"open","template":"","meta":{"_et_pb_use_builder":"","_et_pb_old_content":"","_et_gb_content_width":""},"product_brand":[],"product_cat":[21361],"product_tag":[45713,45730,45731,45732,45733,45714,45715,45716,45717,45718,45719,45720,45721,45722,45723,45734,45735,45736,45737,45738,45739,45740,45741,45742,45724,45725,45726,45727,45728,45729],"class_list":{"0":"post-51988","1":"product","2":"type-product","3":"status-publish","4":"has-post-thumbnail","6":"product_cat-accesorios","7":"product_tag-compaq-proliant-2500-series-servers-hpe-250960-001","8":"product_tag-y171298-001","9":"product_tag-y174291-b21","10":"product_tag-y174292-b21","11":"product_tag-y174297-b21","12":"product_tag-y250960-003","13":"product_tag-y250965-001","14":"product_tag-y250965-003","15":"product_tag-y250980-001","16":"product_tag-y250980-002","17":"product_tag-y250985-001","18":"product_tag-y250985-002","19":"product_tag-y271900-001","20":"product_tag-y271905-021","21":"product_tag-y298046-b21","22":"product_tag-y2c-20113-01","23":"product_tag-y2c-20148-01","24":"product_tag-y2c-20160-01","25":"product_tag-y2c-99185-01","26":"product_tag-y2n-cpqaq-13","27":"product_tag-y2n-cpqaq-15","28":"product_tag-y2n-cpqaq-16","29":"product_tag-y2n-cpqaq-24","30":"product_tag-y2n-cpqaq-25","31":"product_tag-y300900-001","32":"product_tag-y300900-021","33":"product_tag-y307550-001","34":"product_tag-y307550-021","35":"product_tag-y307560-001","36":"product_tag-y307560-021","38":"first","39":"instock","40":"product-type-simple"},"yoast_head":"<!-- This site is optimized with the Yoast SEO plugin v27.5 - https:\/\/yoast.com\/product\/yoast-seo-wordpress\/ -->\n<title>Compaq ProLiant 2500 Series Servers HPE 250960-001,\u00ff250960-003,\u00ff250965-001,\u00ff250965-003,\u00ff250980-001,\u00ff250980-002,\u00ff250985-001,\u00ff250985-002,\u00ff271900-001,\u00ff271905-021,\u00ff298046-B21,\u00ff300900-001,\u00ff300900-021,\u00ff307550-001,\u00ff307550-021,\u00ff307560-001,\u00ff307560-021,\u00ff171298-001,\u00ff174291-B21,\u00ff174292-B21,\u00ff174297-B21,\u00ff2C-20113-01,\u00ff2C-20148-01,\u00ff2C-20160-01,\u00ff2C-99185-01,\u00ff2N-CPQAQ-13,\u00ff2N-CPQAQ-15,\u00ff2N-CPQAQ-16,\u00ff2N-CPQAQ-24,\u00ff2N-CPQAQ-25,<\/title>\n<meta name=\"description\" content=\"Compaq ProLiant 2500 Series Servers HPE 250960-001,\u00ff250960-003,\u00ff250965-001,\u00ff250965-003,\u00ff250980-001,\u00ff250980-002,\u00ff250985-001,\u00ff250985-002,\u00ff271900-001,\u00ff271905-021,\u00ff298046-B21,\u00ff300900-001,\u00ff300900-021,\u00ff307550-001,\u00ff307550-021,\u00ff307560-001,\u00ff307560-021,\u00ff171298-001,\u00ff174291-B21,\u00ff174292-B21,\u00ff174297-B21,\u00ff2C-20113-01,\u00ff2C-20148-01,\u00ff2C-20160-01,\u00ff2C-99185-01,\u00ff2N-CPQAQ-13,\u00ff2N-CPQAQ-15,\u00ff2N-CPQAQ-16,\u00ff2N-CPQAQ-24,\u00ff2N-CPQAQ-25,\" \/>\n<meta name=\"robots\" content=\"index, follow, max-snippet:-1, max-image-preview:large, max-video-preview:-1\" \/>\n<link rel=\"canonical\" href=\"https:\/\/cableado-estructurado.com.co\/netcomp\/producto\/compaq-proliant-2500-series-servers\/\" \/>\n<meta property=\"og:locale\" content=\"es_ES\" \/>\n<meta property=\"og:type\" content=\"article\" \/>\n<meta property=\"og:title\" content=\"Compaq ProLiant 2500 Series Servers HPE 250960-001,\u00ff250960-003,\u00ff250965-001,\u00ff250965-003,\u00ff250980-001,\u00ff250980-002,\u00ff250985-001,\u00ff250985-002,\u00ff271900-001,\u00ff271905-021,\u00ff298046-B21,\u00ff300900-001,\u00ff300900-021,\u00ff307550-001,\u00ff307550-021,\u00ff307560-001,\u00ff307560-021,\u00ff171298-001,\u00ff174291-B21,\u00ff174292-B21,\u00ff174297-B21,\u00ff2C-20113-01,\u00ff2C-20148-01,\u00ff2C-20160-01,\u00ff2C-99185-01,\u00ff2N-CPQAQ-13,\u00ff2N-CPQAQ-15,\u00ff2N-CPQAQ-16,\u00ff2N-CPQAQ-24,\u00ff2N-CPQAQ-25, - Bogota - Colombia\" \/>\n<meta property=\"og:description\" content=\"Compaq ProLiant 2500 Series Servers HPE 250960-001,\u00ff250960-003,\u00ff250965-001,\u00ff250965-003,\u00ff250980-001,\u00ff250980-002,\u00ff250985-001,\u00ff250985-002,\u00ff271900-001,\u00ff271905-021,\u00ff298046-B21,\u00ff300900-001,\u00ff300900-021,\u00ff307550-001,\u00ff307550-021,\u00ff307560-001,\u00ff307560-021,\u00ff171298-001,\u00ff174291-B21,\u00ff174292-B21,\u00ff174297-B21,\u00ff2C-20113-01,\u00ff2C-20148-01,\u00ff2C-20160-01,\u00ff2C-99185-01,\u00ff2N-CPQAQ-13,\u00ff2N-CPQAQ-15,\u00ff2N-CPQAQ-16,\u00ff2N-CPQAQ-24,\u00ff2N-CPQAQ-25, - Bogota - Colombia - cableado-estructurado.com.co\" \/>\n<meta property=\"og:url\" content=\"https:\/\/cableado-estructurado.com.co\/netcomp\/producto\/compaq-proliant-2500-series-servers\/\" \/>\n<meta property=\"og:site_name\" content=\"Cableado Estructurado Colombia\" \/>\n<meta property=\"article:publisher\" content=\"https:\/\/www.facebook.com\/Soluciones-Tecnologicas-MCC-SAS-100746298259981\" \/>\n<meta property=\"article:modified_time\" content=\"2022-06-12T07:54:10+00:00\" \/>\n<meta property=\"og:image\" content=\"https:\/\/cableado-estructurado.com.co\/netcomp\/wp-content\/uploads\/2020\/03\/hpe-logo-e1589689745625.jpg\" \/>\n<meta name=\"twitter:card\" content=\"summary_large_image\" \/>\n<meta name=\"twitter:title\" content=\"Compaq ProLiant 2500 Series Servers HPE 250960-001,\u00ff250960-003,\u00ff250965-001,\u00ff250965-003,\u00ff250980-001,\u00ff250980-002,\u00ff250985-001,\u00ff250985-002,\u00ff271900-001,\u00ff271905-021,\u00ff298046-B21,\u00ff300900-001,\u00ff300900-021,\u00ff307550-001,\u00ff307550-021,\u00ff307560-001,\u00ff307560-021,\u00ff171298-001,\u00ff174291-B21,\u00ff174292-B21,\u00ff174297-B21,\u00ff2C-20113-01,\u00ff2C-20148-01,\u00ff2C-20160-01,\u00ff2C-99185-01,\u00ff2N-CPQAQ-13,\u00ff2N-CPQAQ-15,\u00ff2N-CPQAQ-16,\u00ff2N-CPQAQ-24,\u00ff2N-CPQAQ-25,\" \/>\n<meta name=\"twitter:description\" content=\"Compaq ProLiant 2500 Series Servers HPE 250960-001,\u00ff250960-003,\u00ff250965-001,\u00ff250965-003,\u00ff250980-001,\u00ff250980-002,\u00ff250985-001,\u00ff250985-002,\u00ff271900-001,\u00ff271905-021,\u00ff298046-B21,\u00ff300900-001,\u00ff300900-021,\u00ff307550-001,\u00ff307550-021,\u00ff307560-001,\u00ff307560-021,\u00ff171298-001,\u00ff174291-B21,\u00ff174292-B21,\u00ff174297-B21,\u00ff2C-20113-01,\u00ff2C-20148-01,\u00ff2C-20160-01,\u00ff2C-99185-01,\u00ff2N-CPQAQ-13,\u00ff2N-CPQAQ-15,\u00ff2N-CPQAQ-16,\u00ff2N-CPQAQ-24,\u00ff2N-CPQAQ-25, - Bogota - Colombia - cableado-estructurado.com.co\" \/>\n<meta name=\"twitter:image\" content=\"https:\/\/cableado-estructurado.com.co\/netcomp\/wp-content\/uploads\/2020\/03\/hpe-logo-e1589689745625.jpg\" \/>\n<meta name=\"twitter:label1\" content=\"Tiempo de lectura\" \/>\n\t<meta name=\"twitter:data1\" content=\"1 minuto\" \/>\n<script type=\"application\/ld+json\" class=\"yoast-schema-graph\">{\"@context\":\"https:\\\/\\\/schema.org\",\"@graph\":[{\"@type\":\"WebPage\",\"@id\":\"https:\\\/\\\/cableado-estructurado.com.co\\\/netcomp\\\/producto\\\/compaq-proliant-2500-series-servers\\\/\",\"url\":\"https:\\\/\\\/cableado-estructurado.com.co\\\/netcomp\\\/producto\\\/compaq-proliant-2500-series-servers\\\/\",\"name\":\"Compaq ProLiant 2500 Series Servers HPE 250960-001,\u00ff250960-003,\u00ff250965-001,\u00ff250965-003,\u00ff250980-001,\u00ff250980-002,\u00ff250985-001,\u00ff250985-002,\u00ff271900-001,\u00ff271905-021,\u00ff298046-B21,\u00ff300900-001,\u00ff300900-021,\u00ff307550-001,\u00ff307550-021,\u00ff307560-001,\u00ff307560-021,\u00ff171298-001,\u00ff174291-B21,\u00ff174292-B21,\u00ff174297-B21,\u00ff2C-20113-01,\u00ff2C-20148-01,\u00ff2C-20160-01,\u00ff2C-99185-01,\u00ff2N-CPQAQ-13,\u00ff2N-CPQAQ-15,\u00ff2N-CPQAQ-16,\u00ff2N-CPQAQ-24,\u00ff2N-CPQAQ-25,\",\"isPartOf\":{\"@id\":\"https:\\\/\\\/cableado-estructurado.com.co\\\/netcomp\\\/#website\"},\"primaryImageOfPage\":{\"@id\":\"https:\\\/\\\/cableado-estructurado.com.co\\\/netcomp\\\/producto\\\/compaq-proliant-2500-series-servers\\\/#primaryimage\"},\"image\":{\"@id\":\"https:\\\/\\\/cableado-estructurado.com.co\\\/netcomp\\\/producto\\\/compaq-proliant-2500-series-servers\\\/#primaryimage\"},\"thumbnailUrl\":\"https:\\\/\\\/cableado-estructurado.com.co\\\/netcomp\\\/wp-content\\\/uploads\\\/2020\\\/03\\\/hpe-logo-e1589689745625.jpg\",\"datePublished\":\"2022-06-12T07:54:03+00:00\",\"dateModified\":\"2022-06-12T07:54:10+00:00\",\"description\":\"Compaq ProLiant 2500 Series Servers HPE 250960-001,\u00ff250960-003,\u00ff250965-001,\u00ff250965-003,\u00ff250980-001,\u00ff250980-002,\u00ff250985-001,\u00ff250985-002,\u00ff271900-001,\u00ff271905-021,\u00ff298046-B21,\u00ff300900-001,\u00ff300900-021,\u00ff307550-001,\u00ff307550-021,\u00ff307560-001,\u00ff307560-021,\u00ff171298-001,\u00ff174291-B21,\u00ff174292-B21,\u00ff174297-B21,\u00ff2C-20113-01,\u00ff2C-20148-01,\u00ff2C-20160-01,\u00ff2C-99185-01,\u00ff2N-CPQAQ-13,\u00ff2N-CPQAQ-15,\u00ff2N-CPQAQ-16,\u00ff2N-CPQAQ-24,\u00ff2N-CPQAQ-25,\",\"breadcrumb\":{\"@id\":\"https:\\\/\\\/cableado-estructurado.com.co\\\/netcomp\\\/producto\\\/compaq-proliant-2500-series-servers\\\/#breadcrumb\"},\"inLanguage\":\"es\",\"potentialAction\":[{\"@type\":\"ReadAction\",\"target\":[\"https:\\\/\\\/cableado-estructurado.com.co\\\/netcomp\\\/producto\\\/compaq-proliant-2500-series-servers\\\/\"]}]},{\"@type\":\"ImageObject\",\"inLanguage\":\"es\",\"@id\":\"https:\\\/\\\/cableado-estructurado.com.co\\\/netcomp\\\/producto\\\/compaq-proliant-2500-series-servers\\\/#primaryimage\",\"url\":\"https:\\\/\\\/cableado-estructurado.com.co\\\/netcomp\\\/wp-content\\\/uploads\\\/2020\\\/03\\\/hpe-logo-e1589689745625.jpg\",\"contentUrl\":\"https:\\\/\\\/cableado-estructurado.com.co\\\/netcomp\\\/wp-content\\\/uploads\\\/2020\\\/03\\\/hpe-logo-e1589689745625.jpg\",\"width\":275,\"height\":183,\"caption\":\"Servidores y Switches HP\"},{\"@type\":\"BreadcrumbList\",\"@id\":\"https:\\\/\\\/cableado-estructurado.com.co\\\/netcomp\\\/producto\\\/compaq-proliant-2500-series-servers\\\/#breadcrumb\",\"itemListElement\":[{\"@type\":\"ListItem\",\"position\":1,\"name\":\"Portada\",\"item\":\"https:\\\/\\\/cableado-estructurado.com.co\\\/netcomp\\\/\"},{\"@type\":\"ListItem\",\"position\":2,\"name\":\"Tienda\",\"item\":\"https:\\\/\\\/cableado-estructurado.com.co\\\/netcomp\\\/camaras-cableado-accesorios\\\/\"},{\"@type\":\"ListItem\",\"position\":3,\"name\":\"Compaq ProLiant 2500 Series Servers\"}]},{\"@type\":\"WebSite\",\"@id\":\"https:\\\/\\\/cableado-estructurado.com.co\\\/netcomp\\\/#website\",\"url\":\"https:\\\/\\\/cableado-estructurado.com.co\\\/netcomp\\\/\",\"name\":\"Cableado Estructurado Colombia\",\"description\":\"Telefonos:  (+57) 316 878 8749\",\"publisher\":{\"@id\":\"https:\\\/\\\/cableado-estructurado.com.co\\\/netcomp\\\/#organization\"},\"potentialAction\":[{\"@type\":\"SearchAction\",\"target\":{\"@type\":\"EntryPoint\",\"urlTemplate\":\"https:\\\/\\\/cableado-estructurado.com.co\\\/netcomp\\\/?s={search_term_string}\"},\"query-input\":{\"@type\":\"PropertyValueSpecification\",\"valueRequired\":true,\"valueName\":\"search_term_string\"}}],\"inLanguage\":\"es\"},{\"@type\":\"Organization\",\"@id\":\"https:\\\/\\\/cableado-estructurado.com.co\\\/netcomp\\\/#organization\",\"name\":\"Soluciones Tecnologicas MCC SAS\",\"alternateName\":\"MCC\",\"url\":\"https:\\\/\\\/cableado-estructurado.com.co\\\/netcomp\\\/\",\"logo\":{\"@type\":\"ImageObject\",\"inLanguage\":\"es\",\"@id\":\"https:\\\/\\\/cableado-estructurado.com.co\\\/netcomp\\\/#\\\/schema\\\/logo\\\/image\\\/\",\"url\":\"https:\\\/\\\/cableado-estructurado.com.co\\\/netcomp\\\/wp-content\\\/uploads\\\/2023\\\/04\\\/logos-soluciones-1-1.png\",\"contentUrl\":\"https:\\\/\\\/cableado-estructurado.com.co\\\/netcomp\\\/wp-content\\\/uploads\\\/2023\\\/04\\\/logos-soluciones-1-1.png\",\"width\":479,\"height\":100,\"caption\":\"Soluciones Tecnologicas MCC SAS\"},\"image\":{\"@id\":\"https:\\\/\\\/cableado-estructurado.com.co\\\/netcomp\\\/#\\\/schema\\\/logo\\\/image\\\/\"},\"sameAs\":[\"https:\\\/\\\/www.facebook.com\\\/Soluciones-Tecnologicas-MCC-SAS-100746298259981\",\"https:\\\/\\\/www.instagram.com\\\/solucionesmccsas\\\/?hl=es\",\"http:\\\/\\\/www.linkedin.com\\\/in\\\/mauricio-calderon-a78b5a15\"]}]}<\/script>\n<!-- \/ Yoast SEO plugin. -->","yoast_head_json":{"title":"Compaq ProLiant 2500 Series Servers HPE 250960-001,\u00ff250960-003,\u00ff250965-001,\u00ff250965-003,\u00ff250980-001,\u00ff250980-002,\u00ff250985-001,\u00ff250985-002,\u00ff271900-001,\u00ff271905-021,\u00ff298046-B21,\u00ff300900-001,\u00ff300900-021,\u00ff307550-001,\u00ff307550-021,\u00ff307560-001,\u00ff307560-021,\u00ff171298-001,\u00ff174291-B21,\u00ff174292-B21,\u00ff174297-B21,\u00ff2C-20113-01,\u00ff2C-20148-01,\u00ff2C-20160-01,\u00ff2C-99185-01,\u00ff2N-CPQAQ-13,\u00ff2N-CPQAQ-15,\u00ff2N-CPQAQ-16,\u00ff2N-CPQAQ-24,\u00ff2N-CPQAQ-25,","description":"Compaq ProLiant 2500 Series Servers HPE 250960-001,\u00ff250960-003,\u00ff250965-001,\u00ff250965-003,\u00ff250980-001,\u00ff250980-002,\u00ff250985-001,\u00ff250985-002,\u00ff271900-001,\u00ff271905-021,\u00ff298046-B21,\u00ff300900-001,\u00ff300900-021,\u00ff307550-001,\u00ff307550-021,\u00ff307560-001,\u00ff307560-021,\u00ff171298-001,\u00ff174291-B21,\u00ff174292-B21,\u00ff174297-B21,\u00ff2C-20113-01,\u00ff2C-20148-01,\u00ff2C-20160-01,\u00ff2C-99185-01,\u00ff2N-CPQAQ-13,\u00ff2N-CPQAQ-15,\u00ff2N-CPQAQ-16,\u00ff2N-CPQAQ-24,\u00ff2N-CPQAQ-25,","robots":{"index":"index","follow":"follow","max-snippet":"max-snippet:-1","max-image-preview":"max-image-preview:large","max-video-preview":"max-video-preview:-1"},"canonical":"https:\/\/cableado-estructurado.com.co\/netcomp\/producto\/compaq-proliant-2500-series-servers\/","og_locale":"es_ES","og_type":"article","og_title":"Compaq ProLiant 2500 Series Servers HPE 250960-001,\u00ff250960-003,\u00ff250965-001,\u00ff250965-003,\u00ff250980-001,\u00ff250980-002,\u00ff250985-001,\u00ff250985-002,\u00ff271900-001,\u00ff271905-021,\u00ff298046-B21,\u00ff300900-001,\u00ff300900-021,\u00ff307550-001,\u00ff307550-021,\u00ff307560-001,\u00ff307560-021,\u00ff171298-001,\u00ff174291-B21,\u00ff174292-B21,\u00ff174297-B21,\u00ff2C-20113-01,\u00ff2C-20148-01,\u00ff2C-20160-01,\u00ff2C-99185-01,\u00ff2N-CPQAQ-13,\u00ff2N-CPQAQ-15,\u00ff2N-CPQAQ-16,\u00ff2N-CPQAQ-24,\u00ff2N-CPQAQ-25, - Bogota - Colombia","og_description":"Compaq ProLiant 2500 Series Servers HPE 250960-001,\u00ff250960-003,\u00ff250965-001,\u00ff250965-003,\u00ff250980-001,\u00ff250980-002,\u00ff250985-001,\u00ff250985-002,\u00ff271900-001,\u00ff271905-021,\u00ff298046-B21,\u00ff300900-001,\u00ff300900-021,\u00ff307550-001,\u00ff307550-021,\u00ff307560-001,\u00ff307560-021,\u00ff171298-001,\u00ff174291-B21,\u00ff174292-B21,\u00ff174297-B21,\u00ff2C-20113-01,\u00ff2C-20148-01,\u00ff2C-20160-01,\u00ff2C-99185-01,\u00ff2N-CPQAQ-13,\u00ff2N-CPQAQ-15,\u00ff2N-CPQAQ-16,\u00ff2N-CPQAQ-24,\u00ff2N-CPQAQ-25, - Bogota - Colombia - cableado-estructurado.com.co","og_url":"https:\/\/cableado-estructurado.com.co\/netcomp\/producto\/compaq-proliant-2500-series-servers\/","og_site_name":"Cableado Estructurado Colombia","article_publisher":"https:\/\/www.facebook.com\/Soluciones-Tecnologicas-MCC-SAS-100746298259981","article_modified_time":"2022-06-12T07:54:10+00:00","og_image":[{"url":"https:\/\/cableado-estructurado.com.co\/netcomp\/wp-content\/uploads\/2020\/03\/hpe-logo-e1589689745625.jpg","type":"","width":"","height":""}],"twitter_card":"summary_large_image","twitter_title":"Compaq ProLiant 2500 Series Servers HPE 250960-001,\u00ff250960-003,\u00ff250965-001,\u00ff250965-003,\u00ff250980-001,\u00ff250980-002,\u00ff250985-001,\u00ff250985-002,\u00ff271900-001,\u00ff271905-021,\u00ff298046-B21,\u00ff300900-001,\u00ff300900-021,\u00ff307550-001,\u00ff307550-021,\u00ff307560-001,\u00ff307560-021,\u00ff171298-001,\u00ff174291-B21,\u00ff174292-B21,\u00ff174297-B21,\u00ff2C-20113-01,\u00ff2C-20148-01,\u00ff2C-20160-01,\u00ff2C-99185-01,\u00ff2N-CPQAQ-13,\u00ff2N-CPQAQ-15,\u00ff2N-CPQAQ-16,\u00ff2N-CPQAQ-24,\u00ff2N-CPQAQ-25,","twitter_description":"Compaq ProLiant 2500 Series Servers HPE 250960-001,\u00ff250960-003,\u00ff250965-001,\u00ff250965-003,\u00ff250980-001,\u00ff250980-002,\u00ff250985-001,\u00ff250985-002,\u00ff271900-001,\u00ff271905-021,\u00ff298046-B21,\u00ff300900-001,\u00ff300900-021,\u00ff307550-001,\u00ff307550-021,\u00ff307560-001,\u00ff307560-021,\u00ff171298-001,\u00ff174291-B21,\u00ff174292-B21,\u00ff174297-B21,\u00ff2C-20113-01,\u00ff2C-20148-01,\u00ff2C-20160-01,\u00ff2C-99185-01,\u00ff2N-CPQAQ-13,\u00ff2N-CPQAQ-15,\u00ff2N-CPQAQ-16,\u00ff2N-CPQAQ-24,\u00ff2N-CPQAQ-25, - Bogota - Colombia - cableado-estructurado.com.co","twitter_image":"https:\/\/cableado-estructurado.com.co\/netcomp\/wp-content\/uploads\/2020\/03\/hpe-logo-e1589689745625.jpg","twitter_misc":{"Tiempo de lectura":"1 minuto"},"schema":{"@context":"https:\/\/schema.org","@graph":[{"@type":"WebPage","@id":"https:\/\/cableado-estructurado.com.co\/netcomp\/producto\/compaq-proliant-2500-series-servers\/","url":"https:\/\/cableado-estructurado.com.co\/netcomp\/producto\/compaq-proliant-2500-series-servers\/","name":"Compaq ProLiant 2500 Series Servers HPE 250960-001,\u00ff250960-003,\u00ff250965-001,\u00ff250965-003,\u00ff250980-001,\u00ff250980-002,\u00ff250985-001,\u00ff250985-002,\u00ff271900-001,\u00ff271905-021,\u00ff298046-B21,\u00ff300900-001,\u00ff300900-021,\u00ff307550-001,\u00ff307550-021,\u00ff307560-001,\u00ff307560-021,\u00ff171298-001,\u00ff174291-B21,\u00ff174292-B21,\u00ff174297-B21,\u00ff2C-20113-01,\u00ff2C-20148-01,\u00ff2C-20160-01,\u00ff2C-99185-01,\u00ff2N-CPQAQ-13,\u00ff2N-CPQAQ-15,\u00ff2N-CPQAQ-16,\u00ff2N-CPQAQ-24,\u00ff2N-CPQAQ-25,","isPartOf":{"@id":"https:\/\/cableado-estructurado.com.co\/netcomp\/#website"},"primaryImageOfPage":{"@id":"https:\/\/cableado-estructurado.com.co\/netcomp\/producto\/compaq-proliant-2500-series-servers\/#primaryimage"},"image":{"@id":"https:\/\/cableado-estructurado.com.co\/netcomp\/producto\/compaq-proliant-2500-series-servers\/#primaryimage"},"thumbnailUrl":"https:\/\/cableado-estructurado.com.co\/netcomp\/wp-content\/uploads\/2020\/03\/hpe-logo-e1589689745625.jpg","datePublished":"2022-06-12T07:54:03+00:00","dateModified":"2022-06-12T07:54:10+00:00","description":"Compaq ProLiant 2500 Series Servers HPE 250960-001,\u00ff250960-003,\u00ff250965-001,\u00ff250965-003,\u00ff250980-001,\u00ff250980-002,\u00ff250985-001,\u00ff250985-002,\u00ff271900-001,\u00ff271905-021,\u00ff298046-B21,\u00ff300900-001,\u00ff300900-021,\u00ff307550-001,\u00ff307550-021,\u00ff307560-001,\u00ff307560-021,\u00ff171298-001,\u00ff174291-B21,\u00ff174292-B21,\u00ff174297-B21,\u00ff2C-20113-01,\u00ff2C-20148-01,\u00ff2C-20160-01,\u00ff2C-99185-01,\u00ff2N-CPQAQ-13,\u00ff2N-CPQAQ-15,\u00ff2N-CPQAQ-16,\u00ff2N-CPQAQ-24,\u00ff2N-CPQAQ-25,","breadcrumb":{"@id":"https:\/\/cableado-estructurado.com.co\/netcomp\/producto\/compaq-proliant-2500-series-servers\/#breadcrumb"},"inLanguage":"es","potentialAction":[{"@type":"ReadAction","target":["https:\/\/cableado-estructurado.com.co\/netcomp\/producto\/compaq-proliant-2500-series-servers\/"]}]},{"@type":"ImageObject","inLanguage":"es","@id":"https:\/\/cableado-estructurado.com.co\/netcomp\/producto\/compaq-proliant-2500-series-servers\/#primaryimage","url":"https:\/\/cableado-estructurado.com.co\/netcomp\/wp-content\/uploads\/2020\/03\/hpe-logo-e1589689745625.jpg","contentUrl":"https:\/\/cableado-estructurado.com.co\/netcomp\/wp-content\/uploads\/2020\/03\/hpe-logo-e1589689745625.jpg","width":275,"height":183,"caption":"Servidores y Switches HP"},{"@type":"BreadcrumbList","@id":"https:\/\/cableado-estructurado.com.co\/netcomp\/producto\/compaq-proliant-2500-series-servers\/#breadcrumb","itemListElement":[{"@type":"ListItem","position":1,"name":"Portada","item":"https:\/\/cableado-estructurado.com.co\/netcomp\/"},{"@type":"ListItem","position":2,"name":"Tienda","item":"https:\/\/cableado-estructurado.com.co\/netcomp\/camaras-cableado-accesorios\/"},{"@type":"ListItem","position":3,"name":"Compaq ProLiant 2500 Series Servers"}]},{"@type":"WebSite","@id":"https:\/\/cableado-estructurado.com.co\/netcomp\/#website","url":"https:\/\/cableado-estructurado.com.co\/netcomp\/","name":"Cableado Estructurado Colombia","description":"Telefonos:  (+57) 316 878 8749","publisher":{"@id":"https:\/\/cableado-estructurado.com.co\/netcomp\/#organization"},"potentialAction":[{"@type":"SearchAction","target":{"@type":"EntryPoint","urlTemplate":"https:\/\/cableado-estructurado.com.co\/netcomp\/?s={search_term_string}"},"query-input":{"@type":"PropertyValueSpecification","valueRequired":true,"valueName":"search_term_string"}}],"inLanguage":"es"},{"@type":"Organization","@id":"https:\/\/cableado-estructurado.com.co\/netcomp\/#organization","name":"Soluciones Tecnologicas MCC SAS","alternateName":"MCC","url":"https:\/\/cableado-estructurado.com.co\/netcomp\/","logo":{"@type":"ImageObject","inLanguage":"es","@id":"https:\/\/cableado-estructurado.com.co\/netcomp\/#\/schema\/logo\/image\/","url":"https:\/\/cableado-estructurado.com.co\/netcomp\/wp-content\/uploads\/2023\/04\/logos-soluciones-1-1.png","contentUrl":"https:\/\/cableado-estructurado.com.co\/netcomp\/wp-content\/uploads\/2023\/04\/logos-soluciones-1-1.png","width":479,"height":100,"caption":"Soluciones Tecnologicas MCC SAS"},"image":{"@id":"https:\/\/cableado-estructurado.com.co\/netcomp\/#\/schema\/logo\/image\/"},"sameAs":["https:\/\/www.facebook.com\/Soluciones-Tecnologicas-MCC-SAS-100746298259981","https:\/\/www.instagram.com\/solucionesmccsas\/?hl=es","http:\/\/www.linkedin.com\/in\/mauricio-calderon-a78b5a15"]}]}},"jetpack_sharing_enabled":true,"_links":{"self":[{"href":"https:\/\/cableado-estructurado.com.co\/netcomp\/wp-json\/wp\/v2\/product\/51988","targetHints":{"allow":["GET"]}}],"collection":[{"href":"https:\/\/cableado-estructurado.com.co\/netcomp\/wp-json\/wp\/v2\/product"}],"about":[{"href":"https:\/\/cableado-estructurado.com.co\/netcomp\/wp-json\/wp\/v2\/types\/product"}],"replies":[{"embeddable":true,"href":"https:\/\/cableado-estructurado.com.co\/netcomp\/wp-json\/wp\/v2\/comments?post=51988"}],"wp:featuredmedia":[{"embeddable":true,"href":"https:\/\/cableado-estructurado.com.co\/netcomp\/wp-json\/wp\/v2\/media\/21646"}],"wp:attachment":[{"href":"https:\/\/cableado-estructurado.com.co\/netcomp\/wp-json\/wp\/v2\/media?parent=51988"}],"wp:term":[{"taxonomy":"product_brand","embeddable":true,"href":"https:\/\/cableado-estructurado.com.co\/netcomp\/wp-json\/wp\/v2\/product_brand?post=51988"},{"taxonomy":"product_cat","embeddable":true,"href":"https:\/\/cableado-estructurado.com.co\/netcomp\/wp-json\/wp\/v2\/product_cat?post=51988"},{"taxonomy":"product_tag","embeddable":true,"href":"https:\/\/cableado-estructurado.com.co\/netcomp\/wp-json\/wp\/v2\/product_tag?post=51988"}],"curies":[{"name":"wp","href":"https:\/\/api.w.org\/{rel}","templated":true}]}}