{"id":56331,"date":"2022-07-27T13:03:51","date_gmt":"2022-07-27T18:03:51","guid":{"rendered":"https:\/\/cableado-estructurado.com.co\/netcomp\/producto\/tintas-toners-para-impresoras-hp-en-bogota-colombia-hp-suministros-hp-cf361x\/"},"modified":"2022-07-27T13:03:54","modified_gmt":"2022-07-27T18:03:54","slug":"tintas-toners-para-impresoras-hp-en-bogota-colombia-hp-suministros-hp-cf361x","status":"publish","type":"product","link":"https:\/\/cableado-estructurado.com.co\/netcomp\/producto\/tintas-toners-para-impresoras-hp-en-bogota-colombia-hp-suministros-hp-cf361x\/","title":{"rendered":"Tintas &#8211; Toners Para Impresoras HP en Bogota Colombia HP Suministros HP CF361X"},"content":{"rendered":"<h1 style=\"text-align: center;\"><strong><span style=\"font-family: tahoma, arial, helvetica, sans-serif; font-size: 24pt; color: #ff0000;\">SUMINISTROS HP : TINTAS &#8211; TONER &#8211; CINTAS TAPE BACKUP\u00a0 N\/P: CF361X<\/span><br \/>\n<\/strong><\/h1>\n<h3><\/h3>\n<h3><span style=\"font-family: tahoma, arial, helvetica, sans-serif; font-size: 18pt;\"><strong>Modelo :<\/strong> <span style=\"font-size: 14pt;\">Suministros HP CF361X<\/span><br \/>\n<\/span><\/h3>\n<h3><span style=\"font-family: tahoma, arial, helvetica, sans-serif; font-size: 12pt;\"><strong>Tipo :<\/strong> TONER<\/span><\/h3>\n<h3><span style=\"font-family: tahoma, arial, helvetica, sans-serif; font-size: 12pt;\"><strong>Numero de Parte : \u00a0 \u00a0 \u00a0<\/strong> CF361X<\/span><\/h3>\n<h3><span style=\"font-family: tahoma, arial, helvetica, sans-serif; font-size: 12pt;\"><strong>Descripci\u00f3n:<\/strong><\/span><\/h3>\n<h3><span style=\"font-family: tahoma, arial, helvetica, sans-serif; font-size: 12pt;\">\u00a0\u00a0\u00a0\u00a0\u00a0 HP 508X T\u00a2ner Cyan  M553dn\/M577dn 9.500 p\u00a0g.<\/span><\/h3>\n<p>&nbsp;<\/p>\n<h3><span style=\"font-family: tahoma, arial, helvetica, sans-serif; font-size: 14pt;\"><strong><span class=\"Y2IQFc\" lang=\"es\">Calidad<\/span><\/strong><\/span><\/h3>\n<h3><span style=\"font-family: tahoma, arial, helvetica, sans-serif; font-size: 12pt;\">Resultados De Gran Precisi\u00f3n En Todas Las P\u00e1ginas &#8211; Dise\u00f1ados Para Que Funcionen Siempre Desde El Primer Momento<\/span><\/h3>\n<h3><strong><span class=\"Y2IQFc\" lang=\"es\">Sostenibilidad<\/span><\/strong><\/h3>\n<h3><span style=\"font-family: tahoma, arial, helvetica, sans-serif; font-size: 12pt;\">Reciclaje Gratuito Y Sencillo Para Cerrar El Ciclo &#8211; Reciclaje Gratuito Y Sencillo Para Reducir Residuos A Trav\u00e9s Del Programa De Reciclaje De Cartuchos De Tinta De Ciclo Cerrado De Hp<\/span><\/h3>\n<h3 class=\"text\"><span style=\"font-family: tahoma, arial, helvetica, sans-serif; font-size: 12pt;\">\u00a0<\/span><\/h3>\n<h3><strong><span class=\"Y2IQFc\" lang=\"es\">Calidad del Aire Interior<\/span><\/strong><\/h3>\n<h3><span style=\"font-family: tahoma, arial, helvetica, sans-serif; font-size: 12pt;\">Cumplen Con Los Criterios De Emisi\u00f3n De Las Etiquetas Ecol\u00f3gicas &#8211; Para Mantener La Calidad Del Aire Interior En El Que Vive Y Trabaja<\/span><\/h3>\n<h3><strong><span class=\"Y2IQFc\" lang=\"es\">Seguridad<\/span><\/strong><\/h3>\n<h3><span style=\"font-family: tahoma, arial, helvetica, sans-serif; font-size: 12pt;\">Dise\u00f1ados Para Obtener Una Mayor Seguridad &#8211; Para Proteger Su Impresora Y Sus Datos<\/span><\/h3>\n<h3><\/h3>\n<h3><\/h3>\n<div><\/div>\n<table style=\"border-collapse: collapse; width: 77.4451%; height: 1576px;\">\n<tbody>\n<tr style=\"height: 529px;\">\n<td style=\"width: 100%; text-align: center; height: 529px;\">\n<h3><span style=\"font-family: tahoma, arial, helvetica, sans-serif; font-size: 14pt; color: #ff0000;\">SUMINISTROS ORIGINALES HP : Toner &#8211; Tintas &#8211; Cabezales &#8211; Cintas<\/span><\/h3>\n<h3><strong><span style=\"color: #ff0000;\"><img loading=\"lazy\" decoding=\"async\" src=\"https:\/\/cableado-estructurado.com.co\/netcomp\/wp-content\/uploads\/2022\/07\/toner-hp-kit-Suministros-para-impresoras-tintas-cintas-tape-backup-colombia-sello-calidad.jpg\" width=\"320\" height=\"380\" \/><\/span><\/strong><\/h3>\n<p>&nbsp;<\/td>\n<\/tr>\n<tr style=\"height: 339px;\">\n<td style=\"width: 100%; text-align: center; height: 339px;\">\n<h3><strong><span style=\"color: #ff0000;\">\u00a0<\/span><\/strong><img loading=\"lazy\" decoding=\"async\" class=\"aligncenter\" src=\"https:\/\/cableado-estructurado.com.co\/netcomp\/wp-content\/uploads\/2022\/07\/toner-hp-kit-Suministros-para-impresoras-tintas-cintas-tape-backup-colombia-sello-origina.jpg\" width=\"388\" height=\"198\" \/><\/h3>\n<p>&nbsp;<\/td>\n<\/tr>\n<tr style=\"height: 373px;\">\n<td style=\"width: 100%; text-align: center; height: 373px;\">\n<h3><strong><span style=\"color: #ff0000;\">\u00a0<\/span><\/strong><img loading=\"lazy\" decoding=\"async\" class=\"aligncenter\" src=\"https:\/\/cableado-estructurado.com.co\/netcomp\/wp-content\/uploads\/2022\/07\/Cu_l_es_la_diferencia_entre_tinta_y_t_ner-e1658943885607.png\" width=\"399\" height=\"180\" \/><\/h3>\n<\/td>\n<\/tr>\n<\/tbody>\n<\/table>\n<p>&nbsp;<\/p>\n<p>&nbsp;<\/p>\n<h3 style=\"text-align: center;\"><strong><span style=\"font-family: tahoma, arial, helvetica, sans-serif; font-size: 14pt;\">Disponemos de una Amplia Gama de Dispositivos de Conectividad : Modulos HPE de Fibra Gbit &#8211; SFP &#8211; Tranceivers &#8211; Convertidores de Medios De Cobre a Fibra Optica <\/span><br \/>\n<\/strong><\/h3>\n<p>&nbsp;<\/p>\n<p style=\"text-align: center;\"><span style=\"color: #ff0000;\"><strong><span style=\"font-family: tahoma, arial, helvetica, sans-serif; font-size: 14pt;\">Para Precio y Disponibilidad Por Favor Cont\u00e1ctanos V\u00eda Email o WhatsApp<\/span><\/strong><\/span><\/p>\n<p style=\"text-align: center;\"><span style=\"color: #ff0000;\">___________________________________________________________________________________________________<\/span><\/p>\n<p>&nbsp;<\/p>\n<p>&nbsp;<\/p>\n<h3 style=\"text-align: center;\"><span style=\"font-family: tahoma, arial, helvetica, sans-serif; font-size: 14pt;\"><a title=\"Tienda - Precio y Venta Servidores HP\" href=\"https:\/\/netcomp.co\/es\/132-servidores-hp-lenovo-dell-partes\" target=\"_blank\" rel=\"noopener noreferrer\"><span style=\"font-size: 14pt;\">DISPONEMOS DE UNA<\/span><span style=\"font-size: 14pt;\"> AMPLIA GAMA DE SERVIDORES HP PROLIANT PARA <\/span><\/a><\/span><\/h3>\n<h3 style=\"text-align: center;\"><span style=\"font-family: tahoma, arial, helvetica, sans-serif; font-size: 14pt;\"><a title=\"Tienda - Precio y Venta Servidores HP\" href=\"https:\/\/netcomp.co\/es\/132-servidores-hp-lenovo-dell-partes\" target=\"_blank\" rel=\"noopener noreferrer\">VENTA \/ ARRENDAMIENTO \/ ALQUILER :<\/a><\/span><\/h3>\n<h3 style=\"text-align: center;\"><span style=\"font-size: 14pt;\"><a title=\"Tienda - Precio y Venta Servidores HP\" href=\"https:\/\/netcomp.co\/es\/132-servidores-hp-lenovo-dell-partes\" target=\"_blank\" rel=\"noopener noreferrer\"><span style=\"font-family: tahoma, arial, helvetica, sans-serif;\">ML350 \/ ML150 \/ DL320 \/ DL360 \/ DL380 <\/span><span style=\"font-family: tahoma, arial, helvetica, sans-serif;\">PARA COMPRAR CLICK<\/span><span style=\"font-family: tahoma, arial, helvetica, sans-serif;\"> AQU<\/span><span style=\"font-family: tahoma, arial, helvetica, sans-serif;\">I!<\/span><\/a><\/span><\/h3>\n<h2 style=\"text-align: center;\"><strong><a href=\"https:\/\/api.whatsapp.com\/send?phone=573168788749\" target=\"_blank\" rel=\"noopener noreferrer\"><img loading=\"lazy\" decoding=\"async\" class=\"wp-image-20467 aligncenter\" src=\"https:\/\/cableado-estructurado.com.co\/netcomp\/wp-content\/uploads\/2018\/07\/whatsapp-logo-mensaje.jpg\" alt=\"\" width=\"290\" height=\"220\" \/><\/a><\/strong><\/h2>\n<h2 style=\"text-align: center;\"><img loading=\"lazy\" decoding=\"async\" class=\"wp-image-21775 aligncenter\" src=\"https:\/\/cableado-estructurado.com.co\/netcomp\/wp-content\/uploads\/2013\/05\/boton-cableado-estructurado-e1658613033739.png\" alt=\"\" width=\"495\" height=\"153\" \/><\/h2>\n<p style=\"text-align: center;\">\n","protected":false},"excerpt":{"rendered":"<p>Suministros HP Tintas &#8211; Toners Para Impresoras HP en Bogota Colombia CF361X<\/p>\n","protected":false},"featured_media":55939,"comment_status":"closed","ping_status":"open","template":"","meta":{"_et_pb_use_builder":"","_et_pb_old_content":"","_et_gb_content_width":""},"product_brand":[],"product_cat":[50475],"product_tag":[50869,589,50476,50477],"class_list":{"0":"post-56331","1":"product","2":"type-product","3":"status-publish","4":"has-post-thumbnail","6":"product_cat-toner-y-tintas-hp","7":"product_tag-cf361x","8":"product_tag-hp","9":"product_tag-suministros-hp","10":"product_tag-tintas-toners-para-impresoras-hp-en-bogota-colombia","12":"first","13":"instock","14":"product-type-simple"},"yoast_head":"<!-- This site is optimized with the Yoast SEO plugin v27.3 - https:\/\/yoast.com\/product\/yoast-seo-wordpress\/ -->\n<title>Suministros HP HP Tintas - Toners Para Impresoras HP en Bogota Colombia CF361X<\/title>\n<meta name=\"description\" content=\"Suministros HP HP CF361X HP 508X T\u00a2ner Cyan M553dn\/M577dn 9.500 p\u00a0g. Tintas - Toners Para Impresoras HP en Bogota Colombia - Bogota - Colombia - cableado-estructurado.com.co\" \/>\n<meta name=\"robots\" content=\"index, follow, max-snippet:-1, max-image-preview:large, max-video-preview:-1\" \/>\n<link rel=\"canonical\" href=\"https:\/\/cableado-estructurado.com.co\/netcomp\/producto\/tintas-toners-para-impresoras-hp-en-bogota-colombia-hp-suministros-hp-cf361x\/\" \/>\n<meta property=\"og:locale\" content=\"es_ES\" \/>\n<meta property=\"og:type\" content=\"article\" \/>\n<meta property=\"og:title\" content=\"Suministros HP HP Tintas - Toners Para Impresoras HP en Bogota Colombia CF361X - Bogota - Colombia\" \/>\n<meta property=\"og:description\" content=\"HP 508X T\u00a2ner Cyan M553dn\/M577dn 9.500 p\u00a0g. HPE CF361X - Bogota - Colombia - cableado-estructurado.com.co\" \/>\n<meta property=\"og:url\" content=\"https:\/\/cableado-estructurado.com.co\/netcomp\/producto\/tintas-toners-para-impresoras-hp-en-bogota-colombia-hp-suministros-hp-cf361x\/\" \/>\n<meta property=\"og:site_name\" content=\"Cableado Estructurado Colombia\" \/>\n<meta property=\"article:publisher\" content=\"https:\/\/www.facebook.com\/Soluciones-Tecnologicas-MCC-SAS-100746298259981\" \/>\n<meta property=\"article:modified_time\" content=\"2022-07-27T18:03:54+00:00\" \/>\n<meta property=\"og:image\" content=\"https:\/\/cableado-estructurado.com.co\/netcomp\/wp-content\/uploads\/2020\/03\/hpe-logo-e1589689745625.jpg\" \/>\n<meta name=\"twitter:card\" content=\"summary_large_image\" \/>\n<meta name=\"twitter:title\" content=\"Suministros HP HP Tintas - Toners Para Impresoras HP en Bogota Colombia CF361X\" \/>\n<meta name=\"twitter:description\" content=\"Suministros HP HP CF361X HP 508X T\u00a2ner Cyan M553dn\/M577dn 9.500 p\u00a0g. Tintas - Toners Para Impresoras HP en Bogota Colombia - Bogota - Colombia - cableado-estructurado.com.co\" \/>\n<meta name=\"twitter:image\" content=\"https:\/\/cableado-estructurado.com.co\/netcomp\/wp-content\/uploads\/2022\/07\/toner-hp-kit-Suministros-para-impresoras-tintas-cintas-tape-backup-colombia-1.jpg\" \/>\n<meta name=\"twitter:label1\" content=\"Tiempo de lectura\" \/>\n\t<meta name=\"twitter:data1\" content=\"1 minuto\" \/>\n<script type=\"application\/ld+json\" class=\"yoast-schema-graph\">{\"@context\":\"https:\\\/\\\/schema.org\",\"@graph\":[{\"@type\":\"WebPage\",\"@id\":\"https:\\\/\\\/cableado-estructurado.com.co\\\/netcomp\\\/producto\\\/tintas-toners-para-impresoras-hp-en-bogota-colombia-hp-suministros-hp-cf361x\\\/\",\"url\":\"https:\\\/\\\/cableado-estructurado.com.co\\\/netcomp\\\/producto\\\/tintas-toners-para-impresoras-hp-en-bogota-colombia-hp-suministros-hp-cf361x\\\/\",\"name\":\"Suministros HP HP Tintas - Toners Para Impresoras HP en Bogota Colombia CF361X\",\"isPartOf\":{\"@id\":\"https:\\\/\\\/cableado-estructurado.com.co\\\/netcomp\\\/#website\"},\"primaryImageOfPage\":{\"@id\":\"https:\\\/\\\/cableado-estructurado.com.co\\\/netcomp\\\/producto\\\/tintas-toners-para-impresoras-hp-en-bogota-colombia-hp-suministros-hp-cf361x\\\/#primaryimage\"},\"image\":{\"@id\":\"https:\\\/\\\/cableado-estructurado.com.co\\\/netcomp\\\/producto\\\/tintas-toners-para-impresoras-hp-en-bogota-colombia-hp-suministros-hp-cf361x\\\/#primaryimage\"},\"thumbnailUrl\":\"https:\\\/\\\/cableado-estructurado.com.co\\\/netcomp\\\/wp-content\\\/uploads\\\/2022\\\/07\\\/Cu_l_es_la_diferencia_entre_tinta_y_t_ner-e1658943885607-1.png\",\"datePublished\":\"2022-07-27T18:03:51+00:00\",\"dateModified\":\"2022-07-27T18:03:54+00:00\",\"description\":\"Suministros HP HP CF361X HP 508X T\u00a2ner Cyan M553dn\\\/M577dn 9.500 p\u00a0g. Tintas - Toners Para Impresoras HP en Bogota Colombia - Bogota - Colombia - cableado-estructurado.com.co\",\"breadcrumb\":{\"@id\":\"https:\\\/\\\/cableado-estructurado.com.co\\\/netcomp\\\/producto\\\/tintas-toners-para-impresoras-hp-en-bogota-colombia-hp-suministros-hp-cf361x\\\/#breadcrumb\"},\"inLanguage\":\"es\",\"potentialAction\":[{\"@type\":\"ReadAction\",\"target\":[\"https:\\\/\\\/cableado-estructurado.com.co\\\/netcomp\\\/producto\\\/tintas-toners-para-impresoras-hp-en-bogota-colombia-hp-suministros-hp-cf361x\\\/\"]}]},{\"@type\":\"ImageObject\",\"inLanguage\":\"es\",\"@id\":\"https:\\\/\\\/cableado-estructurado.com.co\\\/netcomp\\\/producto\\\/tintas-toners-para-impresoras-hp-en-bogota-colombia-hp-suministros-hp-cf361x\\\/#primaryimage\",\"url\":\"https:\\\/\\\/cableado-estructurado.com.co\\\/netcomp\\\/wp-content\\\/uploads\\\/2022\\\/07\\\/Cu_l_es_la_diferencia_entre_tinta_y_t_ner-e1658943885607-1.png\",\"contentUrl\":\"https:\\\/\\\/cableado-estructurado.com.co\\\/netcomp\\\/wp-content\\\/uploads\\\/2022\\\/07\\\/Cu_l_es_la_diferencia_entre_tinta_y_t_ner-e1658943885607-1.png\",\"width\":450,\"height\":203,\"caption\":\"HP 3JA50AL\"},{\"@type\":\"BreadcrumbList\",\"@id\":\"https:\\\/\\\/cableado-estructurado.com.co\\\/netcomp\\\/producto\\\/tintas-toners-para-impresoras-hp-en-bogota-colombia-hp-suministros-hp-cf361x\\\/#breadcrumb\",\"itemListElement\":[{\"@type\":\"ListItem\",\"position\":1,\"name\":\"Portada\",\"item\":\"https:\\\/\\\/cableado-estructurado.com.co\\\/netcomp\\\/\"},{\"@type\":\"ListItem\",\"position\":2,\"name\":\"Tienda\",\"item\":\"https:\\\/\\\/cableado-estructurado.com.co\\\/netcomp\\\/camaras-cableado-accesorios\\\/\"},{\"@type\":\"ListItem\",\"position\":3,\"name\":\"Tintas &#8211; Toners Para Impresoras HP en Bogota Colombia HP Suministros HP CF361X\"}]},{\"@type\":\"WebSite\",\"@id\":\"https:\\\/\\\/cableado-estructurado.com.co\\\/netcomp\\\/#website\",\"url\":\"https:\\\/\\\/cableado-estructurado.com.co\\\/netcomp\\\/\",\"name\":\"Cableado Estructurado Colombia\",\"description\":\"Telefonos:  (+57) 316 878 8749\",\"publisher\":{\"@id\":\"https:\\\/\\\/cableado-estructurado.com.co\\\/netcomp\\\/#organization\"},\"potentialAction\":[{\"@type\":\"SearchAction\",\"target\":{\"@type\":\"EntryPoint\",\"urlTemplate\":\"https:\\\/\\\/cableado-estructurado.com.co\\\/netcomp\\\/?s={search_term_string}\"},\"query-input\":{\"@type\":\"PropertyValueSpecification\",\"valueRequired\":true,\"valueName\":\"search_term_string\"}}],\"inLanguage\":\"es\"},{\"@type\":\"Organization\",\"@id\":\"https:\\\/\\\/cableado-estructurado.com.co\\\/netcomp\\\/#organization\",\"name\":\"Soluciones Tecnologicas MCC SAS\",\"alternateName\":\"MCC\",\"url\":\"https:\\\/\\\/cableado-estructurado.com.co\\\/netcomp\\\/\",\"logo\":{\"@type\":\"ImageObject\",\"inLanguage\":\"es\",\"@id\":\"https:\\\/\\\/cableado-estructurado.com.co\\\/netcomp\\\/#\\\/schema\\\/logo\\\/image\\\/\",\"url\":\"https:\\\/\\\/cableado-estructurado.com.co\\\/netcomp\\\/wp-content\\\/uploads\\\/2023\\\/04\\\/logos-soluciones-1-1.png\",\"contentUrl\":\"https:\\\/\\\/cableado-estructurado.com.co\\\/netcomp\\\/wp-content\\\/uploads\\\/2023\\\/04\\\/logos-soluciones-1-1.png\",\"width\":479,\"height\":100,\"caption\":\"Soluciones Tecnologicas MCC SAS\"},\"image\":{\"@id\":\"https:\\\/\\\/cableado-estructurado.com.co\\\/netcomp\\\/#\\\/schema\\\/logo\\\/image\\\/\"},\"sameAs\":[\"https:\\\/\\\/www.facebook.com\\\/Soluciones-Tecnologicas-MCC-SAS-100746298259981\",\"https:\\\/\\\/www.instagram.com\\\/solucionesmccsas\\\/?hl=es\",\"http:\\\/\\\/www.linkedin.com\\\/in\\\/mauricio-calderon-a78b5a15\"]}]}<\/script>\n<!-- \/ Yoast SEO plugin. -->","yoast_head_json":{"title":"Suministros HP HP Tintas - Toners Para Impresoras HP en Bogota Colombia CF361X","description":"Suministros HP HP CF361X HP 508X T\u00a2ner Cyan M553dn\/M577dn 9.500 p\u00a0g. Tintas - Toners Para Impresoras HP en Bogota Colombia - Bogota - Colombia - cableado-estructurado.com.co","robots":{"index":"index","follow":"follow","max-snippet":"max-snippet:-1","max-image-preview":"max-image-preview:large","max-video-preview":"max-video-preview:-1"},"canonical":"https:\/\/cableado-estructurado.com.co\/netcomp\/producto\/tintas-toners-para-impresoras-hp-en-bogota-colombia-hp-suministros-hp-cf361x\/","og_locale":"es_ES","og_type":"article","og_title":"Suministros HP HP Tintas - Toners Para Impresoras HP en Bogota Colombia CF361X - Bogota - Colombia","og_description":"HP 508X T\u00a2ner Cyan M553dn\/M577dn 9.500 p\u00a0g. HPE CF361X - Bogota - Colombia - cableado-estructurado.com.co","og_url":"https:\/\/cableado-estructurado.com.co\/netcomp\/producto\/tintas-toners-para-impresoras-hp-en-bogota-colombia-hp-suministros-hp-cf361x\/","og_site_name":"Cableado Estructurado Colombia","article_publisher":"https:\/\/www.facebook.com\/Soluciones-Tecnologicas-MCC-SAS-100746298259981","article_modified_time":"2022-07-27T18:03:54+00:00","og_image":[{"url":"https:\/\/cableado-estructurado.com.co\/netcomp\/wp-content\/uploads\/2020\/03\/hpe-logo-e1589689745625.jpg","type":"","width":"","height":""}],"twitter_card":"summary_large_image","twitter_title":"Suministros HP HP Tintas - Toners Para Impresoras HP en Bogota Colombia CF361X","twitter_description":"Suministros HP HP CF361X HP 508X T\u00a2ner Cyan M553dn\/M577dn 9.500 p\u00a0g. Tintas - Toners Para Impresoras HP en Bogota Colombia - Bogota - Colombia - cableado-estructurado.com.co","twitter_image":"https:\/\/cableado-estructurado.com.co\/netcomp\/wp-content\/uploads\/2022\/07\/toner-hp-kit-Suministros-para-impresoras-tintas-cintas-tape-backup-colombia-1.jpg","twitter_misc":{"Tiempo de lectura":"1 minuto"},"schema":{"@context":"https:\/\/schema.org","@graph":[{"@type":"WebPage","@id":"https:\/\/cableado-estructurado.com.co\/netcomp\/producto\/tintas-toners-para-impresoras-hp-en-bogota-colombia-hp-suministros-hp-cf361x\/","url":"https:\/\/cableado-estructurado.com.co\/netcomp\/producto\/tintas-toners-para-impresoras-hp-en-bogota-colombia-hp-suministros-hp-cf361x\/","name":"Suministros HP HP Tintas - Toners Para Impresoras HP en Bogota Colombia CF361X","isPartOf":{"@id":"https:\/\/cableado-estructurado.com.co\/netcomp\/#website"},"primaryImageOfPage":{"@id":"https:\/\/cableado-estructurado.com.co\/netcomp\/producto\/tintas-toners-para-impresoras-hp-en-bogota-colombia-hp-suministros-hp-cf361x\/#primaryimage"},"image":{"@id":"https:\/\/cableado-estructurado.com.co\/netcomp\/producto\/tintas-toners-para-impresoras-hp-en-bogota-colombia-hp-suministros-hp-cf361x\/#primaryimage"},"thumbnailUrl":"https:\/\/cableado-estructurado.com.co\/netcomp\/wp-content\/uploads\/2022\/07\/Cu_l_es_la_diferencia_entre_tinta_y_t_ner-e1658943885607-1.png","datePublished":"2022-07-27T18:03:51+00:00","dateModified":"2022-07-27T18:03:54+00:00","description":"Suministros HP HP CF361X HP 508X T\u00a2ner Cyan M553dn\/M577dn 9.500 p\u00a0g. Tintas - Toners Para Impresoras HP en Bogota Colombia - Bogota - Colombia - cableado-estructurado.com.co","breadcrumb":{"@id":"https:\/\/cableado-estructurado.com.co\/netcomp\/producto\/tintas-toners-para-impresoras-hp-en-bogota-colombia-hp-suministros-hp-cf361x\/#breadcrumb"},"inLanguage":"es","potentialAction":[{"@type":"ReadAction","target":["https:\/\/cableado-estructurado.com.co\/netcomp\/producto\/tintas-toners-para-impresoras-hp-en-bogota-colombia-hp-suministros-hp-cf361x\/"]}]},{"@type":"ImageObject","inLanguage":"es","@id":"https:\/\/cableado-estructurado.com.co\/netcomp\/producto\/tintas-toners-para-impresoras-hp-en-bogota-colombia-hp-suministros-hp-cf361x\/#primaryimage","url":"https:\/\/cableado-estructurado.com.co\/netcomp\/wp-content\/uploads\/2022\/07\/Cu_l_es_la_diferencia_entre_tinta_y_t_ner-e1658943885607-1.png","contentUrl":"https:\/\/cableado-estructurado.com.co\/netcomp\/wp-content\/uploads\/2022\/07\/Cu_l_es_la_diferencia_entre_tinta_y_t_ner-e1658943885607-1.png","width":450,"height":203,"caption":"HP 3JA50AL"},{"@type":"BreadcrumbList","@id":"https:\/\/cableado-estructurado.com.co\/netcomp\/producto\/tintas-toners-para-impresoras-hp-en-bogota-colombia-hp-suministros-hp-cf361x\/#breadcrumb","itemListElement":[{"@type":"ListItem","position":1,"name":"Portada","item":"https:\/\/cableado-estructurado.com.co\/netcomp\/"},{"@type":"ListItem","position":2,"name":"Tienda","item":"https:\/\/cableado-estructurado.com.co\/netcomp\/camaras-cableado-accesorios\/"},{"@type":"ListItem","position":3,"name":"Tintas &#8211; Toners Para Impresoras HP en Bogota Colombia HP Suministros HP CF361X"}]},{"@type":"WebSite","@id":"https:\/\/cableado-estructurado.com.co\/netcomp\/#website","url":"https:\/\/cableado-estructurado.com.co\/netcomp\/","name":"Cableado Estructurado Colombia","description":"Telefonos:  (+57) 316 878 8749","publisher":{"@id":"https:\/\/cableado-estructurado.com.co\/netcomp\/#organization"},"potentialAction":[{"@type":"SearchAction","target":{"@type":"EntryPoint","urlTemplate":"https:\/\/cableado-estructurado.com.co\/netcomp\/?s={search_term_string}"},"query-input":{"@type":"PropertyValueSpecification","valueRequired":true,"valueName":"search_term_string"}}],"inLanguage":"es"},{"@type":"Organization","@id":"https:\/\/cableado-estructurado.com.co\/netcomp\/#organization","name":"Soluciones Tecnologicas MCC SAS","alternateName":"MCC","url":"https:\/\/cableado-estructurado.com.co\/netcomp\/","logo":{"@type":"ImageObject","inLanguage":"es","@id":"https:\/\/cableado-estructurado.com.co\/netcomp\/#\/schema\/logo\/image\/","url":"https:\/\/cableado-estructurado.com.co\/netcomp\/wp-content\/uploads\/2023\/04\/logos-soluciones-1-1.png","contentUrl":"https:\/\/cableado-estructurado.com.co\/netcomp\/wp-content\/uploads\/2023\/04\/logos-soluciones-1-1.png","width":479,"height":100,"caption":"Soluciones Tecnologicas MCC SAS"},"image":{"@id":"https:\/\/cableado-estructurado.com.co\/netcomp\/#\/schema\/logo\/image\/"},"sameAs":["https:\/\/www.facebook.com\/Soluciones-Tecnologicas-MCC-SAS-100746298259981","https:\/\/www.instagram.com\/solucionesmccsas\/?hl=es","http:\/\/www.linkedin.com\/in\/mauricio-calderon-a78b5a15"]}]}},"jetpack_sharing_enabled":true,"_links":{"self":[{"href":"https:\/\/cableado-estructurado.com.co\/netcomp\/wp-json\/wp\/v2\/product\/56331","targetHints":{"allow":["GET"]}}],"collection":[{"href":"https:\/\/cableado-estructurado.com.co\/netcomp\/wp-json\/wp\/v2\/product"}],"about":[{"href":"https:\/\/cableado-estructurado.com.co\/netcomp\/wp-json\/wp\/v2\/types\/product"}],"replies":[{"embeddable":true,"href":"https:\/\/cableado-estructurado.com.co\/netcomp\/wp-json\/wp\/v2\/comments?post=56331"}],"wp:featuredmedia":[{"embeddable":true,"href":"https:\/\/cableado-estructurado.com.co\/netcomp\/wp-json\/wp\/v2\/media\/55939"}],"wp:attachment":[{"href":"https:\/\/cableado-estructurado.com.co\/netcomp\/wp-json\/wp\/v2\/media?parent=56331"}],"wp:term":[{"taxonomy":"product_brand","embeddable":true,"href":"https:\/\/cableado-estructurado.com.co\/netcomp\/wp-json\/wp\/v2\/product_brand?post=56331"},{"taxonomy":"product_cat","embeddable":true,"href":"https:\/\/cableado-estructurado.com.co\/netcomp\/wp-json\/wp\/v2\/product_cat?post=56331"},{"taxonomy":"product_tag","embeddable":true,"href":"https:\/\/cableado-estructurado.com.co\/netcomp\/wp-json\/wp\/v2\/product_tag?post=56331"}],"curies":[{"name":"wp","href":"https:\/\/api.w.org\/{rel}","templated":true}]}}