{"id":56460,"date":"2022-07-27T13:07:56","date_gmt":"2022-07-27T18:07:56","guid":{"rendered":"https:\/\/cableado-estructurado.com.co\/netcomp\/producto\/tintas-toners-para-impresoras-hp-en-bogota-colombia-hp-suministros-hp-cn624am\/"},"modified":"2025-03-28T17:33:56","modified_gmt":"2025-03-28T22:33:56","slug":"tintas-toners-para-impresoras-hp-en-bogota-colombia-hp-suministros-hp-cn624am","status":"publish","type":"product","link":"https:\/\/cableado-estructurado.com.co\/netcomp\/producto\/tintas-toners-para-impresoras-hp-en-bogota-colombia-hp-suministros-hp-cn624am\/","title":{"rendered":"HP CN624AM &#8211; Toners Para Impresoras HP en Bogota Colombia HP Suministros"},"content":{"rendered":"<p class=\"\" data-start=\"216\" data-end=\"622\">El <strong data-start=\"219\" data-end=\"260\">cartucho de tinta HP CN624AM amarillo<\/strong> ha sido dise\u00f1ado para ofrecer un rendimiento confiable y resultados n\u00edtidos y brillantes desde la primera hasta la \u00faltima p\u00e1gina. Este cartucho forma parte de la serie de tintas HP 971 y es compatible con una amplia variedad de impresoras profesionales, incluyendo la <strong data-start=\"529\" data-end=\"621\">HP OfficeJet Pro X476dw Multifuncional, X451dw, HP 7100A ePrinter y HP 7610 e-All-in-One<\/strong>.<\/p>\n<p class=\"\" data-start=\"624\" data-end=\"847\">Con una capacidad de impresi\u00f3n de hasta <strong data-start=\"664\" data-end=\"681\">2,500 p\u00e1ginas<\/strong>, este cartucho es ideal para oficinas y peque\u00f1as empresas que requieren documentos a color con excelente resoluci\u00f3n, sin comprometer la eficiencia ni el presupuesto.<\/p>\n<hr class=\"\" data-start=\"849\" data-end=\"852\" \/>\n<h3 class=\"\" data-start=\"854\" data-end=\"920\"><strong data-start=\"858\" data-end=\"920\">Especificaciones T\u00e9cnicas del Cartucho HP CN624AM Amarillo<\/strong><\/h3>\n<ul data-start=\"922\" data-end=\"1323\">\n<li class=\"\" data-start=\"922\" data-end=\"945\">\n<p class=\"\" data-start=\"924\" data-end=\"945\"><strong data-start=\"924\" data-end=\"934\">Modelo<\/strong>: CN624AM<\/p>\n<\/li>\n<li class=\"\" data-start=\"946\" data-end=\"977\">\n<p class=\"\" data-start=\"948\" data-end=\"977\"><strong data-start=\"948\" data-end=\"956\">Tipo<\/strong>: Tinta original HP<\/p>\n<\/li>\n<li class=\"\" data-start=\"978\" data-end=\"1001\">\n<p class=\"\" data-start=\"980\" data-end=\"1001\"><strong data-start=\"980\" data-end=\"989\">Color<\/strong>: Amarillo<\/p>\n<\/li>\n<li class=\"\" data-start=\"1002\" data-end=\"1079\">\n<p class=\"\" data-start=\"1004\" data-end=\"1079\"><strong data-start=\"1004\" data-end=\"1028\">Rendimiento estimado<\/strong>: Hasta 2,500 p\u00e1ginas (seg\u00fan norma ISO\/IEC 24711)<\/p>\n<\/li>\n<li class=\"\" data-start=\"1080\" data-end=\"1142\">\n<p class=\"\" data-start=\"1082\" data-end=\"1142\"><strong data-start=\"1082\" data-end=\"1109\">Tecnolog\u00eda de impresi\u00f3n<\/strong>: Inyecci\u00f3n t\u00e9rmica de tinta HP<\/p>\n<\/li>\n<li class=\"\" data-start=\"1143\" data-end=\"1323\">\n<p class=\"\" data-start=\"1145\" data-end=\"1177\"><strong data-start=\"1145\" data-end=\"1174\">Compatible con impresoras<\/strong>:<\/p>\n<ul data-start=\"1180\" data-end=\"1323\">\n<li class=\"\" data-start=\"1180\" data-end=\"1222\">\n<p class=\"\" data-start=\"1182\" data-end=\"1222\">HP OfficeJet Pro X476dw Multifuncional<\/p>\n<\/li>\n<li class=\"\" data-start=\"1225\" data-end=\"1252\">\n<p class=\"\" data-start=\"1227\" data-end=\"1252\">HP OfficeJet Pro X451dw<\/p>\n<\/li>\n<li class=\"\" data-start=\"1255\" data-end=\"1286\">\n<p class=\"\" data-start=\"1257\" data-end=\"1286\">HP OfficeJet 7100A ePrinter<\/p>\n<\/li>\n<li class=\"\" data-start=\"1289\" data-end=\"1323\">\n<p class=\"\" data-start=\"1291\" data-end=\"1323\">HP OfficeJet 7610 e-All-in-One<\/p>\n<\/li>\n<\/ul>\n<\/li>\n<\/ul>\n<hr class=\"\" data-start=\"1325\" data-end=\"1328\" \/>\n<h3 class=\"\" data-start=\"1330\" data-end=\"1385\"><strong data-start=\"1334\" data-end=\"1385\">Calidad de Impresi\u00f3n y Resultados Profesionales<\/strong><\/h3>\n<p class=\"\" data-start=\"1387\" data-end=\"1710\">Gracias a su <strong data-start=\"1400\" data-end=\"1444\">tecnolog\u00eda de inyecci\u00f3n t\u00e9rmica de tinta<\/strong>, el cartucho HP CN624AM ofrece <strong data-start=\"1476\" data-end=\"1515\">colores intensos y textos definidos<\/strong>. Su formulaci\u00f3n espec\u00edfica permite que las tintas se sequen r\u00e1pidamente y resistan manchas, facilitando as\u00ed una impresi\u00f3n limpia y profesional en documentos, gr\u00e1ficos, presentaciones o informes.<\/p>\n<p class=\"\" data-start=\"1712\" data-end=\"1883\">Cada cartucho ha sido optimizado para funcionar perfectamente con las impresoras HP compatibles, garantizando <strong data-start=\"1822\" data-end=\"1882\">uniformidad en el color y nitidez en cada p\u00e1gina impresa<\/strong>.<\/p>\n<hr class=\"\" data-start=\"1885\" data-end=\"1888\" \/>\n<h3 class=\"\" data-start=\"1890\" data-end=\"1938\"><strong data-start=\"1894\" data-end=\"1938\">Alto Rendimiento y Bajo Costo por P\u00e1gina<\/strong><\/h3>\n<p class=\"\" data-start=\"1940\" data-end=\"2265\">Con un rendimiento de hasta <strong data-start=\"1968\" data-end=\"1985\">2,500 p\u00e1ginas<\/strong>, el cartucho amarillo HP 971 permite imprimir vol\u00famenes altos sin necesidad de reemplazo constante. Esto se traduce en una <strong data-start=\"2109\" data-end=\"2139\">mayor eficiencia operativa<\/strong> y una <strong data-start=\"2146\" data-end=\"2196\">reducci\u00f3n significativa en el costo por p\u00e1gina<\/strong>, especialmente en entornos de oficina con alta demanda de impresi\u00f3n.<\/p>\n<hr class=\"\" data-start=\"2267\" data-end=\"2270\" \/>\n<h3 class=\"\" data-start=\"2272\" data-end=\"2321\"><strong data-start=\"2276\" data-end=\"2321\">Compromiso Ambiental y Reciclaje Gratuito<\/strong><\/h3>\n<p class=\"\" data-start=\"2323\" data-end=\"2642\">HP promueve la sostenibilidad a trav\u00e9s de su programa <strong data-start=\"2377\" data-end=\"2399\">HP Planet Partners<\/strong>, el cual permite a los usuarios <strong data-start=\"2432\" data-end=\"2485\">reciclar los cartuchos usados sin costo adicional<\/strong>. Los cartuchos devueltos se procesan de forma responsable para minimizar su impacto ambiental y reutilizar materiales en la fabricaci\u00f3n de nuevos productos.<\/p>\n<p class=\"\" data-start=\"2644\" data-end=\"2852\">Adem\u00e1s, el HP CN624AM cumple con estrictos <strong data-start=\"2687\" data-end=\"2721\">criterios de emisi\u00f3n ecol\u00f3gica<\/strong>, ayudando a mantener la calidad del aire en espacios cerrados como oficinas, algo esencial para el bienestar de los colaboradores.<\/p>\n<hr class=\"\" data-start=\"2854\" data-end=\"2857\" \/>\n<h3 class=\"\" data-start=\"2859\" data-end=\"2914\"><strong data-start=\"2863\" data-end=\"2914\">M\u00e1xima Seguridad para su Impresora y Documentos<\/strong><\/h3>\n<p class=\"\" data-start=\"2916\" data-end=\"3220\">Los <strong data-start=\"2920\" data-end=\"2947\">cartuchos originales HP<\/strong>, como el CN624AM, est\u00e1n dise\u00f1ados para proteger la integridad de las impresoras HP. Evitan da\u00f1os comunes asociados con cartuchos gen\u00e9ricos, como derrames, atascos y fallos de compatibilidad. Usar consumibles HP es sin\u00f3nimo de <strong data-start=\"3174\" data-end=\"3219\">seguridad, fiabilidad y calidad constante<\/strong>.<\/p>\n<hr class=\"\" data-start=\"3222\" data-end=\"3225\" \/>\n<h3 class=\"\" data-start=\"3227\" data-end=\"3282\"><strong data-start=\"3231\" data-end=\"3282\">Ventajas Clave del Cartucho HP CN624AM Amarillo<\/strong><\/h3>\n<p class=\"\" data-start=\"3284\" data-end=\"3731\">\u2714 Impresiones de calidad profesional con colores vibrantes<br data-start=\"3342\" data-end=\"3345\" \/>\u2714 Rendimiento de hasta 2,500 p\u00e1ginas para mayor productividad<br data-start=\"3406\" data-end=\"3409\" \/>\u2714 Compatibilidad perfecta con impresoras HP OfficeJet Pro X<br data-start=\"3468\" data-end=\"3471\" \/>\u2714 Tinta de secado r\u00e1pido, resistente a manchas y decoloraci\u00f3n<br data-start=\"3532\" data-end=\"3535\" \/>\u2714 Reciclaje gratuito a trav\u00e9s de HP Planet Partners<br data-start=\"3586\" data-end=\"3589\" \/>\u2714 Cumple con normativas de emisiones ecol\u00f3gicas<br data-start=\"3636\" data-end=\"3639\" \/>\u2714 Protecci\u00f3n de los componentes internos de la impresora<br data-start=\"3695\" data-end=\"3698\" \/>\u2714 F\u00e1cil instalaci\u00f3n y reemplazo<\/p>\n<hr class=\"\" data-start=\"3733\" data-end=\"3736\" \/>\n<h3 class=\"\" data-start=\"3738\" data-end=\"3787\"><strong data-start=\"3742\" data-end=\"3787\">Otros Suministros y Servicios Disponibles<\/strong><\/h3>\n<p class=\"\" data-start=\"3789\" data-end=\"3878\">Adem\u00e1s de cartuchos de tinta, disponemos de una amplia gama de productos y soluciones HP:<\/p>\n<ul data-start=\"3880\" data-end=\"4064\">\n<li class=\"\" data-start=\"3880\" data-end=\"3901\">\n<p class=\"\" data-start=\"3882\" data-end=\"3901\">T\u00f3ner HP original<\/p>\n<\/li>\n<li class=\"\" data-start=\"3902\" data-end=\"3928\">\n<p class=\"\" data-start=\"3904\" data-end=\"3928\">Cabezales de impresi\u00f3n<\/p>\n<\/li>\n<li class=\"\" data-start=\"3929\" data-end=\"3965\">\n<p class=\"\" data-start=\"3931\" data-end=\"3965\">Cintas de respaldo (Tape Backup)<\/p>\n<\/li>\n<li class=\"\" data-start=\"3966\" data-end=\"4064\">\n<p class=\"\" data-start=\"3968\" data-end=\"4064\">Dispositivos de conectividad: m\u00f3dulos HPE de fibra, SFP, transceivers, convertidores de medios<\/p>\n<\/li>\n<\/ul>\n","protected":false},"excerpt":{"rendered":"<p>Tinta original HP 971, color amarillo, para impresoras OfficeJet Pro X476dw, X451dw, 7100A y 7610. Rendimiento aproximado de 2,500 p\u00e1ginas. Alta calidad, colores vibrantes, reciclaje gratuito.<\/p>\n","protected":false},"featured_media":57947,"comment_status":"closed","ping_status":"closed","template":"","meta":{"_et_pb_use_builder":"","_et_pb_old_content":"","_et_gb_content_width":""},"product_brand":[],"product_cat":[50475],"product_tag":[50997,589,50476,50477],"class_list":{"0":"post-56460","1":"product","2":"type-product","3":"status-publish","4":"has-post-thumbnail","6":"product_cat-toner-y-tintas-hp","7":"product_tag-cn624am","8":"product_tag-hp","9":"product_tag-suministros-hp","10":"product_tag-tintas-toners-para-impresoras-hp-en-bogota-colombia","12":"first","13":"instock","14":"product-type-simple"},"yoast_head":"<!-- This site is optimized with the Yoast SEO plugin v27.5 - https:\/\/yoast.com\/product\/yoast-seo-wordpress\/ -->\n<title>Suministros HP HP Tintas - Toners Para Impresoras HP en Bogota Colombia CN624AM<\/title>\n<meta name=\"description\" content=\"Suministros HP HP CN624AM CN624AM Tinta 971 Yellow HP. Rendimiento 2500 PAG. Para impresoras HPOfficejet Pro X476 dw Multifuncional \/X451 dw \/ 7100A ePrinter \/ 7610 e-AiO Tintas - Toners Para Impresoras HP en Bogota Colombia - Bogota - Colombia - cableado-estructurado.com.co\" \/>\n<meta name=\"robots\" content=\"index, follow, max-snippet:-1, max-image-preview:large, max-video-preview:-1\" \/>\n<link rel=\"canonical\" href=\"https:\/\/cableado-estructurado.com.co\/netcomp\/producto\/tintas-toners-para-impresoras-hp-en-bogota-colombia-hp-suministros-hp-cn624am\/\" \/>\n<meta property=\"og:locale\" content=\"es_ES\" \/>\n<meta property=\"og:type\" content=\"article\" \/>\n<meta property=\"og:title\" content=\"Suministros HP HP Tintas - Toners Para Impresoras HP en Bogota Colombia CN624AM - Bogota - Colombia\" \/>\n<meta property=\"og:description\" content=\"CN624AM Tinta 971 Yellow HP. Rendimiento 2500 PAG. Para impresoras HPOfficejet Pro X476 dw Multifuncional \/X451 dw \/ 7100A ePrinter \/ 7610 e-AiO HPE CN624AM - Bogota - Colombia - cableado-estructurado.com.co\" \/>\n<meta property=\"og:url\" content=\"https:\/\/cableado-estructurado.com.co\/netcomp\/producto\/tintas-toners-para-impresoras-hp-en-bogota-colombia-hp-suministros-hp-cn624am\/\" \/>\n<meta property=\"og:site_name\" content=\"Cableado Estructurado Colombia\" \/>\n<meta property=\"article:publisher\" content=\"https:\/\/www.facebook.com\/Soluciones-Tecnologicas-MCC-SAS-100746298259981\" \/>\n<meta property=\"article:modified_time\" content=\"2025-03-28T22:33:56+00:00\" \/>\n<meta property=\"og:image\" content=\"https:\/\/cableado-estructurado.com.co\/netcomp\/wp-content\/uploads\/2020\/03\/hpe-logo-e1589689745625.jpg\" \/>\n<meta name=\"twitter:card\" content=\"summary_large_image\" \/>\n<meta name=\"twitter:title\" content=\"Suministros HP HP Tintas - Toners Para Impresoras HP en Bogota Colombia CN624AM\" \/>\n<meta name=\"twitter:description\" content=\"Suministros HP HP CN624AM CN624AM Tinta 971 Yellow HP. Rendimiento 2500 PAG. Para impresoras HPOfficejet Pro X476 dw Multifuncional \/X451 dw \/ 7100A ePrinter \/ 7610 e-AiO Tintas - Toners Para Impresoras HP en Bogota Colombia - Bogota - Colombia - cableado-estructurado.com.co\" \/>\n<meta name=\"twitter:image\" content=\"https:\/\/cableado-estructurado.com.co\/netcomp\/wp-content\/uploads\/2022\/07\/toner-hp-kit-Suministros-para-impresoras-tintas-cintas-tape-backup-colombia-1.jpg\" \/>\n<meta name=\"twitter:label1\" content=\"Tiempo de lectura\" \/>\n\t<meta name=\"twitter:data1\" content=\"3 minutos\" \/>\n<script type=\"application\/ld+json\" class=\"yoast-schema-graph\">{\"@context\":\"https:\\\/\\\/schema.org\",\"@graph\":[{\"@type\":\"WebPage\",\"@id\":\"https:\\\/\\\/cableado-estructurado.com.co\\\/netcomp\\\/producto\\\/tintas-toners-para-impresoras-hp-en-bogota-colombia-hp-suministros-hp-cn624am\\\/\",\"url\":\"https:\\\/\\\/cableado-estructurado.com.co\\\/netcomp\\\/producto\\\/tintas-toners-para-impresoras-hp-en-bogota-colombia-hp-suministros-hp-cn624am\\\/\",\"name\":\"Suministros HP HP Tintas - Toners Para Impresoras HP en Bogota Colombia CN624AM\",\"isPartOf\":{\"@id\":\"https:\\\/\\\/cableado-estructurado.com.co\\\/netcomp\\\/#website\"},\"primaryImageOfPage\":{\"@id\":\"https:\\\/\\\/cableado-estructurado.com.co\\\/netcomp\\\/producto\\\/tintas-toners-para-impresoras-hp-en-bogota-colombia-hp-suministros-hp-cn624am\\\/#primaryimage\"},\"image\":{\"@id\":\"https:\\\/\\\/cableado-estructurado.com.co\\\/netcomp\\\/producto\\\/tintas-toners-para-impresoras-hp-en-bogota-colombia-hp-suministros-hp-cn624am\\\/#primaryimage\"},\"thumbnailUrl\":\"https:\\\/\\\/cableado-estructurado.com.co\\\/netcomp\\\/wp-content\\\/uploads\\\/2022\\\/07\\\/descarga-74.jpeg\",\"datePublished\":\"2022-07-27T18:07:56+00:00\",\"dateModified\":\"2025-03-28T22:33:56+00:00\",\"description\":\"Suministros HP HP CN624AM CN624AM Tinta 971 Yellow HP. Rendimiento 2500 PAG. Para impresoras HPOfficejet Pro X476 dw Multifuncional \\\/X451 dw \\\/ 7100A ePrinter \\\/ 7610 e-AiO Tintas - Toners Para Impresoras HP en Bogota Colombia - Bogota - Colombia - cableado-estructurado.com.co\",\"breadcrumb\":{\"@id\":\"https:\\\/\\\/cableado-estructurado.com.co\\\/netcomp\\\/producto\\\/tintas-toners-para-impresoras-hp-en-bogota-colombia-hp-suministros-hp-cn624am\\\/#breadcrumb\"},\"inLanguage\":\"es\",\"potentialAction\":[{\"@type\":\"ReadAction\",\"target\":[\"https:\\\/\\\/cableado-estructurado.com.co\\\/netcomp\\\/producto\\\/tintas-toners-para-impresoras-hp-en-bogota-colombia-hp-suministros-hp-cn624am\\\/\"]}]},{\"@type\":\"ImageObject\",\"inLanguage\":\"es\",\"@id\":\"https:\\\/\\\/cableado-estructurado.com.co\\\/netcomp\\\/producto\\\/tintas-toners-para-impresoras-hp-en-bogota-colombia-hp-suministros-hp-cn624am\\\/#primaryimage\",\"url\":\"https:\\\/\\\/cableado-estructurado.com.co\\\/netcomp\\\/wp-content\\\/uploads\\\/2022\\\/07\\\/descarga-74.jpeg\",\"contentUrl\":\"https:\\\/\\\/cableado-estructurado.com.co\\\/netcomp\\\/wp-content\\\/uploads\\\/2022\\\/07\\\/descarga-74.jpeg\",\"width\":393,\"height\":128,\"caption\":\"HP CN624AM\"},{\"@type\":\"BreadcrumbList\",\"@id\":\"https:\\\/\\\/cableado-estructurado.com.co\\\/netcomp\\\/producto\\\/tintas-toners-para-impresoras-hp-en-bogota-colombia-hp-suministros-hp-cn624am\\\/#breadcrumb\",\"itemListElement\":[{\"@type\":\"ListItem\",\"position\":1,\"name\":\"Portada\",\"item\":\"https:\\\/\\\/cableado-estructurado.com.co\\\/netcomp\\\/\"},{\"@type\":\"ListItem\",\"position\":2,\"name\":\"Tienda\",\"item\":\"https:\\\/\\\/cableado-estructurado.com.co\\\/netcomp\\\/camaras-cableado-accesorios\\\/\"},{\"@type\":\"ListItem\",\"position\":3,\"name\":\"Tintas &#8211; Toners Para Impresoras HP en Bogota Colombia HP Suministros HP CN624AM\"}]},{\"@type\":\"WebSite\",\"@id\":\"https:\\\/\\\/cableado-estructurado.com.co\\\/netcomp\\\/#website\",\"url\":\"https:\\\/\\\/cableado-estructurado.com.co\\\/netcomp\\\/\",\"name\":\"Cableado Estructurado Colombia\",\"description\":\"Telefonos:  (+57) 316 878 8749\",\"publisher\":{\"@id\":\"https:\\\/\\\/cableado-estructurado.com.co\\\/netcomp\\\/#organization\"},\"potentialAction\":[{\"@type\":\"SearchAction\",\"target\":{\"@type\":\"EntryPoint\",\"urlTemplate\":\"https:\\\/\\\/cableado-estructurado.com.co\\\/netcomp\\\/?s={search_term_string}\"},\"query-input\":{\"@type\":\"PropertyValueSpecification\",\"valueRequired\":true,\"valueName\":\"search_term_string\"}}],\"inLanguage\":\"es\"},{\"@type\":\"Organization\",\"@id\":\"https:\\\/\\\/cableado-estructurado.com.co\\\/netcomp\\\/#organization\",\"name\":\"Soluciones Tecnologicas MCC SAS\",\"alternateName\":\"MCC\",\"url\":\"https:\\\/\\\/cableado-estructurado.com.co\\\/netcomp\\\/\",\"logo\":{\"@type\":\"ImageObject\",\"inLanguage\":\"es\",\"@id\":\"https:\\\/\\\/cableado-estructurado.com.co\\\/netcomp\\\/#\\\/schema\\\/logo\\\/image\\\/\",\"url\":\"https:\\\/\\\/cableado-estructurado.com.co\\\/netcomp\\\/wp-content\\\/uploads\\\/2023\\\/04\\\/logos-soluciones-1-1.png\",\"contentUrl\":\"https:\\\/\\\/cableado-estructurado.com.co\\\/netcomp\\\/wp-content\\\/uploads\\\/2023\\\/04\\\/logos-soluciones-1-1.png\",\"width\":479,\"height\":100,\"caption\":\"Soluciones Tecnologicas MCC SAS\"},\"image\":{\"@id\":\"https:\\\/\\\/cableado-estructurado.com.co\\\/netcomp\\\/#\\\/schema\\\/logo\\\/image\\\/\"},\"sameAs\":[\"https:\\\/\\\/www.facebook.com\\\/Soluciones-Tecnologicas-MCC-SAS-100746298259981\",\"https:\\\/\\\/www.instagram.com\\\/solucionesmccsas\\\/?hl=es\",\"http:\\\/\\\/www.linkedin.com\\\/in\\\/mauricio-calderon-a78b5a15\"]}]}<\/script>\n<!-- \/ Yoast SEO plugin. -->","yoast_head_json":{"title":"Suministros HP HP Tintas - Toners Para Impresoras HP en Bogota Colombia CN624AM","description":"Suministros HP HP CN624AM CN624AM Tinta 971 Yellow HP. Rendimiento 2500 PAG. Para impresoras HPOfficejet Pro X476 dw Multifuncional \/X451 dw \/ 7100A ePrinter \/ 7610 e-AiO Tintas - Toners Para Impresoras HP en Bogota Colombia - Bogota - Colombia - cableado-estructurado.com.co","robots":{"index":"index","follow":"follow","max-snippet":"max-snippet:-1","max-image-preview":"max-image-preview:large","max-video-preview":"max-video-preview:-1"},"canonical":"https:\/\/cableado-estructurado.com.co\/netcomp\/producto\/tintas-toners-para-impresoras-hp-en-bogota-colombia-hp-suministros-hp-cn624am\/","og_locale":"es_ES","og_type":"article","og_title":"Suministros HP HP Tintas - Toners Para Impresoras HP en Bogota Colombia CN624AM - Bogota - Colombia","og_description":"CN624AM Tinta 971 Yellow HP. Rendimiento 2500 PAG. Para impresoras HPOfficejet Pro X476 dw Multifuncional \/X451 dw \/ 7100A ePrinter \/ 7610 e-AiO HPE CN624AM - Bogota - Colombia - cableado-estructurado.com.co","og_url":"https:\/\/cableado-estructurado.com.co\/netcomp\/producto\/tintas-toners-para-impresoras-hp-en-bogota-colombia-hp-suministros-hp-cn624am\/","og_site_name":"Cableado Estructurado Colombia","article_publisher":"https:\/\/www.facebook.com\/Soluciones-Tecnologicas-MCC-SAS-100746298259981","article_modified_time":"2025-03-28T22:33:56+00:00","og_image":[{"url":"https:\/\/cableado-estructurado.com.co\/netcomp\/wp-content\/uploads\/2020\/03\/hpe-logo-e1589689745625.jpg","type":"","width":"","height":""}],"twitter_card":"summary_large_image","twitter_title":"Suministros HP HP Tintas - Toners Para Impresoras HP en Bogota Colombia CN624AM","twitter_description":"Suministros HP HP CN624AM CN624AM Tinta 971 Yellow HP. Rendimiento 2500 PAG. Para impresoras HPOfficejet Pro X476 dw Multifuncional \/X451 dw \/ 7100A ePrinter \/ 7610 e-AiO Tintas - Toners Para Impresoras HP en Bogota Colombia - Bogota - Colombia - cableado-estructurado.com.co","twitter_image":"https:\/\/cableado-estructurado.com.co\/netcomp\/wp-content\/uploads\/2022\/07\/toner-hp-kit-Suministros-para-impresoras-tintas-cintas-tape-backup-colombia-1.jpg","twitter_misc":{"Tiempo de lectura":"3 minutos"},"schema":{"@context":"https:\/\/schema.org","@graph":[{"@type":"WebPage","@id":"https:\/\/cableado-estructurado.com.co\/netcomp\/producto\/tintas-toners-para-impresoras-hp-en-bogota-colombia-hp-suministros-hp-cn624am\/","url":"https:\/\/cableado-estructurado.com.co\/netcomp\/producto\/tintas-toners-para-impresoras-hp-en-bogota-colombia-hp-suministros-hp-cn624am\/","name":"Suministros HP HP Tintas - Toners Para Impresoras HP en Bogota Colombia CN624AM","isPartOf":{"@id":"https:\/\/cableado-estructurado.com.co\/netcomp\/#website"},"primaryImageOfPage":{"@id":"https:\/\/cableado-estructurado.com.co\/netcomp\/producto\/tintas-toners-para-impresoras-hp-en-bogota-colombia-hp-suministros-hp-cn624am\/#primaryimage"},"image":{"@id":"https:\/\/cableado-estructurado.com.co\/netcomp\/producto\/tintas-toners-para-impresoras-hp-en-bogota-colombia-hp-suministros-hp-cn624am\/#primaryimage"},"thumbnailUrl":"https:\/\/cableado-estructurado.com.co\/netcomp\/wp-content\/uploads\/2022\/07\/descarga-74.jpeg","datePublished":"2022-07-27T18:07:56+00:00","dateModified":"2025-03-28T22:33:56+00:00","description":"Suministros HP HP CN624AM CN624AM Tinta 971 Yellow HP. Rendimiento 2500 PAG. Para impresoras HPOfficejet Pro X476 dw Multifuncional \/X451 dw \/ 7100A ePrinter \/ 7610 e-AiO Tintas - Toners Para Impresoras HP en Bogota Colombia - Bogota - Colombia - cableado-estructurado.com.co","breadcrumb":{"@id":"https:\/\/cableado-estructurado.com.co\/netcomp\/producto\/tintas-toners-para-impresoras-hp-en-bogota-colombia-hp-suministros-hp-cn624am\/#breadcrumb"},"inLanguage":"es","potentialAction":[{"@type":"ReadAction","target":["https:\/\/cableado-estructurado.com.co\/netcomp\/producto\/tintas-toners-para-impresoras-hp-en-bogota-colombia-hp-suministros-hp-cn624am\/"]}]},{"@type":"ImageObject","inLanguage":"es","@id":"https:\/\/cableado-estructurado.com.co\/netcomp\/producto\/tintas-toners-para-impresoras-hp-en-bogota-colombia-hp-suministros-hp-cn624am\/#primaryimage","url":"https:\/\/cableado-estructurado.com.co\/netcomp\/wp-content\/uploads\/2022\/07\/descarga-74.jpeg","contentUrl":"https:\/\/cableado-estructurado.com.co\/netcomp\/wp-content\/uploads\/2022\/07\/descarga-74.jpeg","width":393,"height":128,"caption":"HP CN624AM"},{"@type":"BreadcrumbList","@id":"https:\/\/cableado-estructurado.com.co\/netcomp\/producto\/tintas-toners-para-impresoras-hp-en-bogota-colombia-hp-suministros-hp-cn624am\/#breadcrumb","itemListElement":[{"@type":"ListItem","position":1,"name":"Portada","item":"https:\/\/cableado-estructurado.com.co\/netcomp\/"},{"@type":"ListItem","position":2,"name":"Tienda","item":"https:\/\/cableado-estructurado.com.co\/netcomp\/camaras-cableado-accesorios\/"},{"@type":"ListItem","position":3,"name":"Tintas &#8211; Toners Para Impresoras HP en Bogota Colombia HP Suministros HP CN624AM"}]},{"@type":"WebSite","@id":"https:\/\/cableado-estructurado.com.co\/netcomp\/#website","url":"https:\/\/cableado-estructurado.com.co\/netcomp\/","name":"Cableado Estructurado Colombia","description":"Telefonos:  (+57) 316 878 8749","publisher":{"@id":"https:\/\/cableado-estructurado.com.co\/netcomp\/#organization"},"potentialAction":[{"@type":"SearchAction","target":{"@type":"EntryPoint","urlTemplate":"https:\/\/cableado-estructurado.com.co\/netcomp\/?s={search_term_string}"},"query-input":{"@type":"PropertyValueSpecification","valueRequired":true,"valueName":"search_term_string"}}],"inLanguage":"es"},{"@type":"Organization","@id":"https:\/\/cableado-estructurado.com.co\/netcomp\/#organization","name":"Soluciones Tecnologicas MCC SAS","alternateName":"MCC","url":"https:\/\/cableado-estructurado.com.co\/netcomp\/","logo":{"@type":"ImageObject","inLanguage":"es","@id":"https:\/\/cableado-estructurado.com.co\/netcomp\/#\/schema\/logo\/image\/","url":"https:\/\/cableado-estructurado.com.co\/netcomp\/wp-content\/uploads\/2023\/04\/logos-soluciones-1-1.png","contentUrl":"https:\/\/cableado-estructurado.com.co\/netcomp\/wp-content\/uploads\/2023\/04\/logos-soluciones-1-1.png","width":479,"height":100,"caption":"Soluciones Tecnologicas MCC SAS"},"image":{"@id":"https:\/\/cableado-estructurado.com.co\/netcomp\/#\/schema\/logo\/image\/"},"sameAs":["https:\/\/www.facebook.com\/Soluciones-Tecnologicas-MCC-SAS-100746298259981","https:\/\/www.instagram.com\/solucionesmccsas\/?hl=es","http:\/\/www.linkedin.com\/in\/mauricio-calderon-a78b5a15"]}]}},"jetpack_sharing_enabled":true,"_links":{"self":[{"href":"https:\/\/cableado-estructurado.com.co\/netcomp\/wp-json\/wp\/v2\/product\/56460","targetHints":{"allow":["GET"]}}],"collection":[{"href":"https:\/\/cableado-estructurado.com.co\/netcomp\/wp-json\/wp\/v2\/product"}],"about":[{"href":"https:\/\/cableado-estructurado.com.co\/netcomp\/wp-json\/wp\/v2\/types\/product"}],"replies":[{"embeddable":true,"href":"https:\/\/cableado-estructurado.com.co\/netcomp\/wp-json\/wp\/v2\/comments?post=56460"}],"wp:featuredmedia":[{"embeddable":true,"href":"https:\/\/cableado-estructurado.com.co\/netcomp\/wp-json\/wp\/v2\/media\/57947"}],"wp:attachment":[{"href":"https:\/\/cableado-estructurado.com.co\/netcomp\/wp-json\/wp\/v2\/media?parent=56460"}],"wp:term":[{"taxonomy":"product_brand","embeddable":true,"href":"https:\/\/cableado-estructurado.com.co\/netcomp\/wp-json\/wp\/v2\/product_brand?post=56460"},{"taxonomy":"product_cat","embeddable":true,"href":"https:\/\/cableado-estructurado.com.co\/netcomp\/wp-json\/wp\/v2\/product_cat?post=56460"},{"taxonomy":"product_tag","embeddable":true,"href":"https:\/\/cableado-estructurado.com.co\/netcomp\/wp-json\/wp\/v2\/product_tag?post=56460"}],"curies":[{"name":"wp","href":"https:\/\/api.w.org\/{rel}","templated":true}]}}